{"id":3662,"date":"2024-01-29T15:26:42","date_gmt":"2017-10-09T15:26:42","guid":{"rendered":"https:\/\/agropic.it\/prodotto\/chile-picado-en-aceite-180-g\/"},"modified":"2024-05-29T07:59:17","modified_gmt":"2024-05-29T07:59:17","slug":"chile-picado-en-aceite-180-g","status":"publish","type":"product","link":"https:\/\/agropic.it\/es\/producto\/chile-picado-en-aceite-180-g\/","title":{"rendered":"Guindilla picada en aceite 180g"},"content":{"rendered":"<h5>Guindilla picada en aceite.<\/h5>\n<p>La guindilla picada es uno de los encurtidos que nunca falta en los hogares de Calabria. Nuestra guindilla picante picada est\u00e1 elaborada con las mejores guindillas de Calabria 100% maduras, recogidas directamente de las tierras no contaminadas de la empresa y transformadas directamente por Agro Pic.<\/p>\n<p>Esta conserva se utiliza sobre todo en pan y bruschetta, pero tambi\u00e9n para dar vivacidad a sabrosos aperitivos y aromatizar primeros y segundos platos.<\/p>\n<p>Acompa\u00f1a muy bien un plato t\u00edpico de espaguetis con salsa de tomate.<\/p>\n<p>Nuestra carne picada no tiene conservantes.<\/p>\n<p><strong>Ingredientes<\/strong>: Guindilla, or\u00e9gano, ajo, sal y aceite de girasol y aceite de oliva.<\/p>\n<p><strong>formato<\/strong> de 180 gramos<\/p>\n<p><strong>Valores nutricionales:<\/strong><\/p>\n<p>Energ\u00eda: 40 kcal &#8211; 167 kj<\/p>\n<p>Prote\u00edna: 1,94 g<\/p>\n<p>L\u00edpidos 0,32 g de los cuales saturados 0,032 g<\/p>\n<p>Hidratos de carbono: 9,14 g de los cuales az\u00facares 5,2 g<\/p>\n<p>Sal 0,3 gramos<\/p>\n<p>La guindilla es un ingrediente b\u00e1sico de la cocina t\u00edpica de Calabria, tiene un gran poder antioxidante debido a los flavonoides que contiene, es rica en vitamina C y minerales.<\/p>\n<p>Algunos estudios tambi\u00e9n recomiendan su uso para prevenir enfermedades cardiovasculares, acelerar el metabolismo y adelgazar, pero tambi\u00e9n es \u00fatil para combatir los dolores de garganta.<\/p>\n<p><strong>De hecho, guindilla:<\/strong><\/p>\n<ul>\n<li><strong>es rico en vitaminas A, C y E.<\/strong><\/li>\n<li><strong>Tiene propiedades antibacterianas, antihistam\u00ednicas y antioxidantes.<\/strong><\/li>\n<li><strong>Tiene un reconocido efecto afrodis\u00edaco.<\/strong><\/li>\n<li><strong>Tiene efectos analg\u00e9sicos en m\u00fasculos y huesos.<\/strong><\/li>\n<li><strong>Activa el metabolismo y ayuda a controlar el peso corporal.<\/strong><\/li>\n<li><strong>Reduce los niveles de colesterol, glucosa y triglic\u00e9ridos.<\/strong><\/li>\n<li><strong>Mejora la circulaci\u00f3n sangu\u00ednea y previene enfermedades cardiovasculares.<\/strong><\/li>\n<li><strong>tiene un efecto antitumoral.<\/strong><\/li>\n<\/ul>\n<p><strong>Gesti\u00f3n familiar y selecci\u00f3n de las mejores materias primas<\/strong>, cultivadas en las f\u00e9rtiles tierras del negocio y transformadas respetando la antigua tradici\u00f3n. Esta es la tarjeta de identidad de Agro Pic, empresa especializada en la elaboraci\u00f3n de mermeladas, zumos, salsas y encurtidos.<\/p>\n<p><strong>El principal objetivo de la actividad es la valorizaci\u00f3n de los sabores y frutas de Calabria, en particular los especiales y generalmente menos conocidos<\/strong>, como la bergamota, una fruta con m\u00faltiples propiedades beneficiosas, \u00fanica y \u00e1cida como todo el territorio de Calabria.<\/p>\n<p>Naturaleza, tradici\u00f3n y alta calidad son los ingredientes del \u00e9xito de Agro Pic.<\/p>\n<p><strong>Para cualquier informaci\u00f3n sobre nuestros productos no dude en contactarnos:<\/strong><\/p>\n<p>cel\u00fala. 3495651669<\/p>\n<p>direcci\u00f3n de correo electr\u00f3nico: info@agropic.it<\/p>\n<p>Tel\u00e9fono 0964 1955229<\/p>\n","protected":false},"excerpt":{"rendered":"<p>La guindilla picada es uno de los encurtidos que nunca falta en los hogares de Calabria. Nuestra guindilla picante picada est\u00e1 elaborada con las mejores guindillas de Calabria 100% maduras, recogidas directamente de las tierras no contaminadas de la empresa y transformadas directamente por Agro Pic.<\/p>\n<p>Esta conserva se utiliza sobre todo en pan y bruschetta, pero tambi\u00e9n para dar vivacidad a sabrosos aperitivos y aromatizar primeros y segundos platos. Acompa\u00f1a muy bien un plato t\u00edpico de espaguetis con salsa de tomate.<\/p>\n<p>\u00a1Sin preservativos!<\/p>\n<p><strong>\u00a1C\u00f3mpralo ahora y rec\u00edbelo en 4-5 d\u00edas en tu casa!<\/strong><\/p>\n<p>Lea la descripci\u00f3n completa para m\u00e1s informaci\u00f3n.&hellip; <a class=\"kt-excerpt-readmore more-link\" href=\"https:\/\/agropic.it\/es\/producto\/chile-picado-en-aceite-180-g\/\" aria-label=\"Guindilla picada en aceite 180g\">Leer m\u00e1s<\/a><\/p>\n","protected":false},"featured_media":7231,"comment_status":"closed","ping_status":"closed","template":"","meta":{"kt_blocks_editor_width":"","_kad_blocks_custom_css":"","_kad_blocks_head_custom_js":"","_kad_blocks_body_custom_js":"","_kad_blocks_footer_custom_js":""},"product_brand":[],"product_cat":[268,249,324],"product_tag":[770],"class_list":{"0":"post-3662","1":"product","2":"type-product","3":"status-publish","4":"has-post-thumbnail","6":"product_cat-conservas-en-aceite-y-agridulces","7":"product_cat-pate-y-cremas-untables","8":"product_cat-productos-de-chile","9":"product_tag-chile-picado","11":"first","12":"instock","13":"shipping-taxable","14":"purchasable","15":"product-type-simple"},"taxonomy_info":{"product_cat":[{"value":268,"label":"Conservas en aceite y agridulces"},{"value":249,"label":"Pat\u00e9 y cremas untables"},{"value":324,"label":"Productos de chile"}],"product_tag":[{"value":770,"label":"chile picado"}]},"featured_image_src_large":["https:\/\/agropic.it\/wp-content\/uploads\/2023\/03\/Trito-di-peperoncino-960x960.webp",960,960,true],"author_info":[],"comment_info":0,"_links":{"self":[{"href":"https:\/\/agropic.it\/es\/wp-json\/wp\/v2\/product\/3662","targetHints":{"allow":["GET"]}}],"collection":[{"href":"https:\/\/agropic.it\/es\/wp-json\/wp\/v2\/product"}],"about":[{"href":"https:\/\/agropic.it\/es\/wp-json\/wp\/v2\/types\/product"}],"replies":[{"embeddable":true,"href":"https:\/\/agropic.it\/es\/wp-json\/wp\/v2\/comments?post=3662"}],"wp:featuredmedia":[{"embeddable":true,"href":"https:\/\/agropic.it\/es\/wp-json\/wp\/v2\/media\/7231"}],"wp:attachment":[{"href":"https:\/\/agropic.it\/es\/wp-json\/wp\/v2\/media?parent=3662"}],"wp:term":[{"taxonomy":"product_brand","embeddable":true,"href":"https:\/\/agropic.it\/es\/wp-json\/wp\/v2\/product_brand?post=3662"},{"taxonomy":"product_cat","embeddable":true,"href":"https:\/\/agropic.it\/es\/wp-json\/wp\/v2\/product_cat?post=3662"},{"taxonomy":"product_tag","embeddable":true,"href":"https:\/\/agropic.it\/es\/wp-json\/wp\/v2\/product_tag?post=3662"}],"curies":[{"name":"wp","href":"https:\/\/api.w.org\/{rel}","templated":true}]}}