{"id":3647,"date":"2024-01-31T05:38:13","date_gmt":"2024-01-31T05:38:13","guid":{"rendered":"https:\/\/agropic.it\/prodotto\/salsa-de-tomate-serbio-340-g-1-unidad\/"},"modified":"2024-05-17T11:07:22","modified_gmt":"2024-05-17T11:07:22","slug":"salsa-de-tomate-serbio-340-g-1-unidad","status":"publish","type":"product","link":"https:\/\/agropic.it\/es\/producto\/salsa-de-tomate-serbio-340-g-1-unidad\/","title":{"rendered":"1 botella &#8211; pur\u00e9 de tomate cherry SERBINO 340g"},"content":{"rendered":"<h4><strong>El pur\u00e9 de tomate Serbino tiene mucho cuerpo, sin conservantes y est\u00e1 listo en unos minutos.<\/strong><\/h4>\n<p>El pur\u00e9 de tomate Serbino est\u00e1 elaborado exclusivamente por Agro Pic con los mejores tomates cherry Serbo (variedad aut\u00f3ctona de Calabria), cultivados en nuestra finca en campo abierto y bajo el sol.<\/p>\n<p>Los tomates se cultivan sin utilizar productos qu\u00edmicos, se cosechan a mano y se procesan seg\u00fan la antigua tradici\u00f3n de Calabria.<\/p>\n<p><strong>Ingredientes:<\/strong> Tomate, sal.<\/p>\n<p>Producto sin colorantes ni colorantes.<\/p>\n<p><strong>Modo de empleo:<\/strong> Una botella de 340 g contiene 3-4 raciones, ideal para un espagueti italiano, sobre pizza y para numerosas recetas.<\/p>\n<p><strong>M\u00e9todo de almacenamiento:<\/strong> Conservar en un lugar fresco y seco, alejado de la luz solar y de fuentes de calor.<\/p>\n<p><strong>Origen del tomate:<\/strong> ITALIA (Calabria)<\/p>\n<p><strong>Formato:<\/strong> 340g<\/p>\n<p>Declaraci\u00f3n nutricional (valores medios por 100g de producto):<\/p>\n<p>Energ\u00eda: 28 Kj 115 kcal<\/p>\n<p>Prote\u00edna: 1,65%<\/p>\n<p>L\u00edpidos: 0,21%<\/p>\n<p>Carbohidratos: 8,98%<\/p>\n<p><strong>Estas son las propiedades beneficiosas de los tomates:<\/strong><\/p>\n<ul>\n<li><strong><strong>Previene enfermedades cardiovasculares<\/strong><\/strong>&nbsp;<\/li>\n<li><strong><strong>Rico en vitamina C<\/strong><\/strong>&nbsp;<\/li>\n<li><strong><strong>Previene el c\u00e1ncer de colon y pr\u00f3stata.<\/strong><\/strong>&nbsp;<\/li>\n<li><strong><strong>Previene la osteoporosis<\/strong><\/strong>&nbsp;<\/li>\n<li><strong><strong>Reduce el colesterol LDL malo y aumenta el colesterol HDL bueno<\/strong><\/strong>&nbsp;<\/li>\n<li><strong><strong>Protege tu vista<\/strong><\/strong>&nbsp;<\/li>\n<li><strong>Tiene propiedades diur\u00e9ticas y digestivas.<\/strong><\/li>\n<\/ul>\n<p>El consumo diario de tomate y sus derivados ayuda a reducir el riesgo de formaciones cancerosas del tracto gastrodigestivo y respiratorio, est\u00f3mago y pulmones.<\/p>\n<h6>Gesti\u00f3n familiar y selecci\u00f3n de las mejores materias primas, cultivadas en las f\u00e9rtiles tierras del negocio y transformadas respetando la antigua tradici\u00f3n. Esta es la tarjeta de identidad de Agro Pic, empresa especializada en la elaboraci\u00f3n de mermeladas, zumos, salsas y encurtidos.<\/h6>\n<h6>Naturaleza, tradici\u00f3n y alta calidad son los ingredientes del \u00e9xito de Agro Pic.<\/h6>\n<h6>Para cualquier informaci\u00f3n sobre nuestros productos no dude en contactarnos:<\/h6>\n<h6>cel\u00fala. 3495651669<\/h6>\n<h6>Tel\u00e9fono 0964 1955229<\/h6>\n<h6>direcci\u00f3n de correo electr\u00f3nico: info@agropic.it<\/h6>\n","protected":false},"excerpt":{"rendered":"<p>El pur\u00e9 de tomate cherry Serbino tiene mucho cuerpo, no contiene conservantes y est\u00e1 listo en unos minutos.<\/p>\n<p>El pur\u00e9 de tomate Serbino est\u00e1 elaborado exclusivamente por Agro Pic con los mejores tomates cherry Serbo (variedad aut\u00f3ctona de Calabria), cultivados en nuestra finca en campo abierto y bajo el sol.<\/p>\n<p>Los tomates se cultivan sin utilizar productos qu\u00edmicos, se cosechan a mano y se procesan seg\u00fan la antigua tradici\u00f3n de Calabria.<\/p>\n<p><strong>Modo de empleo:<\/strong> Una botella de 340g contiene 3-4 porciones, ideal para un espagueti italiano, sobre pizza y para numerosas recetas.<\/p>\n<p>Producto sin colorantes ni conservantes.<\/p>\n<p><strong>Origen del tomate:<\/strong> ITALIA (Calabria)<\/p>\n<p><strong>Formato:<\/strong> 340 gramos<\/p>\n<p>Lea la descripci\u00f3n completa a continuaci\u00f3n.<\/p>\n<p><strong>C\u00f3mpralo ahora y rec\u00edbelo en tu domicilio en 4-5 d\u00edas<\/strong>&hellip; <a class=\"kt-excerpt-readmore more-link\" href=\"https:\/\/agropic.it\/es\/producto\/salsa-de-tomate-serbio-340-g-1-unidad\/\" aria-label=\"1 botella &#8211; pur\u00e9 de tomate cherry SERBINO 340g\">Leer m\u00e1s<\/a><\/p>\n","protected":false},"featured_media":7141,"comment_status":"closed","ping_status":"closed","template":"","meta":{"kt_blocks_editor_width":"","_kad_blocks_custom_css":"","_kad_blocks_head_custom_js":"","_kad_blocks_body_custom_js":"","_kad_blocks_footer_custom_js":""},"product_brand":[],"product_cat":[245],"product_tag":[748,749],"class_list":{"0":"post-3647","1":"product","2":"type-product","3":"status-publish","4":"has-post-thumbnail","6":"product_cat-zumo-de-tomate-y-salsas","7":"product_tag-salsa-de-tomate","8":"product_tag-tomate-italiano","10":"first","11":"instock","12":"shipping-taxable","13":"purchasable","14":"product-type-simple"},"taxonomy_info":{"product_cat":[{"value":245,"label":"Zumo de tomate y salsas"}],"product_tag":[{"value":748,"label":"salsa de tomate"},{"value":749,"label":"Tomate italiano"}]},"featured_image_src_large":["https:\/\/agropic.it\/wp-content\/uploads\/2023\/03\/passata-di-pomodoro-ciliegino-960x960.webp",960,960,true],"author_info":[],"comment_info":0,"_links":{"self":[{"href":"https:\/\/agropic.it\/es\/wp-json\/wp\/v2\/product\/3647","targetHints":{"allow":["GET"]}}],"collection":[{"href":"https:\/\/agropic.it\/es\/wp-json\/wp\/v2\/product"}],"about":[{"href":"https:\/\/agropic.it\/es\/wp-json\/wp\/v2\/types\/product"}],"replies":[{"embeddable":true,"href":"https:\/\/agropic.it\/es\/wp-json\/wp\/v2\/comments?post=3647"}],"wp:featuredmedia":[{"embeddable":true,"href":"https:\/\/agropic.it\/es\/wp-json\/wp\/v2\/media\/7141"}],"wp:attachment":[{"href":"https:\/\/agropic.it\/es\/wp-json\/wp\/v2\/media?parent=3647"}],"wp:term":[{"taxonomy":"product_brand","embeddable":true,"href":"https:\/\/agropic.it\/es\/wp-json\/wp\/v2\/product_brand?post=3647"},{"taxonomy":"product_cat","embeddable":true,"href":"https:\/\/agropic.it\/es\/wp-json\/wp\/v2\/product_cat?post=3647"},{"taxonomy":"product_tag","embeddable":true,"href":"https:\/\/agropic.it\/es\/wp-json\/wp\/v2\/product_tag?post=3647"}],"curies":[{"name":"wp","href":"https:\/\/api.w.org\/{rel}","templated":true}]}}