{"id":3617,"date":"2017-10-09T16:57:48","date_gmt":"2017-10-09T16:57:48","guid":{"rendered":"https:\/\/agropic.it\/prodotto\/aceite-esencial-de-bergamota-100-puro-10-ml\/"},"modified":"2017-10-09T16:57:48","modified_gmt":"2017-10-09T16:57:48","slug":"aceite-esencial-de-bergamota-100-puro-10-ml","status":"publish","type":"product","link":"https:\/\/agropic.it\/es\/producto\/aceite-esencial-de-bergamota-100-puro-10-ml\/","title":{"rendered":"Aceite esencial de bergamota (100% puro) 10 ml"},"content":{"rendered":"<p>El aceite esencial de bergamota se extrae en fr\u00edo de la c\u00e1scara de la fruta y es utilizado durante d\u00e9cadas para la composici\u00f3n de prestigiosos perfumes, cremas y jabones, y en medicina.<br \/>\nActualmente, se utiliza a menudo en aromaterapia para purificar el aire, estimular el buen humor y mejorar la calidad del sue\u00f1o.<br \/>\nEs rico en propiedades antioxidantes y curativas. Posee una acci\u00f3n antibacteriana capaz de inhibir la formaci\u00f3n de microorganismos, incluso los resistentes a los antibi\u00f3ticos, de hecho se puede diluir con otros aceites o<br \/>\ncremas para combatir el acn\u00e9 y restaurar el ph fisiol\u00f3gico de la piel.<\/p>\n<p>Trabajo familiar y selecci\u00f3n de las mejores materias primas, cultivadas en la tierra f\u00e9rtil y transformadas respetando la antigua tradici\u00f3n. Esta es la carta de identidad de Agro Pic, empresa especializada en la elaboraci\u00f3n de productos de bergamota, mermeladas, jugos de frutas, salsas y conservas en aceite. El principal objetivo de la empresa es la valoraci\u00f3n de los sabores y frutas de Calabria, en particular las especiales y generalmente menos conocidas, como la bergamota, fruta de m\u00faltiples propiedades beneficiosas, \u00fanicas y \u00e1cidas como todo el territorio de Calabria. Naturaleza, tradici\u00f3n y alta calidad son los ingredientes del \u00e9xito de Agro Pic. Es posible comprar nuestros productos a trav\u00e9s de esta p\u00e1gina web o por correo electr\u00f3nico escribiendo a info@agropic.it o por tel\u00e9fono llamando al +39 349 56 51 669. Una vez realizado el pago, el pedido ser\u00e1 enviado en 2-3 d\u00edas laborables.<\/p>\n","protected":false},"excerpt":{"rendered":"<p>El aceite esencial de bergamota se extrae en fr\u00edo de la c\u00e1scara de la fruta y es utilizado durante d\u00e9cadas para la composici\u00f3n de prestigiosos perfumes, cremas y jabones, y en medicina.<br \/>\nActualmente, se utiliza a menudo en aromaterapia para purificar el aire, estimular el buen humor y mejorar la calidad del sue\u00f1o.<br \/>\nEs rico en propiedades antioxidantes y curativas. Posee una acci\u00f3n antibacteriana capaz de inhibir la formaci\u00f3n de microorganismos, incluso los resistentes a los antibi\u00f3ticos, de hecho se puede diluir con otros aceites o<br \/>\ncremas para combatir el acn\u00e9 y restaurar el ph fisiol\u00f3gico de la piel.&hellip; <a class=\"kt-excerpt-readmore more-link\" href=\"https:\/\/agropic.it\/es\/producto\/aceite-esencial-de-bergamota-100-puro-10-ml\/\" aria-label=\"Aceite esencial de bergamota (100% puro) 10 ml\">Leer m\u00e1s<\/a><\/p>\n","protected":false},"featured_media":7116,"comment_status":"closed","ping_status":"closed","template":"","meta":{"kt_blocks_editor_width":"","_kad_blocks_custom_css":"","_kad_blocks_head_custom_js":"","_kad_blocks_body_custom_js":"","_kad_blocks_footer_custom_js":""},"product_brand":[],"product_cat":[261],"product_tag":[698,697,701,419,702,700,699],"class_list":{"0":"post-3617","1":"product","2":"type-product","3":"status-publish","4":"has-post-thumbnail","6":"product_cat-especias-de-calabria","7":"product_tag-aceite-esencial-es","8":"product_tag-aceite-esencial","9":"product_tag-aceite-esencial-de-bergamota","10":"product_tag-bergamota","11":"product_tag-esencia-de-bergamota","12":"product_tag-perfume-de-bergamota-es","13":"product_tag-perfume-de-bergamota","15":"first","16":"instock","17":"sale","18":"shipping-taxable","19":"purchasable","20":"product-type-simple"},"taxonomy_info":{"product_cat":[{"value":261,"label":"Especias de Calabria"}],"product_tag":[{"value":698,"label":"aceite esencial"},{"value":697,"label":"aceite esencial"},{"value":701,"label":"aceite esencial de bergamota"},{"value":419,"label":"bergamota"},{"value":702,"label":"esencia de bergamota"},{"value":700,"label":"perfume de bergamota"},{"value":699,"label":"perfume de bergamota"}]},"featured_image_src_large":["https:\/\/agropic.it\/wp-content\/uploads\/2023\/03\/olio-essenziale-di-bergamotto-5-ml-960x960.webp",960,960,true],"author_info":[],"comment_info":0,"_links":{"self":[{"href":"https:\/\/agropic.it\/es\/wp-json\/wp\/v2\/product\/3617","targetHints":{"allow":["GET"]}}],"collection":[{"href":"https:\/\/agropic.it\/es\/wp-json\/wp\/v2\/product"}],"about":[{"href":"https:\/\/agropic.it\/es\/wp-json\/wp\/v2\/types\/product"}],"replies":[{"embeddable":true,"href":"https:\/\/agropic.it\/es\/wp-json\/wp\/v2\/comments?post=3617"}],"wp:featuredmedia":[{"embeddable":true,"href":"https:\/\/agropic.it\/es\/wp-json\/wp\/v2\/media\/7116"}],"wp:attachment":[{"href":"https:\/\/agropic.it\/es\/wp-json\/wp\/v2\/media?parent=3617"}],"wp:term":[{"taxonomy":"product_brand","embeddable":true,"href":"https:\/\/agropic.it\/es\/wp-json\/wp\/v2\/product_brand?post=3617"},{"taxonomy":"product_cat","embeddable":true,"href":"https:\/\/agropic.it\/es\/wp-json\/wp\/v2\/product_cat?post=3617"},{"taxonomy":"product_tag","embeddable":true,"href":"https:\/\/agropic.it\/es\/wp-json\/wp\/v2\/product_tag?post=3617"}],"curies":[{"name":"wp","href":"https:\/\/api.w.org\/{rel}","templated":true}]}}