{"id":3608,"date":"2024-12-25T09:58:43","date_gmt":"2024-12-25T09:58:43","guid":{"rendered":"https:\/\/agropic.it\/prodotto\/mermelada-extra-de-bergamota-220-g-con-bergamotas-organicas\/"},"modified":"2026-03-10T16:12:16","modified_gmt":"2026-03-10T16:12:16","slug":"mermelada-extra-de-bergamota-220-g-con-bergamotas-organica","status":"publish","type":"product","link":"https:\/\/agropic.it\/es\/producto\/mermelada-extra-de-bergamota-220-g-con-bergamotas-organica\/","title":{"rendered":"Mermelada de Bergamota BIO 220g"},"content":{"rendered":"<h4>La mermelada de bergamota Agro Pic es un producto natural elaborado de forma artesanal a partir de bergamotas de Calabria y az\u00facar sin conservantes a\u00f1adidos. La mermelada de bergamota nace para deleitar la mesa con su sabor inimitable, intenso y fresco, elaborado a partir de la pulpa de la bergamota, que ofrece numerosos efectos beneficiosos. <\/h4>\n<p><strong>Ingredientes:<\/strong> Bergamota Bio 70% , az\u00facar.<\/p>\n<p>70% org\u00e1nico del total de ingredientes de origen agr\u00edcola.<\/p>\n<p>Se utilizaron 70 g de bergamotas ecol\u00f3gicas por cada 100 g de producto acabado.<\/p>\n<p>Sin conservantes ni pectinas. Producto 100% italiano <\/p>\n<p>MODO DE EMPLEO: recomendado para desayunos y para preparar y rellenar postres como bizcochos y tartas, para acompa\u00f1ar embutidos y quesos, pero tambi\u00e9n es excelente simplemente untado en pan.Conservar en lugar fresco y una vez abierto guardar en el frigor\u00edfico.<\/p>\n<p>Conservaci\u00f3n: Conservar en lugar fresco y seco, al abrigo del calor y la luz solar. Una vez abierto, conservar en el frigor\u00edfico y consumir al cabo de unos d\u00edas. <\/p>\n<p><strong>Formato:<\/strong> 220 g<\/p>\n<p>Cultivada en la regi\u00f3n j\u00f3nica de Calabria, la bergamota se considera la fruta de la salud porque posee numerosos efectos beneficiosos, sobre todo si se toma regularmente:<\/p>\n<p>1. Reduce significativamente los niveles de colesterol, triglic\u00e9ridos y glucosa en sangre.<br \/>\n2. Previene enfermedades cardiovasculares como el infarto de miocardio y el ictus.<br \/>\n3. Normaliza los niveles de transaminasas y CPK.<br \/>\n4. 4. Retrasa el envejecimiento por su riqueza en antioxidantes que combaten los radicales libres.<br \/>\n Rica en minerales y vitaminas B1, B2, C y P, que pueden prevenir trastornos \u00f3seos y reforzar el sistema inmunitario.<br \/>\n6. \u00datil para reducir el estr\u00e9s.<br \/>\n7. Combate el mal aliento y ayuda a mejorar las v\u00edas respiratorias.<br \/>\n8. Fortalece el cuero cabelludo.<br \/>\n9. Eficaz para problemas digestivos.<\/p>\n<h6>Estudios cient\u00edficos:<\/h6>\n<ul>\n<li>\n<h6>Efectos antiinflamatorios y antioxidantes del extracto de zumo de bergamota IBJeJ en un modelo experimental de enfermedad inflamatoria intestinal. Impezzineri D1, Di Paola G1, Ahmad A1, Campolo M1, Cuzzocrea 52, Esposito E1, Navarra M3. <\/h6>\n<\/li>\n<li>\n<h6>La fracci\u00f3n polifen\u00f3lica de bergamota mejora el efecto inducido por la rosuvastatina sobre la expresi\u00f3n de LDL-colesterolL LOX-1 y la fosforilaci\u00f3n de la prote\u00edna quinasa B en pacientes con hiperlipidemia. Int J Cardiol. 2013 Dec 10;170(2):140-5. doi: 10.1016\/j.ijcard.2013.08.125. Epub 2013 8 sep. Gliozzi M(1), Walker R, Muscoli S, Vitale C, Gratteri S, Carresi C, Musolino V, Russo V, Janda E, Ragusa S, Aloe A, Palma E, Muscoli C, Romeo F, Mollace V.     <\/h6>\n<\/li>\n<li>\n<h6>Hypolipemic and hypoglycaemic activity of bergamot polyphenols: from animai models to human studies. Phytotherapy. 2011 Apr;82(3):309-16. doi: 10.1016\/j.fitote.2010.10.014 Epub 2010 Nov 4. MoLtace V[1], Sacco I, Janda E, Malara C, Ventrice D, Colica C, Visalli V, Muscoli S, Ragusa S, Muscoli C, Rotiroti D, Romeo F.    <\/h6>\n<\/li>\n<li>\n<h6>Hypocolesterolaemic activity of 3-hydroxy-3-methyl-glutaryl flavones enriched fraction from bergamot fruit (Citrus bergamial: &#8216;In vivo&#8217; studies of Functional Foods, Volume 7, March 2014, Pages 558-568, Di Donna L, Iacopetta D, Cappello A.R, Gattucci G, Martello E, Fioriti M, Dolce V, Sinciona G.<\/h6>\n<\/li>\n<li>\n<h6>Efecto hipolipid\u00e9mico del zumo de citrus bergamia Risso et Poiteau en ratas alimentadas con una dieta hipercolesterol\u00e9mica. J Agric Food Chem. 2007 Dic 26 55(26): 10671-7. Epub 2007 Nov 27. Miceli N1, Mondello M.R, Monteforte M.T, Sdrafkakis V, Dugo P, Crupi M.L, Taviano M.F, De Pasquale R, Trovato A.    <\/h6>\n<\/li>\n<\/ul>\n<p><strong>Gesti\u00f3n familiar y selecci\u00f3n de las mejores materias primas<\/strong>, cultivadas en la f\u00e9rtil tierra de la empresa y procesadas seg\u00fan la antigua tradici\u00f3n.<\/p>\n<p>Adem\u00e1s de la mermelada de bergamota, ofrecemos una amplia gama de productos, todos ellos elaborados en fresco y de forma artesanal con un sabor inconfundible, como zumos de frutas, confituras y mermeladas de frutas de temporada, pur\u00e9s de tomate, cremas, miel y conservas en aceite.<\/p>\n<p><strong>El objetivo principal de la actividad es valorizar los sabores y las frutas de Calabria, en particular los que son especiales y normalmente menos conocidos<\/strong>, como la bergamota, una fruta con m\u00faltiples propiedades beneficiosas, tan \u00fanica y \u00e1cida como todo el territorio calabr\u00e9s.<\/p>\n<p>Aportamos productos genuinos de alta calidad a partir de una selecci\u00f3n cuidadosa y controlada de materias primas, muchas de las cuales cultivamos directamente y obtenemos sin utilizar productos qu\u00edmicos.<\/p>\n<p>Naturaleza, tradici\u00f3n y alta calidad son los ingredientes del \u00e9xito de Agro Pic.<\/p>\n<p>S\u00edguenos en INSTAGRAM para descubrir todas las novedades de Agro Pic<\/p>\n<p><a href=\"https:\/\/www.instagram.com\/agropic\/\" target=\"_blank\" rel=\"noopener\">https:\/\/www.instagram.com\/agropic\/<\/a><\/p>\n<p><strong>Para cualquier informaci\u00f3n sobre nuestros productos, no dudes en <a href=\"https:\/\/www.agropic.it\/contatti\/\">ponerte en contacto con nosotros:<\/a><\/strong><\/p>\n<p>c\u00e9lula. 3495651669<\/p>\n<p>direcci\u00f3n de correo electr\u00f3nico: info@agropic.it<\/p>\n<p>Tel. 0964 1955229<\/p>\n","protected":false},"excerpt":{"rendered":"<h6>La mermelada de bergamota Agro Pic es un producto natural elaborado de forma artesanal a partir de bergamotas de Calabria y az\u00facar sin conservantes a\u00f1adidos. La mermelada de bergamota nace para deleitar la mesa con su sabor inimitable, intenso y fresco, elaborado a partir de la pulpa de la bergamota, que ofrece numerosos efectos beneficiosos. <\/h6>\n<p><strong>Ingredientes:<\/strong> Bergamota Bio 70% , az\u00facar.<\/p>\n<p>70% org\u00e1nico del total de ingredientes de origen agr\u00edcola.<\/p>\n<p>Se utilizaron 70 g de bergamotas ecol\u00f3gicas por cada 100 g de producto acabado.<\/p>\n<p>Sin conservantes ni pectinas. Producto 100% italiano <\/p>\n<p>Recomendado para desayunos y para preparar y rellenar postres como bizcochos y tartas, para acompa\u00f1ar embutidos y quesos, pero tambi\u00e9n es excelente simplemente untado en pan.Conservar en lugar fresco y una vez abierto guardar en el frigor\u00edfico.<\/p>\n<p><strong>Formato:<\/strong> 220 g<\/p>\n<p><strong>C\u00f3mpralo ahora y rec\u00edbelo en tu casa en 2-3 d\u00edas.<\/strong><\/p>\n<p>Siga leyendo la descripci\u00f3n completa a continuaci\u00f3n&hellip; <a class=\"kt-excerpt-readmore more-link\" href=\"https:\/\/agropic.it\/es\/producto\/mermelada-extra-de-bergamota-220-g-con-bergamotas-organica\/\" aria-label=\"Mermelada de Bergamota BIO 220g\">Leer m\u00e1s<\/a><\/p>\n","protected":false},"featured_media":7041,"comment_status":"closed","ping_status":"closed","template":"","meta":{"kt_blocks_editor_width":"","_kad_blocks_custom_css":"","_kad_blocks_head_custom_js":"","_kad_blocks_body_custom_js":"","_kad_blocks_footer_custom_js":""},"product_brand":[],"product_cat":[265],"product_tag":[1157,680,1156],"class_list":{"0":"post-3608","1":"product","2":"type-product","3":"status-publish","4":"has-post-thumbnail","6":"product_cat-mermeladas-y-confituras","7":"product_tag-mermelada-de-bergamota-2","8":"product_tag-mermelada-de-bergamota","9":"product_tag-mermelada-de-bergamota-de-calabria-2","11":"first","12":"instock","13":"shipping-taxable","14":"purchasable","15":"product-type-simple"},"taxonomy_info":{"product_cat":[{"value":265,"label":"Mermeladas y Confituras"}],"product_tag":[{"value":1157,"label":"mermelada de bergamota"},{"value":680,"label":"mermelada de bergamota"},{"value":1156,"label":"Mermelada de bergamota de Calabria"}]},"featured_image_src_large":["https:\/\/agropic.it\/wp-content\/uploads\/2023\/03\/Marmellata-di-bergamotto-960x960.webp",960,960,true],"author_info":[],"comment_info":0,"_links":{"self":[{"href":"https:\/\/agropic.it\/es\/wp-json\/wp\/v2\/product\/3608","targetHints":{"allow":["GET"]}}],"collection":[{"href":"https:\/\/agropic.it\/es\/wp-json\/wp\/v2\/product"}],"about":[{"href":"https:\/\/agropic.it\/es\/wp-json\/wp\/v2\/types\/product"}],"replies":[{"embeddable":true,"href":"https:\/\/agropic.it\/es\/wp-json\/wp\/v2\/comments?post=3608"}],"wp:featuredmedia":[{"embeddable":true,"href":"https:\/\/agropic.it\/es\/wp-json\/wp\/v2\/media\/7041"}],"wp:attachment":[{"href":"https:\/\/agropic.it\/es\/wp-json\/wp\/v2\/media?parent=3608"}],"wp:term":[{"taxonomy":"product_brand","embeddable":true,"href":"https:\/\/agropic.it\/es\/wp-json\/wp\/v2\/product_brand?post=3608"},{"taxonomy":"product_cat","embeddable":true,"href":"https:\/\/agropic.it\/es\/wp-json\/wp\/v2\/product_cat?post=3608"},{"taxonomy":"product_tag","embeddable":true,"href":"https:\/\/agropic.it\/es\/wp-json\/wp\/v2\/product_tag?post=3608"}],"curies":[{"name":"wp","href":"https:\/\/api.w.org\/{rel}","templated":true}]}}