{"id":3584,"date":"2024-01-24T17:24:08","date_gmt":"2024-01-24T17:24:08","guid":{"rendered":"https:\/\/agropic.it\/prodotto\/mermelada-de-cebolla-220-g\/"},"modified":"2017-10-16T17:24:08","modified_gmt":"2017-10-16T17:24:08","slug":"mermelada-de-cebolla-220-g","status":"publish","type":"product","link":"https:\/\/agropic.it\/es\/producto\/mermelada-de-cebolla-220-g\/","title":{"rendered":"Mermelada de cebolla 220 g"},"content":{"rendered":"<p>Mermelada de cebolla. La mermelada de cebolla Agro Pic es un producto de sabor fuerte y agridulce, elaborado con cebollas rojas de Tropea. Se puede servir como aperitivo, para entrantes y ensaladas, como guarnici\u00f3n de platos principales de carne y pescado. Producto 100% Italiano. Formato de 220 g. La cebolla roja de Tropea tiene numerosas propiedades, reduce el colesterol, el az\u00facar en sangre y los triglic\u00e9ridos, previene las enfermedades cardiovasculares, ayuda a purificar el cuerpo.<\/p>\n<p>Trabajo familiar y selecci\u00f3n de las mejores materias primas, cultivadas en la tierra f\u00e9rtil y transformadas respetando la antigua tradici\u00f3n. Esta es la carta de identidad de Agro Pic, empresa especializada en la elaboraci\u00f3n de productos de bergamota, mermeladas, jugos de frutas, salsas y conservas en aceite. El principal objetivo de la empresa es la valoraci\u00f3n de los sabores y frutas de Calabria, en particular las especiales y generalmente menos conocidas, como la bergamota, fruta de m\u00faltiples propiedades beneficiosas, \u00fanicas y \u00e1cidas como todo el territorio de Calabria. Naturaleza, tradici\u00f3n y alta calidad son los ingredientes del \u00e9xito de Agro Pic. Es posible comprar nuestros productos a trav\u00e9s de esta p\u00e1gina web o por correo electr\u00f3nico escribiendo a info@agropic.it o por tel\u00e9fono llamando al +39 349 56 51 669. Una vez realizado el pago, el pedido ser\u00e1 enviado en 2-3 d\u00edas laborables.<\/p>\n","protected":false},"excerpt":{"rendered":"<p>Mermelada de cebolla. La mermelada de cebolla Agro Pic es un producto de sabor fuerte y agridulce, elaborado con cebollas rojas de Tropea. Se puede servir como aperitivo, para entrantes y ensaladas, como guarnici\u00f3n de platos principales de carne y pescado. Producto 100% Italiano. Formato de 220 g. La cebolla roja de Tropea tiene numerosas propiedades, reduce el colesterol, el az\u00facar en sangre y los triglic\u00e9ridos, previene las enfermedades cardiovasculares, ayuda a purificar el cuerpo.&hellip; <a class=\"kt-excerpt-readmore more-link\" href=\"https:\/\/agropic.it\/es\/producto\/mermelada-de-cebolla-220-g\/\" aria-label=\"Mermelada de cebolla 220 g\">Leer m\u00e1s<\/a><\/p>\n","protected":false},"featured_media":12326,"comment_status":"closed","ping_status":"closed","template":"","meta":{"kt_blocks_editor_width":"","_kad_blocks_custom_css":"","_kad_blocks_head_custom_js":"","_kad_blocks_body_custom_js":"","_kad_blocks_footer_custom_js":""},"product_brand":[],"product_cat":[265],"product_tag":[656,655],"class_list":{"0":"post-3584","1":"product","2":"type-product","3":"status-publish","4":"has-post-thumbnail","6":"product_cat-mermeladas-y-confituras","7":"product_tag-compota-de-cebollas","8":"product_tag-mermelada-de-cebolla","10":"first","11":"instock","12":"shipping-taxable","13":"purchasable","14":"product-type-simple"},"taxonomy_info":{"product_cat":[{"value":265,"label":"Mermeladas y Confituras"}],"product_tag":[{"value":656,"label":"compota de cebollas"},{"value":655,"label":"mermelada de cebolla"}]},"featured_image_src_large":["https:\/\/agropic.it\/wp-content\/uploads\/2024\/01\/composta-di-cipolle-960x960.png",960,960,true],"author_info":[],"comment_info":0,"_links":{"self":[{"href":"https:\/\/agropic.it\/es\/wp-json\/wp\/v2\/product\/3584","targetHints":{"allow":["GET"]}}],"collection":[{"href":"https:\/\/agropic.it\/es\/wp-json\/wp\/v2\/product"}],"about":[{"href":"https:\/\/agropic.it\/es\/wp-json\/wp\/v2\/types\/product"}],"replies":[{"embeddable":true,"href":"https:\/\/agropic.it\/es\/wp-json\/wp\/v2\/comments?post=3584"}],"wp:featuredmedia":[{"embeddable":true,"href":"https:\/\/agropic.it\/es\/wp-json\/wp\/v2\/media\/12326"}],"wp:attachment":[{"href":"https:\/\/agropic.it\/es\/wp-json\/wp\/v2\/media?parent=3584"}],"wp:term":[{"taxonomy":"product_brand","embeddable":true,"href":"https:\/\/agropic.it\/es\/wp-json\/wp\/v2\/product_brand?post=3584"},{"taxonomy":"product_cat","embeddable":true,"href":"https:\/\/agropic.it\/es\/wp-json\/wp\/v2\/product_cat?post=3584"},{"taxonomy":"product_tag","embeddable":true,"href":"https:\/\/agropic.it\/es\/wp-json\/wp\/v2\/product_tag?post=3584"}],"curies":[{"name":"wp","href":"https:\/\/api.w.org\/{rel}","templated":true}]}}