{"id":3558,"date":"2024-01-24T17:25:34","date_gmt":"2017-10-16T17:25:34","guid":{"rendered":"https:\/\/agropic.it\/prodotto\/miel-con-chile-250-g\/"},"modified":"2017-10-16T17:25:34","modified_gmt":"2017-10-16T17:25:34","slug":"miel-con-chile-250-g","status":"publish","type":"product","link":"https:\/\/agropic.it\/es\/producto\/miel-con-chile-250-g\/","title":{"rendered":"Miel con chile 250 g"},"content":{"rendered":"<p>Miel de sila y guindilla. Recomendado para aperitivos y aperitivos, especialmente si se combina con quesos frescos y curados.<br \/>\nINGREDIENTES: Miel de sila, extracto de guindilla. Sin conservantes. \u00a1Miel 100% Italiana!<br \/>\nFormato de 250 g. Es importante su contenido en vitaminas A, B y C. Tiene propiedades antibacterianas, analg\u00e9sicas, antihistam\u00ednicas y antioxidantes. Ayuda a controlar el peso corporal. Disminuye el nivel de colesterol, glucosa y triglic\u00e9ridos.<\/p>\n<p>Trabajo familiar y selecci\u00f3n de las mejores materias primas, cultivadas en la tierra f\u00e9rtil y transformadas respetando la antigua tradici\u00f3n. Esta es la carta de identidad de Agro Pic, empresa especializada en la elaboraci\u00f3n de productos de bergamota, mermeladas, jugos de frutas, salsas y conservas en aceite. El principal objetivo de la empresa es la valoraci\u00f3n de los sabores y frutas de Calabria, en particular las especiales y generalmente menos conocidas, como la bergamota, fruta de m\u00faltiples propiedades beneficiosas, \u00fanicas y \u00e1cidas como todo el territorio de Calabria. Naturaleza, tradici\u00f3n y alta calidad son los ingredientes del \u00e9xito de Agro Pic. Es posible comprar nuestros productos a trav\u00e9s de esta p\u00e1gina web o por correo electr\u00f3nico escribiendo a info@agropic.it o por tel\u00e9fono llamando al +39 349 56 51 669. Una vez realizado el pago, el pedido ser\u00e1 enviado en 2-3 d\u00edas laborables.<\/p>\n","protected":false},"excerpt":{"rendered":"<p>Miel de sila y guindilla. Recomendado para aperitivos y aperitivos, especialmente si se combina con quesos frescos y curados.<br \/>\nINGREDIENTES: Miel de sila, extracto de guindilla. Sin conservantes. \u00a1Miel 100% Italiana!<br \/>\nFormato de 250 g. Es importante su contenido en vitaminas A, B y C. Tiene propiedades antibacterianas, analg\u00e9sicas, antihistam\u00ednicas y antioxidantes. Ayuda a controlar el peso corporal. Disminuye el nivel de colesterol, glucosa y triglic\u00e9ridos.&hellip; <a class=\"kt-excerpt-readmore more-link\" href=\"https:\/\/agropic.it\/es\/producto\/miel-con-chile-250-g\/\" aria-label=\"Miel con chile 250 g\">Leer m\u00e1s<\/a><\/p>\n","protected":false},"featured_media":8171,"comment_status":"closed","ping_status":"closed","template":"","meta":{"kt_blocks_editor_width":"","_kad_blocks_custom_css":"","_kad_blocks_head_custom_js":"","_kad_blocks_body_custom_js":"","_kad_blocks_footer_custom_js":""},"product_brand":[],"product_cat":[257],"product_tag":[618],"class_list":{"0":"post-3558","1":"product","2":"type-product","3":"status-publish","4":"has-post-thumbnail","6":"product_cat-miel-es","7":"product_tag-miel-de-chile","9":"first","10":"instock","11":"shipping-taxable","12":"purchasable","13":"product-type-simple"},"taxonomy_info":{"product_cat":[{"value":257,"label":"Miel"}],"product_tag":[{"value":618,"label":"miel de chile"}]},"featured_image_src_large":["https:\/\/agropic.it\/wp-content\/uploads\/2024\/01\/Miele-Al-peperoncino-1-1-960x960.jpg",960,960,true],"author_info":[],"comment_info":0,"_links":{"self":[{"href":"https:\/\/agropic.it\/es\/wp-json\/wp\/v2\/product\/3558","targetHints":{"allow":["GET"]}}],"collection":[{"href":"https:\/\/agropic.it\/es\/wp-json\/wp\/v2\/product"}],"about":[{"href":"https:\/\/agropic.it\/es\/wp-json\/wp\/v2\/types\/product"}],"replies":[{"embeddable":true,"href":"https:\/\/agropic.it\/es\/wp-json\/wp\/v2\/comments?post=3558"}],"wp:featuredmedia":[{"embeddable":true,"href":"https:\/\/agropic.it\/es\/wp-json\/wp\/v2\/media\/8171"}],"wp:attachment":[{"href":"https:\/\/agropic.it\/es\/wp-json\/wp\/v2\/media?parent=3558"}],"wp:term":[{"taxonomy":"product_brand","embeddable":true,"href":"https:\/\/agropic.it\/es\/wp-json\/wp\/v2\/product_brand?post=3558"},{"taxonomy":"product_cat","embeddable":true,"href":"https:\/\/agropic.it\/es\/wp-json\/wp\/v2\/product_cat?post=3558"},{"taxonomy":"product_tag","embeddable":true,"href":"https:\/\/agropic.it\/es\/wp-json\/wp\/v2\/product_tag?post=3558"}],"curies":[{"name":"wp","href":"https:\/\/api.w.org\/{rel}","templated":true}]}}