{"id":3552,"date":"2024-01-30T17:30:47","date_gmt":"2017-10-16T17:30:47","guid":{"rendered":"https:\/\/agropic.it\/prodotto\/bomba-de-sabores-280-g\/"},"modified":"2024-05-17T16:35:21","modified_gmt":"2024-05-17T16:35:21","slug":"bomba-de-sabores-280-g","status":"publish","type":"product","link":"https:\/\/agropic.it\/es\/producto\/bomba-de-sabores-280-g\/","title":{"rendered":"Bomba de sabor 280g"},"content":{"rendered":"<h5>La Bomba de Sabor Agro Pic es una aut\u00e9ntica \u00abexplosi\u00f3n\u00bb de sabor, \u00a1con su t\u00edpico sabor picante! Esta fant\u00e1stica conserva nunca falta en los hogares calabreses, de hecho es la reina de los productos t\u00edpicos de la regi\u00f3n. Para untar sobre pan y bruschetta. Ideal para crear entrantes y aperitivos, excelente si se acompa\u00f1a de embutidos y quesos.<\/h5>\n<p><strong>Ingredientes<\/strong>: Aj\u00ed, pimiento morr\u00f3n, cebolla, tomates secos, berenjenas, aceite de oliva virgen extra, aceite de semillas de girasol, ajo, or\u00e9gano, laurel, sal, vinagre de vino y corrector de acidez: \u00e1cido c\u00edtrico. Sin preservativos.<\/p>\n<p><strong>Origen vegetal<\/strong>: Italia (Calabria)<\/p>\n<p><strong>Formato<\/strong>: 280g<\/p>\n<p><strong>M\u00e9todo de almacenamiento<\/strong>: Almacenar en un lugar fresco y seco, alejado de fuentes de calor y luz solar. Una vez abierto cubrir con aceite, conservar en el frigor\u00edfico y consumir a los pocos d\u00edas.<\/p>\n<p><strong>El aj\u00ed, utilizado desde la antig\u00fcedad, es una especia utilizada no s\u00f3lo para a\u00f1adir picante a los platos, sino que tambi\u00e9n ofrece una serie de efectos beneficiosos para la salud humana. De hecho, guindilla:<\/strong><\/p>\n<ul>\n<li><strong><strong>es rico en vitaminas A, C y E.<\/strong><\/strong>&nbsp;<\/li>\n<li><strong><strong>Tiene propiedades antibacterianas, antihistam\u00ednicas y antioxidantes.<\/strong><\/strong>&nbsp;<\/li>\n<li><strong><strong>Tiene un reconocido efecto afrodis\u00edaco.<\/strong><\/strong>&nbsp;<\/li>\n<li><strong><strong>Tiene efectos analg\u00e9sicos en m\u00fasculos y huesos.<\/strong><\/strong>&nbsp;<\/li>\n<li><strong><strong>Activa el metabolismo y ayuda a controlar el peso corporal.<\/strong><\/strong>&nbsp;<\/li>\n<li><strong><strong>Reduce los niveles de colesterol, glucosa y triglic\u00e9ridos.<\/strong><\/strong>&nbsp;<\/li>\n<li><strong><strong>Mejora la circulaci\u00f3n sangu\u00ednea y previene enfermedades cardiovasculares como accidentes cerebrovasculares y ataques card\u00edacos.<\/strong><\/strong>&nbsp;<\/li>\n<li><strong>tiene un efecto antitumoral.<\/strong><\/li>\n<\/ul>\n<h6>Gesti\u00f3n familiar y selecci\u00f3n de las mejores materias primas, cultivadas en las f\u00e9rtiles tierras del negocio y transformadas respetando la antigua tradici\u00f3n. Esta es la tarjeta de identidad de Agro Pic, empresa especializada en la elaboraci\u00f3n de mermeladas, zumos, salsas y encurtidos.<\/h6>\n<h6>El principal objetivo de la actividad es la valorizaci\u00f3n de los sabores y frutas de Calabria, en particular los especiales y generalmente menos conocidos, como la bergamota, una fruta con m\u00faltiples propiedades beneficiosas, \u00fanica y \u00e1cida como todo el territorio de Calabria.<\/h6>\n<h6>Naturaleza, tradici\u00f3n y alta calidad son los ingredientes del \u00e9xito de Agro Pic.<\/h6>\n<h6>Para cualquier informaci\u00f3n sobre nuestros productos no dude en contactarnos:<\/h6>\n<h6>Cel 349 5651669<\/h6>\n<h6>Tel\u00e9fono 0964 1955229<\/h6>\n<h6>info@agropic.it<\/h6>\n","protected":false},"excerpt":{"rendered":"<p>La Bomba de Sabor Agro Pic es una aut\u00e9ntica \u00abexplosi\u00f3n\u00bb de sabor, \u00a1con su t\u00edpico sabor picante! Esta fant\u00e1stica conserva nunca falta en los hogares calabreses, de hecho es la reina de los productos t\u00edpicos de la regi\u00f3n. Para untar sobre pan y bruschetta. Ideal para crear entrantes y aperitivos, excelente si se acompa\u00f1a de embutidos y quesos.<\/p>\n<p><strong>Ingredientes<\/strong>: Aj\u00ed, pimiento morr\u00f3n, cebolla, tomates secos, berenjenas, aceite de oliva virgen extra, aceite de semillas de girasol, ajo, or\u00e9gano, laurel, sal, vinagre de vino y corrector de acidez: \u00e1cido c\u00edtrico. Sin preservativos.<\/p>\n<p><strong>Origen vegetal<\/strong>: Italia (Calabria)<\/p>\n<p><strong>Formato<\/strong>: 280g<\/p>\n<p>\u00a1Lea la descripci\u00f3n completa del producto a continuaci\u00f3n!<\/p>\n<p>&nbsp;<\/p>\n<p><strong>C\u00f3mpralo ahora y rec\u00edbelo en tu domicilio en 4-5 d\u00edas.<\/strong>&hellip; <a class=\"kt-excerpt-readmore more-link\" href=\"https:\/\/agropic.it\/es\/producto\/bomba-de-sabores-280-g\/\" aria-label=\"Bomba de sabor 280g\">Leer m\u00e1s<\/a><\/p>\n","protected":false},"featured_media":6951,"comment_status":"closed","ping_status":"closed","template":"","meta":{"kt_blocks_editor_width":"","_kad_blocks_custom_css":"","_kad_blocks_head_custom_js":"","_kad_blocks_body_custom_js":"","_kad_blocks_footer_custom_js":""},"product_brand":[],"product_cat":[268,249,324],"product_tag":[],"class_list":{"0":"post-3552","1":"product","2":"type-product","3":"status-publish","4":"has-post-thumbnail","6":"product_cat-conservas-en-aceite-y-agridulces","7":"product_cat-pate-y-cremas-untables","8":"product_cat-productos-de-chile","10":"first","11":"instock","12":"shipping-taxable","13":"purchasable","14":"product-type-simple"},"taxonomy_info":{"product_cat":[{"value":268,"label":"Conservas en aceite y agridulces"},{"value":249,"label":"Pat\u00e9 y cremas untables"},{"value":324,"label":"Productos de chile"}]},"featured_image_src_large":["https:\/\/agropic.it\/wp-content\/uploads\/2023\/03\/Bomba-di-sapori-960x960.webp",960,960,true],"author_info":[],"comment_info":0,"_links":{"self":[{"href":"https:\/\/agropic.it\/es\/wp-json\/wp\/v2\/product\/3552","targetHints":{"allow":["GET"]}}],"collection":[{"href":"https:\/\/agropic.it\/es\/wp-json\/wp\/v2\/product"}],"about":[{"href":"https:\/\/agropic.it\/es\/wp-json\/wp\/v2\/types\/product"}],"replies":[{"embeddable":true,"href":"https:\/\/agropic.it\/es\/wp-json\/wp\/v2\/comments?post=3552"}],"wp:featuredmedia":[{"embeddable":true,"href":"https:\/\/agropic.it\/es\/wp-json\/wp\/v2\/media\/6951"}],"wp:attachment":[{"href":"https:\/\/agropic.it\/es\/wp-json\/wp\/v2\/media?parent=3552"}],"wp:term":[{"taxonomy":"product_brand","embeddable":true,"href":"https:\/\/agropic.it\/es\/wp-json\/wp\/v2\/product_brand?post=3552"},{"taxonomy":"product_cat","embeddable":true,"href":"https:\/\/agropic.it\/es\/wp-json\/wp\/v2\/product_cat?post=3552"},{"taxonomy":"product_tag","embeddable":true,"href":"https:\/\/agropic.it\/es\/wp-json\/wp\/v2\/product_tag?post=3552"}],"curies":[{"name":"wp","href":"https:\/\/api.w.org\/{rel}","templated":true}]}}