{"id":3544,"date":"2024-01-25T17:36:47","date_gmt":"2017-10-16T17:36:47","guid":{"rendered":"https:\/\/agropic.it\/prodotto\/filetes-de-berenjena-en-aceite-280-g\/"},"modified":"2017-10-16T17:36:47","modified_gmt":"2017-10-16T17:36:47","slug":"filetes-de-berenjena-en-aceite-280-g","status":"publish","type":"product","link":"https:\/\/agropic.it\/es\/producto\/filetes-de-berenjena-en-aceite-280-g\/","title":{"rendered":"Filetes de berenjena en aceite 280 g"},"content":{"rendered":"<p>Los filetes de berenjena en aceite enriquecen y hacen \u00fanicos los aperitivos, especialmente si se combinan con embutidos y quesos, pero tambi\u00e9n son excelentes en ensaladas y bocadillos.<br \/>\nIngredientes: berenjena, guindilla, ajo, or\u00e9gano, menta, aceite de girasol, vinagre de vino, \u00e1cido c\u00edtrico y asc\u00f3rbico.<br \/>\nFormato de 280 g. la berenjena ayuda a controlar la diabetes y el peso corporal y a purificar el h\u00edgado. Previene enfermedades cardiovasculares. Ayuda a solucionar problemas de estre\u00f1imiento.<\/p>\n<p>Trabajo familiar y selecci\u00f3n de las mejores materias primas, cultivadas en la tierra f\u00e9rtil y transformadas respetando la antigua tradici\u00f3n. Esta es la carta de identidad de Agro Pic, empresa especializada en la elaboraci\u00f3n de productos de bergamota, mermeladas, jugos de frutas, salsas y conservas en aceite. El principal objetivo de la empresa es la valoraci\u00f3n de los sabores y frutas de Calabria, en particular las especiales y generalmente menos conocidas, como la bergamota, fruta de m\u00faltiples propiedades beneficiosas, \u00fanicas y \u00e1cidas como todo el territorio de Calabria. Naturaleza, tradici\u00f3n y alta calidad son los ingredientes del \u00e9xito de Agro Pic. Es posible comprar nuestros productos a trav\u00e9s de esta p\u00e1gina web o por correo electr\u00f3nico escribiendo a info@agropic.it o por tel\u00e9fono llamando al +39 349 56 51 669. Una vez realizado el pago, el pedido ser\u00e1 enviado en 2-3 d\u00edas laborables.<\/p>\n","protected":false},"excerpt":{"rendered":"<p>Los filetes de berenjena en aceite enriquecen y hacen \u00fanicos los aperitivos, especialmente si se combinan con embutidos y quesos, pero tambi\u00e9n son excelentes en ensaladas y bocadillos.<br \/>\nIngredientes: berenjena, guindilla, ajo, or\u00e9gano, menta, aceite de girasol, vinagre de vino, \u00e1cido c\u00edtrico y asc\u00f3rbico.<br \/>\nFormato de 280 g. la berenjena ayuda a controlar la diabetes y el peso corporal y a purificar el h\u00edgado. Previene enfermedades cardiovasculares. Ayuda a solucionar problemas de estre\u00f1imiento.&hellip; <a class=\"kt-excerpt-readmore more-link\" href=\"https:\/\/agropic.it\/es\/producto\/filetes-de-berenjena-en-aceite-280-g\/\" aria-label=\"Filetes de berenjena en aceite 280 g\">Leer m\u00e1s<\/a><\/p>\n","protected":false},"featured_media":7061,"comment_status":"closed","ping_status":"closed","template":"","meta":{"kt_blocks_editor_width":"","_kad_blocks_custom_css":"","_kad_blocks_head_custom_js":"","_kad_blocks_body_custom_js":"","_kad_blocks_footer_custom_js":""},"product_brand":[],"product_cat":[268],"product_tag":[],"class_list":{"0":"post-3544","1":"product","2":"type-product","3":"status-publish","4":"has-post-thumbnail","6":"product_cat-conservas-en-aceite-y-agridulces","8":"first","9":"instock","10":"shipping-taxable","11":"purchasable","12":"product-type-simple"},"taxonomy_info":{"product_cat":[{"value":268,"label":"Conservas en aceite y agridulces"}]},"featured_image_src_large":["https:\/\/agropic.it\/wp-content\/uploads\/2023\/03\/Melanzane-a-filetti-sottolio-960x960.webp",960,960,true],"author_info":[],"comment_info":0,"_links":{"self":[{"href":"https:\/\/agropic.it\/es\/wp-json\/wp\/v2\/product\/3544","targetHints":{"allow":["GET"]}}],"collection":[{"href":"https:\/\/agropic.it\/es\/wp-json\/wp\/v2\/product"}],"about":[{"href":"https:\/\/agropic.it\/es\/wp-json\/wp\/v2\/types\/product"}],"replies":[{"embeddable":true,"href":"https:\/\/agropic.it\/es\/wp-json\/wp\/v2\/comments?post=3544"}],"wp:featuredmedia":[{"embeddable":true,"href":"https:\/\/agropic.it\/es\/wp-json\/wp\/v2\/media\/7061"}],"wp:attachment":[{"href":"https:\/\/agropic.it\/es\/wp-json\/wp\/v2\/media?parent=3544"}],"wp:term":[{"taxonomy":"product_brand","embeddable":true,"href":"https:\/\/agropic.it\/es\/wp-json\/wp\/v2\/product_brand?post=3544"},{"taxonomy":"product_cat","embeddable":true,"href":"https:\/\/agropic.it\/es\/wp-json\/wp\/v2\/product_cat?post=3544"},{"taxonomy":"product_tag","embeddable":true,"href":"https:\/\/agropic.it\/es\/wp-json\/wp\/v2\/product_tag?post=3544"}],"curies":[{"name":"wp","href":"https:\/\/api.w.org\/{rel}","templated":true}]}}