{"id":3540,"date":"2024-01-27T17:38:14","date_gmt":"2017-10-16T17:38:14","guid":{"rendered":"https:\/\/agropic.it\/prodotto\/tomates-secos-en-aceite-180-g\/"},"modified":"2024-06-11T10:09:06","modified_gmt":"2024-06-11T10:09:06","slug":"tomates-secos-en-aceite-180-g","status":"publish","type":"product","link":"https:\/\/agropic.it\/es\/producto\/tomates-secos-en-aceite-180-g\/","title":{"rendered":"Tomates secos en aceite 180g"},"content":{"rendered":"<h5>Los tomates secos en aceite son un aut\u00e9ntico manjar de la cocina mediterr\u00e1nea. Para obtener esta deliciosa conserva en aceite se eligen los mejores tomates, cultivados al aire libre en nuestra finca, para luego ser recolectados manualmente, secados al sol y elaborados artesanalmente, condiment\u00e1ndolos con ajo, or\u00e9gano, menta y guindilla.<\/h5>\n<p>Ideales para consumir solas o sobre una rebanada de pan, en aperitivos y entrantes r\u00fasticos, dan un sabor aut\u00e9ntico y fuerte a los platos, tambi\u00e9n como acompa\u00f1amiento en bocadillos y ensaladas.<\/p>\n<p><strong>Ingredientes<\/strong>: Tomates secos, aceite de oliva virgen extra, aceite de semillas de girasol, vinagre de vino blanco, ajo, guindilla, or\u00e9gano, menta, laurel y sal.<\/p>\n<p><strong>Formato<\/strong>: 180g<\/p>\n<p><strong>M\u00e9todo de almacenamiento<\/strong>: Conservar en un lugar fresco y seco, alejado de la luz solar y de fuentes de calor. Una vez abierto meter en el frigor\u00edfico cubriendo el producto con un poco de aceite y consumir a los pocos d\u00edas.<\/p>\n<p>\u00a1Sin preservativos!<\/p>\n<p><strong>El tomate es el rey indiscutible de la dieta mediterr\u00e1nea, excelente para mantener una buena forma f\u00edsica porque es bajo en calor\u00edas, y adem\u00e1s cuenta con numerosas propiedades beneficiosas:<\/strong><\/p>\n<ul>\n<li><strong>Previene enfermedades cardiovasculares como derrames cerebrales y ataques card\u00edacos.<\/strong><\/li>\n<li><strong>Rica en vitamina C.<\/strong><\/li>\n<li><strong>Previene el c\u00e1ncer de colon y pr\u00f3stata.<\/strong><\/li>\n<li><strong>Previene la osteoporosis.<\/strong><\/li>\n<li><strong>Reduce el colesterol LDL malo y aumenta el colesterol HDL bueno.<\/strong><\/li>\n<li><strong>Protege tu vista.<\/strong><\/li>\n<li><strong>Tiene propiedades diur\u00e9ticas y digestivas.<\/strong><\/li>\n<\/ul>\n<p><strong>Gesti\u00f3n familiar y selecci\u00f3n de las mejores materias primas<\/strong>, cultivadas en las f\u00e9rtiles tierras del negocio y transformadas respetando la antigua tradici\u00f3n. Esta es la tarjeta de identidad de Agro Pic, empresa especializada en la elaboraci\u00f3n de mermeladas, zumos, salsas y encurtidos.<\/p>\n<p><strong>El principal objetivo de la actividad es la valorizaci\u00f3n de los sabores y frutas de Calabria, en particular los especiales y generalmente menos conocidos,<\/strong> como la bergamota, una fruta con m\u00faltiples propiedades beneficiosas, \u00fanica y \u00e1cida como todo el territorio de Calabria.<\/p>\n<p>Naturaleza, tradici\u00f3n y alta calidad son los ingredientes del \u00e9xito de Agro Pic.<\/p>\n<p><strong>Para cualquier informaci\u00f3n sobre nuestros productos no dude en contactarnos:<\/strong><\/p>\n<p>Cel 3495651669<\/p>\n","protected":false},"excerpt":{"rendered":"<p>Los tomates secos son un aut\u00e9ntico manjar de la cocina mediterr\u00e1nea. Para obtener esta deliciosa conserva en aceite se eligen los mejores tomates, cultivados al aire libre en nuestra finca, para luego ser recolectados manualmente, secados al sol y elaborados artesanalmente, condiment\u00e1ndolos con ajo, or\u00e9gano, menta y guindilla.<\/p>\n<p>Ideales para consumir solas o sobre una rebanada de pan, en aperitivos y entrantes r\u00fasticos, dan un sabor aut\u00e9ntico y fuerte a los platos, tambi\u00e9n como acompa\u00f1amiento en bocadillos y ensaladas.<\/p>\n<p><strong>Ingredientes<\/strong>: Tomates secos, aceite de oliva virgen extra, aceite de semillas de girasol, vinagre de vino blanco, ajo, guindilla, or\u00e9gano, menta, laurel y sal.<\/p>\n<p><strong>Formato<\/strong>: 180g<\/p>\n<p>Lea la descripci\u00f3n completa del producto a continuaci\u00f3n<\/p>\n<p><strong>C\u00f3mpralo ahora y rec\u00edbelo en tu domicilio en 4-5 d\u00edas laborables.<\/strong>&hellip; <a class=\"kt-excerpt-readmore more-link\" href=\"https:\/\/agropic.it\/es\/producto\/tomates-secos-en-aceite-180-g\/\" aria-label=\"Tomates secos en aceite 180g\">Leer m\u00e1s<\/a><\/p>\n","protected":false},"featured_media":7196,"comment_status":"closed","ping_status":"closed","template":"","meta":{"kt_blocks_editor_width":"","_kad_blocks_custom_css":"","_kad_blocks_head_custom_js":"","_kad_blocks_body_custom_js":"","_kad_blocks_footer_custom_js":""},"product_brand":[],"product_cat":[268],"product_tag":[581],"class_list":{"0":"post-3540","1":"product","2":"type-product","3":"status-publish","4":"has-post-thumbnail","6":"product_cat-conservas-en-aceite-y-agridulces","7":"product_tag-tomates-secos-en-aceite","9":"first","10":"instock","11":"shipping-taxable","12":"purchasable","13":"product-type-simple"},"taxonomy_info":{"product_cat":[{"value":268,"label":"Conservas en aceite y agridulces"}],"product_tag":[{"value":581,"label":"Tomates secos en aceite"}]},"featured_image_src_large":["https:\/\/agropic.it\/wp-content\/uploads\/2023\/03\/Pomodori-secchi-sottolio-960x960.webp",960,960,true],"author_info":[],"comment_info":0,"_links":{"self":[{"href":"https:\/\/agropic.it\/es\/wp-json\/wp\/v2\/product\/3540","targetHints":{"allow":["GET"]}}],"collection":[{"href":"https:\/\/agropic.it\/es\/wp-json\/wp\/v2\/product"}],"about":[{"href":"https:\/\/agropic.it\/es\/wp-json\/wp\/v2\/types\/product"}],"replies":[{"embeddable":true,"href":"https:\/\/agropic.it\/es\/wp-json\/wp\/v2\/comments?post=3540"}],"wp:featuredmedia":[{"embeddable":true,"href":"https:\/\/agropic.it\/es\/wp-json\/wp\/v2\/media\/7196"}],"wp:attachment":[{"href":"https:\/\/agropic.it\/es\/wp-json\/wp\/v2\/media?parent=3540"}],"wp:term":[{"taxonomy":"product_brand","embeddable":true,"href":"https:\/\/agropic.it\/es\/wp-json\/wp\/v2\/product_brand?post=3540"},{"taxonomy":"product_cat","embeddable":true,"href":"https:\/\/agropic.it\/es\/wp-json\/wp\/v2\/product_cat?post=3540"},{"taxonomy":"product_tag","embeddable":true,"href":"https:\/\/agropic.it\/es\/wp-json\/wp\/v2\/product_tag?post=3540"}],"curies":[{"name":"wp","href":"https:\/\/api.w.org\/{rel}","templated":true}]}}