{"id":3517,"date":"2024-01-25T17:55:04","date_gmt":"2017-11-10T17:55:04","guid":{"rendered":"https:\/\/agropic.it\/prodotto\/miel-de-bergamota-250-g\/"},"modified":"2021-06-23T16:10:03","modified_gmt":"2021-06-23T16:10:03","slug":"miel-de-bergamota-250-g","status":"publish","type":"product","link":"https:\/\/agropic.it\/es\/producto\/miel-de-bergamota-250-g\/","title":{"rendered":"Miel de bergamota 250 g"},"content":{"rendered":"<p>Miel de bergamota. \u00a1La Miel de sila y bergamota es un producto precioso y envolvente con un sabor aut\u00e9ntico! Se utiliza para endulzar, rellenar y condimentar postres y platos, pero va muy bien en quesos frescos y curados. \u00a1Producto sin conservantes! \u00a1Miel 100% Italiana!<br \/>\nIngredientes: miel de sila, bergamota. Formato de 250 g.<br \/>\nEs especialmente importante su contenido en vitaminas A, B y C. Excelente para combatir los dolores de garganta y tos. Esta miel tambi\u00e9n cuenta con una actividad diur\u00e9tica y laxante, que tambi\u00e9n ayuda a regular la actividad intestinal. Act\u00faa como desintoxicante del h\u00edgado y es un excelente t\u00f3nico natural. No contiene colesterol, fibra, lactosa, gluten o histamina. Tiene una acci\u00f3n descongestionante y sedante contra la tos. Ofrece numerosos beneficios para la sangre y el coraz\u00f3n, reduce el colesterol, az\u00facar en sangre y triglic\u00e9ridos. Regula el metabolismo y ayuda a controlar el peso corporal. Ofrece numerosos beneficios para el est\u00f3mago y los intestinos, de hecho es curativo de inflamaciones e infecciones del<br \/>\nsistema gastrointestinal.<\/p>\n<p>Trabajo familiar y selecci\u00f3n de las mejores materias primas, cultivadas en la tierra f\u00e9rtil y transformadas respetando la antigua tradici\u00f3n. Esta es la carta de identidad de Agro Pic, empresa especializada en la elaboraci\u00f3n de productos de bergamota, mermeladas, jugos de frutas, salsas y conservas en aceite. El principal objetivo de la empresa es la valoraci\u00f3n de los sabores y frutas de Calabria, en particular las especiales y generalmente menos conocidas, como la bergamota, fruta de m\u00faltiples propiedades beneficiosas, \u00fanicas y \u00e1cidas como todo el territorio de Calabria. Naturaleza, tradici\u00f3n y alta calidad son los ingredientes del \u00e9xito de Agro Pic. Es posible comprar nuestros productos a trav\u00e9s de esta p\u00e1gina web o por correo electr\u00f3nico escribiendo a info@agropic.it o por tel\u00e9fono llamando al +39 349 56 51 669. Una vez realizado el pago, el pedido ser\u00e1 enviado en 2-3 d\u00edas laborables.<\/p>\n","protected":false},"excerpt":{"rendered":"<p>Miel de bergamota. \u00a1La Miel de sila y bergamota es un producto precioso y envolvente con un sabor aut\u00e9ntico! Se utiliza para endulzar, rellenar y condimentar postres y platos, pero va muy bien en quesos frescos y curados. \u00a1Producto sin conservantes! \u00a1Miel 100% Italiana!<br \/>\nIngredientes: miel de sila, bergamota. Formato de 250 g.<br \/>\nEs especialmente importante su contenido en vitaminas A, B y C. Excelente para combatir los dolores de garganta y tos. Esta miel tambi\u00e9n cuenta con una actividad diur\u00e9tica y laxante, que tambi\u00e9n ayuda a regular la actividad intestinal. Act\u00faa como desintoxicante del h\u00edgado y es un excelente t\u00f3nico natural. No contiene colesterol, fibra, lactosa, gluten o histamina. Tiene una acci\u00f3n descongestionante y sedante contra la tos. Ofrece numerosos beneficios para la sangre y el coraz\u00f3n, reduce el colesterol, az\u00facar en sangre y triglic\u00e9ridos. Regula el metabolismo y ayuda a controlar el peso corporal. Ofrece numerosos beneficios para el est\u00f3mago y los intestinos, de hecho es curativo de inflamaciones e infecciones del<br \/>\nsistema gastrointestinal.&hellip; <a class=\"kt-excerpt-readmore more-link\" href=\"https:\/\/agropic.it\/es\/producto\/miel-de-bergamota-250-g\/\" aria-label=\"Miel de bergamota 250 g\">Leer m\u00e1s<\/a><\/p>\n","protected":false},"featured_media":7606,"comment_status":"closed","ping_status":"closed","template":"","meta":{"kt_blocks_editor_width":"","_kad_blocks_custom_css":"","_kad_blocks_head_custom_js":"","_kad_blocks_body_custom_js":"","_kad_blocks_footer_custom_js":""},"product_brand":[],"product_cat":[257],"product_tag":[490],"class_list":{"0":"post-3517","1":"product","2":"type-product","3":"status-publish","4":"has-post-thumbnail","6":"product_cat-miel-es","7":"product_tag-miel-de-bergamota","9":"first","10":"instock","11":"shipping-taxable","12":"purchasable","13":"product-type-simple"},"taxonomy_info":{"product_cat":[{"value":257,"label":"Miel"}],"product_tag":[{"value":490,"label":"Miel de bergamota"}]},"featured_image_src_large":["https:\/\/agropic.it\/wp-content\/uploads\/2022\/12\/MIELE-DI-SULLA-E-BERGAMOTTO-AGROMIEL-1-960x960.jpg",960,960,true],"author_info":[],"comment_info":0,"_links":{"self":[{"href":"https:\/\/agropic.it\/es\/wp-json\/wp\/v2\/product\/3517","targetHints":{"allow":["GET"]}}],"collection":[{"href":"https:\/\/agropic.it\/es\/wp-json\/wp\/v2\/product"}],"about":[{"href":"https:\/\/agropic.it\/es\/wp-json\/wp\/v2\/types\/product"}],"replies":[{"embeddable":true,"href":"https:\/\/agropic.it\/es\/wp-json\/wp\/v2\/comments?post=3517"}],"wp:featuredmedia":[{"embeddable":true,"href":"https:\/\/agropic.it\/es\/wp-json\/wp\/v2\/media\/7606"}],"wp:attachment":[{"href":"https:\/\/agropic.it\/es\/wp-json\/wp\/v2\/media?parent=3517"}],"wp:term":[{"taxonomy":"product_brand","embeddable":true,"href":"https:\/\/agropic.it\/es\/wp-json\/wp\/v2\/product_brand?post=3517"},{"taxonomy":"product_cat","embeddable":true,"href":"https:\/\/agropic.it\/es\/wp-json\/wp\/v2\/product_cat?post=3517"},{"taxonomy":"product_tag","embeddable":true,"href":"https:\/\/agropic.it\/es\/wp-json\/wp\/v2\/product_tag?post=3517"}],"curies":[{"name":"wp","href":"https:\/\/api.w.org\/{rel}","templated":true}]}}