{"id":3513,"date":"2024-01-23T11:30:30","date_gmt":"2018-01-20T11:30:30","guid":{"rendered":"https:\/\/agropic.it\/prodotto\/miel-de-regaliz-250-g\/"},"modified":"2018-01-20T11:30:30","modified_gmt":"2018-01-20T11:30:30","slug":"miel-de-regaliz-250-g","status":"publish","type":"product","link":"https:\/\/agropic.it\/es\/producto\/miel-de-regaliz-250-g\/","title":{"rendered":"Miel de regaliz 250 g"},"content":{"rendered":"<p>Miel de regaliz. Es un producto a base de miel aromatizada con Regaliz. La miel aromatizada con regaliz es un producto precioso y envolvente con un sabor aut\u00e9ntico. Miel 100% Calabrese. Ingredientes: Miel de sila, regaliz en polvo. Formato de 250 g. Es importante sobre todo su contenido de vitaminas A, B y C, as\u00ed como por la caracter\u00edstica de edulcorar mientras contiene un bajo valor de az\u00facares simples.<br \/>\nAct\u00faa como desintoxicante del h\u00edgado y es un excelente t\u00f3nico natural. No lleva colesterol, fibra, lactosa, gluten o histamina. La miel de sila se utiliza principalmente<br \/>\ncomo edulcorante natural, para endulzar las bebidas m\u00e1s sobrias como la manzanilla, el t\u00e9 y otros tipos de infusiones. Tambi\u00e9n es excelente para untar en pan y quesos<\/p>\n<p>Trabajo familiar y selecci\u00f3n de las mejores materias primas, cultivadas en la tierra f\u00e9rtil y transformadas respetando la antigua tradici\u00f3n. Esta es la carta de identidad de Agro Pic, empresa especializada en la elaboraci\u00f3n de productos de bergamota, mermeladas, jugos de frutas, salsas y conservas en aceite. El principal objetivo de la empresa es la valoraci\u00f3n de los sabores y frutas de Calabria, en particular las especiales y generalmente menos conocidas, como la bergamota, fruta de m\u00faltiples propiedades beneficiosas, \u00fanicas y \u00e1cidas como todo el territorio de Calabria. Naturaleza, tradici\u00f3n y alta calidad son los ingredientes del \u00e9xito de Agro Pic. Es posible comprar nuestros productos a trav\u00e9s de esta p\u00e1gina web o por correo electr\u00f3nico escribiendo a info@agropic.it o por tel\u00e9fono llamando al +39 349 56 51 669. Una vez realizado el pago, el pedido ser\u00e1 enviado en 2-3 d\u00edas laborables.<\/p>\n","protected":false},"excerpt":{"rendered":"<p>Miel de regaliz. Es un producto a base de miel aromatizada con Regaliz. La miel aromatizada con regaliz es un producto precioso y envolvente con un sabor aut\u00e9ntico. Miel 100% Calabrese. Ingredientes: Miel de sila, regaliz en polvo. Formato de 250 g. Es importante sobre todo su contenido de vitaminas A, B y C, as\u00ed como por la caracter\u00edstica de edulcorar mientras contiene un bajo valor de az\u00facares simples.<br \/>\nAct\u00faa como desintoxicante del h\u00edgado y es un excelente t\u00f3nico natural. No lleva colesterol, fibra, lactosa, gluten o histamina. La miel de sila se utiliza principalmente<br \/>\ncomo edulcorante natural, para endulzar las bebidas m\u00e1s sobrias como la manzanilla, el t\u00e9 y otros tipos de infusiones. Tambi\u00e9n es excelente para untar en pan y quesos<br \/>\n&hellip; <a class=\"kt-excerpt-readmore more-link\" href=\"https:\/\/agropic.it\/es\/producto\/miel-de-regaliz-250-g\/\" aria-label=\"Miel de regaliz 250 g\">Leer m\u00e1s<\/a><\/p>\n","protected":false},"featured_media":7611,"comment_status":"closed","ping_status":"closed","template":"","meta":{"kt_blocks_editor_width":"","_kad_blocks_custom_css":"","_kad_blocks_head_custom_js":"","_kad_blocks_body_custom_js":"","_kad_blocks_footer_custom_js":""},"product_brand":[],"product_cat":[257],"product_tag":[],"class_list":{"0":"post-3513","1":"product","2":"type-product","3":"status-publish","4":"has-post-thumbnail","6":"product_cat-miel-es","8":"first","9":"instock","10":"shipping-taxable","11":"purchasable","12":"product-type-simple"},"taxonomy_info":{"product_cat":[{"value":257,"label":"Miel"}]},"featured_image_src_large":["https:\/\/agropic.it\/wp-content\/uploads\/2022\/12\/MIELE-E-LIQUIRIZIA-LIQMIEL-1-960x960.jpg",960,960,true],"author_info":[],"comment_info":0,"_links":{"self":[{"href":"https:\/\/agropic.it\/es\/wp-json\/wp\/v2\/product\/3513","targetHints":{"allow":["GET"]}}],"collection":[{"href":"https:\/\/agropic.it\/es\/wp-json\/wp\/v2\/product"}],"about":[{"href":"https:\/\/agropic.it\/es\/wp-json\/wp\/v2\/types\/product"}],"replies":[{"embeddable":true,"href":"https:\/\/agropic.it\/es\/wp-json\/wp\/v2\/comments?post=3513"}],"wp:featuredmedia":[{"embeddable":true,"href":"https:\/\/agropic.it\/es\/wp-json\/wp\/v2\/media\/7611"}],"wp:attachment":[{"href":"https:\/\/agropic.it\/es\/wp-json\/wp\/v2\/media?parent=3513"}],"wp:term":[{"taxonomy":"product_brand","embeddable":true,"href":"https:\/\/agropic.it\/es\/wp-json\/wp\/v2\/product_brand?post=3513"},{"taxonomy":"product_cat","embeddable":true,"href":"https:\/\/agropic.it\/es\/wp-json\/wp\/v2\/product_cat?post=3513"},{"taxonomy":"product_tag","embeddable":true,"href":"https:\/\/agropic.it\/es\/wp-json\/wp\/v2\/product_tag?post=3513"}],"curies":[{"name":"wp","href":"https:\/\/api.w.org\/{rel}","templated":true}]}}