{"id":3477,"date":"2018-01-20T17:32:30","date_gmt":"2018-01-20T17:32:30","guid":{"rendered":"https:\/\/agropic.it\/prodotto\/jabon-en-barra-de-aceite-de-oliva-y-bergamota-100-g\/"},"modified":"2018-01-20T17:32:30","modified_gmt":"2018-01-20T17:32:30","slug":"jabon-en-barra-de-aceite-de-oliva-y-bergamota-100-g","status":"publish","type":"product","link":"https:\/\/agropic.it\/es\/producto\/jabon-en-barra-de-aceite-de-oliva-y-bergamota-100-g\/","title":{"rendered":"Jab\u00f3n en barra de aceite de oliva y bergamota 100 g"},"content":{"rendered":"<p>Jab\u00f3n de bergamota. El Jab\u00f3n de Bergamota Agro Pic es un jab\u00f3n s\u00f3lido con aceite de oliva con bergamota. De hecho, la bergamota es muy utilizada en cosm\u00e9tica y es un producto b\u00e1sico para perfumes ya que es capaz de fijar sus aromas. Es rico en propiedades antioxidantes y curativas. Tambi\u00e9n posee una acci\u00f3n antibacteriana capaz de inhibir la formaci\u00f3n de microorganismos, incluso los resistentes a los antibi\u00f3ticos, se utiliza para restaurar el ph fisiol\u00f3gico de la piel y para combatir<br \/>\nacn\u00e9 y para pieles grasas e impuras. Formato 100 g.<br \/>\nIngredientes: Jab\u00f3n de Bergamota con Aceite de Oliva.<\/p>\n<p>Trabajo familiar y selecci\u00f3n de las mejores materias primas, cultivadas en la tierra f\u00e9rtil y transformadas respetando la antigua tradici\u00f3n. Esta es la carta de identidad de Agro Pic, empresa especializada en la elaboraci\u00f3n de productos de bergamota, mermeladas, jugos de frutas, salsas y conservas en aceite. El principal objetivo de la empresa es la valoraci\u00f3n de los sabores y frutas de Calabria, en particular las especiales y generalmente menos conocidas, como la bergamota, fruta de m\u00faltiples propiedades beneficiosas, \u00fanicas y \u00e1cidas como todo el territorio de Calabria. Naturaleza, tradici\u00f3n y alta calidad son los ingredientes del \u00e9xito de Agro Pic. Es posible comprar nuestros productos a trav\u00e9s de esta p\u00e1gina web o por correo electr\u00f3nico escribiendo a info@agropic.it o por tel\u00e9fono llamando al +39 349 56 51 669. Una vez realizado el pago, el pedido ser\u00e1 enviado en 2-3 d\u00edas laborables.<\/p>\n","protected":false},"excerpt":{"rendered":"<p>Jab\u00f3n de bergamota. El Jab\u00f3n de Bergamota Agro Pic es un jab\u00f3n s\u00f3lido con aceite de oliva con bergamota. De hecho, la bergamota es muy utilizada en cosm\u00e9tica y es un producto b\u00e1sico para perfumes ya que es capaz de fijar sus aromas. Es rico en propiedades antioxidantes y curativas. Tambi\u00e9n posee una acci\u00f3n antibacteriana capaz de inhibir la formaci\u00f3n de microorganismos, incluso los resistentes a los antibi\u00f3ticos, se utiliza para restaurar el ph fisiol\u00f3gico de la piel y para combatir<br \/>\nacn\u00e9 y para pieles grasas e impuras. Formato 100 g.<br \/>\nIngredientes: Jab\u00f3n de Bergamota con Aceite de Oliva.&hellip; <a class=\"kt-excerpt-readmore more-link\" href=\"https:\/\/agropic.it\/es\/producto\/jabon-en-barra-de-aceite-de-oliva-y-bergamota-100-g\/\" aria-label=\"Jab\u00f3n en barra de aceite de oliva y bergamota 100 g\">Leer m\u00e1s<\/a><\/p>\n","protected":false},"featured_media":3213,"comment_status":"closed","ping_status":"closed","template":"","meta":{"kt_blocks_editor_width":"","_kad_blocks_custom_css":"","_kad_blocks_head_custom_js":"","_kad_blocks_body_custom_js":"","_kad_blocks_footer_custom_js":""},"product_brand":[],"product_cat":[261],"product_tag":[419,438,439,309,437,440,311],"class_list":{"0":"post-3477","1":"product","2":"type-product","3":"status-publish","4":"has-post-thumbnail","6":"product_cat-especias-de-calabria","7":"product_tag-bergamota","8":"product_tag-bergamota-es","9":"product_tag-bergamota-italiana","10":"product_tag-calabria-es","11":"product_tag-jabon-de-bergamota","12":"product_tag-producto-de-calabria","13":"product_tag-producto-italiano","15":"first","16":"outofstock","17":"shipping-taxable","18":"purchasable","19":"product-type-simple"},"taxonomy_info":{"product_cat":[{"value":261,"label":"Especias de Calabria"}],"product_tag":[{"value":419,"label":"bergamota"},{"value":438,"label":"bergamota"},{"value":439,"label":"bergamota italiana"},{"value":309,"label":"calabria"},{"value":437,"label":"jab\u00f3n de bergamota"},{"value":440,"label":"Producto de Calabria"},{"value":311,"label":"Producto italiano"}]},"featured_image_src_large":["https:\/\/agropic.it\/wp-content\/uploads\/2020\/02\/Agropic-prodotti48-960x960.jpg",960,960,true],"author_info":[],"comment_info":0,"_links":{"self":[{"href":"https:\/\/agropic.it\/es\/wp-json\/wp\/v2\/product\/3477","targetHints":{"allow":["GET"]}}],"collection":[{"href":"https:\/\/agropic.it\/es\/wp-json\/wp\/v2\/product"}],"about":[{"href":"https:\/\/agropic.it\/es\/wp-json\/wp\/v2\/types\/product"}],"replies":[{"embeddable":true,"href":"https:\/\/agropic.it\/es\/wp-json\/wp\/v2\/comments?post=3477"}],"wp:featuredmedia":[{"embeddable":true,"href":"https:\/\/agropic.it\/es\/wp-json\/wp\/v2\/media\/3213"}],"wp:attachment":[{"href":"https:\/\/agropic.it\/es\/wp-json\/wp\/v2\/media?parent=3477"}],"wp:term":[{"taxonomy":"product_brand","embeddable":true,"href":"https:\/\/agropic.it\/es\/wp-json\/wp\/v2\/product_brand?post=3477"},{"taxonomy":"product_cat","embeddable":true,"href":"https:\/\/agropic.it\/es\/wp-json\/wp\/v2\/product_cat?post=3477"},{"taxonomy":"product_tag","embeddable":true,"href":"https:\/\/agropic.it\/es\/wp-json\/wp\/v2\/product_tag?post=3477"}],"curies":[{"name":"wp","href":"https:\/\/api.w.org\/{rel}","templated":true}]}}