{"id":3437,"date":"2024-01-29T15:28:02","date_gmt":"2024-01-29T15:28:02","guid":{"rendered":"https:\/\/agropic.it\/prodotto\/pimientos-rellenos-en-aceite-con-atun-y-alcaparras-180g\/"},"modified":"2024-05-28T10:25:15","modified_gmt":"2024-05-28T10:25:15","slug":"pimientos-rellenos-en-aceite-con-atun-y-alcaparras-180g","status":"publish","type":"product","link":"https:\/\/agropic.it\/es\/producto\/pimientos-rellenos-en-aceite-con-atun-y-alcaparras-180g\/","title":{"rendered":"Chiles rellenos en aceite &#8211; con at\u00fan y alcaparras 180g"},"content":{"rendered":"<h5>Los Chiles rellenos en aceite\u00a0Agro Pic est\u00e1n elaborados con los mejores chiles picantes 100% de Calabria, recogidos a mano en las tierras pr\u00edstinas de la empresa y procesados \u200b\u200ben 0 km. Nuestros chiles rellenos en aceite no contienen conservantes.<\/h5>\n<p>Es una de las conservas m\u00e1s importantes de la cocina calabresa, se utilizan sobre todo para crear deliciosos aperitivos o se pueden disfrutar con pan fresco.<\/p>\n<p><strong>Ingredientes<\/strong>: Chiles picantes, aceite de oliva virgen extra, aceite de semilla de girasol, at\u00fan, alcaparras, or\u00e9gano, ajo, vinagre de vino blanco, jugo de lim\u00f3n.<\/p>\n<p><strong>Formato<\/strong>: 180g<\/p>\n<p><strong>M\u00e9todo de almacenamiento<\/strong>: Almacenar en un lugar fresco y seco, alejado de la luz solar o fuentes de calor. Una vez abierto conservar en el frigor\u00edfico cubri\u00e9ndolo con aceite y consumir a los pocos d\u00edas.<\/p>\n<p>La guindilla es un ingrediente b\u00e1sico de la cocina t\u00edpica de Calabria, tiene un gran poder antioxidante debido a los flavonoides que contiene, es rica en vitamina C y minerales.<\/p>\n<p><strong>Desde la antig\u00fcedad, la guindilla ha sido una especia utilizada no s\u00f3lo para a\u00f1adir picante a los platos, sino que tiene una serie de efectos beneficiosos para la salud humana.<\/strong><\/p>\n<p><strong>De hecho, guindilla:<\/strong><\/p>\n<ul>\n<li><strong>es rico en vitaminas A, C y E.<\/strong><\/li>\n<li><strong>Tiene propiedades antibacterianas, antihistam\u00ednicas y antioxidantes.<\/strong><\/li>\n<li><strong>Tiene un reconocido efecto afrodis\u00edaco.<\/strong><\/li>\n<li><strong>Tiene efectos analg\u00e9sicos en m\u00fasculos y huesos.<\/strong><\/li>\n<li><strong>Activa el metabolismo y ayuda a controlar el peso corporal.<\/strong><\/li>\n<li><strong>Reduce los niveles de colesterol, glucosa y triglic\u00e9ridos.<\/strong><\/li>\n<li><strong>Mejora la circulaci\u00f3n sangu\u00ednea y previene enfermedades cardiovasculares.<\/strong><\/li>\n<\/ul>\n<p><strong>Gesti\u00f3n familiar y selecci\u00f3n de las mejores materias primas<\/strong>, cultivadas en las f\u00e9rtiles tierras del negocio y transformadas respetando la antigua tradici\u00f3n. Esta es la tarjeta de identidad de Agro Pic, empresa especializada en la elaboraci\u00f3n de mermeladas, zumos, salsas y encurtidos.<\/p>\n<p><strong>El principal objetivo de Agro Pic es realzar los sabores y las frutas de Calabria, en particular las especiales y normalmente menos conocidas,<\/strong> como la bergamota, una fruta con m\u00faltiples propiedades beneficiosas, \u00fanica y \u00e1cida como todo el territorio de Calabria.<\/p>\n<p><strong>Naturaleza, tradici\u00f3n y alta calidad son los ingredientes del \u00e9xito de Agro Pic.<\/strong><\/p>\n<p>Para cualquier informaci\u00f3n sobre nuestros productos no dude en contactarnos:<\/p>\n<p>Cel 349 5651669<\/p>\n<p>Tel\u00e9fono 0964 1955229<\/p>\n<p>info@agropic.it<\/p>\n","protected":false},"excerpt":{"rendered":"<p>Los chiles rellenos en aceite Agro Pic est\u00e1n elaborados con los mejores chiles picantes 100% de Calabria, recogidos a mano en las tierras pr\u00edstinas de la empresa y procesados \u200b\u200ben 0 km. Nuestros chiles rellenos en aceite no contienen conservantes.<\/p>\n<p>Es una de las conservas m\u00e1s importantes de la cocina calabresa, se utilizan sobre todo para crear deliciosos aperitivos o se pueden disfrutar con pan fresco.<\/p>\n<p><strong>Ingredientes<\/strong>: Chiles picantes, aceite de oliva virgen extra, aceite de semilla de girasol, at\u00fan, alcaparras, or\u00e9gano, ajo, vinagre de vino blanco, jugo de lim\u00f3n. <strong>Formato<\/strong>: 180g<\/p>\n<p>Lea la descripci\u00f3n completa a continuaci\u00f3n.<\/p>\n<p><strong>C\u00f3mpralo ahora y rec\u00edbelo en tu domicilio en 4-5 d\u00edas laborables.<\/strong>&hellip; <a class=\"kt-excerpt-readmore more-link\" href=\"https:\/\/agropic.it\/es\/producto\/pimientos-rellenos-en-aceite-con-atun-y-alcaparras-180g\/\" aria-label=\"Chiles rellenos en aceite &#8211; con at\u00fan y alcaparras 180g\">Leer m\u00e1s<\/a><\/p>\n","protected":false},"featured_media":7176,"comment_status":"closed","ping_status":"closed","template":"","meta":{"kt_blocks_editor_width":"","_kad_blocks_custom_css":"","_kad_blocks_head_custom_js":"","_kad_blocks_body_custom_js":"","_kad_blocks_footer_custom_js":""},"product_brand":[],"product_cat":[268],"product_tag":[],"class_list":{"0":"post-3437","1":"product","2":"type-product","3":"status-publish","4":"has-post-thumbnail","6":"product_cat-conservas-en-aceite-y-agridulces","8":"first","9":"outofstock","10":"shipping-taxable","11":"purchasable","12":"product-type-simple"},"taxonomy_info":{"product_cat":[{"value":268,"label":"Conservas en aceite y agridulces"}]},"featured_image_src_large":["https:\/\/agropic.it\/wp-content\/uploads\/2023\/03\/Peperoncini-ripieni-con-tonno-e-capperi-960x960.webp",960,960,true],"author_info":[],"comment_info":0,"_links":{"self":[{"href":"https:\/\/agropic.it\/es\/wp-json\/wp\/v2\/product\/3437","targetHints":{"allow":["GET"]}}],"collection":[{"href":"https:\/\/agropic.it\/es\/wp-json\/wp\/v2\/product"}],"about":[{"href":"https:\/\/agropic.it\/es\/wp-json\/wp\/v2\/types\/product"}],"replies":[{"embeddable":true,"href":"https:\/\/agropic.it\/es\/wp-json\/wp\/v2\/comments?post=3437"}],"wp:featuredmedia":[{"embeddable":true,"href":"https:\/\/agropic.it\/es\/wp-json\/wp\/v2\/media\/7176"}],"wp:attachment":[{"href":"https:\/\/agropic.it\/es\/wp-json\/wp\/v2\/media?parent=3437"}],"wp:term":[{"taxonomy":"product_brand","embeddable":true,"href":"https:\/\/agropic.it\/es\/wp-json\/wp\/v2\/product_brand?post=3437"},{"taxonomy":"product_cat","embeddable":true,"href":"https:\/\/agropic.it\/es\/wp-json\/wp\/v2\/product_cat?post=3437"},{"taxonomy":"product_tag","embeddable":true,"href":"https:\/\/agropic.it\/es\/wp-json\/wp\/v2\/product_tag?post=3437"}],"curies":[{"name":"wp","href":"https:\/\/api.w.org\/{rel}","templated":true}]}}