{"id":3429,"date":"2018-04-27T16:21:42","date_gmt":"2018-04-27T16:21:42","guid":{"rendered":"https:\/\/agropic.it\/prodotto\/bergood-bebida-espumosa-de-bergamota-250-ml\/"},"modified":"2018-04-27T16:21:42","modified_gmt":"2018-04-27T16:21:42","slug":"bergood-bebida-espumosa-de-bergamota-250-ml","status":"publish","type":"product","link":"https:\/\/agropic.it\/es\/producto\/bergood-bebida-espumosa-de-bergamota-250-ml\/","title":{"rendered":"Bergood &#8211; Bebida espumosa de bergamota 250 ml"},"content":{"rendered":"<p>Bergood- el refresco de bergamota es una bebida de bergamota gaseosa sin alcohol. Bergood es una bebida digestiva que quita la sed. Ingredientes: agua, az\u00facar, jugo de bergamota al 12%, di\u00f3xido de carbono, aromas. Acidificante: \u00e1cido c\u00edtrico. Sin conservantes. Lata de 250 ml. Se considera el fruto de salud. Ayuda a combatir los problemas de colesterol malo LDL, previniendo enfermedades<br \/>\ncardiovasculares y normalizando los niveles de transaminasas, CPK y az\u00facar en sangre. Es rico en sales minerales y vitaminas que pueden prevenir trastornos \u00f3seos y fortalecer el sistema inmunol\u00f3gico y los antioxidantes ralentizan el envejecimiento. Efectivo para problemas digestivos, para combatir el mal aliento y para mejorar el tracto respiratorio.<\/p>\n<p>Trabajo familiar y selecci\u00f3n de las mejores materias primas, cultivadas en la tierra f\u00e9rtil y transformadas respetando la antigua tradici\u00f3n. Esta es la carta de identidad de Agro Pic, empresa especializada en la elaboraci\u00f3n de productos de bergamota, mermeladas, jugos de frutas, salsas y conservas en aceite. El principal objetivo de la empresa es la valoraci\u00f3n de los sabores y frutas de Calabria, en particular las especiales y generalmente menos conocidas, como la bergamota, fruta de m\u00faltiples propiedades beneficiosas, \u00fanicas y \u00e1cidas como todo el territorio de Calabria. Naturaleza, tradici\u00f3n y alta calidad son los ingredientes del \u00e9xito de Agro Pic. Es posible comprar nuestros productos a trav\u00e9s de esta p\u00e1gina web o por correo electr\u00f3nico escribiendo a info@agropic.it o por tel\u00e9fono llamando al +39 349 56 51 669. Una vez realizado el pago, el pedido ser\u00e1 enviado en 2-3 d\u00edas laborables.<\/p>\n","protected":false},"excerpt":{"rendered":"<p>Bergood- el refresco de bergamota es una bebida de bergamota gaseosa sin alcohol. Bergood es una bebida digestiva que quita la sed. Ingredientes: agua, az\u00facar, jugo de bergamota al 12%, di\u00f3xido de carbono, aromas. Acidificante: \u00e1cido c\u00edtrico. Sin conservantes. Lata de 250 ml. Se considera el fruto de salud. Ayuda a combatir los problemas de colesterol malo LDL, previniendo enfermedades<br \/>\ncardiovasculares y normalizando los niveles de transaminasas, CPK y az\u00facar en sangre. Es rico en sales minerales y vitaminas que pueden prevenir trastornos \u00f3seos y fortalecer el sistema inmunol\u00f3gico y los antioxidantes ralentizan el envejecimiento. Efectivo para problemas digestivos, para combatir el mal aliento y para mejorar el tracto respiratorio.&hellip; <a class=\"kt-excerpt-readmore more-link\" href=\"https:\/\/agropic.it\/es\/producto\/bergood-bebida-espumosa-de-bergamota-250-ml\/\" aria-label=\"Bergood &#8211; Bebida espumosa de bergamota 250 ml\">Leer m\u00e1s<\/a><\/p>\n","protected":false},"featured_media":8885,"comment_status":"closed","ping_status":"closed","template":"","meta":{"kt_blocks_editor_width":"","_kad_blocks_custom_css":"","_kad_blocks_head_custom_js":"","_kad_blocks_body_custom_js":"","_kad_blocks_footer_custom_js":""},"product_brand":[],"product_cat":[318],"product_tag":[],"class_list":{"0":"post-3429","1":"product","2":"type-product","3":"status-publish","4":"has-post-thumbnail","6":"product_cat-zumo-de-bergamota","8":"first","9":"instock","10":"sale","11":"shipping-taxable","12":"purchasable","13":"product-type-simple"},"taxonomy_info":{"product_cat":[{"value":318,"label":"Zumo de Bergamota"}]},"featured_image_src_large":["https:\/\/agropic.it\/wp-content\/uploads\/2018\/04\/bergood-200-ml-piccola-risoluzione-sito-960x960.jpg",960,960,true],"author_info":[],"comment_info":0,"_links":{"self":[{"href":"https:\/\/agropic.it\/es\/wp-json\/wp\/v2\/product\/3429","targetHints":{"allow":["GET"]}}],"collection":[{"href":"https:\/\/agropic.it\/es\/wp-json\/wp\/v2\/product"}],"about":[{"href":"https:\/\/agropic.it\/es\/wp-json\/wp\/v2\/types\/product"}],"replies":[{"embeddable":true,"href":"https:\/\/agropic.it\/es\/wp-json\/wp\/v2\/comments?post=3429"}],"wp:featuredmedia":[{"embeddable":true,"href":"https:\/\/agropic.it\/es\/wp-json\/wp\/v2\/media\/8885"}],"wp:attachment":[{"href":"https:\/\/agropic.it\/es\/wp-json\/wp\/v2\/media?parent=3429"}],"wp:term":[{"taxonomy":"product_brand","embeddable":true,"href":"https:\/\/agropic.it\/es\/wp-json\/wp\/v2\/product_brand?post=3429"},{"taxonomy":"product_cat","embeddable":true,"href":"https:\/\/agropic.it\/es\/wp-json\/wp\/v2\/product_cat?post=3429"},{"taxonomy":"product_tag","embeddable":true,"href":"https:\/\/agropic.it\/es\/wp-json\/wp\/v2\/product_tag?post=3429"}],"curies":[{"name":"wp","href":"https:\/\/api.w.org\/{rel}","templated":true}]}}