{"id":3425,"date":"2024-01-28T16:34:51","date_gmt":"2018-04-27T16:34:51","guid":{"rendered":"https:\/\/agropic.it\/prodotto\/miel-de-sila-250-g\/"},"modified":"2024-05-31T09:44:51","modified_gmt":"2024-05-31T09:44:51","slug":"miel-de-sila-250-g","status":"publish","type":"product","link":"https:\/\/agropic.it\/es\/producto\/miel-de-sila-250-g\/","title":{"rendered":"Miel de Sulla 250g"},"content":{"rendered":"<h5>La miel de Sulla Agro Pic es una miel fina y delicada rica en propiedades beneficiosas y curativas. El sabor de la miel de Sila (planta herb\u00e1cea t\u00edpica de Calabria) es delicado, al igual que su aroma, un agradable aroma a hierbas silvestres con una nota c\u00edtrica.<\/h5>\n<p>Tiene un rico contenido en vitaminas A, B y C. Est\u00e1n ausentes colesterol, fibra, lactosa, gluten e histamina.<\/p>\n<p>Se utiliza principalmente como edulcorante natural del caf\u00e9, leche, manzanilla, t\u00e9 e infusiones, ya que tiene la caracter\u00edstica de endulzar a pesar de contener un bajo valor de az\u00facares simples. Tambi\u00e9n es excelente para untar con pan y queso.<\/p>\n<p><strong>Ingredientes<\/strong>: 100% Miel de Sulla<\/p>\n<p><strong>Origen de la miel<\/strong>: Italia (Calabria)<\/p>\n<p><strong>Formato<\/strong>: 250g<\/p>\n<p>Cualquier solidificaci\u00f3n garantiza la autenticidad del producto ya que es un proceso natural, de hecho con el tiempo la consistencia se vuelve m\u00e1s granulada, sin embargo este proceso no altera la calidad del producto y puede ser reversible calentando suavemente el frasco.<\/p>\n<p>Almacenamiento: Almacenar en un lugar fresco y seco, alejado de fuentes de luz y calor.<\/p>\n<p><strong>Valores nutricionales:<\/strong><\/p>\n<ul>\n<li>Energ\u00eda: 332 kcal &#8211; 1391 kj<\/li>\n<li>Carbohidratos: 82,7 g<\/li>\n<li>de los cuales az\u00facares: 82,5 g<\/li>\n<li>Prote\u00edna: 0,3 g<\/li>\n<li>Grasa: 0,1 g<\/li>\n<li>de los cuales saturados: 0,1g<\/li>\n<li>Sal: 9 mg<\/li>\n<\/ul>\n<p><strong>Gesti\u00f3n familiar y selecci\u00f3n de las mejores materias primas, cultivadas en las f\u00e9rtiles tierras del negocio y transformadas respetando la antigua tradici\u00f3n. Esta es la tarjeta de identidad de Agro Pic, empresa especializada en la elaboraci\u00f3n de mermeladas, zumos, salsas y encurtidos.<\/strong><\/p>\n<p><strong>El principal objetivo de la actividad es la valorizaci\u00f3n de los sabores y frutas de Calabria, en particular los especiales y generalmente menos conocidos,<\/strong> como la bergamota, una fruta con m\u00faltiples propiedades beneficiosas, \u00fanica y \u00e1cida como todo el territorio de Calabria.<\/p>\n<p>Naturaleza, tradici\u00f3n y alta calidad son los ingredientes del \u00e9xito de Agro Pic.<\/p>\n<p><strong>Para cualquier informaci\u00f3n sobre nuestros productos no dude en contactarnos:<\/strong><\/p>\n<p>Cel 349 5651669<\/p>\n<p>Tel\u00e9fono 0964 1955229<\/p>\n<p>info@agropic.it<\/p>\n","protected":false},"excerpt":{"rendered":"<p>La Miel de Sulla de Calabria Agro Pic es una miel fina y delicada rica en propiedades beneficiosas y curativas. Sulla es una planta herb\u00e1cea t\u00edpica de Calabria, tan delicada como su aroma, de la que procede este agradable producto con sabor a hierbas silvestres y una nota c\u00edtrica.<\/p>\n<p>Tiene un rico contenido en vitaminas A, B y C. Est\u00e1n ausentes colesterol, fibra, lactosa, gluten e histamina.<\/p>\n<p>La miel de Sulla se utiliza principalmente como edulcorante natural del caf\u00e9, leche, manzanilla, t\u00e9 e infusiones, ya que tiene la caracter\u00edstica de endulzar a pesar de contener un bajo valor de az\u00facares simples. Tambi\u00e9n es excelente para untar con pan y queso.<\/p>\n<p><strong>Ingredientes<\/strong>: 100% Miel de Miel Origen: Italia (Calabria)<\/p>\n<p><strong>Formato<\/strong>: 250g<\/p>\n<p>Lea la descripci\u00f3n completa a continuaci\u00f3n.<\/p>\n<p><strong>C\u00f3mpralo ahora y rec\u00edbelo en tu domicilio en 4-5 d\u00edas.<\/strong>&hellip; <a class=\"kt-excerpt-readmore more-link\" href=\"https:\/\/agropic.it\/es\/producto\/miel-de-sila-250-g\/\" aria-label=\"Miel de Sulla 250g\">Leer m\u00e1s<\/a><\/p>\n","protected":false},"featured_media":7596,"comment_status":"closed","ping_status":"closed","template":"","meta":{"kt_blocks_editor_width":"","_kad_blocks_custom_css":"","_kad_blocks_head_custom_js":"","_kad_blocks_body_custom_js":"","_kad_blocks_footer_custom_js":""},"product_brand":[],"product_cat":[257],"product_tag":[475],"class_list":{"0":"post-3425","1":"product","2":"type-product","3":"status-publish","4":"has-post-thumbnail","6":"product_cat-miel-es","7":"product_tag-miel-de-sulla-es","9":"first","10":"instock","11":"shipping-taxable","12":"purchasable","13":"product-type-simple"},"taxonomy_info":{"product_cat":[{"value":257,"label":"Miel"}],"product_tag":[{"value":475,"label":"miel de sulla"}]},"featured_image_src_large":["https:\/\/agropic.it\/wp-content\/uploads\/2022\/12\/Miele-di-sulla-250-g-1-960x960.jpg",960,960,true],"author_info":[],"comment_info":0,"_links":{"self":[{"href":"https:\/\/agropic.it\/es\/wp-json\/wp\/v2\/product\/3425","targetHints":{"allow":["GET"]}}],"collection":[{"href":"https:\/\/agropic.it\/es\/wp-json\/wp\/v2\/product"}],"about":[{"href":"https:\/\/agropic.it\/es\/wp-json\/wp\/v2\/types\/product"}],"replies":[{"embeddable":true,"href":"https:\/\/agropic.it\/es\/wp-json\/wp\/v2\/comments?post=3425"}],"wp:featuredmedia":[{"embeddable":true,"href":"https:\/\/agropic.it\/es\/wp-json\/wp\/v2\/media\/7596"}],"wp:attachment":[{"href":"https:\/\/agropic.it\/es\/wp-json\/wp\/v2\/media?parent=3425"}],"wp:term":[{"taxonomy":"product_brand","embeddable":true,"href":"https:\/\/agropic.it\/es\/wp-json\/wp\/v2\/product_brand?post=3425"},{"taxonomy":"product_cat","embeddable":true,"href":"https:\/\/agropic.it\/es\/wp-json\/wp\/v2\/product_cat?post=3425"},{"taxonomy":"product_tag","embeddable":true,"href":"https:\/\/agropic.it\/es\/wp-json\/wp\/v2\/product_tag?post=3425"}],"curies":[{"name":"wp","href":"https:\/\/api.w.org\/{rel}","templated":true}]}}