{"id":3418,"date":"2024-01-30T09:32:37","date_gmt":"2024-01-30T09:32:37","guid":{"rendered":"https:\/\/agropic.it\/prodotto\/12-piezas-pure-de-tomate-serbino-340-g\/"},"modified":"2024-05-23T16:46:31","modified_gmt":"2024-05-23T16:46:31","slug":"12-piezas-pure-de-tomate-serbino-340-g","status":"publish","type":"product","link":"https:\/\/agropic.it\/es\/producto\/12-piezas-pure-de-tomate-serbino-340-g\/","title":{"rendered":"12 botellas &#8211; SERBINO pur\u00e9 de tomate cherry 340g"},"content":{"rendered":"<h5>El Serbino pur\u00e9 de tomate cherry est\u00e1 elaborado exclusivamente por Agro Pic con los mejores tomates cherry de Serbo (variedad aut\u00f3ctona de Calabria), cultivados en nuestra finca en campo abierto y bajo el sol. Con mucho cuerpo, sin conservantes y listo en pocos minutos.<\/h5>\n<p>Los tomates se cultivan sin utilizar productos qu\u00edmicos, se cosechan a mano y se procesan seg\u00fan la antigua tradici\u00f3n de Calabria.<\/p>\n<p><strong>Ingredientes<\/strong>: tomate, sal.<\/p>\n<p>Sin preservativos<\/p>\n<p><strong>Formato<\/strong>: 340g<\/p>\n<p><strong>Origen del tomate<\/strong>: ITALIA (Calabria)<\/p>\n<p><strong>Modo de empleo<\/strong>: Una botella de 340g contiene 3-4 porciones, ideal para un espagueti italiano, sobre pizza y para numerosas recetas.<\/p>\n<p><strong>Almacenamiento<\/strong>: Almacenar en un lugar fresco y seco, alejado de la luz solar y fuentes de calor. Una vez abierto conservar en el frigor\u00edfico y consumir en un plazo de 5 d\u00edas.<\/p>\n<p><strong>Estas son las propiedades beneficiosas de los tomates:<\/strong><\/p>\n<ul>\n<li><strong>Previene enfermedades cardiovasculares<\/strong><\/li>\n<li><strong>Rico en vitamina C<\/strong><\/li>\n<li><strong>Previene el c\u00e1ncer de colon y pr\u00f3stata.<\/strong><\/li>\n<li><strong>Previene la osteoporosis<\/strong><\/li>\n<li><strong>Reduce el colesterol LDL malo y aumenta el colesterol HDL bueno<\/strong><\/li>\n<li><strong>Protege tu vista<\/strong><\/li>\n<li><strong>Tiene propiedades diur\u00e9ticas y digestivas.<\/strong><\/li>\n<\/ul>\n<p>El consumo diario de tomate y sus derivados ayuda a reducir el riesgo de formaciones cancerosas del tracto gastrodigestivo y respiratorio, est\u00f3mago y pulmones.<\/p>\n<p><strong>Gesti\u00f3n familiar y selecci\u00f3n de las mejores materias primas<\/strong>, cultivadas en las f\u00e9rtiles tierras del negocio y transformadas respetando la antigua tradici\u00f3n. Esta es la tarjeta de identidad de Agro Pic, empresa especializada en la elaboraci\u00f3n de mermeladas, zumos, salsas y encurtidos.<\/p>\n<p>Naturaleza, tradici\u00f3n y alta calidad son los ingredientes del \u00e9xito de Agro Pic.<\/p>\n<p><strong>Para cualquier informaci\u00f3n sobre nuestros productos no dude en contactarnos:<\/strong><\/p>\n<p>Cel 3495651669<\/p>\n<p>Tel\u00e9fono 0964 1955229<\/p>\n<p>info@agropic.it<\/p>\n","protected":false},"excerpt":{"rendered":"<p>El pur\u00e9 de tomate cherry Serbino est\u00e1 elaborado exclusivamente por Agro Pic con los mejores tomates cherry de Serbo (variedad aut\u00f3ctona de Calabria), cultivados en nuestra finca en campo abierto y bajo el sol. Con mucho cuerpo, sin conservantes y listo en pocos minutos.<\/p>\n<p>Los tomates se cultivan sin utilizar productos qu\u00edmicos, se cosechan a mano y se procesan seg\u00fan la antigua tradici\u00f3n de Calabria.<\/p>\n<p><strong>Ingredientes<\/strong>: tomate, sal. <strong>Formato<\/strong>: 340g<\/p>\n<p>Sin preservativos<\/p>\n<p><strong>Origen del tomate<\/strong>: ITALIA (Calabria)<\/p>\n<p>Lea la descripci\u00f3n completa a continuaci\u00f3n.<\/p>\n<p><strong>C\u00f3mpralo ahora y rec\u00edbelo en tu domicilio en 4-5 d\u00edas laborables.<\/strong>&hellip; <a class=\"kt-excerpt-readmore more-link\" href=\"https:\/\/agropic.it\/es\/producto\/12-piezas-pure-de-tomate-serbino-340-g\/\" aria-label=\"12 botellas &#8211; SERBINO pur\u00e9 de tomate cherry 340g\">Leer m\u00e1s<\/a><\/p>\n","protected":false},"featured_media":7141,"comment_status":"closed","ping_status":"closed","template":"","meta":{"kt_blocks_editor_width":"","_kad_blocks_custom_css":"","_kad_blocks_head_custom_js":"","_kad_blocks_body_custom_js":"","_kad_blocks_footer_custom_js":""},"product_brand":[],"product_cat":[245],"product_tag":[],"class_list":{"0":"post-3418","1":"product","2":"type-product","3":"status-publish","4":"has-post-thumbnail","6":"product_cat-zumo-de-tomate-y-salsas","8":"first","9":"instock","10":"shipping-taxable","11":"purchasable","12":"product-type-simple"},"taxonomy_info":{"product_cat":[{"value":245,"label":"Zumo de tomate y salsas"}]},"featured_image_src_large":["https:\/\/agropic.it\/wp-content\/uploads\/2023\/03\/passata-di-pomodoro-ciliegino-960x960.webp",960,960,true],"author_info":[],"comment_info":0,"_links":{"self":[{"href":"https:\/\/agropic.it\/es\/wp-json\/wp\/v2\/product\/3418","targetHints":{"allow":["GET"]}}],"collection":[{"href":"https:\/\/agropic.it\/es\/wp-json\/wp\/v2\/product"}],"about":[{"href":"https:\/\/agropic.it\/es\/wp-json\/wp\/v2\/types\/product"}],"replies":[{"embeddable":true,"href":"https:\/\/agropic.it\/es\/wp-json\/wp\/v2\/comments?post=3418"}],"wp:featuredmedia":[{"embeddable":true,"href":"https:\/\/agropic.it\/es\/wp-json\/wp\/v2\/media\/7141"}],"wp:attachment":[{"href":"https:\/\/agropic.it\/es\/wp-json\/wp\/v2\/media?parent=3418"}],"wp:term":[{"taxonomy":"product_brand","embeddable":true,"href":"https:\/\/agropic.it\/es\/wp-json\/wp\/v2\/product_brand?post=3418"},{"taxonomy":"product_cat","embeddable":true,"href":"https:\/\/agropic.it\/es\/wp-json\/wp\/v2\/product_cat?post=3418"},{"taxonomy":"product_tag","embeddable":true,"href":"https:\/\/agropic.it\/es\/wp-json\/wp\/v2\/product_tag?post=3418"}],"curies":[{"name":"wp","href":"https:\/\/api.w.org\/{rel}","templated":true}]}}