{"id":3393,"date":"2024-01-30T14:15:18","date_gmt":"2019-02-04T14:15:18","guid":{"rendered":"https:\/\/agropic.it\/prodotto\/mermelada-extra-de-clementina-220-g\/"},"modified":"2024-05-21T07:05:19","modified_gmt":"2024-05-21T07:05:19","slug":"mermelada-extra-de-clementina-220-g","status":"publish","type":"product","link":"https:\/\/agropic.it\/es\/producto\/mermelada-extra-de-clementina-220-g\/","title":{"rendered":"Mermelada de clementina 220g"},"content":{"rendered":"<h5>La mermelada de clementina es ideal para desayunos y ricas meriendas.<\/h5>\n<p><strong>Ingredientes<\/strong>: Clementina 70%, az\u00facar, espesante: pectina natural.<\/p>\n<p>Sin preservativos<\/p>\n<p><strong>Formato<\/strong>: 220g<\/p>\n<p><strong>Origen clementina<\/strong>: Italia (Calabria)<\/p>\n<p><strong>M\u00e9todo de almacenamiento<\/strong>: Conservar en un lugar seco y fresco, alejado de fuentes de luz o calor. Una vez abierto consumir en unos d\u00edas.<\/p>\n<p>Se utiliz\u00f3 lo siguiente: 70 g de fruta por 100 g de producto terminado.<\/p>\n<p>Valores nutricionales por 100 g de producto terminado:<\/p>\n<ul>\n<li>Energ\u00eda: 1175 kcal 276 Kj<\/li>\n<li>Prote\u00edna: 0,7 g<\/li>\n<li>L\u00edpidos 0,3 g<\/li>\n<li>de los cuales saturados 0,07 g<\/li>\n<li>Hidratos de carbono 63 g<\/li>\n<li>de los cuales az\u00facares 62 g<\/li>\n<li>Sodio 0,1 gramos<\/li>\n<\/ul>\n<p><strong>Gesti\u00f3n familiar y selecci\u00f3n de las mejores materias primas<\/strong>, cultivadas en las f\u00e9rtiles tierras del negocio y transformadas respetando la antigua tradici\u00f3n. Esta es la tarjeta de identidad de Agro Pic, empresa especializada en la elaboraci\u00f3n de mermeladas, zumos, salsas y encurtidos.<\/p>\n<p><strong>El principal objetivo de la actividad es realzar los sabores y frutas de Calabria, en particular los especiales y generalmente menos conocidos,<\/strong> como la bergamota, una fruta con m\u00faltiples propiedades beneficiosas, \u00fanica y \u00e1cida como todo el territorio de Calabria.<\/p>\n<p>Naturaleza, tradici\u00f3n y alta calidad son los ingredientes del \u00e9xito de Agro Pic.<\/p>\n<p><strong>Para cualquier informaci\u00f3n sobre nuestros productos no dude en contactarnos:<\/strong><\/p>\n<p>Cel 349 5651669<\/p>\n<p>Tel\u00e9fono 0964 1955229<\/p>\n<p>info@agropic.it<\/p>\n","protected":false},"excerpt":{"rendered":"<p>La mermelada de clementina es ideal para desayunos y ricas meriendas.<\/p>\n<p><strong>Ingredientes<\/strong>: Clementina 70%, az\u00facar, espesante: pectina natural.<\/p>\n<p>Sin preservativos<\/p>\n<p><strong>Formato<\/strong>: 220g Clementina <strong>Origen<\/strong>: Italia (Calabria)<\/p>\n<p>\u00a1Lea la descripci\u00f3n completa para obtener m\u00e1s informaci\u00f3n!<\/p>\n<p><strong>C\u00f3mpralo ahora y rec\u00edbelo en tu domicilio en 4-5 d\u00edas laborables.<\/strong>&hellip; <a class=\"kt-excerpt-readmore more-link\" href=\"https:\/\/agropic.it\/es\/producto\/mermelada-extra-de-clementina-220-g\/\" aria-label=\"Mermelada de clementina 220g\">Leer m\u00e1s<\/a><\/p>\n","protected":false},"featured_media":7046,"comment_status":"closed","ping_status":"closed","template":"","meta":{"kt_blocks_editor_width":"","_kad_blocks_custom_css":"","_kad_blocks_head_custom_js":"","_kad_blocks_body_custom_js":"","_kad_blocks_footer_custom_js":""},"product_brand":[],"product_cat":[265],"product_tag":[],"class_list":{"0":"post-3393","1":"product","2":"type-product","3":"status-publish","4":"has-post-thumbnail","6":"product_cat-mermeladas-y-confituras","8":"first","9":"instock","10":"shipping-taxable","11":"purchasable","12":"product-type-simple"},"taxonomy_info":{"product_cat":[{"value":265,"label":"Mermeladas y Confituras"}]},"featured_image_src_large":["https:\/\/agropic.it\/wp-content\/uploads\/2023\/03\/Marmellata-di-Clementine-960x960.webp",960,960,true],"author_info":[],"comment_info":0,"_links":{"self":[{"href":"https:\/\/agropic.it\/es\/wp-json\/wp\/v2\/product\/3393","targetHints":{"allow":["GET"]}}],"collection":[{"href":"https:\/\/agropic.it\/es\/wp-json\/wp\/v2\/product"}],"about":[{"href":"https:\/\/agropic.it\/es\/wp-json\/wp\/v2\/types\/product"}],"replies":[{"embeddable":true,"href":"https:\/\/agropic.it\/es\/wp-json\/wp\/v2\/comments?post=3393"}],"wp:featuredmedia":[{"embeddable":true,"href":"https:\/\/agropic.it\/es\/wp-json\/wp\/v2\/media\/7046"}],"wp:attachment":[{"href":"https:\/\/agropic.it\/es\/wp-json\/wp\/v2\/media?parent=3393"}],"wp:term":[{"taxonomy":"product_brand","embeddable":true,"href":"https:\/\/agropic.it\/es\/wp-json\/wp\/v2\/product_brand?post=3393"},{"taxonomy":"product_cat","embeddable":true,"href":"https:\/\/agropic.it\/es\/wp-json\/wp\/v2\/product_cat?post=3393"},{"taxonomy":"product_tag","embeddable":true,"href":"https:\/\/agropic.it\/es\/wp-json\/wp\/v2\/product_tag?post=3393"}],"curies":[{"name":"wp","href":"https:\/\/api.w.org\/{rel}","templated":true}]}}