{"id":3368,"date":"2019-02-04T15:07:58","date_gmt":"2019-02-04T15:07:58","guid":{"rendered":"https:\/\/agropic.it\/prodotto\/chile-picante-en-polvo-80-g\/"},"modified":"2019-02-04T15:07:58","modified_gmt":"2019-02-04T15:07:58","slug":"chile-picante-en-polvo-80-g","status":"publish","type":"product","link":"https:\/\/agropic.it\/es\/producto\/chile-picante-en-polvo-80-g\/","title":{"rendered":"Chile picante en polvo 80 g"},"content":{"rendered":"<p>Polvo de chile de Calabria. Tarro de 70 g. Origen del chile: ITALIA (Calabria).<br \/>\nIngredientes: 100% chile en polvo. El chile tiene un amplio poder antioxidante debido a los flavonoides que contiene, es rico en vitamina C y minerales, su uso ayuda a prevenir enfermedades cardiovasculares, ayuda al metabolismo y a la p\u00e9rdida de peso, pero tambi\u00e9n es \u00fatil para luchar contra el dolor de garganta.<\/p>\n<p>Trabajo familiar y selecci\u00f3n de las mejores materias primas, cultivadas en la tierra f\u00e9rtil y transformadas respetando la antigua tradici\u00f3n. Esta es la carta de identidad de Agro Pic, empresa especializada en la elaboraci\u00f3n de productos de bergamota, mermeladas, jugos de frutas, salsas y conservas en aceite. El principal objetivo de la empresa es la valoraci\u00f3n de los sabores y frutas de Calabria, en particular las especiales y generalmente menos conocidas, como la bergamota, fruta de m\u00faltiples propiedades beneficiosas, \u00fanicas y \u00e1cidas como todo el territorio de Calabria. Naturaleza, tradici\u00f3n y alta calidad son los ingredientes del \u00e9xito de Agro Pic. Es posible comprar nuestros productos a trav\u00e9s de esta p\u00e1gina web o por correo electr\u00f3nico escribiendo a info@agropic.it o por tel\u00e9fono llamando al +39 349 56 51 669. Una vez realizado el pago, el pedido ser\u00e1 enviado en 2-3 d\u00edas laborables.<\/p>\n","protected":false},"excerpt":{"rendered":"<p>Polvo de chile de Calabria. Tarro de 70 g. Origen del chile: ITALIA (Calabria).<br \/>\nIngredientes: 100% chile en polvo. El chile tiene un amplio poder antioxidante debido a los flavonoides que contiene, es rico en vitamina C y minerales, su uso ayuda a prevenir enfermedades cardiovasculares, ayuda al metabolismo y a la p\u00e9rdida de peso, pero tambi\u00e9n es \u00fatil para luchar contra el dolor de garganta.&hellip; <a class=\"kt-excerpt-readmore more-link\" href=\"https:\/\/agropic.it\/es\/producto\/chile-picante-en-polvo-80-g\/\" aria-label=\"Chile picante en polvo 80 g\">Leer m\u00e1s<\/a><\/p>\n","protected":false},"featured_media":7191,"comment_status":"closed","ping_status":"closed","template":"","meta":{"kt_blocks_editor_width":"","_kad_blocks_custom_css":"","_kad_blocks_head_custom_js":"","_kad_blocks_body_custom_js":"","_kad_blocks_footer_custom_js":""},"product_brand":[],"product_cat":[261],"product_tag":[],"class_list":{"0":"post-3368","1":"product","2":"type-product","3":"status-publish","4":"has-post-thumbnail","6":"product_cat-especias-de-calabria","8":"first","9":"instock","10":"shipping-taxable","11":"purchasable","12":"product-type-simple"},"taxonomy_info":{"product_cat":[{"value":261,"label":"Especias de Calabria"}]},"featured_image_src_large":["https:\/\/agropic.it\/wp-content\/uploads\/2023\/03\/Peperoncino-in-polvere-960x960.webp",960,960,true],"author_info":[],"comment_info":0,"_links":{"self":[{"href":"https:\/\/agropic.it\/es\/wp-json\/wp\/v2\/product\/3368","targetHints":{"allow":["GET"]}}],"collection":[{"href":"https:\/\/agropic.it\/es\/wp-json\/wp\/v2\/product"}],"about":[{"href":"https:\/\/agropic.it\/es\/wp-json\/wp\/v2\/types\/product"}],"replies":[{"embeddable":true,"href":"https:\/\/agropic.it\/es\/wp-json\/wp\/v2\/comments?post=3368"}],"wp:featuredmedia":[{"embeddable":true,"href":"https:\/\/agropic.it\/es\/wp-json\/wp\/v2\/media\/7191"}],"wp:attachment":[{"href":"https:\/\/agropic.it\/es\/wp-json\/wp\/v2\/media?parent=3368"}],"wp:term":[{"taxonomy":"product_brand","embeddable":true,"href":"https:\/\/agropic.it\/es\/wp-json\/wp\/v2\/product_brand?post=3368"},{"taxonomy":"product_cat","embeddable":true,"href":"https:\/\/agropic.it\/es\/wp-json\/wp\/v2\/product_cat?post=3368"},{"taxonomy":"product_tag","embeddable":true,"href":"https:\/\/agropic.it\/es\/wp-json\/wp\/v2\/product_tag?post=3368"}],"curies":[{"name":"wp","href":"https:\/\/api.w.org\/{rel}","templated":true}]}}