{"id":3345,"date":"2024-01-29T07:52:58","date_gmt":"2024-01-29T07:52:58","guid":{"rendered":"https:\/\/agropic.it\/prodotto\/mermelada-de-limon-extra-220-g\/"},"modified":"2024-05-31T07:49:40","modified_gmt":"2024-05-31T07:49:40","slug":"mermelada-de-limon-extra-220-g","status":"publish","type":"product","link":"https:\/\/agropic.it\/es\/producto\/mermelada-de-limon-extra-220-g\/","title":{"rendered":"Mermelada de Lim\u00f3n 220g"},"content":{"rendered":"<h5>La mermelada de lim\u00f3n Agro Pic se elabora 100% con limones de Calabria sin tratar y recolectados directamente de las tierras de la empresa.<\/h5>\n<p><strong>Ingredientes<\/strong>: Lim\u00f3n 70%, az\u00facar.<\/p>\n<p>Sin conservantes, sin colorantes, sin espesantes.<\/p>\n<p>Se utilizaron 70 g de limones por 100 g de producto terminado.<\/p>\n<p><strong>Formato<\/strong>: 220g<\/p>\n<p><strong>M\u00e9todo de almacenamiento:<\/strong> Almacenar en un lugar fresco y seco, alejado de la luz solar y de fuentes de calor. Una vez abierto guardar en el frigor\u00edfico y consumir en unos d\u00edas.<\/p>\n<p><strong>Valores nutricionales por 100g de producto:<\/strong><\/p>\n<ul>\n<li>Valor energ\u00e9tico 243 Kcal 1045 Kj<\/li>\n<li>Prote\u00edna: 0,9<\/li>\n<li>L\u00edpidos: 0<\/li>\n<li>de los cuales grasa: 0<\/li>\n<li>Carbohidratos: 59<\/li>\n<li>de los cuales az\u00facares 58<\/li>\n<li>Sal 0,24<\/li>\n<\/ul>\n<p>El lim\u00f3n es un c\u00edtrico de color amarillo intenso y sabor \u00e1cido y gracias a sus propiedades beneficiosas se utiliza terap\u00e9uticamente.<\/p>\n<p>Los beneficios del lim\u00f3n se deben principalmente al \u00e1cido c\u00edtrico y la vitamina C que contiene.<\/p>\n<p><strong>A continuaci\u00f3n se detallan las propiedades beneficiosas del lim\u00f3n:<\/strong><\/p>\n<ol>\n<li><strong>fortalece el sistema inmunol\u00f3gico<\/strong><\/li>\n<li><strong>combate el colesterol malo LDL<\/strong><\/li>\n<li><strong>ayuda a mejorar los problemas de artrosis<\/strong><\/li>\n<li><strong>disminuye los niveles de \u00e1cido \u00farico<\/strong><\/li>\n<li><strong>contrarresta la formaci\u00f3n de c\u00e1lculos renales<\/strong><\/li>\n<li><strong>Favorece la digesti\u00f3n y purifica el organismo.<\/strong><\/li>\n<li><strong>propiedades antibacterianas y antimicrobianas<\/strong><\/li>\n<li><strong>desinfecta y trata la piel y combate los granos.<\/strong><\/li>\n<li><strong>contrarresta el aumento de peso.<\/strong><\/li>\n<\/ol>\n<p><strong>Gesti\u00f3n familiar y selecci\u00f3n de las mejores materias primas<\/strong>, cultivadas en las f\u00e9rtiles tierras del negocio y transformadas respetando la antigua tradici\u00f3n. Esta es la tarjeta de identidad de Agro Pic, empresa especializada en la elaboraci\u00f3n de mermeladas, zumos, salsas y encurtidos.<\/p>\n<p><strong>El principal objetivo de la actividad es realzar los sabores y frutas de Calabria, en particular los especiales y generalmente menos conocidos<\/strong>, como la bergamota, una fruta con m\u00faltiples propiedades beneficiosas, \u00fanica y \u00e1cida como todo el territorio de Calabria.<\/p>\n<p>Naturaleza, tradici\u00f3n y alta calidad son los ingredientes del \u00e9xito de Agro Pic.<\/p>\n<p><strong>Para cualquier informaci\u00f3n sobre nuestros productos no dude en contactarnos:<\/strong><\/p>\n<p>Cel 349 5651669<\/p>\n<p>Tel\u00e9fono 0964 1955229<\/p>\n<p>info@agropic.it<\/p>\n","protected":false},"excerpt":{"rendered":"<p>La mermelada de lim\u00f3n Agro Pic se elabora 100% con limones de Calabria sin tratar y recolectados directamente de las tierras de la empresa.<\/p>\n<p><strong>Ingredientes<\/strong>: Lim\u00f3n 70%, az\u00facar.<\/p>\n<p>Sin conservantes, sin colorantes, sin espesantes.<\/p>\n<p>Se utilizaron 70 g de limones por 100 g de producto terminado.<\/p>\n<p><strong>Formato<\/strong>: 220g<\/p>\n<p>Lea la descripci\u00f3n completa para m\u00e1s informaci\u00f3n.<\/p>\n<p><strong>\u00a1C\u00f3mpralo ahora y rec\u00edbelo en 4-5 d\u00edas en tu casa!<\/strong>&hellip; <a class=\"kt-excerpt-readmore more-link\" href=\"https:\/\/agropic.it\/es\/producto\/mermelada-de-limon-extra-220-g\/\" aria-label=\"Mermelada de Lim\u00f3n 220g\">Leer m\u00e1s<\/a><\/p>\n","protected":false},"featured_media":7051,"comment_status":"closed","ping_status":"closed","template":"","meta":{"kt_blocks_editor_width":"","_kad_blocks_custom_css":"","_kad_blocks_head_custom_js":"","_kad_blocks_body_custom_js":"","_kad_blocks_footer_custom_js":""},"product_brand":[],"product_cat":[265],"product_tag":[],"class_list":{"0":"post-3345","1":"product","2":"type-product","3":"status-publish","4":"has-post-thumbnail","6":"product_cat-mermeladas-y-confituras","8":"first","9":"instock","10":"shipping-taxable","11":"purchasable","12":"product-type-simple"},"taxonomy_info":{"product_cat":[{"value":265,"label":"Mermeladas y Confituras"}]},"featured_image_src_large":["https:\/\/agropic.it\/wp-content\/uploads\/2023\/03\/Marmellata-di-limoni-960x960.webp",960,960,true],"author_info":[],"comment_info":0,"_links":{"self":[{"href":"https:\/\/agropic.it\/es\/wp-json\/wp\/v2\/product\/3345","targetHints":{"allow":["GET"]}}],"collection":[{"href":"https:\/\/agropic.it\/es\/wp-json\/wp\/v2\/product"}],"about":[{"href":"https:\/\/agropic.it\/es\/wp-json\/wp\/v2\/types\/product"}],"replies":[{"embeddable":true,"href":"https:\/\/agropic.it\/es\/wp-json\/wp\/v2\/comments?post=3345"}],"wp:featuredmedia":[{"embeddable":true,"href":"https:\/\/agropic.it\/es\/wp-json\/wp\/v2\/media\/7051"}],"wp:attachment":[{"href":"https:\/\/agropic.it\/es\/wp-json\/wp\/v2\/media?parent=3345"}],"wp:term":[{"taxonomy":"product_brand","embeddable":true,"href":"https:\/\/agropic.it\/es\/wp-json\/wp\/v2\/product_brand?post=3345"},{"taxonomy":"product_cat","embeddable":true,"href":"https:\/\/agropic.it\/es\/wp-json\/wp\/v2\/product_cat?post=3345"},{"taxonomy":"product_tag","embeddable":true,"href":"https:\/\/agropic.it\/es\/wp-json\/wp\/v2\/product_tag?post=3345"}],"curies":[{"name":"wp","href":"https:\/\/api.w.org\/{rel}","templated":true}]}}