{"id":3306,"date":"2024-01-27T14:39:57","date_gmt":"2019-09-17T14:39:57","guid":{"rendered":"https:\/\/agropic.it\/prodotto\/crema-de-chile-200-g\/"},"modified":"2021-06-22T15:20:37","modified_gmt":"2021-06-22T15:20:37","slug":"crema-de-chile-200-g","status":"publish","type":"product","link":"https:\/\/agropic.it\/es\/producto\/crema-de-chile-200-g\/","title":{"rendered":"Crema de chile 200 g"},"content":{"rendered":"<p>El piment\u00f3n es una especia que se usa no solo para agregar picante a los platos, sino que ofrece una variedad de efectos beneficiosos para la salud humana. De hecho el chile: es rico en vitaminas A, C y E, tiene propiedades antibacterianas, antihistam\u00ednicas y antioxidantes, tiene un efecto afrodis\u00edaco reconocido y tiene efectos analg\u00e9sicos en m\u00fasculos y huesos, activa el metabolismo y ayuda a controlar el peso corporal. Disminuye el nivel de colesterol, de glucosa y de triglic\u00e9ridos. Tiene efecto anticancer\u00edgeno.<\/p>\n<p>Trabajo familiar y selecci\u00f3n de las mejores materias primas, cultivadas en la tierra f\u00e9rtil y transformadas respetando la antigua tradici\u00f3n. Esta es la carta de identidad de Agro Pic, empresa especializada en la elaboraci\u00f3n de productos de bergamota, mermeladas, jugos de frutas, salsas y conservas en aceite. El principal objetivo de la empresa es la valoraci\u00f3n de los sabores y frutas de Calabria, en particular las especiales y generalmente menos conocidas, como la bergamota, fruta de m\u00faltiples propiedades beneficiosas, \u00fanicas y \u00e1cidas como todo el territorio de Calabria. Naturaleza, tradici\u00f3n y alta calidad son los ingredientes del \u00e9xito de Agro Pic. Es posible comprar nuestros productos a trav\u00e9s de esta p\u00e1gina web o por correo electr\u00f3nico escribiendo a info@agropic.it o por tel\u00e9fono llamando al +39 349 56 51 669. Una vez realizado el pago, el pedido ser\u00e1 enviado en 2-3 d\u00edas laborables.<\/p>\n","protected":false},"excerpt":{"rendered":"<p>El piment\u00f3n es una especia que se usa no solo para agregar picante a los platos, sino que ofrece una variedad de efectos beneficiosos para la salud humana. De hecho el chile: es rico en vitaminas A, C y E, tiene propiedades antibacterianas, antihistam\u00ednicas y antioxidantes, tiene un efecto afrodis\u00edaco reconocido y tiene efectos analg\u00e9sicos en m\u00fasculos y huesos, activa el metabolismo y ayuda a controlar el peso corporal. Disminuye el nivel de colesterol, de glucosa y de triglic\u00e9ridos. Tiene efecto anticancer\u00edgeno.&hellip; <a class=\"kt-excerpt-readmore more-link\" href=\"https:\/\/agropic.it\/es\/producto\/crema-de-chile-200-g\/\" aria-label=\"Crema de chile 200 g\">Leer m\u00e1s<\/a><\/p>\n","protected":false},"featured_media":7011,"comment_status":"closed","ping_status":"closed","template":"","meta":{"kt_blocks_editor_width":"","_kad_blocks_custom_css":"","_kad_blocks_head_custom_js":"","_kad_blocks_body_custom_js":"","_kad_blocks_footer_custom_js":""},"product_brand":[],"product_cat":[249,324],"product_tag":[],"class_list":{"0":"post-3306","1":"product","2":"type-product","3":"status-publish","4":"has-post-thumbnail","6":"product_cat-pate-y-cremas-untables","7":"product_cat-productos-de-chile","9":"first","10":"instock","11":"shipping-taxable","12":"purchasable","13":"product-type-simple"},"taxonomy_info":{"product_cat":[{"value":249,"label":"Pat\u00e9 y cremas untables"},{"value":324,"label":"Productos de chile"}]},"featured_image_src_large":["https:\/\/agropic.it\/wp-content\/uploads\/2023\/03\/Crema-di-peperoncino-960x960.webp",960,960,true],"author_info":[],"comment_info":0,"_links":{"self":[{"href":"https:\/\/agropic.it\/es\/wp-json\/wp\/v2\/product\/3306","targetHints":{"allow":["GET"]}}],"collection":[{"href":"https:\/\/agropic.it\/es\/wp-json\/wp\/v2\/product"}],"about":[{"href":"https:\/\/agropic.it\/es\/wp-json\/wp\/v2\/types\/product"}],"replies":[{"embeddable":true,"href":"https:\/\/agropic.it\/es\/wp-json\/wp\/v2\/comments?post=3306"}],"wp:featuredmedia":[{"embeddable":true,"href":"https:\/\/agropic.it\/es\/wp-json\/wp\/v2\/media\/7011"}],"wp:attachment":[{"href":"https:\/\/agropic.it\/es\/wp-json\/wp\/v2\/media?parent=3306"}],"wp:term":[{"taxonomy":"product_brand","embeddable":true,"href":"https:\/\/agropic.it\/es\/wp-json\/wp\/v2\/product_brand?post=3306"},{"taxonomy":"product_cat","embeddable":true,"href":"https:\/\/agropic.it\/es\/wp-json\/wp\/v2\/product_cat?post=3306"},{"taxonomy":"product_tag","embeddable":true,"href":"https:\/\/agropic.it\/es\/wp-json\/wp\/v2\/product_tag?post=3306"}],"curies":[{"name":"wp","href":"https:\/\/api.w.org\/{rel}","templated":true}]}}