{"id":3281,"date":"2024-01-26T11:40:19","date_gmt":"2024-01-26T11:40:19","guid":{"rendered":"https:\/\/agropic.it\/prodotto\/zumo-de-bergamota-100-puro-200-ml-12-piezas\/"},"modified":"2023-04-12T13:28:29","modified_gmt":"2023-04-12T13:28:29","slug":"zumo-de-bergamota-100-puro-200-ml-24-piezas-2","status":"publish","type":"product","link":"https:\/\/agropic.it\/es\/producto\/zumo-de-bergamota-100-puro-200-ml-24-piezas-2\/","title":{"rendered":"Zumo de Bergamota 100% puro (200 ml) &#8211; 24 piezas"},"content":{"rendered":"<p>Pack de 24 botellas de 200 ml de Zumo de Bergamota 100% Puro. Sin az\u00facares a\u00f1adidos y sin conservantes. Ingredientes: zumo de bergamota 100% natural. FORMATO DE 200 ml. Es considerado el fruto de la salud debido a que algunos estudios cient\u00edficos llevados a cabo recientemente atribu\u00edan numerosos efectos beneficiosos. Ayuda a combatir los problemas de colesterol malo LDL, previniendo as\u00ed las enfermedades cardiovasculares y normalizando los niveles de transaminasas, CPK y az\u00facar en sangre. Es rico en minerales y vitaminas capaces de prevenir trastornos \u00f3seos y fortalecer el sistema inmunol\u00f3gico y antioxidantes que retardan el envejecimiento. Tambi\u00e9n eficaz para problemas digestivos, para combatir el mal aliento y para mejorar las v\u00edas respiratorias gracias a sus propiedades antibacterianas. El uso del zumo de bergamota no debe sustituir la terapia farmacol\u00f3gica.<\/p>\n<p>Trabajo familiar y selecci\u00f3n de las mejores materias primas, cultivadas en la tierra f\u00e9rtil y transformadas respetando la antigua tradici\u00f3n. Esta es la carta de identidad de Agro Pic, empresa especializada en la elaboraci\u00f3n de productos de bergamota, mermeladas, jugos de frutas, salsas y conservas en aceite. El principal objetivo de la empresa es la valoraci\u00f3n de los sabores y frutas de Calabria, en particular las especiales y generalmente menos conocidas, como la bergamota, fruta de m\u00faltiples propiedades beneficiosas, \u00fanicas y \u00e1cidas como todo el territorio de Calabria. Naturaleza, tradici\u00f3n y alta calidad son los ingredientes del \u00e9xito de Agro Pic. Es posible comprar nuestros productos a trav\u00e9s de esta p\u00e1gina web o por correo electr\u00f3nico escribiendo a info@agropic.it o por tel\u00e9fono llamando al +39 349 56 51 669. Una vez realizado el pago, el pedido ser\u00e1 enviado en 2-3 d\u00edas laborables.<\/p>\n","protected":false},"excerpt":{"rendered":"<p>Pack de 24 botellas de 200 ml de Zumo de Bergamota 100% Puro. Sin az\u00facares a\u00f1adidos y sin conservantes. Ingredientes: zumo de bergamota 100% natural. FORMATO DE 200 ml. Es considerado el fruto de la salud debido a que algunos estudios cient\u00edficos llevados a cabo recientemente atribu\u00edan numerosos efectos beneficiosos. Ayuda a combatir los problemas de colesterol malo LDL, previniendo as\u00ed las enfermedades cardiovasculares y normalizando los niveles de transaminasas, CPK y az\u00facar en sangre. Es rico en minerales y vitaminas capaces de prevenir trastornos \u00f3seos y fortalecer el sistema inmunol\u00f3gico y antioxidantes que retardan el envejecimiento. Tambi\u00e9n eficaz para problemas digestivos, para combatir el mal aliento y para mejorar las v\u00edas respiratorias gracias a sus propiedades antibacterianas. El uso del zumo de bergamota no debe sustituir la terapia farmacol\u00f3gica.&hellip; <a class=\"kt-excerpt-readmore more-link\" href=\"https:\/\/agropic.it\/es\/producto\/zumo-de-bergamota-100-puro-200-ml-24-piezas-2\/\" aria-label=\"Zumo de Bergamota 100% puro (200 ml) &#8211; 24 piezas\">Leer m\u00e1s<\/a><\/p>\n","protected":false},"featured_media":12855,"comment_status":"closed","ping_status":"closed","template":"","meta":{"kt_blocks_editor_width":"","_kad_blocks_custom_css":"","_kad_blocks_head_custom_js":"","_kad_blocks_body_custom_js":"","_kad_blocks_footer_custom_js":""},"product_brand":[],"product_cat":[318],"product_tag":[419,1171,768,526],"class_list":{"0":"post-3281","1":"product","2":"type-product","3":"status-publish","4":"has-post-thumbnail","6":"product_cat-zumo-de-bergamota","7":"product_tag-bergamota","8":"product_tag-bergamota-de-calabria-2","9":"product_tag-bergamota-de-calabria","10":"product_tag-jugo-de-bergamota","12":"first","13":"instock","14":"sale","15":"shipping-taxable","16":"purchasable","17":"product-type-simple"},"taxonomy_info":{"product_cat":[{"value":318,"label":"Zumo de Bergamota"}],"product_tag":[{"value":419,"label":"bergamota"},{"value":1171,"label":"bergamota de Calabria"},{"value":768,"label":"Bergamota de Calabria"},{"value":526,"label":"jugo de bergamota"}]},"featured_image_src_large":["https:\/\/agropic.it\/wp-content\/uploads\/2024\/01\/B0F5BW34ZW.MAIN_-960x960.jpg",960,960,true],"author_info":[],"comment_info":0,"_links":{"self":[{"href":"https:\/\/agropic.it\/es\/wp-json\/wp\/v2\/product\/3281","targetHints":{"allow":["GET"]}}],"collection":[{"href":"https:\/\/agropic.it\/es\/wp-json\/wp\/v2\/product"}],"about":[{"href":"https:\/\/agropic.it\/es\/wp-json\/wp\/v2\/types\/product"}],"replies":[{"embeddable":true,"href":"https:\/\/agropic.it\/es\/wp-json\/wp\/v2\/comments?post=3281"}],"wp:featuredmedia":[{"embeddable":true,"href":"https:\/\/agropic.it\/es\/wp-json\/wp\/v2\/media\/12855"}],"wp:attachment":[{"href":"https:\/\/agropic.it\/es\/wp-json\/wp\/v2\/media?parent=3281"}],"wp:term":[{"taxonomy":"product_brand","embeddable":true,"href":"https:\/\/agropic.it\/es\/wp-json\/wp\/v2\/product_brand?post=3281"},{"taxonomy":"product_cat","embeddable":true,"href":"https:\/\/agropic.it\/es\/wp-json\/wp\/v2\/product_cat?post=3281"},{"taxonomy":"product_tag","embeddable":true,"href":"https:\/\/agropic.it\/es\/wp-json\/wp\/v2\/product_tag?post=3281"}],"curies":[{"name":"wp","href":"https:\/\/api.w.org\/{rel}","templated":true}]}}