{"id":3188,"date":"2024-01-30T09:42:17","date_gmt":"2024-01-30T09:42:17","guid":{"rendered":"https:\/\/agropic.it\/prodotto\/zumo-de-granada-100-200-ml-24-piezas\/"},"modified":"2024-05-22T09:19:18","modified_gmt":"2024-05-22T09:19:18","slug":"zumo-de-granada-100-200-ml-24-piezas","status":"publish","type":"product","link":"https:\/\/agropic.it\/es\/producto\/zumo-de-granada-100-200-ml-24-piezas\/","title":{"rendered":"Zumo de Granada 100% Ecol\u00f3gico 200ml &#8211; (24 botellas)"},"content":{"rendered":"<h5>ZUMO DE GRANADA ORG\u00c1NICO &#8211; PAQUETE DE 24 BOTELLAS DE 200ml<\/h5>\n<p>El jugo de granada es un poderoso antioxidante natural rico en vitaminas y sales minerales, aumenta las defensas inmunes y se consume principalmente por sus acciones antiinflamatorias, antidegenerativas y desintoxicantes. Tambi\u00e9n es una ayuda v\u00e1lida para reducir los niveles de colesterol en sangre.<\/p>\n<p><strong>Ingredientes<\/strong>: Zumo de Granada 100% Ecol\u00f3gico<\/p>\n<p>Sin az\u00facares a\u00f1adidos y sin conservantes<\/p>\n<p>El producto es ORG\u00c1NICO &#8211; Operador controlado n. 43515<br \/>\nControlado y certificado por Suolo e Salute Srl.<\/p>\n<p><strong>Origen de la granada<\/strong>: Italia<\/p>\n<p><strong>Formato<\/strong>: 200ml<\/p>\n<p><strong>M\u00e9todo de almacenamiento<\/strong>: Conservar en un lugar fresco y seco, alejado de fuentes de luz o calor. Una vez abierto conservar el producto en el frigor\u00edfico y consumirlo a los pocos d\u00edas.<\/p>\n<p>Los posibles sedimentos o separaciones se deben a la naturalidad del producto.<\/p>\n<p>El producto puede consumirse de forma natural o diluido en agua.<\/p>\n<p><strong>Valores nutricionales por 100g de producto:<\/strong><\/p>\n<p>Energ\u00eda: 213 kj \/ 51 kcal<\/p>\n<p>Prote\u00edna 0,2g<\/p>\n<p>Carbohidratos 13g<\/p>\n<p>de los cuales az\u00facares 12,7 g<\/p>\n<p>Grasa 0,2 g<\/p>\n<p>de los cuales saturados 0,2 g<\/p>\n<p>Sal 2,25 mg<\/p>\n<p>Desde la antig\u00fcedad, la granada ha sido reconocida por sus numerosas cualidades nutricionales.<\/p>\n<p><strong>Efectos beneficiosos del jugo de granada:<\/strong><\/p>\n<ul>\n<li><strong>poderoso antioxidante natural<\/strong><\/li>\n<li><strong>Propiedades anti-inflamatorias<\/strong><\/li>\n<li><strong>propiedades antidegenerativas<\/strong><\/li>\n<li><strong>purifica el cuerpo<\/strong><\/li>\n<li><strong>reduce los niveles de colesterol en la sangre<\/strong><\/li>\n<li><strong>rico en vitaminas y sales minerales<\/strong><\/li>\n<\/ul>\n<p>Haga clic a continuaci\u00f3n para descubrir todos los tipos de compras:\u00a0https:\/\/agropic.it\/categoria-prodotti\/prodotti-al-melograno\/<\/p>\n<p><strong>Gesti\u00f3n familiar y selecci\u00f3n de las mejores materias primas<\/strong>, cultivadas en las f\u00e9rtiles tierras del negocio y transformadas respetando la antigua tradici\u00f3n. Esta es la tarjeta de identidad de Agro Pic, empresa especializada en la elaboraci\u00f3n de mermeladas, zumos, salsas y encurtidos.<\/p>\n<p>Naturaleza, tradici\u00f3n y alta calidad son los ingredientes del \u00e9xito de Agro Pic.<\/p>\n<p><strong>Para cualquier informaci\u00f3n sobre nuestros productos no dude en contactarnos:<\/strong><\/p>\n<p>Cel 349 5651669<\/p>\n<p>Tel\u00e9fono 0964 1955229<\/p>\n<p>info@agropic.it<\/p>\n","protected":false},"excerpt":{"rendered":"<p><strong>PAQUETE DE 24 BOTELLAS DE 200ml<\/strong><\/p>\n<p>El jugo de granada es un poderoso antioxidante natural rico en vitaminas y sales minerales, aumenta las defensas inmunes y se consume principalmente por sus acciones antiinflamatorias, antidegenerativas y desintoxicantes. Tambi\u00e9n es una ayuda v\u00e1lida para reducir los niveles de colesterol en sangre.<\/p>\n<p><strong>Ingredientes<\/strong>: Zumo de Granada 100% Ecol\u00f3gico<\/p>\n<p>Sin az\u00facares a\u00f1adidos y sin conservantes<\/p>\n<p><strong>Origen de la granada<\/strong>: Italia<\/p>\n<p><strong>Formato<\/strong>: 200ml<\/p>\n<p>Lea la descripci\u00f3n completa a continuaci\u00f3n<\/p>\n<p><strong>\u00a1C\u00f3mpralo ahora y rec\u00edbelo en tu casa en 4-5 d\u00edas!<\/strong>&hellip; <a class=\"kt-excerpt-readmore more-link\" href=\"https:\/\/agropic.it\/es\/producto\/zumo-de-granada-100-200-ml-24-piezas\/\" aria-label=\"Zumo de Granada 100% Ecol\u00f3gico 200ml &#8211; (24 botellas)\">Leer m\u00e1s<\/a><\/p>\n","protected":false},"featured_media":12824,"comment_status":"closed","ping_status":"closed","template":"","meta":{"kt_blocks_editor_width":"","_kad_blocks_custom_css":"","_kad_blocks_head_custom_js":"","_kad_blocks_body_custom_js":"","_kad_blocks_footer_custom_js":""},"product_brand":[],"product_cat":[323],"product_tag":[1125,1113],"class_list":{"0":"post-3188","1":"product","2":"type-product","3":"status-publish","4":"has-post-thumbnail","6":"product_cat-productos-de-granada","7":"product_tag-zumo-de-granada-2","8":"product_tag-zumo-de-granada","10":"first","11":"instock","12":"shipping-taxable","13":"purchasable","14":"product-type-simple"},"taxonomy_info":{"product_cat":[{"value":323,"label":"Productos de granada"}],"product_tag":[{"value":1125,"label":"zumo de granada"},{"value":1113,"label":"zumo de granada"}]},"featured_image_src_large":["https:\/\/agropic.it\/wp-content\/uploads\/2024\/01\/B0FVXYV22B.MAIN_-960x960.png",960,960,true],"author_info":[],"comment_info":0,"_links":{"self":[{"href":"https:\/\/agropic.it\/es\/wp-json\/wp\/v2\/product\/3188","targetHints":{"allow":["GET"]}}],"collection":[{"href":"https:\/\/agropic.it\/es\/wp-json\/wp\/v2\/product"}],"about":[{"href":"https:\/\/agropic.it\/es\/wp-json\/wp\/v2\/types\/product"}],"replies":[{"embeddable":true,"href":"https:\/\/agropic.it\/es\/wp-json\/wp\/v2\/comments?post=3188"}],"wp:featuredmedia":[{"embeddable":true,"href":"https:\/\/agropic.it\/es\/wp-json\/wp\/v2\/media\/12824"}],"wp:attachment":[{"href":"https:\/\/agropic.it\/es\/wp-json\/wp\/v2\/media?parent=3188"}],"wp:term":[{"taxonomy":"product_brand","embeddable":true,"href":"https:\/\/agropic.it\/es\/wp-json\/wp\/v2\/product_brand?post=3188"},{"taxonomy":"product_cat","embeddable":true,"href":"https:\/\/agropic.it\/es\/wp-json\/wp\/v2\/product_cat?post=3188"},{"taxonomy":"product_tag","embeddable":true,"href":"https:\/\/agropic.it\/es\/wp-json\/wp\/v2\/product_tag?post=3188"}],"curies":[{"name":"wp","href":"https:\/\/api.w.org\/{rel}","templated":true}]}}