{"id":3108,"date":"2024-01-31T11:13:39","date_gmt":"2024-01-31T11:13:39","guid":{"rendered":"https:\/\/agropic.it\/prodotto\/miel-de-sila-500-g\/"},"modified":"2026-03-10T16:12:03","modified_gmt":"2026-03-10T16:12:03","slug":"miel-de-sila-500-g","status":"publish","type":"product","link":"https:\/\/agropic.it\/es\/producto\/miel-de-sila-500-g\/","title":{"rendered":"Miel de sulla 500g"},"content":{"rendered":"<p><strong>La miel de Sulla de Calabria Agro Pic es una miel fina y delicada, rica en propiedades beneficiosas y curativas. El sabor de la miel de Sulla (una planta herb\u00e1cea t\u00edpica de Calabria) es delicado, al igual que su fragancia, un agradable aroma a hierbas del campo con una nota c\u00edtrica.<br \/>\n<\/strong><span style=\"font-family: inherit; font-size: 16px;\">La miel de Sulla es un aut\u00e9ntico tesoro de la naturaleza, procesado con cuidado y pasi\u00f3n en cada fase de su proceso de producci\u00f3n, desde la recolecci\u00f3n hasta la extracci\u00f3n de la miel, que se realiza con cuidado para preservar todas sus propiedades naturales, hasta el envasado. Cada paso se realiza a mano, garantizando un producto genuino y de alta calidad, rico en todas las caracter\u00edsticas que lo hacen \u00fanico y apreciado. <\/span><\/p>\n<p>Producto 100% artesanal, monofloral y sin pasteurizar. Recibir\u00e1 en casa un producto natural y aut\u00e9ntico, procedente de suelos libres de pesticidas y sustancias perjudiciales para las abejas.<\/p>\n<p>Es rico en vitaminas A, B y C. No contiene colesterol, fibra, lactosa, gluten ni histamina.<\/p>\n<p>Se utiliza principalmente como edulcorante natural para el caf\u00e9, la leche, la manzanilla y las infusiones, ya que tiene la caracter\u00edstica de endulzar conteniendo una baja cantidad de az\u00facares simples. Tambi\u00e9n es excelente para untar en pan y queso. <\/p>\n<p><strong>Ingredientes:<\/strong> 100% Miel de sulla<\/p>\n<p><strong>Origen Miel:<\/strong> Italia (Calabria)<\/p>\n<p><strong>Formato:<\/strong> 500 g<\/p>\n<p>Cualquier solidificaci\u00f3n garantiza la genuinidad del producto como proceso natural; con el tiempo, la consistencia se vuelve m\u00e1s granulosa, pero este proceso no altera la calidad del producto y puede invertirse calentando suavemente el tarro.<\/p>\n<p><strong>Conservaci\u00f3n:<\/strong> Almacenar en lugar fresco y seco, alejado de la luz y de fuentes de calor.<\/p>\n<p><strong>Valores nutricionales:<\/strong><\/p>\n<ul>\n<li>Energ\u00eda: 332 kcal &#8211; 1391 kj<\/li>\n<li>Hidratos de carbono: 82,7 g<\/li>\n<li>de los cuales az\u00facares: 82,5 g<\/li>\n<li>Prote\u00ednas: 0,3 g<\/li>\n<li>Grasas: 0,1 g<\/li>\n<li>de los cuales saturados: 0,1g<\/li>\n<li>Sal: 9 mg<\/li>\n<\/ul>\n<p><strong>Gesti\u00f3n familiar y selecci\u00f3n de las mejores materias primas<\/strong>, cultivadas en las f\u00e9rtiles tierras de la empresa y elaboradas respetando la tradici\u00f3n ancestral.<br \/>\nAdem\u00e1s de la miel sulla, ofrecemos una amplia gama de productos, todos elaborados a partir de productos frescos y con m\u00e9todos artesanales de sabor inconfundible, como zumos de frutas, confituras y mermeladas de frutas de temporada, pur\u00e9s de tomate, cremas, miel y conservas en aceite.<\/p>\n<p><strong>El objetivo principal de la actividad es valorizar los sabores y las frutas de Calabria, en particular los que son especiales y normalmente menos conocidos<\/strong>, como la bergamota, una fruta con m\u00faltiples propiedades beneficiosas, tan \u00fanica y \u00e1cida como todo el territorio calabr\u00e9s.<\/p>\n<p>Aportamos productos genuinos de alta calidad a partir de una selecci\u00f3n cuidadosa y controlada de materias primas, muchas de las cuales cultivamos directamente y obtenemos sin utilizar productos qu\u00edmicos.<\/p>\n<p>Naturaleza, tradici\u00f3n y alta calidad son los ingredientes del \u00e9xito de Agro Pic.<\/p>\n<p>S\u00edguenos en INSTAGRAM para descubrir todos los contenidos y novedades de Agro Pic<\/p>\n<p><a href=\"https:\/\/www.instagram.com\/agropic\/\" target=\"_blank\" rel=\"noopener\">https:\/\/www.instagram.com\/agropic\/<\/a><\/p>\n<p><strong>Para cualquier informaci\u00f3n sobre nuestros productos, no dudes en <a href=\"https:\/\/www.agropic.it\/contatti\/\">ponerte en contacto con nosotros:<\/a><\/strong><\/p>\n<p>c\u00e9lula. 3495651669<\/p>\n<p>direcci\u00f3n de correo electr\u00f3nico: info@agropic.it<\/p>\n<p>Tel. 0964 1955229<\/p>\n","protected":false},"excerpt":{"rendered":"<h6>La miel de Sulla de Calabria Agro Pic es una miel fina y delicada, rica en propiedades beneficiosas y curativas. El sabor de la miel de Sulla (una planta herb\u00e1cea t\u00edpica de Calabria) es delicado, al igual que su fragancia, un agradable aroma a hierbas del campo con una nota c\u00edtrica. <\/h6>\n<p>Es rico en vitaminas A, B y C. No contiene colesterol, fibra, lactosa, gluten ni histamina.<\/p>\n<p>Se utiliza principalmente como edulcorante natural para el caf\u00e9, la leche, la manzanilla y las infusiones, ya que tiene la caracter\u00edstica de endulzar conteniendo una baja cantidad de az\u00facares simples. Tambi\u00e9n es excelente para untar en pan y queso. <\/p>\n<p>&nbsp;<\/p>\n<p><strong>Ingredientes:<\/strong> 100% Miel de sulla <strong>Miel de origen:<\/strong> Italia (Calabria)<\/p>\n<p><strong>Formato:<\/strong> 500 g<\/p>\n<p>Lee la descripci\u00f3n completa a continuaci\u00f3n.<\/p>\n<p>&nbsp;<\/p>\n<p><strong>C\u00f3mpralo ahora y rec\u00edbelo en tu casa en 2-3 d\u00edas.<\/strong>&hellip; <a class=\"kt-excerpt-readmore more-link\" href=\"https:\/\/agropic.it\/es\/producto\/miel-de-sila-500-g\/\" aria-label=\"Miel de sulla 500g\">Leer m\u00e1s<\/a><\/p>\n","protected":false},"featured_media":7601,"comment_status":"closed","ping_status":"closed","template":"","meta":{"kt_blocks_editor_width":"","_kad_blocks_custom_css":"","_kad_blocks_head_custom_js":"","_kad_blocks_body_custom_js":"","_kad_blocks_footer_custom_js":""},"product_brand":[],"product_cat":[257],"product_tag":[473,474,475],"class_list":{"0":"post-3108","1":"product","2":"type-product","3":"status-publish","4":"has-post-thumbnail","6":"product_cat-miel-es","7":"product_tag-carino","8":"product_tag-miel-de-calabria","9":"product_tag-miel-de-sulla-es","11":"first","12":"instock","13":"shipping-taxable","14":"purchasable","15":"product-type-simple"},"taxonomy_info":{"product_cat":[{"value":257,"label":"Miel"}],"product_tag":[{"value":473,"label":"cari\u00f1o"},{"value":474,"label":"Miel de Calabria"},{"value":475,"label":"miel de sulla"}]},"featured_image_src_large":["https:\/\/agropic.it\/wp-content\/uploads\/2022\/12\/MIELE-DI-SULLA-500-g-1-960x960.jpg",960,960,true],"author_info":[],"comment_info":0,"_links":{"self":[{"href":"https:\/\/agropic.it\/es\/wp-json\/wp\/v2\/product\/3108","targetHints":{"allow":["GET"]}}],"collection":[{"href":"https:\/\/agropic.it\/es\/wp-json\/wp\/v2\/product"}],"about":[{"href":"https:\/\/agropic.it\/es\/wp-json\/wp\/v2\/types\/product"}],"replies":[{"embeddable":true,"href":"https:\/\/agropic.it\/es\/wp-json\/wp\/v2\/comments?post=3108"}],"wp:featuredmedia":[{"embeddable":true,"href":"https:\/\/agropic.it\/es\/wp-json\/wp\/v2\/media\/7601"}],"wp:attachment":[{"href":"https:\/\/agropic.it\/es\/wp-json\/wp\/v2\/media?parent=3108"}],"wp:term":[{"taxonomy":"product_brand","embeddable":true,"href":"https:\/\/agropic.it\/es\/wp-json\/wp\/v2\/product_brand?post=3108"},{"taxonomy":"product_cat","embeddable":true,"href":"https:\/\/agropic.it\/es\/wp-json\/wp\/v2\/product_cat?post=3108"},{"taxonomy":"product_tag","embeddable":true,"href":"https:\/\/agropic.it\/es\/wp-json\/wp\/v2\/product_tag?post=3108"}],"curies":[{"name":"wp","href":"https:\/\/api.w.org\/{rel}","templated":true}]}}