{"id":3100,"date":"2024-01-28T12:20:38","date_gmt":"2020-06-26T12:20:38","guid":{"rendered":"https:\/\/agropic.it\/prodotto\/pate-de-tomates-secos-200-g\/"},"modified":"2024-06-11T08:59:54","modified_gmt":"2024-06-11T08:59:54","slug":"pate-de-tomates-secos-200-g","status":"publish","type":"product","link":"https:\/\/agropic.it\/es\/producto\/pate-de-tomates-secos-200-g\/","title":{"rendered":"Pat\u00e9 de tomate seco 200g"},"content":{"rendered":"<h5>Para obtener el delicioso pat\u00e9 de tomate seco elegimos los mejores tomates, cultivados al aire libre en nuestra finca, para luego ser recolectados manualmente, secados al sol y elaborados artesanalmente, aromatiz\u00e1ndolos con hierbas arom\u00e1ticas. Ideal para untar sobre una rebanada de pan, en aperitivos y entrantes r\u00fasticos, excelente tambi\u00e9n para rellenar s\u00e1ndwiches.<\/h5>\n<p><strong>Ingredientes<\/strong>: Tomates secos, aceite de oliva virgen extra, aceite de girasol, or\u00e9gano, ajo, menta, guindilla, vinagre de vino blanco, corrector de acidez: \u00e1cido c\u00edtrico.<\/p>\n<p>Sin preservativos<\/p>\n<p><strong>Formato<\/strong>: 200g<\/p>\n<p><strong>M\u00e9todo de almacenamiento:<\/strong> Conservar en un lugar fresco y seco, alejado de la luz solar y de fuentes de calor. Una vez abierto meter en el frigor\u00edfico cubriendo el contenido del tarro con un poco de aceite y consumir a los pocos d\u00edas.<\/p>\n<p><strong>El tomate es el rey indiscutible de la dieta mediterr\u00e1nea, excelente para mantener una buena forma f\u00edsica porque es bajo en calor\u00edas, y adem\u00e1s cuenta con numerosas propiedades beneficiosas:<\/strong><\/p>\n<ul>\n<li><strong>Previene enfermedades cardiovasculares como derrames cerebrales y ataques card\u00edacos.<\/strong><\/li>\n<li><strong>Rica en vitamina C.<\/strong><\/li>\n<li><strong>Previene el c\u00e1ncer de colon y pr\u00f3stata.<\/strong><\/li>\n<li><strong>Previene la osteoporosis y protege la visi\u00f3n.<\/strong><\/li>\n<li><strong>Reduce el colesterol LDL malo y aumenta el colesterol HDL bueno.<\/strong><\/li>\n<li><strong>Tiene propiedades diur\u00e9ticas y digestivas.<\/strong><\/li>\n<\/ul>\n<p><strong>Gesti\u00f3n familiar y selecci\u00f3n de las mejores materias primas<\/strong>, cultivadas en las f\u00e9rtiles tierras del negocio y transformadas respetando la antigua tradici\u00f3n. Esta es la tarjeta de identidad de Agro Pic, empresa especializada en la elaboraci\u00f3n de mermeladas, zumos, salsas y encurtidos.<\/p>\n<p><strong>El principal objetivo de la actividad es la valorizaci\u00f3n de los sabores y frutas de Calabria, en particular los especiales y generalmente menos conocidos,<\/strong> como la bergamota, una fruta con m\u00faltiples propiedades beneficiosas, \u00fanica y \u00e1cida como todo el territorio de Calabria.<\/p>\n<p>Naturaleza, tradici\u00f3n y alta calidad son los ingredientes del \u00e9xito de Agro Pic.<\/p>\n<p><strong>Para cualquier informaci\u00f3n sobre nuestros productos no dude en contactarnos:<\/strong><\/p>\n<p>Cel 349 5651669<\/p>\n<p>Tel\u00e9fono 0964 1955229<\/p>\n<p>info@agropic.it<\/p>\n","protected":false},"excerpt":{"rendered":"<p>Para obtener el delicioso pat\u00e9 de tomate seco elegimos los mejores tomates, cultivados al aire libre en nuestra finca, para luego ser recolectados manualmente, secados al sol y elaborados artesanalmente, aromatiz\u00e1ndolos con hierbas arom\u00e1ticas. Ideal para untar sobre una rebanada de pan, en aperitivos y entrantes r\u00fasticos, excelente tambi\u00e9n para rellenar s\u00e1ndwiches.<\/p>\n<p><strong>Ingredientes<\/strong>: Tomates secos, aceite de oliva virgen extra, aceite de girasol, or\u00e9gano, ajo, menta, guindilla, vinagre de vino blanco, corrector de acidez: \u00e1cido c\u00edtrico.<\/p>\n<p>Sin preservativos<\/p>\n<p><strong>Formato<\/strong>: 200g<\/p>\n<p>\u00a1Lea la descripci\u00f3n completa a continuaci\u00f3n para descubrir todas las propiedades beneficiosas, estudios cient\u00edficos y consejos de uso!<\/p>\n<p><strong>\u00a1C\u00f3mpralo ahora y rec\u00edbelo en 4-5 d\u00edas en tu casa!<\/strong>&hellip; <a class=\"kt-excerpt-readmore more-link\" href=\"https:\/\/agropic.it\/es\/producto\/pate-de-tomates-secos-200-g\/\" aria-label=\"Pat\u00e9 de tomate seco 200g\">Leer m\u00e1s<\/a><\/p>\n","protected":false},"featured_media":7166,"comment_status":"closed","ping_status":"closed","template":"","meta":{"kt_blocks_editor_width":"","_kad_blocks_custom_css":"","_kad_blocks_head_custom_js":"","_kad_blocks_body_custom_js":"","_kad_blocks_footer_custom_js":""},"product_brand":[],"product_cat":[249],"product_tag":[],"class_list":{"0":"post-3100","1":"product","2":"type-product","3":"status-publish","4":"has-post-thumbnail","6":"product_cat-pate-y-cremas-untables","8":"first","9":"instock","10":"shipping-taxable","11":"purchasable","12":"product-type-simple"},"taxonomy_info":{"product_cat":[{"value":249,"label":"Pat\u00e9 y cremas untables"}]},"featured_image_src_large":["https:\/\/agropic.it\/wp-content\/uploads\/2023\/03\/Pate-di-pomodori-secchi-960x960.webp",960,960,true],"author_info":[],"comment_info":0,"_links":{"self":[{"href":"https:\/\/agropic.it\/es\/wp-json\/wp\/v2\/product\/3100","targetHints":{"allow":["GET"]}}],"collection":[{"href":"https:\/\/agropic.it\/es\/wp-json\/wp\/v2\/product"}],"about":[{"href":"https:\/\/agropic.it\/es\/wp-json\/wp\/v2\/types\/product"}],"replies":[{"embeddable":true,"href":"https:\/\/agropic.it\/es\/wp-json\/wp\/v2\/comments?post=3100"}],"wp:featuredmedia":[{"embeddable":true,"href":"https:\/\/agropic.it\/es\/wp-json\/wp\/v2\/media\/7166"}],"wp:attachment":[{"href":"https:\/\/agropic.it\/es\/wp-json\/wp\/v2\/media?parent=3100"}],"wp:term":[{"taxonomy":"product_brand","embeddable":true,"href":"https:\/\/agropic.it\/es\/wp-json\/wp\/v2\/product_brand?post=3100"},{"taxonomy":"product_cat","embeddable":true,"href":"https:\/\/agropic.it\/es\/wp-json\/wp\/v2\/product_cat?post=3100"},{"taxonomy":"product_tag","embeddable":true,"href":"https:\/\/agropic.it\/es\/wp-json\/wp\/v2\/product_tag?post=3100"}],"curies":[{"name":"wp","href":"https:\/\/api.w.org\/{rel}","templated":true}]}}