{"id":3089,"date":"2024-01-29T11:08:47","date_gmt":"2024-01-29T11:08:47","guid":{"rendered":"https:\/\/agropic.it\/prodotto\/zumo-de-bergamota-100-puro-720-ml-6-piezas\/"},"modified":"2024-05-30T10:03:53","modified_gmt":"2024-05-30T10:03:53","slug":"zumo-de-bergamota-100-puro-720-ml-12-piezas","status":"publish","type":"product","link":"https:\/\/agropic.it\/es\/producto\/zumo-de-bergamota-100-puro-720-ml-12-piezas\/","title":{"rendered":"Zumo de bergamota 100% puro ecol\u00f3gico 720ml (12 botellas)"},"content":{"rendered":"<h5>Pack de 12 botellas de Zumo de Bergamota 100% Puro Ecol\u00f3gico de 720ml<\/h5>\n<p>Sin az\u00facares a\u00f1adidos y sin conservantes<\/p>\n<p><strong>Ingredientes<\/strong>: Zumo de Bergamota 100% Ecol\u00f3gico<\/p>\n<p><strong>Formato<\/strong>: 720ml<\/p>\n<p><strong>Origen de la bergamota:<\/strong> Italia (Calabria)<\/p>\n<p><strong>M\u00e9todo de almacenamiento<\/strong>: Conservar en un lugar seco y fresco, alejado de fuentes de luz y calor. Una vez abierto guardar en el frigor\u00edfico y consumir en unos d\u00edas.<\/p>\n<p><strong>Modo de empleo:<\/strong> Agitar bien antes de usar.\u00a0Beber tal cual o diluir en agua. Cualquier residuo o separaci\u00f3n no compromete la calidad del producto.<\/p>\n<h5>La bergamota se cultiva en la zona de Jonico-Reggina en Calabria, el microclima de esta peque\u00f1a zona es especialmente favorable para la producci\u00f3n de este c\u00edtrico. Se considera fruto de la salud ya que algunos estudios cient\u00edficos realizados recientemente le atribuyen numerosos efectos beneficiosos.<\/h5>\n<p>De hecho, ayuda a combatir los problemas del colesterol LDL malo, previniendo as\u00ed enfermedades cardiovasculares y normaliza los niveles de transaminasas, CPK y az\u00facar en sangre.<br \/>\nEs rico en sales minerales y vitaminas capaces de prevenir alteraciones \u00f3seas y fortalecer el sistema inmunol\u00f3gico y antioxidantes que frenan el envejecimiento.<br \/>\nTambi\u00e9n eficaz para problemas digestivos y para combatir el mal aliento.<\/p>\n<p>El uso de jugo de bergamota no debe sustituir la terapia farmacol\u00f3gica. &lt;\/h3<\/p>\n<p><strong>Estudios cient\u00edficos sobre el jugo de Bergamota:<\/strong><\/p>\n<ul>\n<li><strong>Los efectos antiinflamatorios y antioxidantes del extracto de jugo de bergamota IBJeJ en un modelo experimental de enfermedad inflamatoria intestinal. Impezzineri D1, Di Paola G1, Ahmad A1, Campolo M1, Cuzzocrea 52, Esposito E1, Navarra M3.<\/strong><\/li>\n<li><strong>La fracci\u00f3n polifen\u00f3lica de bergamota mejora el efecto inducido por rosuvastatina sobre la expresi\u00f3n de LOX-1 del colesterol LDL y la fosforilaci\u00f3n de la prote\u00edna quinasa B en pacientes con hiperlipidemia. Int J Cardiol. 10 de diciembre de 2013; 170 (2): 140-5. doi: 10.1016\/j.ijcard.2013.08.125. Publicaci\u00f3n electr\u00f3nica del 8 de septiembre de 2013. Gliozzi M(1), Walker R, Muscoli S, Vitale C, Gratteri S, Carresi C, Musolino V, Russo V, Janda E, Ragusa S, Aloe A, Palma E, Muscoli C, Romeo F, Mollace V.<\/strong><\/li>\n<li><strong>Actividad hipolipemiante e hipoglucemiante de los polifenoles de bergamota: desde modelos animales hasta estudios en humanos. Fitoterapia. Abril de 2011;82(3):309-16. doi: 10.1016\/j.fitote.2010.10.014 Epub 2010 4 de noviembre. MoLtace V[1], Sacco I, Janda E, Malara C, Ventrice D, Colica C, Visalli V, Muscoli S, Ragusa S, Muscoli C, Rotiroti D, Romeo F.<\/strong><\/li>\n<li><strong>Actividad hipocolesterol\u00e9mica de la fracci\u00f3n enriquecida con 3-hidroxi-3-metil-glutaril flavonas de la fruta de bergamota (Citrus bergamial: estudios \u00abin vivo\u00bb de alimentos funcionales, volumen 7, marzo de 2014, p\u00e1ginas 558-568, Di Donna L, Iacopetta D, Cappello A.R, Gattucci G, Martello E, Fioriti M, Dolce V, Sinciona G.<\/strong><\/li>\n<li><strong>Efecto hipolipemiante del jugo de c\u00edtricos bergamia Risso et Poiteau en ratas alimentadas con una dieta hipercolesterol\u00e9mica. J Qu\u00edmica agr\u00edcola y alimentaria. 26 de diciembre de 2007 55(26): 10671-7. Publicaci\u00f3n electr\u00f3nica del 27 de noviembre de 2007. Miceli N1, Mondello M.R, Monteforte M.T, Sdrafkakis V, Dugo P, Crupi M.L, Taviano M.F, De Pasquale R, Trovato A.<\/strong><\/li>\n<\/ul>\n<p><strong>Gesti\u00f3n familiar y selecci\u00f3n de las mejores materias primas, cultivadas en las f\u00e9rtiles tierras del negocio y transformadas respetando la antigua tradici\u00f3n. Esta es la tarjeta de identidad de Agro Pic, empresa especializada en la elaboraci\u00f3n de mermeladas, zumos, salsas y encurtidos.<\/strong><\/p>\n<p><strong>El principal objetivo de la actividad es realzar los sabores y frutas de Calabria, en particular los especiales y generalmente menos conocidos,<\/strong> como la bergamota, una fruta con m\u00faltiples propiedades beneficiosas, \u00fanica y \u00e1cida como todo el territorio de Calabria.<\/p>\n<p>Naturaleza, tradici\u00f3n y alta calidad son los ingredientes del \u00e9xito de Agro Pic.<\/p>\n<p><strong>Para cualquier informaci\u00f3n sobre nuestros productos no dude en contactarnos:<\/strong><\/p>\n<p>Cel 349 5651669<\/p>\n<p>Tel\u00e9fono 0964 1955229<\/p>\n<p>info@agropic.it<\/p>\n","protected":false},"excerpt":{"rendered":"<p><strong>Pack de 12 botellas de 720ml de Zumo de Bergamota 100% Puro Ecol\u00f3gico<\/strong><\/p>\n<p>Sin az\u00facares a\u00f1adidos y sin conservantes<\/p>\n<p><strong>Ingredientes<\/strong>: Zumo de Bergamota 100% Ecol\u00f3gico Formato: 720ml<\/p>\n<p><strong>Origen de la bergamota<\/strong>: Italia (Calabria)<\/p>\n<p>Lea la descripci\u00f3n completa a continuaci\u00f3n para descubrir todos los consejos de uso, propiedades beneficiosas y estudios cient\u00edficos realizados sobre la bergamota.<\/p>\n<p><strong>C\u00f3mpralo ahora y rec\u00edbelo en tu domicilio en 4-5 d\u00edas.<\/strong>&hellip; <a class=\"kt-excerpt-readmore more-link\" href=\"https:\/\/agropic.it\/es\/producto\/zumo-de-bergamota-100-puro-720-ml-12-piezas\/\" aria-label=\"Zumo de bergamota 100% puro ecol\u00f3gico 720ml (12 botellas)\">Leer m\u00e1s<\/a><\/p>\n","protected":false},"featured_media":12837,"comment_status":"closed","ping_status":"closed","template":"","meta":{"kt_blocks_editor_width":"","_kad_blocks_custom_css":"","_kad_blocks_head_custom_js":"","_kad_blocks_body_custom_js":"","_kad_blocks_footer_custom_js":""},"product_brand":[],"product_cat":[318],"product_tag":[1170,1171,1168,1169],"class_list":{"0":"post-3089","1":"product","2":"type-product","3":"status-publish","4":"has-post-thumbnail","6":"product_cat-zumo-de-bergamota","7":"product_tag-100-zumo-de-bergamota","8":"product_tag-bergamota-de-calabria-2","9":"product_tag-zumo-de-bergamota","10":"product_tag-zumo-puro-de-bergamota","12":"first","13":"instock","14":"sale","15":"shipping-taxable","16":"purchasable","17":"product-type-simple"},"taxonomy_info":{"product_cat":[{"value":318,"label":"Zumo de Bergamota"}],"product_tag":[{"value":1170,"label":"100% zumo de bergamota"},{"value":1171,"label":"bergamota de Calabria"},{"value":1168,"label":"zumo de bergamota"},{"value":1169,"label":"zumo puro de bergamota"}]},"featured_image_src_large":["https:\/\/agropic.it\/wp-content\/uploads\/2024\/01\/B0F5BSQ89X.MAIN_-960x960.jpg",960,960,true],"author_info":[],"comment_info":0,"_links":{"self":[{"href":"https:\/\/agropic.it\/es\/wp-json\/wp\/v2\/product\/3089","targetHints":{"allow":["GET"]}}],"collection":[{"href":"https:\/\/agropic.it\/es\/wp-json\/wp\/v2\/product"}],"about":[{"href":"https:\/\/agropic.it\/es\/wp-json\/wp\/v2\/types\/product"}],"replies":[{"embeddable":true,"href":"https:\/\/agropic.it\/es\/wp-json\/wp\/v2\/comments?post=3089"}],"wp:featuredmedia":[{"embeddable":true,"href":"https:\/\/agropic.it\/es\/wp-json\/wp\/v2\/media\/12837"}],"wp:attachment":[{"href":"https:\/\/agropic.it\/es\/wp-json\/wp\/v2\/media?parent=3089"}],"wp:term":[{"taxonomy":"product_brand","embeddable":true,"href":"https:\/\/agropic.it\/es\/wp-json\/wp\/v2\/product_brand?post=3089"},{"taxonomy":"product_cat","embeddable":true,"href":"https:\/\/agropic.it\/es\/wp-json\/wp\/v2\/product_cat?post=3089"},{"taxonomy":"product_tag","embeddable":true,"href":"https:\/\/agropic.it\/es\/wp-json\/wp\/v2\/product_tag?post=3089"}],"curies":[{"name":"wp","href":"https:\/\/api.w.org\/{rel}","templated":true}]}}