{"id":3087,"date":"2024-01-30T15:38:53","date_gmt":"2020-07-13T15:38:53","guid":{"rendered":"https:\/\/agropic.it\/prodotto\/chiles-en-rodajas-en-aceite-180-g\/"},"modified":"2024-05-20T17:26:38","modified_gmt":"2024-05-20T17:26:38","slug":"chiles-en-rodajas-en-aceite-180-g","status":"publish","type":"product","link":"https:\/\/agropic.it\/es\/producto\/chiles-en-rodajas-en-aceite-180-g\/","title":{"rendered":"Guindilla en rodajas en aceite 180g"},"content":{"rendered":"<h5>La guindilla en rodajas en aceite es una conserva que nunca falta en los hogares calabreses y est\u00e1 elaborada con los mejores pimientos picantes 100% calabreses en plena madurez, recogidos directamente de las tierras no contaminadas de la empresa y transformados directamente por Agro Pic, siguiendo los antiguos M\u00e9todos calabreses. Se utiliza sobre todo en la pasta como condimento, pero tambi\u00e9n es excelente solo sobre pan o bruschetta y para dar vivacidad a deliciosos aperitivos y aromatizar primeros y segundos platos.<\/h5>\n<p><strong>Ingredientes<\/strong>: Guindilla, aceite de oliva virgen extra, aceite de semillas de girasol, or\u00e9gano, ajo, sal.<\/p>\n<p><strong>Formato<\/strong>: 180g<\/p>\n<p><strong>Origen del aj\u00ed<\/strong>: Italia (Calabria)<\/p>\n<p>M\u00e9todo de almacenamiento: Almacenar en un lugar fresco y seco, alejado de la luz solar y de fuentes de calor. Una vez abierto meter en el frigor\u00edfico cubriendo el producto con un poco de aceite y consumir a los pocos d\u00edas.<\/p>\n<p>El aj\u00ed es un ingrediente b\u00e1sico de la cocina t\u00edpica de Calabria, ahora conocido por sus propiedades beneficiosas, de hecho tiene un gran poder antioxidante debido a los flavonoides que contiene, es rico en vitamina C y minerales, otros estudios recomiendan su uso para prevenir enfermedades cardiovasculares. enfermedades, para acelerar el metabolismo y para adelgazar, pero tambi\u00e9n es \u00fatil para combatir los dolores de garganta.<\/p>\n<p>El aj\u00ed, utilizado desde la antig\u00fcedad, es una especia utilizada no s\u00f3lo para a\u00f1adir picante a los platos, sino que ofrece una serie de efectos beneficiosos para la salud humana.<br \/>\nDe hecho, guindilla:<\/p>\n<ul>\n<li>es rico en vitaminas A, C y E.<\/li>\n<li>Tiene propiedades antibacterianas, antihistam\u00ednicas y antioxidantes.<\/li>\n<li>Tiene un reconocido efecto afrodis\u00edaco.<\/li>\n<li>Tiene efectos analg\u00e9sicos en m\u00fasculos y huesos.<\/li>\n<li>Activa el metabolismo y ayuda a controlar el peso corporal.<\/li>\n<li>Reduce los niveles de colesterol, glucosa y triglic\u00e9ridos.<\/li>\n<li>Mejora la circulaci\u00f3n sangu\u00ednea y previene enfermedades cardiovasculares como accidentes cerebrovasculares y ataques card\u00edacos.<\/li>\n<li>tiene un efecto antitumoral.<\/li>\n<\/ul>\n<p><strong>Gesti\u00f3n familiar y selecci\u00f3n de las mejores materias primas, cultivadas en las f\u00e9rtiles tierras del negocio y transformadas respetando la antigua tradici\u00f3n. Esta es la tarjeta de identidad de Agro Pic, empresa especializada en la elaboraci\u00f3n de mermeladas, zumos, salsas y encurtidos.<\/strong><\/p>\n<p><strong>El principal objetivo de la actividad es realzar los sabores y frutas de Calabria, en particular los especiales y generalmente menos conocidos,<\/strong> como la bergamota, una fruta con m\u00faltiples propiedades beneficiosas, \u00fanica y \u00e1cida como todo el territorio de Calabria.<\/p>\n<p>Naturaleza, tradici\u00f3n y alta calidad son los ingredientes del \u00e9xito de Agro Pic.<\/p>\n<p><strong>Para cualquier informaci\u00f3n sobre nuestros productos no dude en contactarnos:<\/strong><\/p>\n<p>Cel 3495651669<\/p>\n<p>Tel\u00e9fono 0964 1955229<\/p>\n<p>info@agropic.it<\/p>\n","protected":false},"excerpt":{"rendered":"<p>La guindilla en rodajas en aceite es una conserva que nunca falta en los hogares calabreses y est\u00e1 elaborada con los mejores pimientos picantes 100% calabreses en plena madurez, recogidos directamente de las tierras no contaminadas de la empresa y transformados directamente por Agro Pic, siguiendo los antiguos M\u00e9todos calabreses. Se utiliza sobre todo en la pasta como condimento, pero tambi\u00e9n es excelente solo sobre pan o bruschetta y para dar vivacidad a deliciosos aperitivos y aromatizar primeros y segundos platos.<\/p>\n<p><strong>Ingredientes<\/strong>: Guindilla, aceite de oliva virgen extra, aceite de semillas de girasol, or\u00e9gano, ajo, sal.<\/p>\n<p><strong>Formato<\/strong>: 180g<\/p>\n<p><strong>Origen del aj\u00ed:<\/strong> Italia (Calabria)<\/p>\n<p>Es posible adquirir nuestros productos a trav\u00e9s de este sitio o por correo electr\u00f3nico escribiendo a info@agropic.it o por tel\u00e9fono llamando al n\u00famero 349 56 51 669. Una vez realizado el pago, su pedido le ser\u00e1 entregado en un plazo de 4 a 5 d\u00edas.<\/p>\n<p>\u00a1Lea la descripci\u00f3n completa del producto a continuaci\u00f3n!&hellip; <a class=\"kt-excerpt-readmore more-link\" href=\"https:\/\/agropic.it\/es\/producto\/chiles-en-rodajas-en-aceite-180-g\/\" aria-label=\"Guindilla en rodajas en aceite 180g\">Leer m\u00e1s<\/a><\/p>\n","protected":false},"featured_media":4788,"comment_status":"closed","ping_status":"closed","template":"","meta":{"kt_blocks_editor_width":"","_kad_blocks_custom_css":"","_kad_blocks_head_custom_js":"","_kad_blocks_body_custom_js":"","_kad_blocks_footer_custom_js":""},"product_brand":[],"product_cat":[268,324],"product_tag":[310],"class_list":{"0":"post-3087","1":"product","2":"type-product","3":"status-publish","4":"has-post-thumbnail","6":"product_cat-conservas-en-aceite-y-agridulces","7":"product_cat-productos-de-chile","8":"product_tag-chile-de-calabria","10":"first","11":"instock","12":"shipping-taxable","13":"purchasable","14":"product-type-simple"},"taxonomy_info":{"product_cat":[{"value":268,"label":"Conservas en aceite y agridulces"},{"value":324,"label":"Productos de chile"}],"product_tag":[{"value":310,"label":"Chile de Calabria"}]},"featured_image_src_large":["https:\/\/agropic.it\/wp-content\/uploads\/2021\/06\/Peperoncino-a-rondelle-sottolio-960x960.jpg",960,960,true],"author_info":[],"comment_info":0,"_links":{"self":[{"href":"https:\/\/agropic.it\/es\/wp-json\/wp\/v2\/product\/3087","targetHints":{"allow":["GET"]}}],"collection":[{"href":"https:\/\/agropic.it\/es\/wp-json\/wp\/v2\/product"}],"about":[{"href":"https:\/\/agropic.it\/es\/wp-json\/wp\/v2\/types\/product"}],"replies":[{"embeddable":true,"href":"https:\/\/agropic.it\/es\/wp-json\/wp\/v2\/comments?post=3087"}],"wp:featuredmedia":[{"embeddable":true,"href":"https:\/\/agropic.it\/es\/wp-json\/wp\/v2\/media\/4788"}],"wp:attachment":[{"href":"https:\/\/agropic.it\/es\/wp-json\/wp\/v2\/media?parent=3087"}],"wp:term":[{"taxonomy":"product_brand","embeddable":true,"href":"https:\/\/agropic.it\/es\/wp-json\/wp\/v2\/product_brand?post=3087"},{"taxonomy":"product_cat","embeddable":true,"href":"https:\/\/agropic.it\/es\/wp-json\/wp\/v2\/product_cat?post=3087"},{"taxonomy":"product_tag","embeddable":true,"href":"https:\/\/agropic.it\/es\/wp-json\/wp\/v2\/product_tag?post=3087"}],"curies":[{"name":"wp","href":"https:\/\/api.w.org\/{rel}","templated":true}]}}