{"id":3080,"date":"2024-01-26T16:07:36","date_gmt":"2020-08-18T16:07:36","guid":{"rendered":"https:\/\/agropic.it\/prodotto\/miel-de-eucalipto-250-g\/"},"modified":"2020-08-18T16:07:36","modified_gmt":"2020-08-18T16:07:36","slug":"miel-de-eucalipto-250-g","status":"publish","type":"product","link":"https:\/\/agropic.it\/es\/producto\/miel-de-eucalipto-250-g\/","title":{"rendered":"Miel de Eucalipto 250 g"},"content":{"rendered":"<p>Rica en propiedades beneficiosas, se consume sobre todo para combatir resfriados y dolores de garganta, pero tambi\u00e9n est\u00e1 indicada para personas con estre\u00f1imiento o problemas del tracto urinario. Poderoso antioxidante capaz de combatir el envejecimiento celular. \u00d3ptima la combinaci\u00f3n con quesos frescos y curados, pero tambi\u00e9n va bien con primeros y segundos platos de pescado y carne. Se  recomienda consumirlo disuelto en t\u00e9, infusiones o yogur natural.<\/p>\n<p>Trabajo familiar y selecci\u00f3n de las mejores materias primas, cultivadas en la tierra f\u00e9rtil y transformadas respetando la antigua tradici\u00f3n. Esta es la carta de identidad de Agro Pic, empresa especializada en la elaboraci\u00f3n de productos de bergamota, mermeladas, jugos de frutas, salsas y conservas en aceite. El principal objetivo de la empresa es la valoraci\u00f3n de los sabores y frutas de Calabria, en particular las especiales y generalmente menos conocidas, como la bergamota, fruta de m\u00faltiples propiedades beneficiosas, \u00fanicas y \u00e1cidas como todo el territorio de Calabria. Naturaleza, tradici\u00f3n y alta calidad son los ingredientes del \u00e9xito de Agro Pic. Es posible comprar nuestros productos a trav\u00e9s de esta p\u00e1gina web o por correo electr\u00f3nico escribiendo a info@agropic.it o por tel\u00e9fono llamando al +39 349 56 51 669. Una vez realizado el pago, el pedido ser\u00e1 enviado en 2-3 d\u00edas laborables.<\/p>\n","protected":false},"excerpt":{"rendered":"<p>Rica en propiedades beneficiosas, se consume sobre todo para combatir resfriados y dolores de garganta, pero tambi\u00e9n est\u00e1 indicada para personas con estre\u00f1imiento o problemas del tracto urinario. Poderoso antioxidante capaz de combatir el envejecimiento celular. \u00d3ptima la combinaci\u00f3n con quesos frescos y curados, pero tambi\u00e9n va bien con primeros y segundos platos de pescado y carne. Se  recomienda consumirlo disuelto en t\u00e9, infusiones o yogur natural.&hellip; <a class=\"kt-excerpt-readmore more-link\" href=\"https:\/\/agropic.it\/es\/producto\/miel-de-eucalipto-250-g\/\" aria-label=\"Miel de Eucalipto 250 g\">Leer m\u00e1s<\/a><\/p>\n","protected":false},"featured_media":7586,"comment_status":"closed","ping_status":"closed","template":"","meta":{"kt_blocks_editor_width":"","_kad_blocks_custom_css":"","_kad_blocks_head_custom_js":"","_kad_blocks_body_custom_js":"","_kad_blocks_footer_custom_js":""},"product_brand":[],"product_cat":[257],"product_tag":[473,474],"class_list":{"0":"post-3080","1":"product","2":"type-product","3":"status-publish","4":"has-post-thumbnail","6":"product_cat-miel-es","7":"product_tag-carino","8":"product_tag-miel-de-calabria","10":"first","11":"instock","12":"shipping-taxable","13":"purchasable","14":"product-type-simple"},"taxonomy_info":{"product_cat":[{"value":257,"label":"Miel"}],"product_tag":[{"value":473,"label":"cari\u00f1o"},{"value":474,"label":"Miel de Calabria"}]},"featured_image_src_large":["https:\/\/agropic.it\/wp-content\/uploads\/2022\/12\/MIELE-DI-EUCALIPTO-250-g-1-960x960.jpg",960,960,true],"author_info":[],"comment_info":0,"_links":{"self":[{"href":"https:\/\/agropic.it\/es\/wp-json\/wp\/v2\/product\/3080","targetHints":{"allow":["GET"]}}],"collection":[{"href":"https:\/\/agropic.it\/es\/wp-json\/wp\/v2\/product"}],"about":[{"href":"https:\/\/agropic.it\/es\/wp-json\/wp\/v2\/types\/product"}],"replies":[{"embeddable":true,"href":"https:\/\/agropic.it\/es\/wp-json\/wp\/v2\/comments?post=3080"}],"wp:featuredmedia":[{"embeddable":true,"href":"https:\/\/agropic.it\/es\/wp-json\/wp\/v2\/media\/7586"}],"wp:attachment":[{"href":"https:\/\/agropic.it\/es\/wp-json\/wp\/v2\/media?parent=3080"}],"wp:term":[{"taxonomy":"product_brand","embeddable":true,"href":"https:\/\/agropic.it\/es\/wp-json\/wp\/v2\/product_brand?post=3080"},{"taxonomy":"product_cat","embeddable":true,"href":"https:\/\/agropic.it\/es\/wp-json\/wp\/v2\/product_cat?post=3080"},{"taxonomy":"product_tag","embeddable":true,"href":"https:\/\/agropic.it\/es\/wp-json\/wp\/v2\/product_tag?post=3080"}],"curies":[{"name":"wp","href":"https:\/\/api.w.org\/{rel}","templated":true}]}}