{"id":3076,"date":"2024-01-29T16:22:11","date_gmt":"2020-08-18T16:22:11","guid":{"rendered":"https:\/\/agropic.it\/prodotto\/pate-de-alcachofa-200-g\/"},"modified":"2024-05-28T08:57:58","modified_gmt":"2024-05-28T08:57:58","slug":"pate-de-alcachofa-200-g","status":"publish","type":"product","link":"https:\/\/agropic.it\/es\/producto\/pate-de-alcachofa-200-g\/","title":{"rendered":"Pat\u00e9 De Alcachofa 200g"},"content":{"rendered":"<h5>El pat\u00e9 de alcachofas Agro Pic con su inconfundible y arom\u00e1tico sabor es ideal para rellenar s\u00e1ndwiches o acompa\u00f1ar canap\u00e9s para sabrosos aperitivos. Tambi\u00e9n se puede utilizar como condimento para platos de pasta o carne.<\/h5>\n<p><strong>Formato<\/strong>: 200g<\/p>\n<p><strong>Ingredientes<\/strong>: Alcachofas 81%, aceite de oliva virgen extra, aceite de semillas de girasol, sal, or\u00e9gano, ajo, guindilla, vinagre de vino, corrector de acidez: \u00e1cido c\u00edtrico.<\/p>\n<p><strong>Valores nutricionales por 100 g de producto:<\/strong><\/p>\n<ul>\n<li>Energ\u00eda 312 Kcal \/ 1305 kj<\/li>\n<li>Prote\u00edna 1,6g<\/li>\n<li>L\u00edpidos 31,6g<\/li>\n<li>de los cuales saturados 10g<\/li>\n<li>Carbohidratos 3,3g<\/li>\n<li>de los cuales az\u00facares 2,4 g<\/li>\n<li>Sal 1,3g<\/li>\n<\/ul>\n<h6>\nGesti\u00f3n familiar y selecci\u00f3n de las mejores materias primas, cultivadas en las f\u00e9rtiles tierras del negocio y transformadas respetando la antigua tradici\u00f3n. Esta es la tarjeta de identidad de Agro Pic, empresa especializada en la elaboraci\u00f3n de mermeladas, zumos, salsas y encurtidos.<br \/>\nEl principal objetivo de la actividad es la valorizaci\u00f3n de los sabores y frutas de Calabria, en particular los especiales y generalmente menos conocidos, como la bergamota, una fruta con m\u00faltiples propiedades beneficiosas, \u00fanica y \u00e1cida como todo el territorio de Calabria.<br \/>\nNaturaleza, tradici\u00f3n y alta calidad son los ingredientes del \u00e9xito de Agro Pic.<br \/>\nPara cualquier informaci\u00f3n sobre nuestros productos no dude en contactarnos:<br \/>\nCel 349 5651669<br \/>\nTel\u00e9fono 0964 1955229<br \/>\ninfo@agropic.it<\/h6>\n<h6>Es posible adquirir nuestros productos a trav\u00e9s de este sitio o por correo electr\u00f3nico escribiendo a info@agropic.it o por tel\u00e9fono llamando al n\u00famero 349 56 51 669. Una vez realizado el pago, su pedido le ser\u00e1 entregado en un plazo de 4-5 d\u00edas.<\/h6>\n","protected":false},"excerpt":{"rendered":"<p><strong>El pat\u00e9 de alcachofas Agro Pic con su inconfundible y arom\u00e1tico sabor es ideal para rellenar s\u00e1ndwiches o acompa\u00f1ar canap\u00e9s para sabrosos aperitivos. Tambi\u00e9n se puede utilizar como condimento para platos de pasta o carne.<\/strong><\/p>\n<p><strong>Formato<\/strong>: 200g<\/p>\n<p><strong>Ingredientes<\/strong>: Alcachofas 81%, aceite de oliva virgen extra, aceite de semillas de girasol, sal, or\u00e9gano, ajo, guindilla, vinagre de vino, corrector de acidez: \u00e1cido c\u00edtrico.&hellip; <a class=\"kt-excerpt-readmore more-link\" href=\"https:\/\/agropic.it\/es\/producto\/pate-de-alcachofa-200-g\/\" aria-label=\"Pat\u00e9 De Alcachofa 200g\">Leer m\u00e1s<\/a><\/p>\n","protected":false},"featured_media":7146,"comment_status":"closed","ping_status":"closed","template":"","meta":{"kt_blocks_editor_width":"","_kad_blocks_custom_css":"","_kad_blocks_head_custom_js":"","_kad_blocks_body_custom_js":"","_kad_blocks_footer_custom_js":""},"product_brand":[],"product_cat":[249],"product_tag":[],"class_list":{"0":"post-3076","1":"product","2":"type-product","3":"status-publish","4":"has-post-thumbnail","6":"product_cat-pate-y-cremas-untables","8":"first","9":"instock","10":"shipping-taxable","11":"purchasable","12":"product-type-simple"},"taxonomy_info":{"product_cat":[{"value":249,"label":"Pat\u00e9 y cremas untables"}]},"featured_image_src_large":["https:\/\/agropic.it\/wp-content\/uploads\/2023\/03\/Pate-di-carciofi-960x960.webp",960,960,true],"author_info":[],"comment_info":0,"_links":{"self":[{"href":"https:\/\/agropic.it\/es\/wp-json\/wp\/v2\/product\/3076","targetHints":{"allow":["GET"]}}],"collection":[{"href":"https:\/\/agropic.it\/es\/wp-json\/wp\/v2\/product"}],"about":[{"href":"https:\/\/agropic.it\/es\/wp-json\/wp\/v2\/types\/product"}],"replies":[{"embeddable":true,"href":"https:\/\/agropic.it\/es\/wp-json\/wp\/v2\/comments?post=3076"}],"wp:featuredmedia":[{"embeddable":true,"href":"https:\/\/agropic.it\/es\/wp-json\/wp\/v2\/media\/7146"}],"wp:attachment":[{"href":"https:\/\/agropic.it\/es\/wp-json\/wp\/v2\/media?parent=3076"}],"wp:term":[{"taxonomy":"product_brand","embeddable":true,"href":"https:\/\/agropic.it\/es\/wp-json\/wp\/v2\/product_brand?post=3076"},{"taxonomy":"product_cat","embeddable":true,"href":"https:\/\/agropic.it\/es\/wp-json\/wp\/v2\/product_cat?post=3076"},{"taxonomy":"product_tag","embeddable":true,"href":"https:\/\/agropic.it\/es\/wp-json\/wp\/v2\/product_tag?post=3076"}],"curies":[{"name":"wp","href":"https:\/\/api.w.org\/{rel}","templated":true}]}}