{"id":3004,"date":"2024-01-31T09:02:46","date_gmt":"2024-01-31T09:02:46","guid":{"rendered":"https:\/\/agropic.it\/prodotto\/cebollas-rojas-agridulces-200-g\/"},"modified":"2026-03-10T16:12:27","modified_gmt":"2026-03-10T16:12:27","slug":"filetes-de-cebolla-agridulce","status":"publish","type":"product","link":"https:\/\/agropic.it\/es\/producto\/filetes-de-cebolla-agridulce\/","title":{"rendered":"Cebollas agridulces fileteadas 180g"},"content":{"rendered":"<h5><strong>Cebollas rojas agridulces <\/strong><strong>en filetes <\/strong> <strong>son una conserva t\u00edpica de Calabria, cortados en filetes y cocidos lentamente en una mezcla de az\u00facar y vinagre. Ideales para crear sabrosos aperitivos y entrantes, tambi\u00e9n son excelentes como guarnici\u00f3n de platos principales y deliciosas en ensaladas, s\u00e1ndwiches rellenos y hamburguesas.<br \/>\n<\/strong><\/h5>\n<p><strong>Formato: <\/strong>180 g<\/p>\n<p><strong>Ingredientes:<\/strong> Cebollas rojas 75%, az\u00facar, agua, vinagre de vino blanco (vino, antioxidante: di\u00f3xido de azufre*), sal.<br \/>\nAl\u00e9rgenos: productos con *.<\/p>\n<p><strong>Origen Cebollas:<\/strong> Italia (Calabria)<\/p>\n<p><strong>Conservaci\u00f3n:<\/strong> Almacenar en un lugar seco y fresco, alejado de la luz solar directa o de fuentes de calor. Una vez abierto, consumir en pocos d\u00edas. <\/p>\n<p><strong>Valores nutricionales por 100 g de producto:<\/strong><\/p>\n<ul>\n<li>Energ\u00eda: 106 kcal &#8211; 444 kj<\/li>\n<li>Prote\u00ednas: 0,76 g<\/li>\n<li>L\u00edpidos 8,47 g<\/li>\n<li>de los cuales saturados 1,2g<\/li>\n<li>Gl\u00facidos: 8 g<\/li>\n<li>de los cuales az\u00facares 2,94 g<\/li>\n<li>Sal 0,2 g<\/li>\n<\/ul>\n<p>Las <strong>cebollas rojas fileteadas agridulces<\/strong> son un aperitivo o guarnici\u00f3n t\u00edpico italiano, especialmente apreciado por el contraste de sabores entre dulce y \u00e1cido. Se preparan cortando las cebollas en rodajas finas (filetes) y marin\u00e1ndolas en una mezcla de vinagre, az\u00facar y otras especias, lo que crea un equilibrio de sabores que hace que el plato sea fresco y sabroso. <\/p>\n<h3>Usos:<\/h3>\n<p>Las cebollas agridulces son excelentes como:<\/p>\n<ul>\n<li><strong>Guarnici\u00f3n<\/strong> para carne a la parrilla, asada o guisada.<\/li>\n<li><strong>Aperitivo<\/strong> para servir con queso, embutidos o pan.<\/li>\n<li><strong>Aderezo<\/strong> para ensaladas, s\u00e1ndwiches o bruschettas.<\/li>\n<\/ul>\n<p>Es un plato vers\u00e1til que puede prepararse con antelaci\u00f3n y guardarse en el frigor\u00edfico, mejorando con el tiempo.<\/p>\n<p><strong>Gesti\u00f3n familiar y selecci\u00f3n de las mejores materias primas<\/strong>, cultivadas en la f\u00e9rtil tierra de la empresa y procesadas seg\u00fan la antigua tradici\u00f3n.<\/p>\n<p>Adem\u00e1s de las cebollas agridulces fileteadas, ofrecemos una amplia gama de productos, todos ellos elaborados en fresco y con m\u00e9todos artesanales de sabor inconfundible, como zumos de frutas, confituras y mermeladas de frutas de temporada, pur\u00e9s de tomate, cremas, miel y conservas en aceite.<\/p>\n<p><strong>El objetivo principal de la actividad es valorizar los sabores y las frutas de Calabria, en particular los que son especiales y normalmente menos conocidos<\/strong>, como la bergamota, una fruta con m\u00faltiples propiedades beneficiosas, tan \u00fanica y \u00e1cida como todo el territorio calabr\u00e9s.<\/p>\n<p>Aportamos productos genuinos de alta calidad a partir de una selecci\u00f3n cuidadosa y controlada de materias primas, muchas de las cuales cultivamos directamente y obtenemos sin utilizar productos qu\u00edmicos.<\/p>\n<p>Naturaleza, tradici\u00f3n y alta calidad son los ingredientes del \u00e9xito de Agro Pic.<\/p>\n<h5><strong>Cebollas rojas agridulces <\/strong><strong>en filetes <\/strong> <strong>son una conserva t\u00edpica de Calabria, cortados en filetes y cocidos lentamente en una mezcla de az\u00facar y vinagre. Ideales para crear sabrosos aperitivos y entrantes, tambi\u00e9n son excelentes como guarnici\u00f3n de platos principales y deliciosas en ensaladas, s\u00e1ndwiches rellenos y hamburguesas. <\/strong><\/h5>\n<p>Las <strong>cebollas rojas fileteadas agridulces<\/strong> son un aperitivo o guarnici\u00f3n t\u00edpico italiano, especialmente popular por el contraste de sabores entre dulce y \u00e1cido. Se preparan cortando las cebollas en rodajas finas (filetes) y marin\u00e1ndolas en una mezcla de vinagre, az\u00facar y otras especias, lo que crea un equilibrio de sabores que hace que el plato sea fresco y sabroso. <\/p>\n<p>S\u00edguenos en INSTAGRAM para descubrir todas las novedades de Agro Pic<\/p>\n<p><a href=\"https:\/\/www.instagram.com\/agropic\/\" target=\"_blank\" rel=\"noopener\">https:\/\/www.instagram.com\/agropic\/<\/a><\/p>\n<p><strong>Para cualquier informaci\u00f3n sobre nuestros productos, no dudes en <a href=\"https:\/\/www.agropic.it\/contatti\/\">ponerte en contacto con nosotros:<\/a><\/strong><\/p>\n<p>c\u00e9lula. 3495651669<\/p>\n<p>direcci\u00f3n de correo electr\u00f3nico: info@agropic.it<\/p>\n<p>Tel. 0964 1955229<\/p>\n","protected":false},"excerpt":{"rendered":"<p><strong>Cebollas rojas agridulces<\/strong><\/p>\n<h6><strong>Las cebollas rojas fileteadas agridulces 180 g son una conserva t\u00edpica de Calabria, cortadas en filetes y cocidas lentamente en una mezcla de az\u00facar y vinagre. Ideales para crear sabrosos aperitivos y entrantes, tambi\u00e9n son excelentes como guarnici\u00f3n de platos principales y deliciosas en ensaladas, s\u00e1ndwiches rellenos y hamburguesas.<br \/>\n<\/strong><\/h6>\n<p><strong>Formato:<\/strong> 180 g<\/p>\n<p><strong>Origen Cebollas:<\/strong> Italia (Calabria)<\/p>\n<p>Lee la descripci\u00f3n completa a continuaci\u00f3n.<\/p>\n<p>&nbsp;<\/p>\n<p><strong>Compra ahora y rec\u00edbelo en tu casa en 2-3 d\u00edas.<\/strong>&hellip; <a class=\"kt-excerpt-readmore more-link\" href=\"https:\/\/agropic.it\/es\/producto\/filetes-de-cebolla-agridulce\/\" aria-label=\"Cebollas agridulces fileteadas 180g\">Leer m\u00e1s<\/a><\/p>\n","protected":false},"featured_media":6961,"comment_status":"closed","ping_status":"closed","template":"","meta":{"kt_blocks_editor_width":"","_kad_blocks_custom_css":"","_kad_blocks_head_custom_js":"","_kad_blocks_body_custom_js":"","_kad_blocks_footer_custom_js":""},"product_brand":[],"product_cat":[268],"product_tag":[1158,1160,1162,1159,1161],"class_list":{"0":"post-3004","1":"product","2":"type-product","3":"status-publish","4":"has-post-thumbnail","6":"product_cat-conservas-en-aceite-y-agridulces","7":"product_tag-cebollas","8":"product_tag-cebollas-agridulces","9":"product_tag-cebollas-agridulces-fileteadas","10":"product_tag-cebollas-caramelizadas","11":"product_tag-cebollas-rojas-fileteadas-agridulces","13":"first","14":"instock","15":"shipping-taxable","16":"purchasable","17":"product-type-simple"},"taxonomy_info":{"product_cat":[{"value":268,"label":"Conservas en aceite y agridulces"}],"product_tag":[{"value":1158,"label":"cebollas"},{"value":1160,"label":"cebollas agridulces"},{"value":1162,"label":"cebollas agridulces fileteadas"},{"value":1159,"label":"cebollas caramelizadas"},{"value":1161,"label":"cebollas rojas fileteadas agridulces"}]},"featured_image_src_large":["https:\/\/agropic.it\/wp-content\/uploads\/2023\/03\/Cipolle-a-filetti-in-agrodolce-960x960.webp",960,960,true],"author_info":[],"comment_info":0,"_links":{"self":[{"href":"https:\/\/agropic.it\/es\/wp-json\/wp\/v2\/product\/3004","targetHints":{"allow":["GET"]}}],"collection":[{"href":"https:\/\/agropic.it\/es\/wp-json\/wp\/v2\/product"}],"about":[{"href":"https:\/\/agropic.it\/es\/wp-json\/wp\/v2\/types\/product"}],"replies":[{"embeddable":true,"href":"https:\/\/agropic.it\/es\/wp-json\/wp\/v2\/comments?post=3004"}],"wp:featuredmedia":[{"embeddable":true,"href":"https:\/\/agropic.it\/es\/wp-json\/wp\/v2\/media\/6961"}],"wp:attachment":[{"href":"https:\/\/agropic.it\/es\/wp-json\/wp\/v2\/media?parent=3004"}],"wp:term":[{"taxonomy":"product_brand","embeddable":true,"href":"https:\/\/agropic.it\/es\/wp-json\/wp\/v2\/product_brand?post=3004"},{"taxonomy":"product_cat","embeddable":true,"href":"https:\/\/agropic.it\/es\/wp-json\/wp\/v2\/product_cat?post=3004"},{"taxonomy":"product_tag","embeddable":true,"href":"https:\/\/agropic.it\/es\/wp-json\/wp\/v2\/product_tag?post=3004"}],"curies":[{"name":"wp","href":"https:\/\/api.w.org\/{rel}","templated":true}]}}