{"id":2996,"date":"2024-01-28T08:12:37","date_gmt":"2021-01-19T08:12:37","guid":{"rendered":"https:\/\/agropic.it\/prodotto\/mermelada-extra-de-naranja-220-g\/"},"modified":"2024-06-11T09:28:03","modified_gmt":"2024-06-11T09:28:03","slug":"mermelada-extra-de-naranja-220-g","status":"publish","type":"product","link":"https:\/\/agropic.it\/es\/producto\/mermelada-extra-de-naranja-220-g\/","title":{"rendered":"Mermelada de Naranja 220g"},"content":{"rendered":"<h5>\u00a1Nuestra mermelada de naranja est\u00e1 elaborada exclusivamente con naranjas 100% de Calabria! Seleccionamos las mejores naranjas y las m\u00e1s maduras, y en el km 0. Preparamos nuestra mermelada de naranja a fuego lento hasta obtener una consistencia untable y de sabor agridulce.<\/h5>\n<p><strong>Formato<\/strong>: 220g<\/p>\n<p><strong>Ingredientes<\/strong>: Naranjas 70%, az\u00facar, espesante: pectina.<\/p>\n<p>Sin conservantes y sin colorantes<\/p>\n<p><strong>Naranja Origen<\/strong>: ITALIA (CALABRIA)<\/p>\n<p><strong>Almacenamiento<\/strong>: Almacenar en un lugar fresco y seco, alejado de la luz solar y fuentes de calor. Una vez abierto guardar en el frigor\u00edfico y consumir en unos d\u00edas.<\/p>\n<p><strong>Valores nutricionales por 100g de producto:<\/strong><\/p>\n<ul>\n<li>Valor energ\u00e9tico 222 Kcal 929 Kj<\/li>\n<li>Prote\u00edna: 0,5<\/li>\n<li>L\u00edpidos: 0,1<\/li>\n<li>de los cuales grasa: 0<\/li>\n<li>Carbohidratos: 53<\/li>\n<li>de los cuales az\u00facares 45<\/li>\n<li>Sal 0,1<\/li>\n<\/ul>\n<p><strong>Las naranjas son ricas en vitamina C, que fortalece el sistema inmunol\u00f3gico previniendo las enfermedades invernales, y en potasio, que es un v\u00e1lido aliado del coraz\u00f3n y de la circulaci\u00f3n.<\/strong><br \/>\n<strong>Las naranjas tambi\u00e9n ayudan con los problemas de estre\u00f1imiento porque son ricas en fibra.<\/strong><br \/>\n<strong>Estudios recientes revelan sus propiedades anticancer\u00edgenas y beneficiosas para la mente ya que mejoran las funciones cognitivas.<\/strong><\/p>\n<p><strong>Gesti\u00f3n familiar y selecci\u00f3n de las mejores materias primas<\/strong>, cultivadas en las f\u00e9rtiles tierras del negocio y transformadas respetando la antigua tradici\u00f3n. Esta es la tarjeta de identidad de Agro Pic, empresa especializada en la elaboraci\u00f3n de mermeladas, zumos, salsas y encurtidos.<\/p>\n<p><strong>El principal objetivo de la actividad es la valorizaci\u00f3n de los sabores y frutas de Calabria, en particular los especiales y generalmente menos conocidos<\/strong>, como la bergamota, una fruta con m\u00faltiples propiedades beneficiosas, \u00fanica y \u00e1cida como todo el territorio de Calabria.<\/p>\n<p>Naturaleza, tradici\u00f3n y alta calidad son los ingredientes del \u00e9xito de Agro Pic.<\/p>\n<p><strong>Para cualquier informaci\u00f3n sobre nuestros productos no dude en contactarnos:<\/strong><\/p>\n<p>Cel 349 5651669<\/p>\n<p>Tel\u00e9fono 0964 1955229<\/p>\n<p>info@agropic.it<\/p>\n","protected":false},"excerpt":{"rendered":"<p>\u00a1Nuestra mermelada de naranja est\u00e1 elaborada exclusivamente con naranjas 100% de Calabria! Seleccionamos las mejores naranjas y las m\u00e1s maduras, y en el km 0. Preparamos nuestra mermelada de naranja a fuego lento hasta obtener una consistencia untable y de sabor agridulce.<\/p>\n<p><strong>Formato<\/strong>: 220g<\/p>\n<p><strong>Ingredientes<\/strong>: Naranjas 70%, az\u00facar, espesante: pectina.<\/p>\n<p>Sin conservantes y sin colorantes<\/p>\n<p><strong>Naranja Origen<\/strong>: ITALIA (CALABRIA)&hellip; <a class=\"kt-excerpt-readmore more-link\" href=\"https:\/\/agropic.it\/es\/producto\/mermelada-extra-de-naranja-220-g\/\" aria-label=\"Mermelada de Naranja 220g\">Leer m\u00e1s<\/a><\/p>\n","protected":false},"featured_media":7036,"comment_status":"closed","ping_status":"closed","template":"","meta":{"kt_blocks_editor_width":"","_kad_blocks_custom_css":"","_kad_blocks_head_custom_js":"","_kad_blocks_body_custom_js":"","_kad_blocks_footer_custom_js":""},"product_brand":[],"product_cat":[265],"product_tag":[528],"class_list":{"0":"post-2996","1":"product","2":"type-product","3":"status-publish","4":"has-post-thumbnail","6":"product_cat-mermeladas-y-confituras","7":"product_tag-mermelada","9":"first","10":"instock","11":"shipping-taxable","12":"purchasable","13":"product-type-simple"},"taxonomy_info":{"product_cat":[{"value":265,"label":"Mermeladas y Confituras"}],"product_tag":[{"value":528,"label":"mermelada"}]},"featured_image_src_large":["https:\/\/agropic.it\/wp-content\/uploads\/2023\/03\/Marmellata-di-arance-960x960.webp",960,960,true],"author_info":[],"comment_info":0,"_links":{"self":[{"href":"https:\/\/agropic.it\/es\/wp-json\/wp\/v2\/product\/2996","targetHints":{"allow":["GET"]}}],"collection":[{"href":"https:\/\/agropic.it\/es\/wp-json\/wp\/v2\/product"}],"about":[{"href":"https:\/\/agropic.it\/es\/wp-json\/wp\/v2\/types\/product"}],"replies":[{"embeddable":true,"href":"https:\/\/agropic.it\/es\/wp-json\/wp\/v2\/comments?post=2996"}],"wp:featuredmedia":[{"embeddable":true,"href":"https:\/\/agropic.it\/es\/wp-json\/wp\/v2\/media\/7036"}],"wp:attachment":[{"href":"https:\/\/agropic.it\/es\/wp-json\/wp\/v2\/media?parent=2996"}],"wp:term":[{"taxonomy":"product_brand","embeddable":true,"href":"https:\/\/agropic.it\/es\/wp-json\/wp\/v2\/product_brand?post=2996"},{"taxonomy":"product_cat","embeddable":true,"href":"https:\/\/agropic.it\/es\/wp-json\/wp\/v2\/product_cat?post=2996"},{"taxonomy":"product_tag","embeddable":true,"href":"https:\/\/agropic.it\/es\/wp-json\/wp\/v2\/product_tag?post=2996"}],"curies":[{"name":"wp","href":"https:\/\/api.w.org\/{rel}","templated":true}]}}