{"id":2972,"date":"2024-01-30T10:14:43","date_gmt":"2021-01-20T10:14:43","guid":{"rendered":"https:\/\/agropic.it\/prodotto\/miel-milflores-500-g\/"},"modified":"2024-05-21T10:43:15","modified_gmt":"2024-05-21T10:43:15","slug":"miel-milflores-500-g","status":"publish","type":"product","link":"https:\/\/agropic.it\/es\/producto\/miel-milflores-500-g\/","title":{"rendered":"Miel de flores silvestres 500g"},"content":{"rendered":"<p>Miel de flores silvestres 500g<\/p>\n<h5><strong>La miel de flores silvestres es producida por abejas que recolectan n\u00e9ctar de una amplia gama de flores, creando una mezcla diversa de sabores y aromas. El resultado es una miel caracterizada por un dulzor equilibrado, ideal para endulzar de forma natural leches, infusiones y t\u00e9, o se puede untar directamente sobre pan o quesos frescos y curados. Adem\u00e1s, tambi\u00e9n se puede utilizar para enriquecer y crear diversas preparaciones dulces y saladas.<\/strong><\/h5>\n<p><strong>Formato<\/strong>: 500g<\/p>\n<p><strong>Ingredientes<\/strong>: 100% Miel Millefiori de Calabria<\/p>\n<p>Cualquier solidificaci\u00f3n de la miel garantiza la autenticidad del producto al ser un proceso natural.<\/p>\n<p><strong>Almacenamiento<\/strong>: Almacenar en un lugar fresco y seco, alejado de la luz directa y de fuentes de calor.<\/p>\n<p><strong>Valores nutricionales por 100g de producto:<\/strong><\/p>\n<ul>\n<li>Energ\u00eda 304 kcal 1270 kj<\/li>\n<li>Prote\u00edna 0,4 g<\/li>\n<li>L\u00edpidos 0 g<\/li>\n<li>de los cuales saturados 0 g<\/li>\n<li>Hidratos de carbono 80,3 g<\/li>\n<li>de los cuales az\u00facares 80,3 g<\/li>\n<li>Sal 10 gramos<\/li>\n<\/ul>\n<p>La miel de flores silvestres es rica en nutrientes y es un edulcorante y energizante natural. Excelente para aliviar la tos y resfriados durante el periodo invernal y para combatir las alergias estacionales, tambi\u00e9n se utiliza para depurar el h\u00edgado y mejorar la funcionalidad del sistema digestivo, adem\u00e1s es el aliado perfecto para el cuidado del cabello y la piel.<\/p>\n<p>La Miel de Flores Silvestres de Agro Pic no est\u00e1 sometida a ning\u00fan procesamiento industrial para conservar todas sus propiedades curativas.<\/p>\n<p><strong>Gesti\u00f3n familiar y selecci\u00f3n de las mejores materias primas<\/strong>, cultivadas en las f\u00e9rtiles tierras del negocio y transformadas respetando la antigua tradici\u00f3n. Esta es la tarjeta de identidad de Agro Pic, empresa especializada en la elaboraci\u00f3n de mermeladas, zumos, salsas y encurtidos.<\/p>\n<p><strong>El principal objetivo de la actividad es realzar los sabores y frutas de Calabria, en particular los especiales y generalmente menos conocidos,<\/strong> como la bergamota, una fruta con m\u00faltiples propiedades beneficiosas, \u00fanica y \u00e1cida como todo el territorio de Calabria.<\/p>\n<p>Naturaleza, tradici\u00f3n y alta calidad son los ingredientes del \u00e9xito de Agro Pic.<\/p>\n<p><strong>Para cualquier informaci\u00f3n sobre nuestros productos no dude en contactarnos:<\/strong><\/p>\n<p>Es posible adquirir nuestros productos a trav\u00e9s de este sitio o por correo electr\u00f3nico escribiendo a info@agropic.it o por tel\u00e9fono llamando al n\u00famero 349 56 51 669. Una vez realizado el pago, su pedido le ser\u00e1 entregado en un plazo de 4-5 d\u00edas.<\/p>\n","protected":false},"excerpt":{"rendered":"<p><strong>La miel de flores silvestres es producida por abejas que recolectan n\u00e9ctar de una amplia gama de flores, creando una mezcla diversa de sabores y aromas. El resultado es una miel caracterizada por un dulzor equilibrado, ideal para endulzar de forma natural leches, infusiones y t\u00e9, o se puede untar directamente sobre pan o quesos frescos y curados. Adem\u00e1s, tambi\u00e9n se puede utilizar para enriquecer y crear diversas preparaciones dulces y saladas.<\/strong><\/p>\n<p><strong>Formato<\/strong>: 500g<\/p>\n<p><strong>Ingredientes<\/strong>: 100% Miel Millefiori de Calabria<\/p>\n<p>Lea la descripci\u00f3n completa a continuaci\u00f3n<\/p>\n<p><strong>C\u00f3mpralo ahora y rec\u00edbelo directamente en tu casa en 4-5 d\u00edas.<\/strong>&hellip; <a class=\"kt-excerpt-readmore more-link\" href=\"https:\/\/agropic.it\/es\/producto\/miel-milflores-500-g\/\" aria-label=\"Miel de flores silvestres 500g\">Leer m\u00e1s<\/a><\/p>\n","protected":false},"featured_media":7626,"comment_status":"closed","ping_status":"closed","template":"","meta":{"kt_blocks_editor_width":"","_kad_blocks_custom_css":"","_kad_blocks_head_custom_js":"","_kad_blocks_body_custom_js":"","_kad_blocks_footer_custom_js":""},"product_brand":[],"product_cat":[257],"product_tag":[473,474],"class_list":{"0":"post-2972","1":"product","2":"type-product","3":"status-publish","4":"has-post-thumbnail","6":"product_cat-miel-es","7":"product_tag-carino","8":"product_tag-miel-de-calabria","10":"first","11":"instock","12":"shipping-taxable","13":"purchasable","14":"product-type-simple"},"taxonomy_info":{"product_cat":[{"value":257,"label":"Miel"}],"product_tag":[{"value":473,"label":"cari\u00f1o"},{"value":474,"label":"Miel de Calabria"}]},"featured_image_src_large":["https:\/\/agropic.it\/wp-content\/uploads\/2022\/12\/MIELE-MILLEFIORI-500-g-1-960x960.jpg",960,960,true],"author_info":[],"comment_info":0,"_links":{"self":[{"href":"https:\/\/agropic.it\/es\/wp-json\/wp\/v2\/product\/2972","targetHints":{"allow":["GET"]}}],"collection":[{"href":"https:\/\/agropic.it\/es\/wp-json\/wp\/v2\/product"}],"about":[{"href":"https:\/\/agropic.it\/es\/wp-json\/wp\/v2\/types\/product"}],"replies":[{"embeddable":true,"href":"https:\/\/agropic.it\/es\/wp-json\/wp\/v2\/comments?post=2972"}],"wp:featuredmedia":[{"embeddable":true,"href":"https:\/\/agropic.it\/es\/wp-json\/wp\/v2\/media\/7626"}],"wp:attachment":[{"href":"https:\/\/agropic.it\/es\/wp-json\/wp\/v2\/media?parent=2972"}],"wp:term":[{"taxonomy":"product_brand","embeddable":true,"href":"https:\/\/agropic.it\/es\/wp-json\/wp\/v2\/product_brand?post=2972"},{"taxonomy":"product_cat","embeddable":true,"href":"https:\/\/agropic.it\/es\/wp-json\/wp\/v2\/product_cat?post=2972"},{"taxonomy":"product_tag","embeddable":true,"href":"https:\/\/agropic.it\/es\/wp-json\/wp\/v2\/product_tag?post=2972"}],"curies":[{"name":"wp","href":"https:\/\/api.w.org\/{rel}","templated":true}]}}