{"id":2940,"date":"2024-01-29T13:49:41","date_gmt":"2021-04-21T13:49:41","guid":{"rendered":"https:\/\/agropic.it\/prodotto\/salsa-lista-picante-a-la-calabrese\/"},"modified":"2024-05-30T09:12:25","modified_gmt":"2024-05-30T09:12:25","slug":"salsa-lista-picante-a-la-calabrese","status":"publish","type":"product","link":"https:\/\/agropic.it\/es\/producto\/salsa-lista-picante-a-la-calabrese\/","title":{"rendered":"Salsa calabresa picante preparada 300g"},"content":{"rendered":"<h4>Salsa calabresa picante preparada.<\/h4>\n<h5>Todo el sabor de Calabria en una salsa calabresa picante ya preparada, r\u00e1pida y vers\u00e1til. Disfrute de la comodidad de una salsa sabrosa y picante sin tener que preparar todo desde cero y transforme su plato de pasta en una experiencia culinaria llena de sabor.<br \/>\nSin conservantes, sin colorantes y sin espesantes<\/h5>\n<p><strong>Formato<\/strong>: 300g<\/p>\n<p><strong>Ingredientes<\/strong>: Tomate 92%, guindilla 5%, aceite de oliva virgen extra, ajo, perejil, corrector de acidez: \u00e1cido c\u00edtrico, sal.<\/p>\n<p><strong>Modo de empleo<\/strong>: Precalentar la salsa en una sart\u00e9n a\u00f1adiendo un poco de queso. Vierte la pasta y t\u00edrala a la sart\u00e9n para mezclar todo. Para 3-4 personas.<\/p>\n<p><strong>Almacenamiento<\/strong>: Almacenar en un lugar seco y fresco, alejado de fuentes de luz o calor. Una vez abierto consumir en unos d\u00edas.<\/p>\n<p><strong>Valores nutricionales medios por 100g:<\/strong><\/p>\n<ul>\n<li>Energ\u00eda 412,5 kj\/96 kcal<\/li>\n<li>Prote\u00edna 3,9 g<\/li>\n<li>Hidratos de carbono 18,1 g<\/li>\n<li>de los cuales az\u00facares 17,8 g<\/li>\n<li>Grasa 1,5 gramos<\/li>\n<li>de los cuales saturados 0,2 g<\/li>\n<li>Sal 2,75 gramos<\/li>\n<\/ul>\n<p><strong>Gesti\u00f3n familiar y selecci\u00f3n de las mejores materias primas<\/strong>, cultivadas en las f\u00e9rtiles tierras del negocio y transformadas respetando la antigua tradici\u00f3n. Esta es la tarjeta de identidad de Agro Pic, empresa especializada en la elaboraci\u00f3n de mermeladas, zumos, salsas y encurtidos.<\/p>\n<p><strong>El principal objetivo de la actividad es realzar los sabores y frutas de Calabria, en particular los especiales y generalmente menos conocidos,<\/strong> como la bergamota, una fruta con m\u00faltiples propiedades beneficiosas, \u00fanica y \u00e1cida como todo el territorio de Calabria.<\/p>\n<p>Naturaleza, tradici\u00f3n y alta calidad son los ingredientes del \u00e9xito de Agro Pic.<\/p>\n<p><strong>Para cualquier informaci\u00f3n sobre nuestros productos no dude en contactarnos:<\/strong><\/p>\n<p>Cel 349 5651669<\/p>\n<p>Tel\u00e9fono 0964 1955229<\/p>\n<p>info@agropic.it<\/p>\n","protected":false},"excerpt":{"rendered":"<p><strong>Todo el sabor de Calabria en una salsa calabresa picante ya preparada, r\u00e1pida y vers\u00e1til. Disfrute de la comodidad de una salsa sabrosa y picante sin tener que preparar todo desde cero y transforme su plato de pasta en una experiencia culinaria llena de sabor.<\/strong><\/p>\n<p>Sin conservantes, sin colorantes y sin espesantes<\/p>\n<p><strong>Formato<\/strong>: 300g<\/p>\n<p><strong>Modo de empleo<\/strong>: Precalentar la salsa en una sart\u00e9n a\u00f1adiendo un poco de queso. Vierte la pasta y mezcla todo junto. Para 3-4 personas&hellip; <a class=\"kt-excerpt-readmore more-link\" href=\"https:\/\/agropic.it\/es\/producto\/salsa-lista-picante-a-la-calabrese\/\" aria-label=\"Salsa calabresa picante preparada 300g\">Leer m\u00e1s<\/a><\/p>\n","protected":false},"featured_media":2941,"comment_status":"closed","ping_status":"closed","template":"","meta":{"kt_blocks_editor_width":"","_kad_blocks_custom_css":"","_kad_blocks_head_custom_js":"","_kad_blocks_body_custom_js":"","_kad_blocks_footer_custom_js":""},"product_brand":[],"product_cat":[245,324],"product_tag":[],"class_list":{"0":"post-2940","1":"product","2":"type-product","3":"status-publish","4":"has-post-thumbnail","6":"product_cat-zumo-de-tomate-y-salsas","7":"product_cat-productos-de-chile","9":"first","10":"instock","11":"shipping-taxable","12":"purchasable","13":"product-type-simple"},"taxonomy_info":{"product_cat":[{"value":245,"label":"Zumo de tomate y salsas"},{"value":324,"label":"Productos de chile"}]},"featured_image_src_large":["https:\/\/agropic.it\/wp-content\/uploads\/2020\/08\/3bc00b10-6048-4d2b-8e86-a9da82368223-960x963.jpg",960,963,true],"author_info":[],"comment_info":0,"_links":{"self":[{"href":"https:\/\/agropic.it\/es\/wp-json\/wp\/v2\/product\/2940","targetHints":{"allow":["GET"]}}],"collection":[{"href":"https:\/\/agropic.it\/es\/wp-json\/wp\/v2\/product"}],"about":[{"href":"https:\/\/agropic.it\/es\/wp-json\/wp\/v2\/types\/product"}],"replies":[{"embeddable":true,"href":"https:\/\/agropic.it\/es\/wp-json\/wp\/v2\/comments?post=2940"}],"wp:featuredmedia":[{"embeddable":true,"href":"https:\/\/agropic.it\/es\/wp-json\/wp\/v2\/media\/2941"}],"wp:attachment":[{"href":"https:\/\/agropic.it\/es\/wp-json\/wp\/v2\/media?parent=2940"}],"wp:term":[{"taxonomy":"product_brand","embeddable":true,"href":"https:\/\/agropic.it\/es\/wp-json\/wp\/v2\/product_brand?post=2940"},{"taxonomy":"product_cat","embeddable":true,"href":"https:\/\/agropic.it\/es\/wp-json\/wp\/v2\/product_cat?post=2940"},{"taxonomy":"product_tag","embeddable":true,"href":"https:\/\/agropic.it\/es\/wp-json\/wp\/v2\/product_tag?post=2940"}],"curies":[{"name":"wp","href":"https:\/\/api.w.org\/{rel}","templated":true}]}}