{"id":13730,"date":"2024-04-01T09:05:47","date_gmt":"2024-04-01T09:05:47","guid":{"rendered":"https:\/\/agropic.it\/prodotto\/pure-de-tomate-700-g-12-frascos\/"},"modified":"2026-03-04T16:01:38","modified_gmt":"2026-03-04T16:01:38","slug":"pure-de-tomate-700-g-12-frascos","status":"publish","type":"product","link":"https:\/\/agropic.it\/es\/producto\/pure-de-tomate-700-g-12-frascos\/","title":{"rendered":"Pur\u00e9 de tomate 700 g (12 frascos)"},"content":{"rendered":"<p><strong>Pur\u00e9 de tomate calabr\u00e9s 100% natural de 12 botellas: el aut\u00e9ntico sabor de la tradici\u00f3n<\/strong><\/p>\n<p>Descubra <strong>el pur\u00e9 de tomate<\/strong> de Calabria, 100% natural, para redescubrir el aut\u00e9ntico sabor del tomate, como hecho en casa. Elaborada seg\u00fan recetas y m\u00e9todos tradicionales, esta passata es perfecta para todos sus platos. <\/p>\n<h3>\u00bfC\u00f3mo se prepara el pur\u00e9 de tomate?<\/h3>\n<p>Nuestro <strong>pur\u00e9 de tomate<\/strong> se elabora \u00fanicamente con tomates frescos cultivados en campo abierto, cuidadosamente seleccionados y lavados. Tras la recolecci\u00f3n, se cuecen y se hacen pur\u00e9 siguiendo un antiguo m\u00e9todo familiar que preserva el sabor genuino del tomate. Su consistencia fluida y su intenso color rojo hacen que esta passata sea perfecta para todo tipo de preparaciones, desde salsas para pasta hasta pizzas, sopas y conservas.  <\/p>\n<h3>Caracter\u00edsticas del pur\u00e9 de tomate<\/h3>\n<ul>\n<li><strong>Ingrediente principal<\/strong>: salsa de tomates frescos<\/li>\n<li><strong>Consistencia<\/strong>: fluida, suave y sin semillas ni c\u00e1scaras<\/li>\n<li><strong>Sabor<\/strong>: Fresco, delicado y ligeramente \u00e1cido, con un sabor natural que se adapta a muchas preparaciones.<\/li>\n<li><strong>Utilizaci\u00f3n<\/strong>: Ideal como base para salsas, guisos, sopas, pizzas y platos de pasta<\/li>\n<\/ul>\n<h3>Un producto vers\u00e1til en la cocina<\/h3>\n<p><strong>La passata de tomate<\/strong> es un ingrediente fundamental de la cocina italiana y mediterr\u00e1nea. Su versatilidad la hace perfecta para preparar platos sencillos o elaborados, como la cl\u00e1sica salsa para pasta, la salsa bolo\u00f1esa o la pasta alla norma. <\/p>\n<h3>Ingredientes del pur\u00e9 de tomate<\/h3>\n<ul>\n<li><strong>Tomate<\/strong><\/li>\n<li><strong>Pabellones<\/strong><\/li>\n<\/ul>\n<p><strong>Origen del tomate<\/strong>: Italia (Calabria)<br \/>\n<strong>Formato<\/strong>: 700 g<br \/>\n<strong>Sin conservantes, colorantes ni espesantes<\/strong><\/p>\n<h3>Conservaci\u00f3n<\/h3>\n<p>Para garantizar su frescura, conserve la passata en un lugar fresco y seco, alejada de la luz solar directa y del calor. Una vez abierta, gu\u00e1rdela en el frigor\u00edfico y cons\u00famala en pocos d\u00edas. <\/p>\n<h3>Valores nutricionales medios por 100 g de producto<\/h3>\n<ul>\n<li><strong>Energ\u00eda<\/strong>: 38 kcal &#8211; 158 kj<\/li>\n<li><strong>L\u00edpidos<\/strong>: 0,21 g de los cuales saturados 0,029 g<\/li>\n<li><strong>Gl\u00facidos<\/strong>: 8,98 g de los cuales az\u00facares 4,83 g<\/li>\n<li><strong>Prote\u00ednas<\/strong>: 1,65 g<\/li>\n<li><strong>Sal<\/strong>: 0,40 g<\/li>\n<\/ul>\n<h3>Los beneficios del tomate<\/h3>\n<p>El tomate es el rey indiscutible de la dieta mediterr\u00e1nea. Excelente para mantener una buena forma f\u00edsica por su bajo contenido cal\u00f3rico, cuenta adem\u00e1s con numerosas propiedades beneficiosas:<\/p>\n<ul>\n<li><strong>Previene enfermedades cardiovasculares<\/strong> como el ictus y el infarto de miocardio<\/li>\n<li><strong>Rico en vitamina C<\/strong><\/li>\n<li><strong>Ayuda a prevenir el c\u00e1ncer de<\/strong> colon y de pr\u00f3stata<\/li>\n<li><strong>Prevenci\u00f3n de la osteoporosis<\/strong><\/li>\n<li><strong>Reduce el colesterol malo LDL<\/strong> y aumenta <strong>el colesterol<\/strong> bueno HDL<\/li>\n<li><strong>Protege la vista<\/strong><\/li>\n<li><strong>Tiene propiedades diur\u00e9ticas y digestivas<\/strong><\/li>\n<\/ul>\n<h3>Una tradici\u00f3n familiar con materias primas de calidad<\/h3>\n<p>Nuestra empresa se compromete a seleccionar las mejores materias primas, cultivadas en los f\u00e9rtiles suelos de Calabria, y procesadas con m\u00e9todos artesanales respetando la tradici\u00f3n familiar. Adem\u00e1s del pur\u00e9 de tomate, ofrecemos una amplia gama de productos naturales y artesanales, como zumos de fruta, mermeladas, cremas, miel y conservas en aceite. <\/p>\n<p>El principal objetivo de Agro Pic es realzar los sabores t\u00edpicos de Calabria, centr\u00e1ndose en frutas especiales como la bergamota, rica en propiedades beneficiosas y \u00fanica.<\/p>\n<h3>\u00bfPor qu\u00e9 elegir Agro Pic?<\/h3>\n<p><strong>Naturaleza, tradici\u00f3n y calidad<\/strong> son los principales ingredientes que hacen que nuestros productos sean \u00fanicos. Cada producto es el resultado de una cuidadosa selecci\u00f3n y elaboraci\u00f3n de las materias primas, muchas de las cuales son cultivadas directamente por nosotros sin utilizar productos qu\u00edmicos. <\/p>\n<p>&nbsp;<\/p>\n<hr>\n<p><strong>S\u00edguenos en Instagram<\/strong> para enterarte de todas las novedades de Agro Pic:<br \/>\n<a href=\"https:\/\/www.instagram.com\/agropic\/\" target=\"_new\" rel=\"noopener\">Instagram Agro Pic<\/a><\/p>\n<p><strong>Para cualquier informaci\u00f3n sobre nuestros productos, no dudes en <a href=\"https:\/\/www.agropic.it\/contatti\/\">ponerte en contacto con nosotros:<\/a><\/strong><\/p>\n<ul>\n<li><strong>Celda.<\/strong>: 3495651669<\/li>\n<li><strong>Correo electr\u00f3nico<\/strong>: <a rel=\"noopener\">info@agropic.it<\/a><\/li>\n<li><strong>Tel\u00e9fono<\/strong>: 0964 1955229<\/li>\n<\/ul>\n<p>&nbsp;<\/p>\n","protected":false},"excerpt":{"rendered":"<p>Pur\u00e9 de tomate de Calabria 100% natural 12 botellas. Pru\u00e9belo para redescubrir el aut\u00e9ntico sabor de un buen pur\u00e9 de tomate casero. Elaborado seg\u00fan recetas y m\u00e9todos tradicionales.  <\/p>\n<p><strong>Ingredientes:<\/strong> 100% <strong>Tomate Origen<\/strong>: ITALIA (Calabria)<\/p>\n<p>Sin conservantes, colorantes ni espesantes.<\/p>\n<p><strong>Formato:<\/strong> 700 g<\/p>\n<p>Lea la descripci\u00f3n completa del producto para obtener m\u00e1s informaci\u00f3n<\/p>\n<p><strong>\u00a1C\u00f3mprelo ahora y rec\u00edbalo en 2\/3 d\u00edas en su domicilio!<\/strong><\/p>\n<p>&nbsp;&hellip; <a class=\"kt-excerpt-readmore more-link\" href=\"https:\/\/agropic.it\/es\/producto\/pure-de-tomate-700-g-12-frascos\/\" aria-label=\"Pur\u00e9 de tomate 700 g (12 frascos)\">Leer m\u00e1s<\/a><\/p>\n","protected":false},"featured_media":7136,"comment_status":"closed","ping_status":"closed","template":"","meta":{"kt_blocks_editor_width":"","_kad_blocks_custom_css":"","_kad_blocks_head_custom_js":"","_kad_blocks_body_custom_js":"","_kad_blocks_footer_custom_js":""},"product_brand":[],"product_cat":[245],"product_tag":[1140,748],"class_list":{"0":"post-13730","1":"product","2":"type-product","3":"status-publish","4":"has-post-thumbnail","6":"product_cat-zumo-de-tomate-y-salsas","7":"product_tag-pure-de-tomate-casero","8":"product_tag-salsa-de-tomate","10":"first","11":"instock","12":"shipping-taxable","13":"purchasable","14":"product-type-simple"},"taxonomy_info":{"product_cat":[{"value":245,"label":"Zumo de tomate y salsas"}],"product_tag":[{"value":1140,"label":"pur\u00e9 de tomate casero"},{"value":748,"label":"salsa de tomate"}]},"featured_image_src_large":["https:\/\/agropic.it\/wp-content\/uploads\/2023\/03\/passata-di-pomodoro-700g-960x960.webp",960,960,true],"author_info":[],"comment_info":0,"_links":{"self":[{"href":"https:\/\/agropic.it\/es\/wp-json\/wp\/v2\/product\/13730","targetHints":{"allow":["GET"]}}],"collection":[{"href":"https:\/\/agropic.it\/es\/wp-json\/wp\/v2\/product"}],"about":[{"href":"https:\/\/agropic.it\/es\/wp-json\/wp\/v2\/types\/product"}],"replies":[{"embeddable":true,"href":"https:\/\/agropic.it\/es\/wp-json\/wp\/v2\/comments?post=13730"}],"wp:featuredmedia":[{"embeddable":true,"href":"https:\/\/agropic.it\/es\/wp-json\/wp\/v2\/media\/7136"}],"wp:attachment":[{"href":"https:\/\/agropic.it\/es\/wp-json\/wp\/v2\/media?parent=13730"}],"wp:term":[{"taxonomy":"product_brand","embeddable":true,"href":"https:\/\/agropic.it\/es\/wp-json\/wp\/v2\/product_brand?post=13730"},{"taxonomy":"product_cat","embeddable":true,"href":"https:\/\/agropic.it\/es\/wp-json\/wp\/v2\/product_cat?post=13730"},{"taxonomy":"product_tag","embeddable":true,"href":"https:\/\/agropic.it\/es\/wp-json\/wp\/v2\/product_tag?post=13730"}],"curies":[{"name":"wp","href":"https:\/\/api.w.org\/{rel}","templated":true}]}}