{"id":13717,"date":"2024-01-29T08:34:04","date_gmt":"2024-01-29T08:34:04","guid":{"rendered":"https:\/\/agropic.it\/prodotto\/miel-de-eucalipto-500-g\/"},"modified":"2026-03-04T15:53:34","modified_gmt":"2026-03-04T15:53:34","slug":"miel-de-eucalipto-500-g","status":"publish","type":"product","link":"https:\/\/agropic.it\/es\/producto\/miel-de-eucalipto-500-g\/","title":{"rendered":"Miel de eucalipto 500 g"},"content":{"rendered":"<p>Miel de eucalipto<\/p>\n<p>La miel de eucalipto es una de las mieles m\u00e1s finas. Tiene un color \u00e1mbar y un sabor intenso y bals\u00e1mico.<br \/>\nRica en propiedades beneficiosas, se consume principalmente para combatir resfriados y dolores de garganta, pero tambi\u00e9n se recomienda a quienes padecen estre\u00f1imiento o problemas de las v\u00edas urinarias. Potente antioxidante capaz de combatir el envejecimiento celular, como demuestran numerosos estudios.<br \/>\nSublime con quesos frescos y curados, pero tambi\u00e9n combina bien con platos de pescado y carne. Se recomienda consumirlo disuelto en t\u00e9, infusiones o yogur blanco.   <\/p>\n<p><span style=\"font-family: inherit; font-size: 16px;\">La miel de eucalipto es un aut\u00e9ntico tesoro de la naturaleza, elaborado con esmero y pasi\u00f3n en todas las fases de su proceso de producci\u00f3n, desde la recolecci\u00f3n hasta el envasado, pasando por la extracci\u00f3n de la miel, que se realiza con cuidado para preservar todas sus propiedades naturales. Cada paso se realiza a mano, garantizando un producto genuino y de alta calidad, rico en todas las caracter\u00edsticas que lo hacen \u00fanico y apreciado.<br \/>\nProducto 100% artesanal, monofloral y sin pasteurizar. Recibir\u00e1 en su casa un producto natural y aut\u00e9ntico, procedente de suelos libres de pesticidas y sustancias nocivas para las abejas.  <\/span><\/p>\n<p>La posible solidificaci\u00f3n de la miel garantiza la genuinidad del producto como su proceso natural.<\/p>\n<p><strong>Formato:<\/strong> 500 g<\/p>\n<p><strong>ALMACENAMIENTO:<\/strong> Almacenar en un lugar fresco y seco, alejado de la luz directa y de fuentes de calor.<\/p>\n<p><strong>Gesti\u00f3n familiar y selecci\u00f3n de las mejores materias primas<\/strong>, cultivadas en la f\u00e9rtil tierra de la empresa y procesadas seg\u00fan la antigua tradici\u00f3n.<\/p>\n<p>Adem\u00e1s de la miel de eucalipto, ofrecemos una amplia gama de productos, todos ellos reci\u00e9n elaborados de forma artesanal y con un sabor inconfundible, como zumos de frutas, confituras y mermeladas de frutas de temporada, pur\u00e9s de tomate, cremas, miel y conservas en aceite.<\/p>\n<p><strong>El objetivo principal de la actividad es valorizar los sabores y las frutas de Calabria, en particular los que son especiales y normalmente menos conocidos<\/strong>, como la bergamota, una fruta con m\u00faltiples propiedades beneficiosas, tan \u00fanica y \u00e1cida como todo el territorio calabr\u00e9s.<\/p>\n<p>Aportamos productos genuinos de alta calidad a partir de una selecci\u00f3n cuidadosa y controlada de materias primas, muchas de las cuales cultivamos directamente y obtenemos sin utilizar productos qu\u00edmicos.<\/p>\n<p>Naturaleza, tradici\u00f3n y alta calidad son los ingredientes del \u00e9xito de Agro Pic.<\/p>\n<p>S\u00edguenos en INSTAGRAM para descubrir todas las novedades de Agro Pic<\/p>\n<p><a href=\"https:\/\/www.instagram.com\/agropic\/\" target=\"_blank\" rel=\"noopener\">https:\/\/www.instagram.com\/agropic\/<\/a><\/p>\n<p><strong>Para cualquier informaci\u00f3n sobre nuestros productos, no dudes en <a href=\"https:\/\/www.agropic.it\/contatti\/\">ponerte en contacto con nosotros:<\/a><\/strong><\/p>\n<p>c\u00e9lula. 3495651669<\/p>\n<p>direcci\u00f3n de correo electr\u00f3nico: info@agropic.it<\/p>\n<p>Tel. 0964 1955229<\/p>\n","protected":false},"excerpt":{"rendered":"<p>Miel de eucalipto<\/p>\n<p>Formato de 500 g<\/p>\n<h6>La miel de eucalipto es una de las mieles m\u00e1s finas. Tiene un color \u00e1mbar y un sabor intenso y bals\u00e1mico.<br \/>\nRica en propiedades beneficiosas, se consume principalmente para combatir resfriados y dolores de garganta, pero tambi\u00e9n est\u00e1 indicada para quienes padecen estre\u00f1imiento o problemas del aparato urinario.<br \/>\nPotente antioxidante capaz de combatir el envejecimiento celular, como demuestran numerosos estudios.<br \/>\nCombina muy bien con quesos frescos y curados, pero tambi\u00e9n con primeros y segundos platos de pescado y carne. Se recomienda consumirlo disuelto en t\u00e9, infusiones o yogur blanco.  <\/h6>\n<p>Puede adquirir nuestros productos a trav\u00e9s de este sitio o por correo electr\u00f3nico escribiendo a <a href=\"mailto:info@agropic.it\">info@agropic.it<\/a> o por tel\u00e9fono llamando al <a href=\"tel:3495651669\">349 56 51 669<\/a>. Una vez efectuado el pago, su pedido se entregar\u00e1 en un plazo de 24-48 horas. <\/p>\n<p>Lea la descripci\u00f3n completa a continuaci\u00f3n.&hellip; <a class=\"kt-excerpt-readmore more-link\" href=\"https:\/\/agropic.it\/es\/producto\/miel-de-eucalipto-500-g\/\" aria-label=\"Miel de eucalipto 500 g\">Leer m\u00e1s<\/a><\/p>\n","protected":false},"featured_media":7591,"comment_status":"closed","ping_status":"closed","template":"","meta":{"kt_blocks_editor_width":"","_kad_blocks_custom_css":"","_kad_blocks_head_custom_js":"","_kad_blocks_body_custom_js":"","_kad_blocks_footer_custom_js":""},"product_brand":[],"product_cat":[257],"product_tag":[474,1123],"class_list":{"0":"post-13717","1":"product","2":"type-product","3":"status-publish","4":"has-post-thumbnail","6":"product_cat-miel-es","7":"product_tag-miel-de-calabria","8":"product_tag-miel-de-eucalipto","10":"first","11":"instock","12":"shipping-taxable","13":"purchasable","14":"product-type-simple"},"taxonomy_info":{"product_cat":[{"value":257,"label":"Miel"}],"product_tag":[{"value":474,"label":"Miel de Calabria"},{"value":1123,"label":"miel de eucalipto"}]},"featured_image_src_large":["https:\/\/agropic.it\/wp-content\/uploads\/2022\/12\/MIELE-DI-EUCALIPTO-500-g-1-960x960.jpg",960,960,true],"author_info":[],"comment_info":0,"_links":{"self":[{"href":"https:\/\/agropic.it\/es\/wp-json\/wp\/v2\/product\/13717","targetHints":{"allow":["GET"]}}],"collection":[{"href":"https:\/\/agropic.it\/es\/wp-json\/wp\/v2\/product"}],"about":[{"href":"https:\/\/agropic.it\/es\/wp-json\/wp\/v2\/types\/product"}],"replies":[{"embeddable":true,"href":"https:\/\/agropic.it\/es\/wp-json\/wp\/v2\/comments?post=13717"}],"wp:featuredmedia":[{"embeddable":true,"href":"https:\/\/agropic.it\/es\/wp-json\/wp\/v2\/media\/7591"}],"wp:attachment":[{"href":"https:\/\/agropic.it\/es\/wp-json\/wp\/v2\/media?parent=13717"}],"wp:term":[{"taxonomy":"product_brand","embeddable":true,"href":"https:\/\/agropic.it\/es\/wp-json\/wp\/v2\/product_brand?post=13717"},{"taxonomy":"product_cat","embeddable":true,"href":"https:\/\/agropic.it\/es\/wp-json\/wp\/v2\/product_cat?post=13717"},{"taxonomy":"product_tag","embeddable":true,"href":"https:\/\/agropic.it\/es\/wp-json\/wp\/v2\/product_tag?post=13717"}],"curies":[{"name":"wp","href":"https:\/\/api.w.org\/{rel}","templated":true}]}}