{"id":13713,"date":"2024-01-28T20:16:41","date_gmt":"2024-01-28T20:16:41","guid":{"rendered":"https:\/\/agropic.it\/prodotto\/zumo-de-granada-100-720ml-6-botellas\/"},"modified":"2026-03-04T15:53:32","modified_gmt":"2026-03-04T15:53:32","slug":"zumo-de-granada-100-720ml-6-botellas","status":"publish","type":"product","link":"https:\/\/agropic.it\/es\/producto\/zumo-de-granada-100-720ml-6-botellas\/","title":{"rendered":"Zumo de Granada 100% 720ml &#8211; (6 botellas)"},"content":{"rendered":"<h5>PAQUETE DE 6 BOTELLAS 720ml<\/h5>\n<p>El zumo de granada es un potente antioxidante natural rico en vitaminas y minerales, refuerza el sistema inmunitario y se consume principalmente por sus acciones antiinflamatorias, antidegenerativas y desintoxicantes. Tambi\u00e9n ayuda a reducir los niveles de colesterol en sangre. <\/p>\n<p><strong>Ingredientes:<\/strong> 100% Zumo de Granada<\/p>\n<p>Sin az\u00facares a\u00f1adidos ni conservantes<\/p>\n<p><strong>Origen de las granadas:<\/strong> Italia<\/p>\n<p><strong>Formato:<\/strong> 720 ml<\/p>\n<p><strong>Conservaci\u00f3n:<\/strong> Conservar en lugar fresco y seco, alejado de fuentes de luz o calor. Una vez abierto, conservar en el frigor\u00edfico y consumir en pocos d\u00edas. <\/p>\n<p>Los posibles sedimentos o separaciones se deben a la naturalidad del producto.<\/p>\n<p>El producto puede consumirse al natural o diluido en agua.<\/p>\n<p><strong>Valores nutricionales por 100 g de producto:<\/strong><\/p>\n<p>Energ\u00eda: 213 kj \/ 51 kcal<\/p>\n<p>Prote\u00edna 0.2g<\/p>\n<p>Carbohidratos 13g<\/p>\n<p>de los cuales az\u00facares 12,7g<\/p>\n<p>Grasa 0,2 g<\/p>\n<p>de los cuales saturados 0,2g<\/p>\n<p>Sal 2,25 mg<\/p>\n<p>Desde la antig\u00fcedad, la granada ha sido reconocida por sus numerosas cualidades nutritivas.<\/p>\n<h6>Efectos beneficiosos del zumo de granada :<\/h6>\n<ul>\n<li>\n<h5>potente antioxidante natural<\/h5>\n<\/li>\n<li>\n<h6>propiedades antiinflamatorias<\/h6>\n<\/li>\n<li>\n<h6>propiedades antidegenerativas<\/h6>\n<\/li>\n<li>\n<h6>purifica el organismo<\/h6>\n<\/li>\n<li>\n<h5>reduce los niveles de colesterol en sangre<\/h5>\n<\/li>\n<li>\n<h5>rico en vitaminas y minerales<\/h5>\n<\/li>\n<\/ul>\n<p>Haga clic a continuaci\u00f3n para descubrir todos los tipos de compra: <a href=\"\/?product_cat=prodotti-al-melograno\">https:\/\/agropic.it\/categoria-prodotto\/prodotti-al-melograno\/<\/a><\/p>\n<p><strong>Gesti\u00f3n familiar y selecci\u00f3n de las mejores materias primas<\/strong>, cultivadas en la f\u00e9rtil tierra de la empresa y procesadas seg\u00fan la antigua tradici\u00f3n.<\/p>\n<p>Adem\u00e1s del zumo de granada, ofrecemos una amplia gama de productos, todos ellos reci\u00e9n elaborados de forma artesanal y con un sabor inconfundible, como zumos de frutas, confituras y mermeladas de frutas de temporada, pur\u00e9s de tomate, cremas, miel y conservas en aceite.<\/p>\n<p><strong>El objetivo principal de la actividad es valorizar los sabores y las frutas de Calabria, en particular los que son especiales y normalmente menos conocidos<\/strong>, como la bergamota, una fruta con m\u00faltiples propiedades beneficiosas, tan \u00fanica y \u00e1cida como todo el territorio calabr\u00e9s.<\/p>\n<p>Aportamos productos genuinos de alta calidad a partir de una selecci\u00f3n cuidadosa y controlada de materias primas, muchas de las cuales cultivamos directamente y obtenemos sin utilizar productos qu\u00edmicos.<\/p>\n<p>Naturaleza, tradici\u00f3n y alta calidad son los ingredientes del \u00e9xito de Agro Pic.<\/p>\n<p>S\u00edguenos en INSTAGRAM para descubrir todas las novedades de Agro Pic<\/p>\n<p><a href=\"https:\/\/www.instagram.com\/agropic\/\" target=\"_blank\" rel=\"noopener\">https:\/\/www.instagram.com\/agropic\/<\/a><\/p>\n<p><strong>Para cualquier informaci\u00f3n sobre nuestros productos, no dudes en <a href=\"https:\/\/www.agropic.it\/contatti\/\">ponerte en contacto con nosotros:<\/a><\/strong><\/p>\n<p>c\u00e9lula. 3495651669<\/p>\n<p>direcci\u00f3n de correo electr\u00f3nico: info@agropic.it<\/p>\n<p>Tel. 0964 1955229<\/p>\n","protected":false},"excerpt":{"rendered":"<h5>PAQUETE DE 6 BOTELLAS 720ml<\/h5>\n<p>El zumo de granada es un potente antioxidante natural rico en vitaminas y minerales, refuerza el sistema inmunitario y se consume principalmente por sus acciones antiinflamatorias, antidegenerativas y desintoxicantes. Tambi\u00e9n ayuda a reducir los niveles de colesterol en sangre. <\/p>\n<p>&nbsp;<\/p>\n<p><strong>Ingredientes:<\/strong> 100% Zumo de Granada<\/p>\n<p>Sin az\u00facares a\u00f1adidos ni conservantes<\/p>\n<p><strong>Origen de las granadas:<\/strong> Italia<\/p>\n<p><strong>Formato:<\/strong> 720 ml<\/p>\n<p>Lee la descripci\u00f3n completa a continuaci\u00f3n<\/p>\n<p>&nbsp;<\/p>\n<p><strong>\u00a1C\u00f3mprelo ahora y rec\u00edbalo en su casa en 2-3 d\u00edas!<\/strong>&hellip; <a class=\"kt-excerpt-readmore more-link\" href=\"https:\/\/agropic.it\/es\/producto\/zumo-de-granada-100-720ml-6-botellas\/\" aria-label=\"Zumo de Granada 100% 720ml &#8211; (6 botellas)\">Leer m\u00e1s<\/a><\/p>\n","protected":false},"featured_media":12813,"comment_status":"closed","ping_status":"closed","template":"","meta":{"kt_blocks_editor_width":"","_kad_blocks_custom_css":"","_kad_blocks_head_custom_js":"","_kad_blocks_body_custom_js":"","_kad_blocks_footer_custom_js":""},"product_brand":[],"product_cat":[323],"product_tag":[],"class_list":{"0":"post-13713","1":"product","2":"type-product","3":"status-publish","4":"has-post-thumbnail","6":"product_cat-productos-de-granada","8":"first","9":"instock","10":"shipping-taxable","11":"purchasable","12":"product-type-simple"},"taxonomy_info":{"product_cat":[{"value":323,"label":"Productos de granada"}]},"featured_image_src_large":["https:\/\/agropic.it\/wp-content\/uploads\/2024\/01\/B0FVXT3MQ3.MAIN_-960x960.png",960,960,true],"author_info":[],"comment_info":0,"_links":{"self":[{"href":"https:\/\/agropic.it\/es\/wp-json\/wp\/v2\/product\/13713","targetHints":{"allow":["GET"]}}],"collection":[{"href":"https:\/\/agropic.it\/es\/wp-json\/wp\/v2\/product"}],"about":[{"href":"https:\/\/agropic.it\/es\/wp-json\/wp\/v2\/types\/product"}],"replies":[{"embeddable":true,"href":"https:\/\/agropic.it\/es\/wp-json\/wp\/v2\/comments?post=13713"}],"wp:featuredmedia":[{"embeddable":true,"href":"https:\/\/agropic.it\/es\/wp-json\/wp\/v2\/media\/12813"}],"wp:attachment":[{"href":"https:\/\/agropic.it\/es\/wp-json\/wp\/v2\/media?parent=13713"}],"wp:term":[{"taxonomy":"product_brand","embeddable":true,"href":"https:\/\/agropic.it\/es\/wp-json\/wp\/v2\/product_brand?post=13713"},{"taxonomy":"product_cat","embeddable":true,"href":"https:\/\/agropic.it\/es\/wp-json\/wp\/v2\/product_cat?post=13713"},{"taxonomy":"product_tag","embeddable":true,"href":"https:\/\/agropic.it\/es\/wp-json\/wp\/v2\/product_tag?post=13713"}],"curies":[{"name":"wp","href":"https:\/\/api.w.org\/{rel}","templated":true}]}}