{"id":13708,"date":"2025-08-08T12:22:04","date_gmt":"2025-08-08T12:22:04","guid":{"rendered":"https:\/\/agropic.it\/prodotto\/miel-de-naranja-500-g\/"},"modified":"2026-03-04T15:50:45","modified_gmt":"2026-03-04T15:50:45","slug":"miel-de-naranja-500-g","status":"publish","type":"product","link":"https:\/\/agropic.it\/es\/producto\/miel-de-naranja-500-g\/","title":{"rendered":"Miel de naranja 500 g"},"content":{"rendered":"<h2 data-start=\"564\" data-end=\"882\"><strong data-start=\"567\" data-end=\"592\">Miel de naranja 500 g<\/strong><\/h2>\n<p data-start=\"564\" data-end=\"882\"><strong data-start=\"567\" data-end=\"592\">Miele di Arancio 500 g<\/strong> es una excelencia de la tradici\u00f3n ap\u00edcola italiana, elaborada a partir del n\u00e9ctar de las flores de azahar cultivadas en Calabria.<br data-start=\"740\" data-end=\"743\">De color claro y aroma inconfundible, esta miel ofrece un sabor dulce y ligeramente c\u00edtrico que conquista al primer bocado.<\/p>\n<p data-start=\"884\" data-end=\"1096\">Gracias a sus propiedades naturales, la miel de naranjo es apreciada no s\u00f3lo como edulcorante natural, sino tambi\u00e9n por sus beneficios: efecto relajante, acci\u00f3n antioxidante y ayuda al bienestar general.<\/p>\n<p data-start=\"1098\" data-end=\"1217\">Perfecto para degustar a cucharadas, untado en pan y galletas, o para enriquecer infusiones, postres y recetas gourmet.<\/p>\n<p><strong>Ingredientes:<\/strong> 100% Miel de Naranja<\/p>\n<p><strong>Origen Miel:<\/strong> Italia (Calabria)<\/p>\n<p><strong>Formato:<\/strong> 500 g<\/p>\n<p>Cualquier solidificaci\u00f3n garantiza la genuinidad del producto como proceso natural; con el tiempo, la consistencia se vuelve m\u00e1s granulosa, pero este proceso no altera la calidad del producto y puede invertirse calentando suavemente el tarro.<\/p>\n<p><strong>Conservaci\u00f3n:<\/strong> Almacenar en lugar fresco y seco, alejado de la luz y de fuentes de calor.<\/p>\n<p><strong>Valores nutricionales:<\/strong><\/p>\n<ul>\n<li>Energ\u00eda: 332 kcal &#8211; 1391 kj<\/li>\n<li>Hidratos de carbono: 82,7 g<\/li>\n<li>de los cuales az\u00facares: 82,5 g<\/li>\n<li>Prote\u00ednas: 0,3 g<\/li>\n<li>Grasas: 0,1 g<\/li>\n<li>de los cuales saturados: 0,1g<\/li>\n<li>Sal: 9 mg\n<p data-start=\"564\" data-end=\"882\"><strong data-start=\"567\" data-end=\"592\">Miele di Arancio 500 g<\/strong> es una excelencia de la tradici\u00f3n ap\u00edcola italiana, elaborada a partir del n\u00e9ctar de las flores de azahar cultivadas en Calabria.<br data-start=\"740\" data-end=\"743\">De color claro y aroma inconfundible, esta miel ofrece un sabor dulce y ligeramente c\u00edtrico que conquista al primer bocado.<\/p>\n<p data-start=\"884\" data-end=\"1096\">Gracias a sus propiedades naturales, la miel de naranjo es apreciada no s\u00f3lo como edulcorante natural, sino tambi\u00e9n por sus beneficios: efecto relajante, acci\u00f3n antioxidante y ayuda al bienestar general.<\/p>\n<p data-start=\"1098\" data-end=\"1217\">Perfecto para degustar a cucharadas, untado en pan y galletas, o para enriquecer infusiones, postres y recetas gourmet.<\/p>\n<p>100% Natural, puro y calabr\u00e9s. \u00a1Descubre ahora su sublime sabor! <\/p>\n<p>Cualquier solidificaci\u00f3n garantiza la genuinidad del producto, ya que se trata de un proceso natural. Con el tiempo, la consistencia se vuelve m\u00e1s granulosa, pero este proceso no altera la calidad del producto y puede invertirse calentando suavemente el tarro.<\/li>\n<\/ul>\n<p><strong>Gesti\u00f3n familiar y selecci\u00f3n de las mejores materias primas<\/strong>, cultivadas en las f\u00e9rtiles tierras de la empresa y elaboradas respetando la tradici\u00f3n ancestral.<br \/>\nAdem\u00e1s de la miel sulla, ofrecemos una amplia gama de productos, todos elaborados a partir de productos frescos y con m\u00e9todos artesanales de sabor inconfundible, como zumos de frutas, confituras y mermeladas de frutas de temporada, pur\u00e9s de tomate, cremas, miel y conservas en aceite.<\/p>\n<p><strong>El objetivo principal de la actividad es valorizar los sabores y las frutas de Calabria, en particular los que son especiales y normalmente menos conocidos<\/strong>, como la bergamota, una fruta con m\u00faltiples propiedades beneficiosas, tan \u00fanica y \u00e1cida como todo el territorio calabr\u00e9s.<\/p>\n<p>Aportamos productos genuinos de alta calidad a partir de una selecci\u00f3n cuidadosa y controlada de materias primas, muchas de las cuales cultivamos directamente y obtenemos sin utilizar productos qu\u00edmicos.<\/p>\n<p>Naturaleza, tradici\u00f3n y alta calidad son los ingredientes del \u00e9xito de Agro Pic.<\/p>\n<p>S\u00edguenos en INSTAGRAM para descubrir todos los contenidos y novedades de Agro Pic<\/p>\n<p><a href=\"https:\/\/www.instagram.com\/agropic\/\" target=\"_blank\" rel=\"noopener\">https:\/\/www.instagram.com\/agropic\/<\/a><\/p>\n<p><strong>Para cualquier informaci\u00f3n sobre nuestros productos, no dudes en <a href=\"https:\/\/www.agropic.it\/contatti\/\">ponerte en contacto con nosotros:<\/a><\/strong><\/p>\n<p>c\u00e9lula. 3495651669<\/p>\n<p>direcci\u00f3n de correo electr\u00f3nico: info@agropic.it<\/p>\n<p>Tel. 0964 1955229<\/p>\n","protected":false},"excerpt":{"rendered":"<p data-start=\"564\" data-end=\"882\"><strong data-start=\"567\" data-end=\"592\">Miele di Arancio 500 g<\/strong> es una excelencia de la tradici\u00f3n ap\u00edcola italiana, elaborada a partir del n\u00e9ctar de las flores de azahar cultivadas en Calabria.<br data-start=\"740\" data-end=\"743\">De color claro y aroma inconfundible, esta miel ofrece un sabor dulce y ligeramente c\u00edtrico que conquista al primer bocado.<\/p>\n<p data-start=\"884\" data-end=\"1096\">Gracias a sus propiedades naturales, la miel de naranjo es apreciada no s\u00f3lo como edulcorante natural, sino tambi\u00e9n por sus beneficios: efecto relajante, acci\u00f3n antioxidante y ayuda al bienestar general.<\/p>\n<p data-start=\"1098\" data-end=\"1217\">Perfecto para degustar a cucharadas, untado en pan y galletas, o para enriquecer infusiones, postres y recetas gourmet.<\/p>\n<p><strong>Ingredientes:<\/strong> 100% Miel de Naranja<\/p>\n<p><strong>Origen Miel:<\/strong> Italia (Calabria)<\/p>\n<p><strong>Formato:<\/strong> 500 g<\/p>\n<p>Lee la descripci\u00f3n completa a continuaci\u00f3n.<\/p>\n<p>&nbsp;<\/p>\n<p><strong>C\u00f3mpralo ahora y rec\u00edbelo en tu casa en 2-3 d\u00edas.<\/strong><\/p>\n<p>&nbsp;&hellip; <a class=\"kt-excerpt-readmore more-link\" href=\"https:\/\/agropic.it\/es\/producto\/miel-de-naranja-500-g\/\" aria-label=\"Miel de naranja 500 g\">Leer m\u00e1s<\/a><\/p>\n","protected":false},"featured_media":12321,"comment_status":"closed","ping_status":"closed","template":"","meta":{"kt_blocks_editor_width":"","_kad_blocks_custom_css":"","_kad_blocks_head_custom_js":"","_kad_blocks_body_custom_js":"","_kad_blocks_footer_custom_js":""},"product_brand":[],"product_cat":[257],"product_tag":[],"class_list":{"0":"post-13708","1":"product","2":"type-product","3":"status-publish","4":"has-post-thumbnail","6":"product_cat-miel-es","8":"first","9":"instock","10":"shipping-taxable","11":"purchasable","12":"product-type-simple"},"taxonomy_info":{"product_cat":[{"value":257,"label":"Miel"}]},"featured_image_src_large":["https:\/\/agropic.it\/wp-content\/uploads\/2024\/01\/miele-di-arancio-500g-960x960.png",960,960,true],"author_info":[],"comment_info":0,"_links":{"self":[{"href":"https:\/\/agropic.it\/es\/wp-json\/wp\/v2\/product\/13708","targetHints":{"allow":["GET"]}}],"collection":[{"href":"https:\/\/agropic.it\/es\/wp-json\/wp\/v2\/product"}],"about":[{"href":"https:\/\/agropic.it\/es\/wp-json\/wp\/v2\/types\/product"}],"replies":[{"embeddable":true,"href":"https:\/\/agropic.it\/es\/wp-json\/wp\/v2\/comments?post=13708"}],"wp:featuredmedia":[{"embeddable":true,"href":"https:\/\/agropic.it\/es\/wp-json\/wp\/v2\/media\/12321"}],"wp:attachment":[{"href":"https:\/\/agropic.it\/es\/wp-json\/wp\/v2\/media?parent=13708"}],"wp:term":[{"taxonomy":"product_brand","embeddable":true,"href":"https:\/\/agropic.it\/es\/wp-json\/wp\/v2\/product_brand?post=13708"},{"taxonomy":"product_cat","embeddable":true,"href":"https:\/\/agropic.it\/es\/wp-json\/wp\/v2\/product_cat?post=13708"},{"taxonomy":"product_tag","embeddable":true,"href":"https:\/\/agropic.it\/es\/wp-json\/wp\/v2\/product_tag?post=13708"}],"curies":[{"name":"wp","href":"https:\/\/api.w.org\/{rel}","templated":true}]}}