{"id":13707,"date":"2026-02-19T08:41:08","date_gmt":"2026-02-19T08:41:08","guid":{"rendered":"https:\/\/agropic.it\/prodotto\/compota-de-mango-y-cidra-220-g\/"},"modified":"2026-03-04T15:49:37","modified_gmt":"2026-03-04T15:49:37","slug":"compota-de-mango-y-cidra-220-g","status":"publish","type":"product","link":"https:\/\/agropic.it\/es\/producto\/compota-de-mango-y-cidra-220-g\/","title":{"rendered":"Compota de mango y cidra 220 g"},"content":{"rendered":"<p data-start=\"225\" data-end=\"523\"><strong data-start=\"228\" data-end=\"262\">La Compota de Mango y Cidra 220g<\/strong> es una excelencia artesanal que combina el sabor ex\u00f3tico del mango con el aroma intenso y c\u00edtrico de la cidra de Calabria. Un producto natural, elaborado con ingredientes seleccionados y procesado seg\u00fan m\u00e9todos tradicionales, sin adici\u00f3n de conservantes ni pectina. <\/p>\n<p data-start=\"525\" data-end=\"687\">Con un sabor equilibrado entre dulce y ligeramente c\u00edtrico, esta compota es perfecta para quienes buscan un producto genuino, rico en sabor y con propiedades beneficiosas.<\/p>\n<hr data-start=\"689\" data-end=\"692\">\n<h2 data-start=\"694\" data-end=\"712\"><strong data-start=\"697\" data-end=\"712\">Ingredientes<\/strong><\/h2>\n<p data-start=\"713\" data-end=\"736\">Mango, cidra, az\u00facar.<\/p>\n<p data-start=\"738\" data-end=\"813\">\u2714 Sin conservantes<br data-start=\"757\" data-end=\"760\">\u2714 Sin pectina a\u00f1adida<br data-start=\"784\" data-end=\"787\">\u2714 Producto 100% italiano.<\/p>\n<hr data-start=\"815\" data-end=\"818\">\n<h2 data-start=\"820\" data-end=\"853\"><strong data-start=\"823\" data-end=\"853\">Caracter\u00edsticas principales<\/strong><\/h2>\n<ul data-start=\"854\" data-end=\"1054\">\n<li data-start=\"854\" data-end=\"881\">\n<p data-start=\"856\" data-end=\"881\">Artesan\u00eda<\/p>\n<\/li>\n<li data-start=\"882\" data-end=\"920\">\n<p data-start=\"884\" data-end=\"920\">Fruta seleccionada de alta calidad<\/p>\n<\/li>\n<li data-start=\"921\" data-end=\"951\">\n<p data-start=\"923\" data-end=\"951\">Alto contenido en fruta<\/p>\n<\/li>\n<li data-start=\"952\" data-end=\"1010\">\n<p data-start=\"954\" data-end=\"1010\">Sabor \u00fanico: dulzor del mango + frescor de la cidra<\/p>\n<\/li>\n<li data-start=\"1011\" data-end=\"1054\">\n<p data-start=\"1013\" data-end=\"1054\">Perfecto para combinaciones dulces y saladas<\/p>\n<\/li>\n<\/ul>\n<hr data-start=\"1056\" data-end=\"1059\">\n<h2 data-start=\"1061\" data-end=\"1085\"><strong data-start=\"1064\" data-end=\"1085\">Valores y ventajas<\/strong><\/h2>\n<p data-start=\"1086\" data-end=\"1179\">Gracias a la combinaci\u00f3n de mango y cidra, esta compota es naturalmente rica en propiedades:<\/p>\n<ol data-start=\"1181\" data-end=\"1446\">\n<li data-start=\"1181\" data-end=\"1239\">\n<p data-start=\"1184\" data-end=\"1239\">Fuente natural de vitaminas, especialmente vitamina C<\/p>\n<\/li>\n<li data-start=\"1240\" data-end=\"1298\">\n<p data-start=\"1243\" data-end=\"1298\">Rico en antioxidantes \u00fatiles contra los radicales libres<\/p>\n<\/li>\n<li data-start=\"1299\" data-end=\"1327\">\n<p data-start=\"1302\" data-end=\"1327\">Favorece la digesti\u00f3n<\/p>\n<\/li>\n<li data-start=\"1328\" data-end=\"1374\">\n<p data-start=\"1331\" data-end=\"1374\">Ayuda a reforzar el sistema inmunitario<\/p>\n<\/li>\n<li data-start=\"1375\" data-end=\"1403\">\n<p data-start=\"1378\" data-end=\"1403\">Aporta energ\u00eda y vitalidad<\/p>\n<\/li>\n<li data-start=\"1404\" data-end=\"1446\">\n<p data-start=\"1407\" data-end=\"1446\">Contribuye al bienestar de la piel<\/p>\n<\/li>\n<\/ol>\n<hr data-start=\"1448\" data-end=\"1451\">\n<h2 data-start=\"1453\" data-end=\"1474\"><strong data-start=\"1456\" data-end=\"1474\">Modalidades de uso<\/strong><\/h2>\n<p data-start=\"1475\" data-end=\"1529\">La compota de mango y cidra es extremadamente vers\u00e1til:<\/p>\n<ul data-start=\"1531\" data-end=\"1769\">\n<li data-start=\"1531\" data-end=\"1585\">\n<p data-start=\"1533\" data-end=\"1585\">Ideal para desayunar con pan y biscotes<\/p>\n<\/li>\n<li data-start=\"1586\" data-end=\"1637\">\n<p data-start=\"1588\" data-end=\"1637\">Perfecto para rellenar tartas, galletas y pasteles<\/p>\n<\/li>\n<li data-start=\"1638\" data-end=\"1695\">\n<p data-start=\"1640\" data-end=\"1695\">Excelente en combinaci\u00f3n con quesos maduros y frescos<\/p>\n<\/li>\n<li data-start=\"1696\" data-end=\"1730\">\n<p data-start=\"1698\" data-end=\"1730\">Delicioso con yogur y postre<\/p>\n<\/li>\n<li data-start=\"1731\" data-end=\"1769\">\n<p data-start=\"1733\" data-end=\"1769\">Tambi\u00e9n es perfecto para recetas gourmet<\/p>\n<\/li>\n<\/ul>\n<hr data-start=\"1771\" data-end=\"1774\">\n<h2 data-start=\"1776\" data-end=\"1808\"><strong data-start=\"1779\" data-end=\"1808\">Modos de almacenamiento<\/strong><\/h2>\n<p data-start=\"1809\" data-end=\"1967\">Cons\u00e9rvese en un lugar fresco y seco, alejado del calor y de la luz directa.<br data-start=\"1890\" data-end=\"1893\">Una vez abierto, cons\u00e9rvese en el frigor\u00edfico y cons\u00famase en pocos d\u00edas.<\/p>\n<hr data-start=\"1969\" data-end=\"1972\">\n<h2 data-start=\"1974\" data-end=\"1988\"><strong data-start=\"1977\" data-end=\"1988\">Formato<\/strong><\/h2>\n<p data-start=\"1989\" data-end=\"2004\">Tarro de 220 g<\/p>\n<hr data-start=\"2006\" data-end=\"2009\">\n<h2 data-start=\"2011\" data-end=\"2053\"><strong data-start=\"2014\" data-end=\"2053\">Por qu\u00e9 elegir nuestra compota<\/strong><\/h2>\n<p data-start=\"2054\" data-end=\"2256\">Nuestra compota nace de la pasi\u00f3n por la tierra y el respeto por la tradici\u00f3n calabresa. Seleccionamos s\u00f3lo las mejores materias primas, procesadas en fresco para preservar el sabor y las propiedades nutritivas. <\/p>\n<p data-start=\"2258\" data-end=\"2281\">Cada tarro contiene:<\/p>\n<ul data-start=\"2282\" data-end=\"2389\">\n<li data-start=\"2282\" data-end=\"2305\">\n<p data-start=\"2284\" data-end=\"2305\">Calidad artesanal<\/p>\n<\/li>\n<li data-start=\"2306\" data-end=\"2329\">\n<p data-start=\"2308\" data-end=\"2329\">Cadena de suministro controlada<\/p>\n<\/li>\n<li data-start=\"2330\" data-end=\"2349\">\n<p data-start=\"2332\" data-end=\"2349\">Sabor aut\u00e9ntico<\/p>\n<\/li>\n<li data-start=\"2350\" data-end=\"2389\">\n<p data-start=\"2352\" data-end=\"2389\">Naturalidad sin concesiones<\/p>\n<\/li>\n<\/ul>\n<hr data-start=\"2391\" data-end=\"2394\">\n<h2 data-start=\"2396\" data-end=\"2426\"><strong data-start=\"2399\" data-end=\"2426\">Tradici\u00f3n y territorio<\/strong><\/h2>\n<p data-start=\"2427\" data-end=\"2694\">Nuestros productos realzan los sabores aut\u00e9nticos de Calabria, una zona rica en biodiversidad y tradiciones agr\u00edcolas. La cidra de Calabria, s\u00edmbolo de la regi\u00f3n, se combina con el mango en una combinaci\u00f3n innovadora pero profundamente arraigada en la cultura del sabor. <\/p>\n<hr data-start=\"2696\" data-end=\"2699\">\n<h2 data-start=\"2701\" data-end=\"2739\"><strong data-start=\"2704\" data-end=\"2739\">Descubra tambi\u00e9n otros productos<\/strong><\/h2>\n<p data-start=\"2740\" data-end=\"2787\">Adem\u00e1s de la compota de mango y cidra, ofrecemos:<\/p>\n<ul data-start=\"2788\" data-end=\"2899\">\n<li data-start=\"2788\" data-end=\"2827\">\n<p data-start=\"2790\" data-end=\"2827\">Confituras y mermeladas caseras<\/p>\n<\/li>\n<li data-start=\"2828\" data-end=\"2848\">\n<p data-start=\"2830\" data-end=\"2848\">Cremas para untar<\/p>\n<\/li>\n<li data-start=\"2849\" data-end=\"2869\">\n<p data-start=\"2851\" data-end=\"2869\">Miel y conservas<\/p>\n<\/li>\n<li data-start=\"2870\" data-end=\"2899\">\n<p data-start=\"2872\" data-end=\"2899\">Productos t\u00edpicos de Calabria<\/p>\n<\/li>\n<\/ul>\n<div class=\"woocommerce-tabs wc-tabs-wrapper\">\n<div id=\"tab-description\" class=\"woocommerce-Tabs-panel woocommerce-Tabs-panel--description panel entry-content wc-tab\" role=\"tabpanel\" aria-labelledby=\"tab-title-description\">\n<p><strong>Gesti\u00f3n familiar y selecci\u00f3n de las mejores materias primas<\/strong>, cultivadas en la f\u00e9rtil tierra de la empresa y elaboradas seg\u00fan la antigua tradici\u00f3n.<\/p>\n<p>Adem\u00e1s de la compota de mango y cidra, ofrecemos una amplia gama de productos, todos ellos reci\u00e9n elaborados de forma artesanal y con un sabor inconfundible, como zumos de frutas, confituras y mermeladas de frutas de temporada, pur\u00e9s de tomate, cremas, miel y conservas en aceite.<\/p>\n<p><strong>El objetivo principal de la actividad es valorizar los sabores y las frutas de Calabria, en particular los que son especiales y normalmente menos conocidos<\/strong>, como la bergamota, una fruta con m\u00faltiples propiedades beneficiosas, tan \u00fanica y \u00e1cida como todo el territorio calabr\u00e9s.<\/p>\n<p>Aportamos productos genuinos y de alta calidad a partir de una selecci\u00f3n cuidadosa y controlada de materias primas, muchas de ellas cultivadas directamente por nosotros y obtenidas sin utilizar productos qu\u00edmicos.<\/p>\n<p>Naturaleza, tradici\u00f3n y alta calidad son los ingredientes del \u00e9xito de Agro Pic.<\/p>\n<p>S\u00edguenos en INSTAGRAM para descubrir todas las novedades de Agro Pic<\/p>\n<p><a href=\"https:\/\/www.instagram.com\/agropic\/\" target=\"_blank\" rel=\"noopener\">https:\/\/www.instagram.com\/agropic\/<\/a><\/p>\n<p><strong>Para cualquier informaci\u00f3n sobre nuestros productos, no dudes en <a href=\"https:\/\/www.agropic.it\/contatti\/\">ponerte en contacto con nosotros:<\/a><\/strong><\/p>\n<p>c\u00e9lula. 3495651669<\/p>\n<p>direcci\u00f3n de correo electr\u00f3nico: info@agropic.it<\/p>\n<p>Tel. 0964 1955229<\/p>\n<\/div>\n<\/div>\n","protected":false},"excerpt":{"rendered":"<p data-start=\"225\" data-end=\"523\"><strong data-start=\"228\" data-end=\"262\">La Compota de Mango y Cidra 220g<\/strong> es una excelencia artesanal que combina el sabor ex\u00f3tico del mango con el aroma intenso y c\u00edtrico de la cidra de Calabria. Un producto natural, elaborado con ingredientes seleccionados y procesado seg\u00fan m\u00e9todos tradicionales, sin adici\u00f3n de conservantes ni pectina. <\/p>\n<p data-start=\"525\" data-end=\"687\">Con un sabor equilibrado entre dulce y ligeramente c\u00edtrico, esta compota es perfecta para quienes buscan un producto genuino, rico en sabor y con propiedades beneficiosas.<\/p>\n<p><strong>Ingredientes:<\/strong> Mango (40%), cidra (30%), az\u00facar.<\/p>\n<p>Recomendado para desayunos y para preparar y rellenar postres como bizcochos y tartas, para acompa\u00f1ar embutidos y quesos, pero tambi\u00e9n es excelente simplemente untado en pan.Conservar en lugar fresco y una vez abierto guardar en el frigor\u00edfico.<\/p>\n<p><strong>Formato:<\/strong> 220 g<\/p>\n<p><strong>C\u00f3mpralo ahora y rec\u00edbelo en tu casa en 2-3 d\u00edas.<\/strong><\/p>\n<p>Siga leyendo la descripci\u00f3n completa a continuaci\u00f3n<\/p>\n<p data-start=\"525\" data-end=\"687\">\n<p>&hellip; <a class=\"kt-excerpt-readmore more-link\" href=\"https:\/\/agropic.it\/es\/producto\/compota-de-mango-y-cidra-220-g\/\" aria-label=\"Compota de mango y cidra 220 g\">Leer m\u00e1s<\/a><\/p>\n","protected":false},"featured_media":13537,"comment_status":"closed","ping_status":"closed","template":"","meta":{"kt_blocks_editor_width":"","_kad_blocks_custom_css":"","_kad_blocks_head_custom_js":"","_kad_blocks_body_custom_js":"","_kad_blocks_footer_custom_js":""},"product_brand":[],"product_cat":[265],"product_tag":[1112,1111],"class_list":{"0":"post-13707","1":"product","2":"type-product","3":"status-publish","4":"has-post-thumbnail","6":"product_cat-mermeladas-y-confituras","7":"product_tag-mermelada-de-cidra","8":"product_tag-mermelada-de-mango","10":"first","11":"instock","12":"shipping-taxable","13":"purchasable","14":"product-type-simple"},"taxonomy_info":{"product_cat":[{"value":265,"label":"Mermeladas y Confituras"}],"product_tag":[{"value":1112,"label":"mermelada de cidra"},{"value":1111,"label":"mermelada de mango"}]},"featured_image_src_large":["https:\/\/agropic.it\/wp-content\/uploads\/2026\/02\/Composta-di-Mango-e-Cedro-960x960.webp",960,960,true],"author_info":[],"comment_info":0,"_links":{"self":[{"href":"https:\/\/agropic.it\/es\/wp-json\/wp\/v2\/product\/13707","targetHints":{"allow":["GET"]}}],"collection":[{"href":"https:\/\/agropic.it\/es\/wp-json\/wp\/v2\/product"}],"about":[{"href":"https:\/\/agropic.it\/es\/wp-json\/wp\/v2\/types\/product"}],"replies":[{"embeddable":true,"href":"https:\/\/agropic.it\/es\/wp-json\/wp\/v2\/comments?post=13707"}],"wp:featuredmedia":[{"embeddable":true,"href":"https:\/\/agropic.it\/es\/wp-json\/wp\/v2\/media\/13537"}],"wp:attachment":[{"href":"https:\/\/agropic.it\/es\/wp-json\/wp\/v2\/media?parent=13707"}],"wp:term":[{"taxonomy":"product_brand","embeddable":true,"href":"https:\/\/agropic.it\/es\/wp-json\/wp\/v2\/product_brand?post=13707"},{"taxonomy":"product_cat","embeddable":true,"href":"https:\/\/agropic.it\/es\/wp-json\/wp\/v2\/product_cat?post=13707"},{"taxonomy":"product_tag","embeddable":true,"href":"https:\/\/agropic.it\/es\/wp-json\/wp\/v2\/product_tag?post=13707"}],"curies":[{"name":"wp","href":"https:\/\/api.w.org\/{rel}","templated":true}]}}