{"id":11350,"date":"2025-04-10T12:22:23","date_gmt":"2025-04-10T12:22:23","guid":{"rendered":"https:\/\/agropic.it\/?post_type=product&#038;p=11350"},"modified":"2025-06-19T13:31:12","modified_gmt":"2025-06-19T13:31:12","slug":"miele-di-castagno-500g","status":"publish","type":"product","link":"https:\/\/agropic.it\/es\/producto\/miele-di-castagno-500g\/","title":{"rendered":"Miele di Castagno 500g"},"content":{"rendered":"<p><span style=\"font-family: inherit; font-size: 16px; font-weight: bold;\">Il Miele di Castagno 500g \u00e8 uno dei mieli pi\u00f9 pregiati. Ha un colore scuro ed un sapore intenso e balsamico.<br \/>\n<\/span><\/p>\n<p>Il\u00a0<strong>miele di Castagno<\/strong> \u00e8 un miele monoflorale noto per il suo sapore distintivo, le sue propriet\u00e0 benefiche e l&#8217;uso versatile in cucina e nella medicina naturale. Consigliato a chi ama i mieli poco dolci e preferisce un <strong>sapore pi\u00f9 deciso<\/strong>.<\/p>\n<p><span style=\"font-family: inherit; font-size: 16px;\">Il Miele di Castagno \u00e8 un autentico tesoro della natura, lavorato con cura e passione in ogni fase del suo processo produttivo, dalla raccolta alla smielatura che avviene facendo attenzione a preservare tutte le sue propriet\u00e0 naturali, fino al confezionamento. Ogni passaggio \u00e8 eseguito a mano, garantendo un prodotto genuino e di alta qualit\u00e0, ricco di tutte le caratteristiche che lo rendono unico e pregiato.<\/span><\/p>\n<p>Prodotto 100% artigianale, monofloreale e non sottoposto a pastorizzazione. Riceverai a casa un prodotto naturale e autentico, proveniente da terreni lontani da pesticidi e sostanze dannose per le api.<\/p>\n<h5>Caratteristiche del Miele di Castagno:<\/h5>\n<ol>\n<li><strong>Colore<\/strong>: Il miele di castagno ha un colore molto scuro. \u00c8 generalmente pi\u00f9 scuro rispetto ad altri mieli.<\/li>\n<li><strong>Gusto<\/strong>: Il suo sapore non \u00e8 molto dolce, con note leggermente <b>legnose.<\/b><\/li>\n<li><strong>Aroma<\/strong>: L\u2019aroma \u00e8 piuttosto intenso, con sentori di erbe che richiamano i profumi della montagna.<\/li>\n<li><strong>Propriet\u00e0 benefiche del miele di castagno<\/strong>: Il Miele di Castagno \u00e8 un prezioso alleato per la salute, ricco di ferro, sali minerali come magnesio, potassio, sodio e calcio, che supportano il benessere generale dell&#8217;organismo. Grazie alle sue propriet\u00e0 antibatteriche e lenitive, \u00e8 ideale per alleviare la gola irritata e trattare gli stati influenzali, \u00e8 indicato anche a chi ha problema di stitichezza o dell&#8217;apparato urinario. \u00c8 un rimedio naturale che rilascia energia e supporta il recupero da affaticamento,\u00e8 un potente antiossidante in grado di combattere l&#8217;invecchiamento cellulare. Inoltre, promuove la circolazione sanguigna, depura il fegato e le vie urinarie, e facilita la digestione, rendendolo adatto anche a bambini e anziani.<\/li>\n<\/ol>\n<p><strong>Formato:<\/strong> 500g<\/p>\n<p><strong>Origine Miele:<\/strong> Italia (Calabria)<\/p>\n<p>L&#8217;eventuale solidificazione del miele di castagno garantisce la genuinit\u00e0 del prodotto in quanto suo processo naturale.<\/p>\n<p><strong>Conservazione:<\/strong> Conservare in luogo fresco e asciutto, lontano da fonti di luce e di calore dirette.<\/p>\n<p><strong>Conduzione familiare e selezione delle migliori materie prime<\/strong>, coltivate nei fertili terreni dell&#8217;attivit\u00e0 e trasformate nel rispetto dell\u2019antica tradizione.<\/p>\n<p>Oltre al miele di castagno, offriamo una vasta gamma di prodotti, tutti lavorati dal fresco e con metodi artigianali dal sapore inconfondibile come i succhi di frutta, le marmellate e confetture di frutta di stagione, le passate di pomodoro, le creme, il miele e le conserve sott&#8217;olio.<\/p>\n<p><strong>Obiettivo principe dell\u2019attivit\u00e0 \u00e8 la valorizzazione dei sapori e dei frutti della Calabria, in particolare quelli speciali e di norma meno conosciuti<\/strong>, come il bergamotto, frutto dalle molteplici propriet\u00e0 benefiche, unico e aspro come tutto il territorio calabrese.<\/p>\n<p>Portiamo sulle tavole prodotti genuini di alta qualit\u00e0, provenienti da un&#8217;accurata e controllata selezione delle materie prime, molte delle quali coltivate direttamente da noi e ottenute senza l&#8217;uso di sostanze chimiche.<\/p>\n<p>Natura, tradizione ed elevata qualit\u00e0 gli ingredienti del successo di Agro Pic.<\/p>\n<p>Seguici su INSTAGRAM per scoprire tutte le novit\u00e0 di Agro Pic<\/p>\n<p><a href=\"https:\/\/www.instagram.com\/agropic\/\" target=\"_blank\" rel=\"noopener\">https:\/\/www.instagram.com\/agropic\/<\/a><\/p>\n<p><strong>Per qualsiasi informazione sui nostri prodotti non esitare a\u00a0<a href=\"https:\/\/www.agropic.it\/contatti\/\">contattarci:<\/a><\/strong><\/p>\n<p>cell. 3495651669<\/p>\n<p>indirizzo e-mail: info@agropic.it<\/p>\n<p>Tel. 0964 1955229<\/p>\n","protected":false},"excerpt":{"rendered":"<p><span style=\"font-family: inherit; font-size: 16px; font-weight: bold;\">Il Miele di Castagno \u00e8 uno dei mieli pi\u00f9 pregiati. Ha un colore scuro ed un sapore intenso e balsamico.<br \/>\n<\/span><\/p>\n<p>Il\u00a0<strong>miele di Castagno<\/strong> \u00e8 un miele monoflorale noto per il suo sapore distintivo, le sue propriet\u00e0 benefiche e l&#8217;uso versatile in cucina e nella medicina naturale. Consigliato a chi ama i mieli poco dolci e preferisce un <strong>sapore pi\u00f9 deciso<\/strong>.<\/p>\n<p>Prodotto 100% artigianale, monofloreale e non sottoposto a pastorizzazione.<\/p>\n<p>Formato: 500g<\/p>\n<p>Origine Miele: Italia (Calabria)<\/p>\n<p>Leggi la descrizione completa qui in basso.<\/p>\n<p>&nbsp;<\/p>\n<p><strong>Acquistalo ora e ricevilo a casa tua in 2-3 giorni.<\/strong>&hellip; <a class=\"kt-excerpt-readmore more-link\" href=\"https:\/\/agropic.it\/es\/producto\/miele-di-castagno-500g\/\" aria-label=\"Miele di Castagno 500g\">Leer m\u00e1s<\/a><\/p>\n","protected":false},"featured_media":11328,"comment_status":"closed","ping_status":"closed","template":"","meta":{"kt_blocks_editor_width":"","_kad_blocks_custom_css":"","_kad_blocks_head_custom_js":"","_kad_blocks_body_custom_js":"","_kad_blocks_footer_custom_js":""},"product_brand":[],"product_cat":[25],"product_tag":[],"class_list":{"0":"post-11350","1":"product","2":"type-product","3":"status-publish","4":"has-post-thumbnail","6":"product_cat-miele","8":"first","9":"instock","10":"shipping-taxable","11":"purchasable","12":"product-type-simple"},"taxonomy_info":{"product_cat":[{"value":25,"label":"Miele"}]},"featured_image_src_large":["https:\/\/agropic.it\/wp-content\/uploads\/2024\/01\/Miele-di-castagno-500-g-tiny-960x960.jpg",960,960,true],"author_info":[],"comment_info":0,"_links":{"self":[{"href":"https:\/\/agropic.it\/es\/wp-json\/wp\/v2\/product\/11350","targetHints":{"allow":["GET"]}}],"collection":[{"href":"https:\/\/agropic.it\/es\/wp-json\/wp\/v2\/product"}],"about":[{"href":"https:\/\/agropic.it\/es\/wp-json\/wp\/v2\/types\/product"}],"replies":[{"embeddable":true,"href":"https:\/\/agropic.it\/es\/wp-json\/wp\/v2\/comments?post=11350"}],"wp:featuredmedia":[{"embeddable":true,"href":"https:\/\/agropic.it\/es\/wp-json\/wp\/v2\/media\/11328"}],"wp:attachment":[{"href":"https:\/\/agropic.it\/es\/wp-json\/wp\/v2\/media?parent=11350"}],"wp:term":[{"taxonomy":"product_brand","embeddable":true,"href":"https:\/\/agropic.it\/es\/wp-json\/wp\/v2\/product_brand?post=11350"},{"taxonomy":"product_cat","embeddable":true,"href":"https:\/\/agropic.it\/es\/wp-json\/wp\/v2\/product_cat?post=11350"},{"taxonomy":"product_tag","embeddable":true,"href":"https:\/\/agropic.it\/es\/wp-json\/wp\/v2\/product_tag?post=11350"}],"curies":[{"name":"wp","href":"https:\/\/api.w.org\/{rel}","templated":true}]}}