{"id":11281,"date":"2018-04-25T18:32:10","date_gmt":"2025-04-04T16:26:42","guid":{"rendered":"https:\/\/agropic.it\/prodotto\/zumo-de-clementina-100-200-ml-24-botellas\/"},"modified":"2025-04-04T16:26:42","modified_gmt":"2025-04-04T16:26:42","slug":"zumo-de-clementina-100-200-ml-24-botellas","status":"publish","type":"product","link":"https:\/\/agropic.it\/es\/producto\/zumo-de-clementina-100-200-ml-24-botellas\/","title":{"rendered":"Zumo de clementina 100% &#8211; 200 ml (24 botellas)"},"content":{"rendered":"<h6>Zumo de clementina 100% CAJA DE 24 BOTELLAS<\/h6>\n<p><strong>Sin az\u00facares a\u00f1adidos ni conservantes<\/strong><\/p>\n<p><strong>Formato:<\/strong> 200 ml<\/p>\n<p>Para hacer este zumo s\u00f3lo se han utilizado clementinas 100% de Calabria. El zumo de clementina es un elixir de frescor y dulzura. Extra\u00eddo de las jugosas y fragantes clementinas, ofrece un sabor \u00fanico y su nota c\u00edtrica despierta los sentidos. La bebida se caracteriza por un armonioso equilibrio entre dulce y ligeramente \u00e1cido, que proporciona una experiencia gustativa deliciosa y refrescante. Por \u00faltimo, puedes utilizarla en tus desayunos.    <\/p>\n<p>Los posibles residuos o separaciones no comprometen la calidad del producto. Ag\u00edtalo bien antes de usarlo <\/p>\n<p><strong>Conservaci\u00f3n<\/strong>: Gu\u00e1rdalo en un lugar seco y fresco, alejado de la luz y de fuentes de calor. Una vez abierto, gu\u00e1rdalo en el frigor\u00edfico y cons\u00famelo al cabo de unos d\u00edas. <\/p>\n<p>Zumo de clementina:<\/p>\n<ul>\n<li>Es rico en vitamina C y refuerza tu sistema inmunitario<\/li>\n<li>Favorece la producci\u00f3n de col\u00e1geno para una piel sana<\/li>\n<li>Es rico en antioxidantes y minerales<\/li>\n<li>Contiene potasio, que puede ayudar a mantener la tensi\u00f3n arterial.<\/li>\n<\/ul>\n<p><strong>Gesti\u00f3n familiar y selecci\u00f3n de las mejores materias primas<\/strong>, cultivadas en la f\u00e9rtil tierra de la empresa y procesadas seg\u00fan la antigua tradici\u00f3n.<\/p>\n<p>Adem\u00e1s del zumo de clementina, ofrecemos una amplia gama de productos, todos ellos reci\u00e9n elaborados con m\u00e9todos artesanales y de sabor inconfundible, como zumos de frutas, confituras y mermeladas de frutas de temporada, pur\u00e9s de tomate, cremas, miel y conservas en aceite.<\/p>\n<p><strong>El objetivo principal de la actividad es valorizar los sabores y las frutas de Calabria, en particular los que son especiales y normalmente menos conocidos<\/strong>, como la bergamota, una fruta con m\u00faltiples propiedades beneficiosas, tan \u00fanica y \u00e1cida como todo el territorio calabr\u00e9s.<\/p>\n<p>Aportamos productos genuinos de alta calidad a partir de una selecci\u00f3n cuidadosa y controlada de materias primas, muchas de las cuales cultivamos directamente y obtenemos sin utilizar productos qu\u00edmicos.<\/p>\n<p>Naturaleza, tradici\u00f3n y alta calidad son los ingredientes del \u00e9xito de Agro Pic.<\/p>\n<p>S\u00edguenos en INSTAGRAM para descubrir todas las novedades de Agro Pic<\/p>\n<p><a href=\"https:\/\/www.instagram.com\/agropic\/\" target=\"_blank\" rel=\"noopener\">https:\/\/www.instagram.com\/agropic\/<\/a><\/p>\n<p><strong>Para cualquier informaci\u00f3n sobre nuestros productos, no dudes en <a href=\"https:\/\/www.agropic.it\/contatti\/\">ponerte en contacto con nosotros:<\/a><\/strong><\/p>\n<p>c\u00e9lula. 3495651669<\/p>\n<p>direcci\u00f3n de correo electr\u00f3nico: info@agropic.it<\/p>\n<p>Tel. 0964 1955229<\/p>\n","protected":false},"excerpt":{"rendered":"<p>Zumo de Clementina 100% Natural (Caja de 24 botellas)<\/p>\n<p><strong>Sin conservantes ni az\u00facares a\u00f1adidos.<\/strong><\/p>\n<p><strong>Formato:<\/strong> 200 ml<\/p>\n<p>Zumo de clementina:<\/p>\n<ul>\n<li>Es rico en vitamina C y refuerza tu sistema inmunitario<\/li>\n<li>Es rico en antioxidantes y favorece la producci\u00f3n de col\u00e1geno para una piel sana.<\/li>\n<li>Contiene potasio, que puede ayudar a mantener la tensi\u00f3n arterial.<\/li>\n<\/ul>\n<p><strong>Ideal para tus desayunos sanos y sabrosos.<\/strong><\/p>\n<p>Lee la descripci\u00f3n m\u00e1s abajo para conocer todos los detalles.<\/p>\n<p>&nbsp;<\/p>\n<p><strong>Compra ahora y rec\u00edbelo en tu casa en 2-3 d\u00edas laborables<\/strong>&hellip; <a class=\"kt-excerpt-readmore more-link\" href=\"https:\/\/agropic.it\/es\/producto\/zumo-de-clementina-100-200-ml-24-botellas\/\" aria-label=\"Zumo de clementina 100% &#8211; 200 ml (24 botellas)\">Leer m\u00e1s<\/a><\/p>\n","protected":false},"featured_media":7211,"comment_status":"closed","ping_status":"closed","template":"","meta":{"kt_blocks_editor_width":"","_kad_blocks_custom_css":"","_kad_blocks_head_custom_js":"","_kad_blocks_body_custom_js":"","_kad_blocks_footer_custom_js":""},"product_brand":[],"product_cat":[1090],"product_tag":[1099,1095],"class_list":{"0":"post-11281","1":"product","2":"type-product","3":"status-publish","4":"has-post-thumbnail","6":"product_cat-zumo-de-clementina","7":"product_tag-clementinas-calabria","8":"product_tag-zumo-de-clementina","10":"first","11":"instock","12":"shipping-taxable","13":"purchasable","14":"product-type-simple"},"taxonomy_info":{"product_cat":[{"value":1090,"label":"Zumo de clementina"}],"product_tag":[{"value":1099,"label":"clementinas calabria"},{"value":1095,"label":"zumo de clementina"}]},"featured_image_src_large":["https:\/\/agropic.it\/wp-content\/uploads\/2023\/03\/Succo-di-Clementina-100-200-ml-1-960x960.webp",960,960,true],"author_info":[],"comment_info":0,"_links":{"self":[{"href":"https:\/\/agropic.it\/es\/wp-json\/wp\/v2\/product\/11281","targetHints":{"allow":["GET"]}}],"collection":[{"href":"https:\/\/agropic.it\/es\/wp-json\/wp\/v2\/product"}],"about":[{"href":"https:\/\/agropic.it\/es\/wp-json\/wp\/v2\/types\/product"}],"replies":[{"embeddable":true,"href":"https:\/\/agropic.it\/es\/wp-json\/wp\/v2\/comments?post=11281"}],"wp:featuredmedia":[{"embeddable":true,"href":"https:\/\/agropic.it\/es\/wp-json\/wp\/v2\/media\/7211"}],"wp:attachment":[{"href":"https:\/\/agropic.it\/es\/wp-json\/wp\/v2\/media?parent=11281"}],"wp:term":[{"taxonomy":"product_brand","embeddable":true,"href":"https:\/\/agropic.it\/es\/wp-json\/wp\/v2\/product_brand?post=11281"},{"taxonomy":"product_cat","embeddable":true,"href":"https:\/\/agropic.it\/es\/wp-json\/wp\/v2\/product_cat?post=11281"},{"taxonomy":"product_tag","embeddable":true,"href":"https:\/\/agropic.it\/es\/wp-json\/wp\/v2\/product_tag?post=11281"}],"curies":[{"name":"wp","href":"https:\/\/api.w.org\/{rel}","templated":true}]}}