{"id":11270,"date":"2024-01-23T09:08:49","date_gmt":"2024-01-23T09:08:49","guid":{"rendered":"https:\/\/agropic.it\/prodotto\/crema-de-pistacho-200-g\/"},"modified":"2025-04-04T16:25:27","modified_gmt":"2025-04-04T16:25:27","slug":"crema-de-pistacho-200-g","status":"publish","type":"product","link":"https:\/\/agropic.it\/es\/producto\/crema-de-pistacho-200-g\/","title":{"rendered":"Crema de pistacho 200 g"},"content":{"rendered":"<h6>La crema de pistacho es una excelente delicia culinaria, rica y cremosa, con el caracter\u00edstico e irresistible sabor de los pistachos. El sabor de la crema de pistacho es caracter\u00edstico y pleno, con una equilibrada combinaci\u00f3n de dulzor y una ligera nota salada. <\/h6>\n<p>Esta crema se elabora con pistachos de la mejor calidad y puede untarse en tostadas, utilizarse como relleno de tartas, a\u00f1adirse al helado o enriquecer el sabor de pasteles, galletas y mucho m\u00e1s.<\/p>\n<p><strong>Ingredientes:<\/strong> Pistachos* 40%, az\u00facar, aceite de girasol alto oleico, grasa vegetal, leche desnatada* en polvo, suero de leche* en polvo, emulgente: lecitina de soja*. Al\u00e9rgenos: productos con *. <\/p>\n<p><strong>Formato:<\/strong> 200 g<\/p>\n<h6><strong>Valores nutricionales medios por 100 g de producto:<\/strong><\/h6>\n<ul>\n<li>\n<h6>Energ\u00eda 560 kcal &#8211; 2331 kj<\/h6>\n<\/li>\n<li>\n<h6>Grasa 36,8 g<\/h6>\n<\/li>\n<li>\n<h6>de los cuales saturados 7,4g<\/h6>\n<\/li>\n<li>\n<h6>Hidratos de carbono 44,9 g<\/h6>\n<\/li>\n<li>\n<h6>de los cuales az\u00facares 41,6 g<\/h6>\n<\/li>\n<li>\n<h6>Prote\u00ednas 10,4 g<\/h6>\n<\/li>\n<li>\n<h6>Sal 0,13 g<\/h6>\n<\/li>\n<\/ul>\n<p><strong>Gesti\u00f3n familiar y selecci\u00f3n de las mejores materias primas<\/strong>, cultivadas en la f\u00e9rtil tierra de la empresa y procesadas seg\u00fan la antigua tradici\u00f3n.<\/p>\n<p>Adem\u00e1s de la crema de pistacho, ofrecemos una amplia gama de productos, todos ellos reci\u00e9n elaborados con m\u00e9todos artesanales y con un sabor inconfundible, como zumos de frutas, confituras y mermeladas de frutas de temporada, pur\u00e9s de tomate, cremas, miel y conservas en aceite.<\/p>\n<p><strong>El objetivo principal de la actividad es valorizar los sabores y las frutas de Calabria, en particular los que son especiales y normalmente menos conocidos<\/strong>, como la bergamota, una fruta con m\u00faltiples propiedades beneficiosas, tan \u00fanica y \u00e1cida como todo el territorio calabr\u00e9s.<\/p>\n<p>Aportamos productos genuinos de alta calidad a partir de una selecci\u00f3n cuidadosa y controlada de materias primas, muchas de las cuales cultivamos directamente y obtenemos sin utilizar productos qu\u00edmicos.<\/p>\n<p>Naturaleza, tradici\u00f3n y alta calidad son los ingredientes del \u00e9xito de Agro Pic.<\/p>\n<p>S\u00edguenos en INSTAGRAM para descubrir todas las novedades de Agro Pic<\/p>\n<p><a href=\"https:\/\/www.instagram.com\/agropic\/\" target=\"_blank\" rel=\"noopener\">https:\/\/www.instagram.com\/agropic\/<\/a><\/p>\n<p><strong>Para cualquier informaci\u00f3n sobre nuestros productos, no dudes en <a href=\"https:\/\/www.agropic.it\/contatti\/\">ponerte en contacto con nosotros:<\/a><\/strong><\/p>\n<p>c\u00e9lula. 3495651669<\/p>\n<p>direcci\u00f3n de correo electr\u00f3nico: info@agropic.it<\/p>\n<p>Tel. 0964 1955229<\/p>\n<p>&nbsp;<\/p>\n","protected":false},"excerpt":{"rendered":"<p>La crema de pistacho es una excelente delicia culinaria, rica y cremosa, con el caracter\u00edstico e irresistible sabor de los pistachos. El sabor de la crema de pistacho es caracter\u00edstico y pleno, con una equilibrada combinaci\u00f3n de dulzor y una ligera nota salada. <\/p>\n<p>Esta crema se elabora con pistachos de la mejor calidad y puede untarse en tostadas, utilizarse como relleno de tartas, a\u00f1adirse al helado o enriquecer el sabor de pasteles, galletas y mucho m\u00e1s.<\/p>\n<p><strong>Ingredientes:<\/strong> Pistachos* 40%, az\u00facar, aceite de girasol alto oleico, grasa vegetal, leche desnatada* en polvo, suero de leche* en polvo, emulgente: lecitina de soja*. Al\u00e9rgenos: productos con *. <\/p>\n<p><strong>Formato:<\/strong> 200 g<\/p>\n<p>\u00a1Lee la descripci\u00f3n completa para obtener m\u00e1s informaci\u00f3n!<\/p>\n<p>&nbsp;<\/p>\n<p><strong>C\u00f3mpralo ahora y rec\u00edbelo en tu casa en 2-3 d\u00edas.<\/strong>&hellip; <a class=\"kt-excerpt-readmore more-link\" href=\"https:\/\/agropic.it\/es\/producto\/crema-de-pistacho-200-g\/\" aria-label=\"Crema de pistacho 200 g\">Leer m\u00e1s<\/a><\/p>\n","protected":false},"featured_media":8187,"comment_status":"closed","ping_status":"closed","template":"","meta":{"kt_blocks_editor_width":"","_kad_blocks_custom_css":"","_kad_blocks_head_custom_js":"","_kad_blocks_body_custom_js":"","_kad_blocks_footer_custom_js":""},"product_brand":[],"product_cat":[249],"product_tag":[1066,1065,1064,1067,1068],"class_list":{"0":"post-11270","1":"product","2":"type-product","3":"status-publish","4":"has-post-thumbnail","6":"product_cat-pate-y-cremas-untables","7":"product_tag-crema-de-pistacho-es-2","8":"product_tag-crema-de-pistacho-es","9":"product_tag-crema-de-pistacho","10":"product_tag-crema-untable-de-pistacho","11":"product_tag-pistacho-para-untar","13":"first","14":"instock","15":"shipping-taxable","16":"purchasable","17":"product-type-simple"},"taxonomy_info":{"product_cat":[{"value":249,"label":"Pat\u00e9 y cremas untables"}],"product_tag":[{"value":1066,"label":"crema de pistacho"},{"value":1065,"label":"crema de pistacho"},{"value":1064,"label":"crema de pistacho"},{"value":1067,"label":"crema untable de pistacho"},{"value":1068,"label":"pistacho para untar"}]},"featured_image_src_large":["https:\/\/agropic.it\/wp-content\/uploads\/2024\/01\/Crema-di-pistacchio-2-960x960.jpg",960,960,true],"author_info":[],"comment_info":0,"_links":{"self":[{"href":"https:\/\/agropic.it\/es\/wp-json\/wp\/v2\/product\/11270","targetHints":{"allow":["GET"]}}],"collection":[{"href":"https:\/\/agropic.it\/es\/wp-json\/wp\/v2\/product"}],"about":[{"href":"https:\/\/agropic.it\/es\/wp-json\/wp\/v2\/types\/product"}],"replies":[{"embeddable":true,"href":"https:\/\/agropic.it\/es\/wp-json\/wp\/v2\/comments?post=11270"}],"wp:featuredmedia":[{"embeddable":true,"href":"https:\/\/agropic.it\/es\/wp-json\/wp\/v2\/media\/8187"}],"wp:attachment":[{"href":"https:\/\/agropic.it\/es\/wp-json\/wp\/v2\/media?parent=11270"}],"wp:term":[{"taxonomy":"product_brand","embeddable":true,"href":"https:\/\/agropic.it\/es\/wp-json\/wp\/v2\/product_brand?post=11270"},{"taxonomy":"product_cat","embeddable":true,"href":"https:\/\/agropic.it\/es\/wp-json\/wp\/v2\/product_cat?post=11270"},{"taxonomy":"product_tag","embeddable":true,"href":"https:\/\/agropic.it\/es\/wp-json\/wp\/v2\/product_tag?post=11270"}],"curies":[{"name":"wp","href":"https:\/\/api.w.org\/{rel}","templated":true}]}}