{"id":11267,"date":"2021-05-26T15:06:40","date_gmt":"2025-04-04T16:25:15","guid":{"rendered":"https:\/\/agropic.it\/prodotto\/corazones-de-alcachofa-silvestre-en-aceite-180g\/"},"modified":"2025-04-04T16:25:15","modified_gmt":"2025-04-04T16:25:15","slug":"corazones-de-alcachofa-silvestre-en-aceite-180g","status":"publish","type":"product","link":"https:\/\/agropic.it\/es\/producto\/corazones-de-alcachofa-silvestre-en-aceite-180g\/","title":{"rendered":"Corazones de alcachofa silvestre en aceite 180g"},"content":{"rendered":"<h6>Corazones de alcachofa silvestre en aceite<\/h6>\n<h6>Deliciosas conservas en aceite creadas por Agro Pic de forma artesanal y km 0, utilizando alcachofas silvestres que crecen silvestres en las laderas de Aspromonte, recogidas y peladas a mano, y luego procesadas seg\u00fan la receta tradicional calabresa.<\/h6>\n<h6>Los corazones de alcachofa silvestre en aceite se comen sobre todo como aperitivo, pero tambi\u00e9n son ideales para rellenar bocadillos y en ensaladas. Pru\u00e9balos tambi\u00e9n como guarnici\u00f3n de platos de pescado y carne. <\/h6>\n<p><strong>Formato:<\/strong>180g<\/p>\n<p><strong>Ingredientes:<\/strong> Corazones de alcachofa silvestre 50%, aceite de girasol, aceite de oliva virgen extra, zumo de lim\u00f3n, vinagre de vino, sal, ajo, laurel, menta, or\u00e9gano.<\/p>\n<h6>\u00a1Las alcachofas silvestres tambi\u00e9n son ricas en fibra y propiedades beneficiosas!<\/h6>\n<p><strong>Valores nutricionales por 100 g de producto:<\/strong><\/p>\n<ul>\n<li>Energ\u00eda 288 Kcal \/ 1205 Kj<\/li>\n<li>Prote\u00edna 1,7 g<\/li>\n<li>L\u00edpidos 29 g<\/li>\n<li>de los cuales saturados 5,9 g<\/li>\n<li>Hidratos de carbono 1,8 g<\/li>\n<li>de los cuales az\u00facares 1,5 g<\/li>\n<li>Sal 1,8 g<\/li>\n<\/ul>\n<p>Gu\u00e1rdalo en un lugar fresco y seco, alejado de la luz directa y de fuentes de calor.<\/p>\n<p><strong>Gesti\u00f3n familiar y selecci\u00f3n de las mejores materias primas<\/strong>, cultivadas en la f\u00e9rtil tierra de la empresa y procesadas seg\u00fan la antigua tradici\u00f3n.<\/p>\n<p>Adem\u00e1s de los corazones de alcachofa silvestre en aceite, ofrecemos una amplia gama de productos, todos ellos elaborados a partir de m\u00e9todos frescos y artesanales con un sabor inconfundible, como zumos de frutas, confituras y mermeladas de frutas de temporada, pur\u00e9s de tomate, cremas, miel y conservas en aceite.<\/p>\n<p><strong>El objetivo principal de la actividad es valorizar los sabores y las frutas de Calabria, en particular los que son especiales y normalmente menos conocidos<\/strong>, como la bergamota, una fruta con m\u00faltiples propiedades beneficiosas, tan \u00fanica y \u00e1cida como todo el territorio calabr\u00e9s.<\/p>\n<p>Aportamos productos genuinos de alta calidad a partir de una selecci\u00f3n cuidadosa y controlada de materias primas, muchas de las cuales cultivamos directamente y obtenemos sin utilizar productos qu\u00edmicos.<\/p>\n<p>Naturaleza, tradici\u00f3n y alta calidad son los ingredientes del \u00e9xito de Agro Pic.<\/p>\n<p>S\u00edguenos en INSTAGRAM para descubrir todas las novedades de Agro Pic<\/p>\n<p><a href=\"https:\/\/www.instagram.com\/agropic\/\" target=\"_blank\" rel=\"noopener\">https:\/\/www.instagram.com\/agropic\/<\/a><\/p>\n<p><strong>Para cualquier informaci\u00f3n sobre nuestros productos, no dudes en <a href=\"https:\/\/www.agropic.it\/contatti\/\">ponerte en contacto con nosotros:<\/a><\/strong><\/p>\n<p>c\u00e9lula. 3495651669<\/p>\n<p>direcci\u00f3n de correo electr\u00f3nico: info@agropic.it<\/p>\n<p>Tel. 0964 1955229<\/p>\n","protected":false},"excerpt":{"rendered":"<p><strong>Deliciosa conserva en aceite creada por Agro Pic de forma artesanal y km 0, utilizando alcachofas silvestres que crecen silvestres en las laderas de Aspromonte, recogidas y peladas a mano. <\/strong><\/p>\n<p><strong>Formato:<\/strong> 180g<\/p>\n<p><strong>Ingredientes: <\/strong>Corazones de alcachofas silvestres 50%, aceite de girasol, aceite de oliva virgen extra, zumo de lim\u00f3n, vinagre de vino, sal, ajo, laurel, menta, or\u00e9gano.<\/p>\n<p>\u00a1Lee la descripci\u00f3n completa del producto m\u00e1s abajo!<\/p>\n<p><strong>\u00a1C\u00f3mpralo ahora y rec\u00edbelo en 48\/72 horas en tu casa!<\/strong>&hellip; <a class=\"kt-excerpt-readmore more-link\" href=\"https:\/\/agropic.it\/es\/producto\/corazones-de-alcachofa-silvestre-en-aceite-180g\/\" aria-label=\"Corazones de alcachofa silvestre en aceite 180g\">Leer m\u00e1s<\/a><\/p>\n","protected":false},"featured_media":7581,"comment_status":"closed","ping_status":"closed","template":"","meta":{"kt_blocks_editor_width":"","_kad_blocks_custom_css":"","_kad_blocks_head_custom_js":"","_kad_blocks_body_custom_js":"","_kad_blocks_footer_custom_js":""},"product_brand":[],"product_cat":[268],"product_tag":[1050,1052,1053,1051,1049],"class_list":{"0":"post-11267","1":"product","2":"type-product","3":"status-publish","4":"has-post-thumbnail","6":"product_cat-conservas-en-aceite-y-agridulces","7":"product_tag-alcachofas-en-aceite","8":"product_tag-alcachofas-silvestres","9":"product_tag-alcachofas-silvestres-en-aceite","10":"product_tag-corazones-de-alcachofa-en-aceite","11":"product_tag-zinurra-es","13":"first","14":"instock","15":"shipping-taxable","16":"purchasable","17":"product-type-simple"},"taxonomy_info":{"product_cat":[{"value":268,"label":"Conservas en aceite y agridulces"}],"product_tag":[{"value":1050,"label":"alcachofas en aceite"},{"value":1052,"label":"alcachofas silvestres"},{"value":1053,"label":"alcachofas silvestres en aceite"},{"value":1051,"label":"corazones de alcachofa en aceite"},{"value":1049,"label":"zinurra"}]},"featured_image_src_large":["https:\/\/agropic.it\/wp-content\/uploads\/2022\/12\/cuori-di-carciofini-selvatici-sottolio-1-960x960.jpg",960,960,true],"author_info":[],"comment_info":0,"_links":{"self":[{"href":"https:\/\/agropic.it\/es\/wp-json\/wp\/v2\/product\/11267","targetHints":{"allow":["GET"]}}],"collection":[{"href":"https:\/\/agropic.it\/es\/wp-json\/wp\/v2\/product"}],"about":[{"href":"https:\/\/agropic.it\/es\/wp-json\/wp\/v2\/types\/product"}],"replies":[{"embeddable":true,"href":"https:\/\/agropic.it\/es\/wp-json\/wp\/v2\/comments?post=11267"}],"wp:featuredmedia":[{"embeddable":true,"href":"https:\/\/agropic.it\/es\/wp-json\/wp\/v2\/media\/7581"}],"wp:attachment":[{"href":"https:\/\/agropic.it\/es\/wp-json\/wp\/v2\/media?parent=11267"}],"wp:term":[{"taxonomy":"product_brand","embeddable":true,"href":"https:\/\/agropic.it\/es\/wp-json\/wp\/v2\/product_brand?post=11267"},{"taxonomy":"product_cat","embeddable":true,"href":"https:\/\/agropic.it\/es\/wp-json\/wp\/v2\/product_cat?post=11267"},{"taxonomy":"product_tag","embeddable":true,"href":"https:\/\/agropic.it\/es\/wp-json\/wp\/v2\/product_tag?post=11267"}],"curies":[{"name":"wp","href":"https:\/\/api.w.org\/{rel}","templated":true}]}}