{"id":11260,"date":"2024-01-19T14:33:26","date_gmt":"2025-04-04T16:25:03","guid":{"rendered":"https:\/\/agropic.it\/prodotto\/miel-de-almendras-mandormiele-250g\/"},"modified":"2025-04-04T16:25:03","modified_gmt":"2025-04-04T16:25:03","slug":"miel-de-almendras-mandormiele-250g","status":"publish","type":"product","link":"https:\/\/agropic.it\/es\/producto\/miel-de-almendras-mandormiele-250g\/","title":{"rendered":"Miel de Almendras &#8211; MANDORMIELE 250g"},"content":{"rendered":"<h6>La miel de almendras es una combinaci\u00f3n irresistible que a\u00fana la dulzura natural de la miel con el envolvente aroma y delicado sabor de las almendras. Su textura es suave y sedosa, mientras que el delicado aroma de las almendras se extiende tentadoramente nada m\u00e1s abrir el tarro. <\/h6>\n<h6>Esta miel arom\u00e1tica es perfecta para untar en tostadas, a\u00f1adir al yogur o a los cereales para un buen desayuno, o utilizar como ingrediente en pasteles y postres. Su versatilidad tambi\u00e9n la hace ideal para maridar con quesos duros o como ingrediente secreto en salsas y adobos. <\/h6>\n<p><strong>Ingredientes: <\/strong>Miel de sulla 99% y aroma de almendra 1%.<\/p>\n<p><strong>Origen Miel:<\/strong> Italia<\/p>\n<p><strong>Formato:<\/strong> 250 g<\/p>\n<p>La posible solidificaci\u00f3n de la miel garantiza la genuinidad del producto como su proceso natural.<\/p>\n<p><strong>Conservaci\u00f3n:<\/strong> Almacenar en un lugar fresco y seco, alejado de la luz directa y de fuentes de calor.<\/p>\n<p><strong>Valores nutricionales por 100 g de producto:<\/strong><\/p>\n<ul>\n<li>Energ\u00eda 304 kcal 1270 kj<\/li>\n<li>Prote\u00edna 0,4 g<\/li>\n<li>L\u00edpidos 0 g<\/li>\n<li>de los cuales saturados 0 g<\/li>\n<li>Hidratos de carbono 80,3 g<\/li>\n<li>de los cuales az\u00facares 80,3 g<\/li>\n<li>Sal 10 g<\/li>\n<\/ul>\n<p>La miel de flores silvestres es rica en nutrientes y es un edulcorante y energizante natural. Excelente para aliviar la tos y los resfriados durante los meses de invierno y combatir las alergias estacionales, tambi\u00e9n se utiliza para depurar el h\u00edgado y mejorar el funcionamiento del aparato digestivo, y es el aliado perfecto para el cuidado del cabello y la piel. <\/p>\n<p>La Miel de Flores Silvestres Agro Pic no se somete a ning\u00fan tratamiento industrial para conservar todas sus propiedades curativas.<\/p>\n<p><span style=\"font-family: inherit; font-size: 16px;\">La Miel Millefiori es un aut\u00e9ntico tesoro de la naturaleza, procesado con cuidado y pasi\u00f3n en cada etapa de su proceso de producci\u00f3n, desde la recolecci\u00f3n a la extracci\u00f3n de la miel, que se realiza con cuidado para preservar todas sus propiedades naturales, hasta el envasado. Cada paso se realiza a mano, garantizando un producto aut\u00e9ntico y de alta calidad, rico en todas las caracter\u00edsticas que lo hacen \u00fanico y apreciado.<br \/>\nProducto 100% artesanal, monofloral y sin pasteurizar. Recibes en casa un producto natural y aut\u00e9ntico, procedente de suelos libres de pesticidas y sustancias que da\u00f1an a las abejas.  <\/span><\/p>\n<p><strong>Gesti\u00f3n familiar y selecci\u00f3n de las mejores materias primas<\/strong>, cultivadas en la f\u00e9rtil tierra de la empresa y procesadas seg\u00fan la antigua tradici\u00f3n.<\/p>\n<p>Adem\u00e1s de la miel de almendras, ofrecemos una amplia gama de productos, todos reci\u00e9n elaborados con m\u00e9todos artesanales y con un sabor inconfundible, como zumos de frutas, confituras y mermeladas de frutas de temporada, pur\u00e9s de tomate, cremas, miel y conservas en aceite.<\/p>\n<p><strong>El objetivo principal de la actividad es valorizar los sabores y las frutas de Calabria, en particular los que son especiales y normalmente menos conocidos<\/strong>, como la bergamota, una fruta con m\u00faltiples propiedades beneficiosas, tan \u00fanica y \u00e1cida como todo el territorio calabr\u00e9s.<\/p>\n<p>Aportamos productos genuinos de alta calidad a partir de una selecci\u00f3n cuidadosa y controlada de materias primas, muchas de las cuales cultivamos directamente y obtenemos sin utilizar productos qu\u00edmicos.<\/p>\n<p>Naturaleza, tradici\u00f3n y alta calidad son los ingredientes del \u00e9xito de Agro Pic.<\/p>\n<p>S\u00edguenos en INSTAGRAM para descubrir todas las novedades de Agro Pic<\/p>\n<p><a href=\"https:\/\/www.instagram.com\/agropic\/\" target=\"_blank\" rel=\"noopener\">https:\/\/www.instagram.com\/agropic\/<\/a><\/p>\n<p><strong>Para cualquier informaci\u00f3n sobre nuestros productos, no dudes en <a href=\"https:\/\/www.agropic.it\/contatti\/\">ponerte en contacto con nosotros:<\/a><\/strong><\/p>\n<p>c\u00e9lula. 3495651669<\/p>\n<p>direcci\u00f3n de correo electr\u00f3nico: info@agropic.it<\/p>\n<p>Tel. 0964 1955229<\/p>\n","protected":false},"excerpt":{"rendered":"<h6>La miel de almendras es una combinaci\u00f3n irresistible que a\u00fana la dulzura natural de la miel con el envolvente aroma y delicado sabor de las almendras. Su textura es suave y sedosa, mientras que el delicado aroma de las almendras se extiende tentadoramente nada m\u00e1s abrir el tarro. <\/h6>\n<p>Esta miel arom\u00e1tica es perfecta para untar en tostadas, a\u00f1adir al yogur o a los cereales para un buen desayuno, o utilizar como ingrediente en pasteles y postres. Su versatilidad tambi\u00e9n la hace ideal para maridar con quesos duros o como ingrediente secreto en salsas y adobos. <\/p>\n<p><strong>Ingredientes: Miel de sulla 99% y aroma de almendra 1%.<\/strong><\/p>\n<p><strong>Origen Miel:<\/strong> Italia<\/p>\n<p><strong>Formato:<\/strong> 250 g<\/p>\n<p>Lee la descripci\u00f3n completa a continuaci\u00f3n<\/p>\n<p>&nbsp;<\/p>\n<p><strong>Compra ahora y rec\u00edbelo directamente en tu casa en 2-3 d\u00edas.<\/strong><\/p>\n<p>&nbsp;&hellip; <a class=\"kt-excerpt-readmore more-link\" href=\"https:\/\/agropic.it\/es\/producto\/miel-de-almendras-mandormiele-250g\/\" aria-label=\"Miel de Almendras &#8211; MANDORMIELE 250g\">Leer m\u00e1s<\/a><\/p>\n","protected":false},"featured_media":8207,"comment_status":"closed","ping_status":"closed","template":"","meta":{"kt_blocks_editor_width":"","_kad_blocks_custom_css":"","_kad_blocks_head_custom_js":"","_kad_blocks_body_custom_js":"","_kad_blocks_footer_custom_js":""},"product_brand":[],"product_cat":[257],"product_tag":[1018,1019,1020,1021,1016,1017],"class_list":{"0":"post-11260","1":"product","2":"type-product","3":"status-publish","4":"has-post-thumbnail","6":"product_cat-miel-es","7":"product_tag-almendras-y-miel","8":"product_tag-especialidades-de-miel-y-almendras","9":"product_tag-mandormiele-es","10":"product_tag-miel-con-sabor-a-almendra","11":"product_tag-miel-de-almendras","12":"product_tag-miel-y-almendra","14":"first","15":"instock","16":"shipping-taxable","17":"purchasable","18":"product-type-simple"},"taxonomy_info":{"product_cat":[{"value":257,"label":"Miel"}],"product_tag":[{"value":1018,"label":"almendras y miel"},{"value":1019,"label":"especialidades de miel y almendras"},{"value":1020,"label":"mandormiele"},{"value":1021,"label":"miel con sabor a almendra"},{"value":1016,"label":"miel de almendras"},{"value":1017,"label":"miel y almendra"}]},"featured_image_src_large":["https:\/\/agropic.it\/wp-content\/uploads\/2024\/01\/Mandormiele-miele-alla-mandorla-960x960.jpg",960,960,true],"author_info":[],"comment_info":0,"_links":{"self":[{"href":"https:\/\/agropic.it\/es\/wp-json\/wp\/v2\/product\/11260","targetHints":{"allow":["GET"]}}],"collection":[{"href":"https:\/\/agropic.it\/es\/wp-json\/wp\/v2\/product"}],"about":[{"href":"https:\/\/agropic.it\/es\/wp-json\/wp\/v2\/types\/product"}],"replies":[{"embeddable":true,"href":"https:\/\/agropic.it\/es\/wp-json\/wp\/v2\/comments?post=11260"}],"wp:featuredmedia":[{"embeddable":true,"href":"https:\/\/agropic.it\/es\/wp-json\/wp\/v2\/media\/8207"}],"wp:attachment":[{"href":"https:\/\/agropic.it\/es\/wp-json\/wp\/v2\/media?parent=11260"}],"wp:term":[{"taxonomy":"product_brand","embeddable":true,"href":"https:\/\/agropic.it\/es\/wp-json\/wp\/v2\/product_brand?post=11260"},{"taxonomy":"product_cat","embeddable":true,"href":"https:\/\/agropic.it\/es\/wp-json\/wp\/v2\/product_cat?post=11260"},{"taxonomy":"product_tag","embeddable":true,"href":"https:\/\/agropic.it\/es\/wp-json\/wp\/v2\/product_tag?post=11260"}],"curies":[{"name":"wp","href":"https:\/\/api.w.org\/{rel}","templated":true}]}}