{"id":11259,"date":"2024-01-20T13:43:29","date_gmt":"2025-04-04T16:25:02","guid":{"rendered":"https:\/\/agropic.it\/prodotto\/mermelada-de-naranja-y-chocolate-negro-220-g\/"},"modified":"2025-04-04T16:25:02","modified_gmt":"2025-04-04T16:25:02","slug":"mermelada-de-naranja-y-chocolate-negro-220-g","status":"publish","type":"product","link":"https:\/\/agropic.it\/es\/producto\/mermelada-de-naranja-y-chocolate-negro-220-g\/","title":{"rendered":"Mermelada de naranja y chocolate negro 220 g"},"content":{"rendered":"<h6>La mermelada de naranja y chocolate negro es una deliciosa combinaci\u00f3n de sabores, que combina el aroma c\u00edtrico de las naranjas con la riqueza y profundidad del chocolate negro.<\/h6>\n<p>El sabor es un equilibrio perfecto entre la dulzura de las naranjas y la compleja intensidad del chocolate negro. Las naranjas aportan su frescura y acidez, mientras que el chocolate negro a\u00f1ade una riqueza cremosa y un regusto ligeramente amargo. Esta combinaci\u00f3n crea una experiencia gustativa sofisticada y satisfactoria.  <\/p>\n<div class=\"group\/conversation-turn relative flex w-full min-w-0 flex-col agent-turn\">\n<div class=\"flex-col gap-1 md:gap-3\">\n<div class=\"flex max-w-full flex-col flex-grow\">\n<div class=\"min-h-8 text-message flex w-full flex-col items-end gap-2 whitespace-normal break-words text-start [.text-message+&amp;]:mt-5\" dir=\"auto\" data-message-author-role=\"assistant\" data-message-id=\"fc6de168-253f-42ce-9c55-b8576c8c46a1\" data-message-model-slug=\"gpt-4o-mini\">\n<div class=\"flex w-full flex-col gap-1 empty:hidden first:pt-[3px]\">\n<div class=\"markdown prose w-full break-words dark:prose-invert light\">\n<p>La mermelada de naranja y chocolate negro es una combinaci\u00f3n deliciosa que puedes utilizar de varias formas para enriquecer tus preparaciones. Aqu\u00ed tienes algunas ideas sobre c\u00f3mo utilizarla: <\/p>\n<p>1. <strong>En tostadas o biscotes<\/strong><\/p>\n<p>\u00a1Un cl\u00e1sico que nunca defrauda! Unta mermelada en una rebanada de pan tostado o en biscotes para un desayuno rico y sabroso. El contraste entre la dulzura de la naranja y la intensidad del chocolate negro es perfecto.    <strong>En combinaci\u00f3n con quesos<\/strong><\/p>\n<p>La mermelada de naranja y chocolate combina muy bien con quesos curados como el pecorino, el parmesano o incluso quesos m\u00e1s suaves como el de cabra. Se puede utilizar como cobertura para una degustaci\u00f3n de quesos, a\u00f1adiendo un toque dulce y un poco de originalidad. <\/p>\n<p>3. <strong>Como relleno para pasteles<\/strong><\/p>\n<p>Puedes utilizar mermelada como relleno de galletas, tartas o pasteles. Por ejemplo, prepara una masa quebrada y rell\u00e9nala con mermelada, luego cu\u00e9cela en el horno. La combinaci\u00f3n de chocolate negro y naranja har\u00e1 que el postre sea irresistible.  <\/p>\n<p>4. <strong>En helados o sorbetes<\/strong><\/p>\n<p>La mermelada de naranja y chocolate negro puede ser una excelente cobertura para helados o sorbetes. O, mezclada con helado de vainilla o chocolate, crea un postre original y refrescante. <\/p>\n<p>5. <strong>En tortitas o gofres<\/strong><\/p>\n<p>Utiliza la mermelada como cobertura para tortitas o gofres. A\u00f1ade tambi\u00e9n un poco de nata montada o yogur para un postre o desayuno m\u00e1s rico. <\/p>\n<\/div>\n<\/div>\n<\/div>\n<\/div>\n<\/div>\n<\/div>\n<p>Deliciosa creaci\u00f3n que satisface los paladares m\u00e1s exigentes, ofreciendo una sinfon\u00eda de sabores en cada cucharada.<\/p>\n<p><strong>Ingredientes:<\/strong> Naranjas 68%, az\u00facar, chocolate negro 3% (az\u00facar, pasta de cacao, manteca de cacao, emulgente: lecitina de soja*, aroma), espesante: pectina. ALERG\u00c9NICOS: productos con *. <\/p>\n<p>Sin conservantes<\/p>\n<p><strong>Formato:<\/strong> 220 g<\/p>\n<p><strong>Origen de las naranjas:<\/strong> Italia (Calabria)<\/p>\n<p><strong>Conservaci\u00f3n: <\/strong>Gu\u00e1rdalo en un lugar fresco y seco, alejado de fuentes de calor y luz. Una vez abierto, gu\u00e1rdalo en el frigor\u00edfico y cons\u00famelo en pocos d\u00edas. <\/p>\n<p><strong>Gesti\u00f3n familiar y selecci\u00f3n de las mejores materias primas<\/strong>, cultivadas en la f\u00e9rtil tierra de la empresa y procesadas seg\u00fan la antigua tradici\u00f3n.<\/p>\n<p>Adem\u00e1s de la mermelada de naranja y el chocolate negro, ofrecemos una amplia gama de productos, todos elaborados en fresco y con m\u00e9todos artesanales de sabor inconfundible, como zumos de frutas, confituras y mermeladas de frutas de temporada, pur\u00e9s de tomate, cremas, miel y conservas en aceite.<\/p>\n<p><strong>El objetivo principal de la actividad es valorizar los sabores y las frutas de Calabria, en particular los que son especiales y normalmente menos conocidos<\/strong>, como la bergamota, una fruta con m\u00faltiples propiedades beneficiosas, tan \u00fanica y \u00e1cida como todo el territorio calabr\u00e9s.<\/p>\n<p>Aportamos productos genuinos de alta calidad a partir de una selecci\u00f3n cuidadosa y controlada de materias primas, muchas de las cuales cultivamos directamente y obtenemos sin utilizar productos qu\u00edmicos.<\/p>\n<p>Naturaleza, tradici\u00f3n y alta calidad son los ingredientes del \u00e9xito de Agro Pic.<\/p>\n<p>S\u00edguenos en INSTAGRAM para descubrir todas las novedades de Agro Pic<\/p>\n<p><a href=\"https:\/\/www.instagram.com\/agropic\/\" target=\"_blank\" rel=\"noopener\">https:\/\/www.instagram.com\/agropic\/<\/a><\/p>\n<p><strong>Para cualquier informaci\u00f3n sobre nuestros productos, no dudes en <a href=\"https:\/\/www.agropic.it\/contatti\/\">ponerte en contacto con nosotros:<\/a><\/strong><\/p>\n<p>c\u00e9lula. 3495651669<\/p>\n<p>direcci\u00f3n de correo electr\u00f3nico: info@agropic.it<\/p>\n<p>Tel. 0964 1955229<\/p>\n<p>&nbsp;<\/p>\n<p>&nbsp;<\/p>\n<p>&nbsp;<\/p>\n","protected":false},"excerpt":{"rendered":"<p>La mermelada de naranja y chocolate negro es una deliciosa combinaci\u00f3n de sabores, que combina el aroma c\u00edtrico de las naranjas con la riqueza y profundidad del chocolate negro.<\/p>\n<p>Es ideal para untar en rebanadas de pan tostado, cruasanes o como relleno de tartas y pasteles. Tambi\u00e9n puede combinarse con quesos duros para crear una combinaci\u00f3n de sabores \u00fanica. <\/p>\n<p><strong>Ingredientes:<\/strong> Naranjas 68%, az\u00facar, chocolate negro 3% (az\u00facar, pasta de cacao, manteca de cacao, emulgente: lecitina de soja*, aroma), espesante: pectina. ALERG\u00c9NICOS: productos con *. <\/p>\n<p><strong>Origen naranjas:<\/strong> Italia (Calabria) <strong>Formato:<\/strong> 220g<\/p>\n<p>Lee la descripci\u00f3n completa del producto a continuaci\u00f3n.<\/p>\n<p>&nbsp;<\/p>\n<p><strong>Compra ahora y rec\u00edbelo en tu casa en 2-3 d\u00edas.<\/strong>&hellip; <a class=\"kt-excerpt-readmore more-link\" href=\"https:\/\/agropic.it\/es\/producto\/mermelada-de-naranja-y-chocolate-negro-220-g\/\" aria-label=\"Mermelada de naranja y chocolate negro 220 g\">Leer m\u00e1s<\/a><\/p>\n","protected":false},"featured_media":8202,"comment_status":"closed","ping_status":"closed","template":"","meta":{"kt_blocks_editor_width":"","_kad_blocks_custom_css":"","_kad_blocks_head_custom_js":"","_kad_blocks_body_custom_js":"","_kad_blocks_footer_custom_js":""},"product_brand":[],"product_cat":[265],"product_tag":[1015,1014],"class_list":{"0":"post-11259","1":"product","2":"type-product","3":"status-publish","4":"has-post-thumbnail","6":"product_cat-mermeladas-y-confituras","7":"product_tag-mermelada-de-chocolate","8":"product_tag-mermelada-de-naranja-y-chocolate","10":"first","11":"instock","12":"shipping-taxable","13":"purchasable","14":"product-type-simple"},"taxonomy_info":{"product_cat":[{"value":265,"label":"Mermeladas y Confituras"}],"product_tag":[{"value":1015,"label":"mermelada de chocolate"},{"value":1014,"label":"mermelada de naranja y chocolate"}]},"featured_image_src_large":["https:\/\/agropic.it\/wp-content\/uploads\/2024\/01\/Marmellata-di-arance-e-cioccolato-fondente-960x960.jpg",960,960,true],"author_info":[],"comment_info":0,"_links":{"self":[{"href":"https:\/\/agropic.it\/es\/wp-json\/wp\/v2\/product\/11259","targetHints":{"allow":["GET"]}}],"collection":[{"href":"https:\/\/agropic.it\/es\/wp-json\/wp\/v2\/product"}],"about":[{"href":"https:\/\/agropic.it\/es\/wp-json\/wp\/v2\/types\/product"}],"replies":[{"embeddable":true,"href":"https:\/\/agropic.it\/es\/wp-json\/wp\/v2\/comments?post=11259"}],"wp:featuredmedia":[{"embeddable":true,"href":"https:\/\/agropic.it\/es\/wp-json\/wp\/v2\/media\/8202"}],"wp:attachment":[{"href":"https:\/\/agropic.it\/es\/wp-json\/wp\/v2\/media?parent=11259"}],"wp:term":[{"taxonomy":"product_brand","embeddable":true,"href":"https:\/\/agropic.it\/es\/wp-json\/wp\/v2\/product_brand?post=11259"},{"taxonomy":"product_cat","embeddable":true,"href":"https:\/\/agropic.it\/es\/wp-json\/wp\/v2\/product_cat?post=11259"},{"taxonomy":"product_tag","embeddable":true,"href":"https:\/\/agropic.it\/es\/wp-json\/wp\/v2\/product_tag?post=11259"}],"curies":[{"name":"wp","href":"https:\/\/api.w.org\/{rel}","templated":true}]}}