{"id":11256,"date":"2024-01-18T10:32:50","date_gmt":"2025-04-04T16:21:45","guid":{"rendered":"https:\/\/agropic.it\/prodotto\/miel-de-castano-250-g\/"},"modified":"2025-04-04T16:21:47","modified_gmt":"2025-04-04T16:21:47","slug":"miel-de-castano-250-g","status":"publish","type":"product","link":"https:\/\/agropic.it\/es\/producto\/miel-de-castano-250-g\/","title":{"rendered":"Miel de casta\u00f1o 250 g"},"content":{"rendered":"<p><span style=\"font-family: inherit; font-size: 16px; font-weight: bold;\">La miel de casta\u00f1o es una de las mieles m\u00e1s finas. Tiene un color oscuro y un sabor intenso y bals\u00e1mico.<br \/>\n<\/span><\/p>\n<p>La miel de <strong>casta\u00f1o<\/strong> es una miel monofloral conocida por su sabor caracter\u00edstico, sus propiedades beneficiosas y su uso vers\u00e1til en la cocina y la medicina natural. Recomendada para quienes gustan de mieles poco dulces y prefieren un <strong>sabor m\u00e1s fuerte<\/strong>. <\/p>\n<p><span style=\"font-family: inherit; font-size: 16px;\">La miel de casta\u00f1o es un aut\u00e9ntico tesoro de la naturaleza, procesado con cuidado y pasi\u00f3n en cada etapa de su proceso de producci\u00f3n, desde la recolecci\u00f3n hasta la extracci\u00f3n de la miel, que se realiza con cuidado para preservar todas sus propiedades naturales, hasta el envasado. Cada paso se realiza a mano, garantizando un producto genuino y de alta calidad, rico en todas las caracter\u00edsticas que lo hacen \u00fanico y apreciado. <\/span><\/p>\n<p>Producto 100% artesanal, monofloral y sin pasteurizar. Recibes en casa un producto natural y aut\u00e9ntico, procedente de suelos libres de pesticidas y sustancias que da\u00f1an a las abejas. <\/p>\n<h5>Caracter\u00edsticas de la miel de casta\u00f1o<\/h5>\n<ol>\n<li><strong>Color<\/strong>: la miel de casta\u00f1o tiene un color muy oscuro. En general, es m\u00e1s oscura que otras mieles. <\/li>\n<li><strong>Sabor<\/strong>: Su sabor no es muy dulce, con notas ligeramente <b>amaderadas<\/b>.<\/li>\n<li><strong>Aroma<\/strong>: El aroma es bastante intenso, con notas de hierbas que recuerdan a los olores de monta\u00f1a.<\/li>\n<li><strong>Propiedades beneficiosas de la miel de casta\u00f1o<\/strong>: La miel de casta\u00f1o es un valioso aliado de la salud, rico en hierro, sales minerales como magnesio, potasio, sodio y calcio, que contribuyen al bienestar general del organismo. Gracias a sus propiedades antibacterianas y calmantes, es ideal para aliviar la garganta irritada y tratar estados gripales, y tambi\u00e9n est\u00e1 indicada para quienes padecen estre\u00f1imiento o problemas del aparato urinario. Es un remedio natural que libera energ\u00eda y ayuda a recuperarse de la fatiga, y es un potente antioxidante que combate el envejecimiento celular. Tambi\u00e9n favorece la circulaci\u00f3n sangu\u00ednea, limpia el h\u00edgado y las v\u00edas urinarias, y facilita la digesti\u00f3n, por lo que es adecuado para ni\u00f1os y ancianos.   <\/li>\n<\/ol>\n<p><strong>Formato:<\/strong> 250 g<\/p>\n<p><strong>Origen Miel:<\/strong> Italia (Calabria)<\/p>\n<p>La posible solidificaci\u00f3n de la miel de casta\u00f1o garantiza la genuinidad del producto como su proceso natural.<\/p>\n<p><strong>Conservaci\u00f3n:<\/strong> Almacenar en un lugar fresco y seco, alejado de la luz directa y de fuentes de calor.<\/p>\n<p><strong>Gesti\u00f3n familiar y selecci\u00f3n de las mejores materias primas<\/strong>, cultivadas en la f\u00e9rtil tierra de la empresa y procesadas seg\u00fan la antigua tradici\u00f3n.<\/p>\n<p>Adem\u00e1s de la miel de casta\u00f1o, ofrecemos una amplia gama de productos, todos reci\u00e9n elaborados con m\u00e9todos artesanales y con un sabor inconfundible, como zumos de frutas, confituras y mermeladas de frutas de temporada, pur\u00e9s de tomate, cremas, miel y conservas en aceite.<\/p>\n<p><strong>El objetivo principal de la actividad es valorizar los sabores y las frutas de Calabria, en particular los que son especiales y normalmente menos conocidos<\/strong>, como la bergamota, una fruta con m\u00faltiples propiedades beneficiosas, tan \u00fanica y \u00e1cida como todo el territorio calabr\u00e9s.<\/p>\n<p>Aportamos productos genuinos de alta calidad a partir de una selecci\u00f3n cuidadosa y controlada de materias primas, muchas de las cuales cultivamos directamente y obtenemos sin utilizar productos qu\u00edmicos.<\/p>\n<p>Naturaleza, tradici\u00f3n y alta calidad son los ingredientes del \u00e9xito de Agro Pic.<\/p>\n<p>S\u00edguenos en INSTAGRAM para descubrir todas las novedades de Agro Pic<\/p>\n<p><a href=\"https:\/\/www.instagram.com\/agropic\/\" target=\"_blank\" rel=\"noopener\">https:\/\/www.instagram.com\/agropic\/<\/a><\/p>\n<p><strong>Para cualquier informaci\u00f3n sobre nuestros productos, no dudes en <a href=\"https:\/\/www.agropic.it\/contatti\/\">ponerte en contacto con nosotros:<\/a><\/strong><\/p>\n<p>c\u00e9lula. 3495651669<\/p>\n<p>direcci\u00f3n de correo electr\u00f3nico: info@agropic.it<\/p>\n<p>Tel. 0964 1955229<\/p>\n","protected":false},"excerpt":{"rendered":"<p><span style=\"font-family: inherit; font-size: 16px; font-weight: bold;\">La miel de casta\u00f1o es una de las mieles m\u00e1s finas. Tiene un color oscuro y un sabor intenso y bals\u00e1mico.<br \/>\n<\/span><\/p>\n<p>La miel de <strong>casta\u00f1o<\/strong> es una miel monofloral conocida por su sabor caracter\u00edstico, sus propiedades beneficiosas y su uso vers\u00e1til en la cocina y la medicina natural. Recomendada para quienes gustan de mieles poco dulces y prefieren un <strong>sabor m\u00e1s fuerte<\/strong>. <\/p>\n<p>Producto 100% artesanal, monofloral y sin pasteurizar.<\/p>\n<p>Formato: 250 g<\/p>\n<p>Origen Miel: Italia (Calabria)<\/p>\n<p>Lee la descripci\u00f3n completa a continuaci\u00f3n.<\/p>\n<p>&nbsp;<\/p>\n<p><strong>C\u00f3mpralo ahora y rec\u00edbelo en tu casa en 2-3 d\u00edas.<\/strong>&hellip; <a class=\"kt-excerpt-readmore more-link\" href=\"https:\/\/agropic.it\/es\/producto\/miel-de-castano-250-g\/\" aria-label=\"Miel de casta\u00f1o 250 g\">Leer m\u00e1s<\/a><\/p>\n","protected":false},"featured_media":11347,"comment_status":"closed","ping_status":"closed","template":"","meta":{"kt_blocks_editor_width":"","_kad_blocks_custom_css":"","_kad_blocks_head_custom_js":"","_kad_blocks_body_custom_js":"","_kad_blocks_footer_custom_js":""},"product_brand":[],"product_cat":[257],"product_tag":[],"class_list":{"0":"post-11256","1":"product","2":"type-product","3":"status-publish","4":"has-post-thumbnail","6":"product_cat-miel-es","8":"first","9":"instock","10":"shipping-taxable","11":"purchasable","12":"product-type-simple"},"taxonomy_info":{"product_cat":[{"value":257,"label":"Miel"}]},"featured_image_src_large":["https:\/\/agropic.it\/wp-content\/uploads\/2024\/01\/MIELE-DI-CASTAGNO-250g-2-1-960x960.jpg",960,960,true],"author_info":[],"comment_info":0,"_links":{"self":[{"href":"https:\/\/agropic.it\/es\/wp-json\/wp\/v2\/product\/11256","targetHints":{"allow":["GET"]}}],"collection":[{"href":"https:\/\/agropic.it\/es\/wp-json\/wp\/v2\/product"}],"about":[{"href":"https:\/\/agropic.it\/es\/wp-json\/wp\/v2\/types\/product"}],"replies":[{"embeddable":true,"href":"https:\/\/agropic.it\/es\/wp-json\/wp\/v2\/comments?post=11256"}],"wp:featuredmedia":[{"embeddable":true,"href":"https:\/\/agropic.it\/es\/wp-json\/wp\/v2\/media\/11347"}],"wp:attachment":[{"href":"https:\/\/agropic.it\/es\/wp-json\/wp\/v2\/media?parent=11256"}],"wp:term":[{"taxonomy":"product_brand","embeddable":true,"href":"https:\/\/agropic.it\/es\/wp-json\/wp\/v2\/product_brand?post=11256"},{"taxonomy":"product_cat","embeddable":true,"href":"https:\/\/agropic.it\/es\/wp-json\/wp\/v2\/product_cat?post=11256"},{"taxonomy":"product_tag","embeddable":true,"href":"https:\/\/agropic.it\/es\/wp-json\/wp\/v2\/product_tag?post=11256"}],"curies":[{"name":"wp","href":"https:\/\/api.w.org\/{rel}","templated":true}]}}