{"id":11137,"date":"2024-12-23T08:11:46","date_gmt":"2024-12-23T08:11:46","guid":{"rendered":"https:\/\/agropic.it\/prodotto\/mermelada-de-mandarina-tardia-y-pomelo-rosa-220-g\/"},"modified":"2025-04-04T14:37:05","modified_gmt":"2025-04-04T14:37:05","slug":"mermelada-de-mandarina-tardia-y-pomelo-rosa-220-g","status":"publish","type":"product","link":"https:\/\/agropic.it\/es\/producto\/mermelada-de-mandarina-tardia-y-pomelo-rosa-220-g\/","title":{"rendered":"Mermelada de mandarina tard\u00eda y pomelo rosa 220 g"},"content":{"rendered":"<h6>Mermelada de mandarina tard\u00eda y pomelo rosa 220 g<\/h6>\n<h6>La Mermelada de Mandarina Tard\u00eda y Pomelo Rosa es una deliciosa combinaci\u00f3n de c\u00edtricos. El dulzor de la mandarina tard\u00eda se combina armoniosamente con el sabor ligeramente amargo y arom\u00e1tico del pomelo rosa, creando una mermelada equilibrada y de rico sabor, ideal para sabrosos desayunos y apetitosas meriendas. <\/h6>\n<p>Con su sabor dulce y fresco, la mermelada de mandarina tard\u00eda y pomelo rosa puede utilizarse de varias formas creativas y sabrosas. Aqu\u00ed tienes algunas ideas para aprovecharla al m\u00e1ximo: <\/p>\n<p>1. Untar en <strong>pan o rebanadas de pan tostado<\/strong>: La forma m\u00e1s f\u00e1cil y sabrosa de disfrutar de la mermelada es untarla en una rebanada de pan fresco o en una tostada crujiente. Perfecto para un desayuno energ\u00e9tico o un tentempi\u00e9 ligero. <\/p>\n<p>2. <strong>Emparejada con queso<\/strong>: La mermelada de c\u00edtricos combina muy bien con quesos frescos como <strong>el queso de cabra<\/strong>, <strong>la ricotta<\/strong> o incluso quesos m\u00e1s curados como <strong>el parmesano<\/strong> o <strong>el pecorino<\/strong>. La acidez del pomelo y el dulzor de la mandarina equilibran perfectamente el sabor salado de los quesos. <\/p>\n<p>3. <strong>Para rellenar postres<\/strong>: Util\u00edzala como relleno de tartas, <strong>bizcochos<\/strong> o <strong>pasteles<\/strong>. La mermelada de c\u00edtricos es ideal para rellenar masas quebradas o dar un toque fresco a postres de cuchara como la crema <strong>b\u00e1vara<\/strong> o <strong>la tarta de queso<\/strong>. <\/p>\n<p>4. Como cobertura<strong> para yogur o helado<\/strong>: Puedes utilizar mermelada como cobertura para yogur griego o yogur natural, quiz\u00e1s acompa\u00f1ada de fruta fresca o granola. Sobre helado, especialmente de nata, vainilla o c\u00edtricos, tambi\u00e9n es una combinaci\u00f3n deliciosa. <\/p>\n<p>5. <strong>En combinaci\u00f3n con platos salados<\/strong>: La mermelada de c\u00edtricos puede utilizarse para acompa\u00f1ar platos salados. Pru\u00e9bala sobre <strong>carnes a la parrilla<\/strong> como pollo, cerdo o pavo, o sobre <strong>bruschetta<\/strong> con queso de untar y frutos secos. <\/p>\n<h6>Ingredientes: Mandarina tard\u00eda 45%, pomelo rosa 25%, az\u00facar, espesante: pectina natural.<\/h6>\n<h6>Sin colorantes ni conservantes<\/h6>\n<h6>Formato: 220 g<\/h6>\n<h6>Origen de la materia prima: Italia (Calabria)<\/h6>\n<p><strong>Conservaci\u00f3n:<\/strong> Almacenar en un lugar seco y fresco, lejos de fuentes de luz o calor. Una vez abierto, consumir en pocos d\u00edas. <\/p>\n<p>Se utilizaron 70 g de fruta por cada 100 g de producto acabado.<\/p>\n<p>Valores nutricionales por 100 g de producto acabado:<\/p>\n<ul>\n<li>Energ\u00eda: 656,9 kcal 154 Kj<\/li>\n<li>Prote\u00ednas: 1,4 g<\/li>\n<li>L\u00edpidos 0,1 g<\/li>\n<li>de los cuales saturados 0,01 g<\/li>\n<li>Gl\u00facidos 40 g<\/li>\n<li>de los cuales az\u00facares 40 g<\/li>\n<li>Sal 0,02 g<\/li>\n<\/ul>\n<p><strong>Gesti\u00f3n familiar y selecci\u00f3n de las mejores materias primas<\/strong>, cultivadas en la f\u00e9rtil tierra de la empresa y procesadas seg\u00fan la antigua tradici\u00f3n.<\/p>\n<p>Adem\u00e1s de la mermelada de mandarina tard\u00eda y pomelo rosa, ofrecemos una amplia gama de productos, todos elaborados en fresco y con m\u00e9todos artesanales de sabor inconfundible, como zumos de frutas, confituras y mermeladas de frutas de temporada, pur\u00e9s de tomate, cremas, miel y conservas en aceite.<\/p>\n<p><strong>El objetivo principal de la actividad es valorizar los sabores y las frutas de Calabria, en particular los que son especiales y normalmente menos conocidos<\/strong>, como la bergamota, una fruta con m\u00faltiples propiedades beneficiosas, tan \u00fanica y \u00e1cida como todo el territorio calabr\u00e9s.<\/p>\n<p>Aportamos productos genuinos de alta calidad a partir de una selecci\u00f3n cuidadosa y controlada de materias primas, muchas de las cuales cultivamos directamente y obtenemos sin utilizar productos qu\u00edmicos.<\/p>\n<p>Naturaleza, tradici\u00f3n y alta calidad son los ingredientes del \u00e9xito de Agro Pic.<\/p>\n<p>S\u00edguenos en INSTAGRAM para descubrir todas las novedades de Agro Pic<\/p>\n<p><a href=\"https:\/\/www.instagram.com\/agropic\/\" target=\"_blank\" rel=\"noopener\">https:\/\/www.instagram.com\/agropic\/<\/a><\/p>\n<p><strong>Para cualquier informaci\u00f3n sobre nuestros productos, no dudes en <a href=\"https:\/\/www.agropic.it\/contatti\/\">ponerte en contacto con nosotros:<\/a><\/strong><\/p>\n<p>c\u00e9lula. 3495651669<\/p>\n<p>direcci\u00f3n de correo electr\u00f3nico: info@agropic.it<\/p>\n<p>Tel. 0964 1955229<\/p>\n","protected":false},"excerpt":{"rendered":"<h6>La Mermelada de Mandarina Tard\u00eda y Pomelo Rosa es una deliciosa combinaci\u00f3n de c\u00edtricos. El dulzor de la mandarina tard\u00eda se combina armoniosamente con el sabor ligeramente amargo y arom\u00e1tico del pomelo rosa, creando una mermelada equilibrada y de rico sabor, ideal para sabrosos desayunos y apetitosas meriendas. <\/h6>\n<p>Sin colorantes ni conservantes<\/p>\n<p>&nbsp;<\/p>\n<p><strong>Ingredientes<\/strong>: Mandarina tard\u00eda 45%, pomelo rosa 25%, az\u00facar, espesante: pectina natural.<\/p>\n<p><strong>Formato:<\/strong> 220 g<\/p>\n<p><strong>Origen de la materia prima:<\/strong> Italia (Calabria)&hellip; <a class=\"kt-excerpt-readmore more-link\" href=\"https:\/\/agropic.it\/es\/producto\/mermelada-de-mandarina-tardia-y-pomelo-rosa-220-g\/\" aria-label=\"Mermelada de mandarina tard\u00eda y pomelo rosa 220 g\">Leer m\u00e1s<\/a><\/p>\n","protected":false},"featured_media":7056,"comment_status":"open","ping_status":"closed","template":"","meta":{"kt_blocks_editor_width":"","_kad_blocks_custom_css":"","_kad_blocks_head_custom_js":"","_kad_blocks_body_custom_js":"","_kad_blocks_footer_custom_js":""},"product_brand":[],"product_cat":[265],"product_tag":[996,997],"class_list":{"0":"post-11137","1":"product","2":"type-product","3":"status-publish","4":"has-post-thumbnail","6":"product_cat-mermeladas-y-confituras","7":"product_tag-mermelada-de-mandarina","8":"product_tag-mermelada-de-pomelo-rosa","10":"first","11":"instock","12":"shipping-taxable","13":"purchasable","14":"product-type-simple"},"taxonomy_info":{"product_cat":[{"value":265,"label":"Mermeladas y Confituras"}],"product_tag":[{"value":996,"label":"mermelada de mandarina"},{"value":997,"label":"mermelada de pomelo rosa"}]},"featured_image_src_large":["https:\/\/agropic.it\/wp-content\/uploads\/2023\/03\/Marmellata-di-mandarino-tardivo-e-pompelmo-rosa-960x960.webp",960,960,true],"author_info":[],"comment_info":0,"_links":{"self":[{"href":"https:\/\/agropic.it\/es\/wp-json\/wp\/v2\/product\/11137","targetHints":{"allow":["GET"]}}],"collection":[{"href":"https:\/\/agropic.it\/es\/wp-json\/wp\/v2\/product"}],"about":[{"href":"https:\/\/agropic.it\/es\/wp-json\/wp\/v2\/types\/product"}],"replies":[{"embeddable":true,"href":"https:\/\/agropic.it\/es\/wp-json\/wp\/v2\/comments?post=11137"}],"wp:featuredmedia":[{"embeddable":true,"href":"https:\/\/agropic.it\/es\/wp-json\/wp\/v2\/media\/7056"}],"wp:attachment":[{"href":"https:\/\/agropic.it\/es\/wp-json\/wp\/v2\/media?parent=11137"}],"wp:term":[{"taxonomy":"product_brand","embeddable":true,"href":"https:\/\/agropic.it\/es\/wp-json\/wp\/v2\/product_brand?post=11137"},{"taxonomy":"product_cat","embeddable":true,"href":"https:\/\/agropic.it\/es\/wp-json\/wp\/v2\/product_cat?post=11137"},{"taxonomy":"product_tag","embeddable":true,"href":"https:\/\/agropic.it\/es\/wp-json\/wp\/v2\/product_tag?post=11137"}],"curies":[{"name":"wp","href":"https:\/\/api.w.org\/{rel}","templated":true}]}}