{"id":3698,"date":"2021-06-24T17:15:07","date_gmt":"2021-06-24T17:15:07","guid":{"rendered":"https:\/\/agropic.it\/?page_id=3698"},"modified":"2021-06-24T17:15:07","modified_gmt":"2021-06-24T17:15:07","slug":"uso-de-cookies","status":"publish","type":"page","link":"https:\/\/agropic.it\/es\/uso-de-cookies\/","title":{"rendered":"Uso de Cookies"},"content":{"rendered":"<p>Esta p\u00e1gina web utiliza cookies, tambi\u00e9n de terceras partes, para mejorar la experiencia de navegaci\u00f3n y permitir a quien navega disfrutar de nuestros servicios.<\/p>\n<p>La presente Pol\u00edtica de Cookies debe ser le\u00edda junto a nuestra Pol\u00edtica de Privacidad que te invitamos a consultar para m\u00e1s informaci\u00f3n sobre lo que hacemos y no hacemos con tus datos personales.<\/p>\n<p><strong>Si contin\u00faas navegando en nuestra p\u00e1gina web aceptas el uso de las cookies.<\/strong><\/p>\n<p>A continuaci\u00f3n es posible leer una definici\u00f3n de \u201cCookies\u201d y c\u00f3mo son clasificadas, adem\u00e1s de las instrucciones para deshabilitarlas.<\/p>\n<h4>QU\u00c9 SON LAS COOKIES<\/h4>\n<p>Las cookies son peque\u00f1os archivos de texto enviados desde nuestra p\u00e1gina web y memorizados en tu ordenador, tablet, smartphone u otro dispositivo m\u00f3vil. Estos contienen informaci\u00f3n de base respecto a la navegaci\u00f3n en internet y gracias al navegador son reconocidos cada vez que el usuario visita la p\u00e1gina web. Las cookies pueden estar configuradas desde la p\u00e1gina web visitada o desde terceras partes si est\u00e1n configuradas desde p\u00e1ginas web externas.<\/p>\n<h4>CLASIFICACI\u00d3N DE LAS COOKIES:<\/h4>\n<h4>\nCOOKIES T\u00c9CNICAS<\/h4>\n<p>Este tipo de cookies permite el correcto funcionamiento de nuestra p\u00e1gina web. Son de dos tipos, permanentes y de sesi\u00f3n:<\/p>\n<ul>\n<li><strong>permanentes:<\/strong> una vez cerrado el navegador no son destruidas, sino que permanecen hasta la fecha de caducidad preprogramada o hasta que el usuario las elimina.<\/li>\n<li><strong>de sesi\u00f3n:<\/strong> se destruyen cada vez que se cierra el navegador.<\/li>\n<\/ul>\n<p>Estas cookies son necesarias para visualizar correctamente nuestra p\u00e1gina web y en relaci\u00f3n con los servicios t\u00e9cnicos ofertados, por tanto ser\u00e1n siempre utilizadas y enviadas, a menos que el usuario modifique la configuraci\u00f3n del navegador.<\/p>\n<p>Las cookies t\u00e9cnicas se utilizan para las actividades siguientes:<\/p>\n<ul>\n<li><strong>Actividad estrictamente necesarias para el funcionamiento<\/strong><\/li>\n<\/ul>\n<p>Estas cookies tienen naturaleza t\u00e9cnica y permiten a la p\u00e1gina web funcionar correctamente. Por ejemplo, mantienen al usuario conectado durante la navegaci\u00f3n, evitando que la p\u00e1gina web le pida constantemente que acceda a su cuenta para acceder a diferentes p\u00e1ginas o secciones de la p\u00e1gina web.<\/p>\n<ul>\n<li><strong>Actividad de recuerdo de preferencias<\/strong><\/li>\n<\/ul>\n<p>Estas cookies permiten recordar las preferencias seleccionadas por el usuario durante la navegaci\u00f3n, como la configuraci\u00f3n del idioma por ejemplo.<\/p>\n<ul>\n<li><strong>Actividad estad\u00edstica y de medida de audiencia<\/strong><\/li>\n<\/ul>\n<p>Estas cookies nos ayudan a entender (gracias al uso de Google Analytics), a trav\u00e9s de datos recogidos de forma an\u00f3nima y agregada (las direcciones IP en Analytics son enmascaradas y no usamos cookies de perfilado), c\u00f3mo los usuarios interaccionan con nuestra p\u00e1gina web, proporcion\u00e1ndonos informaci\u00f3n respecto a las secciones visitadas, el tiempo transcurrido en la p\u00e1gina, posibles errores en el funcionamiento. Esto nos ayuda a mejorar la ejecuci\u00f3n de nuestra p\u00e1gina web.<\/p>\n<h4>COOKIES DE PERFILADO<\/h4>\n<p>Estas cookies sirven para crear \u201cperfiles de usuarios\u201d y permiten enviar mensajes publicitarios en l\u00ednea con las preferencias y elecciones que surgen de la navegaci\u00f3n de cada usuario.<\/p>\n<p><strong>Esta p\u00e1gina web NO UTILIZA COOKIES DE PERFILADO.<\/strong><\/p>\n<p>Sin embargo, Facebook, Google y otras p\u00e1ginas externas s\u00ed las usan. Para m\u00e1s informaci\u00f3n, puede leer el siguiente p\u00e1rrafo \u201ccookies de terceras partes\u201d.<\/p>\n<p>Se considera necesario recalcar que no se nos puede pedir ninguna responsabilidad en el caso de que p\u00e1ginas web externas no se adecuen correctamente a la normativa vigente en materia de uso de cookies.<\/p>\n<h4>COOKIES DE TERCERAS PARTES<\/h4>\n<p>Visitando nuestra p\u00e1gina web vienen configuradas cookies de primera parte (instaladas directamente de nuestra p\u00e1gina web) y de tercera parte (instaladas de sitios externos).<\/p>\n<p>Los ejemplos m\u00e1s comunes son los videos de Youtube, las portadas de las p\u00e1ginas de Facebook, los mapas de Google y los botones de compartir en redes sociales. La presencia de estos contenidos supone la transmisi\u00f3n de cookies a y desde todas las p\u00e1ginas que operan desde las terceras partes. Estas cookies son establecidas desde un dominio diferente al nuestro y est\u00e1n sujetas a la normativa correspondiente para su uso. Nosotros no tendremos acceso a los datos memorizados en las cookies de sitios externos durante la navegaci\u00f3n en los mismos.<\/p>\n<p><strong>En presencia de cookies de terceras partes (por ejemplo clicando en los botones de redes sociales o visualizando videos\/mapas de otras p\u00e1ginas web), las cookies de perfilado pertenecientes a estas terceras partes pueden ser instaladas en nuestra p\u00e1gina web con el fin de proporcionar a los usuarios anuncios basados en su actividad en internet.<\/strong><\/p>\n<p>Para garantizar una mayor transparencia y comodidad, se detallan a continuaci\u00f3n las direcciones web de las diferentes pol\u00edticas y m\u00e9todos de gesti\u00f3n de cookies.<\/p>\n<p>Pol\u00edtica de Facebook:<a href=\"https:\/\/www.facebook.com\/help\/cookies\/\" target=\"_blank\" rel=\"noopener\"> haz click aqu\u00ed<\/a><br \/>\nFacebook (configuraci\u00f3n): Acceder a la cuenta &gt; Configuraci\u00f3n &gt; Privacidad<br \/>\nPol\u00edtica de Twitter: <a href=\"https:\/\/support.twitter.com\/articles\/20170514\" target=\"_blank\" rel=\"noopener\">haz click aqu\u00ed<\/a><br \/>\nTwitter (configuraci\u00f3n): <a href=\"https:\/\/twitter.com\/settings\/security\" target=\"_blank\" rel=\"noopener\">haz click aqu\u00ed<\/a><br \/>\nPol\u00edtica de Linkedin: <a href=\"https:\/\/www.linkedin.com\/legal\/cookie-policy\" target=\"_blank\" rel=\"noopener\">haz click aqu\u00ed<\/a><br \/>\nLinkedin (configuraci\u00f3n): <a href=\"https:\/\/www.linkedin.com\/settings\/\" target=\"_blank\" rel=\"noopener\">haz click aqu\u00ed<\/a><br \/>\nPol\u00edtica de Google+: <a href=\"http:\/\/www.google.it\/intl\/it\/policies\/technologies\/cookies\/\" target=\"_blank\" rel=\"noopener\">haz click aqu\u00ed<\/a><br \/>\nGoogle+ (configuraci\u00f3n): <a href=\"http:\/\/www.google.it\/intl\/it\/policies\/technologies\/managing\/\" target=\"_blank\" rel=\"noopener\">haz click aqu\u00ed<\/a><\/p>\n<h3>DESHABILITAR COOKIES<\/h3>\n<p>En cualquier momento es posible deshabilitar las cookies desde el navegador; te recordamos que esta opci\u00f3n podr\u00eda limitar muchas de las funciones de navegaci\u00f3n de la p\u00e1gina web.<\/p>\n<h3>INSTRUCCIONES PARA DESHABILITAR COOKIES DESDE EL NAVEGADOR<\/h3>\n<p>deshabilitar cookies en <a href=\"https:\/\/support.mozilla.org\/it\/kb\/Attivare%20e%20disattivare%20i%20cookie\" target=\"_blank\" rel=\"noopener\">Firefox<\/a><br \/>\ndeshabilitar cookies en <a href=\"http:\/\/www.google.com\/policies\/technologies\/managing\/\" target=\"_blank\" rel=\"noopener\">Chrome<\/a><br \/>\ndeshabilitar cookies en <a href=\"http:\/\/windows.microsoft.com\/it-it\/internet-explorer\/delete-manage-cookies#ie=ie-11\" target=\"_blank\" rel=\"noopener\">Internet Explorer<\/a><br \/>\ndeshabilitar cookies en <a href=\"http:\/\/support.apple.com\/kb\/HT1677?viewlocale=it_IT&amp;locale=it_IT\" target=\"_blank\" rel=\"noopener\">Safari<\/a><br \/>\ndeshabilitar cookies en <a href=\"http:\/\/help.opera.com\/Mac\/12.10\/it\/cookies.html\" target=\"_blank\" rel=\"noopener\">Opera<\/a><br \/>\nSi usas cualquier otro navegador, busca en la configuraci\u00f3n del mismo la funci\u00f3n de gesti\u00f3n de cookies.<\/p>\n<p>Para m\u00e1s informaci\u00f3n respecto a la gesti\u00f3n de cookies en el navegador de dispositivos m\u00f3viles, consultar el manual de usuario espec\u00edfico. Puedes encontrar m\u00e1s informaci\u00f3n sobre cookies consultando la p\u00e1gina web <a href=\"http:\/\/www.aboutcookies.org\/\" target=\"_blank\" rel=\"noopener\">www.aboutcookies.org<\/a>.<\/p>\n<p>Adem\u00e1s, accediendo a la p\u00e1gina <a href=\"http:\/\/www.youronlinechoices.com\/it\/le-tue-scelte\" target=\"_blank\" rel=\"noopener\">http:\/\/www.youronlinechoices.com\/it\/le-tue-scelte<\/a> puedes informarte sobre la publicidad comportamental adem\u00e1s de desactivar o activar las compa\u00f1\u00edas del elenco que trabajan con los gestores de las p\u00e1ginas web para recoger y utilizar informaci\u00f3n \u00fatil para el uso de publicidad.<\/p>\n","protected":false},"excerpt":{"rendered":"<p>Esta p\u00e1gina web utiliza cookies, tambi\u00e9n de terceras partes, para mejorar la experiencia de navegaci\u00f3n y permitir a quien navega disfrutar de nuestros servicios. La presente Pol\u00edtica de Cookies debe ser le\u00edda junto a nuestra Pol\u00edtica de Privacidad que te &hellip; <a class=\"kt-excerpt-readmore more-link\" href=\"https:\/\/agropic.it\/es\/uso-de-cookies\/\" aria-label=\"Uso de Cookies\">Leer m\u00e1s<\/a><\/p>\n","protected":false},"author":39,"featured_media":0,"parent":0,"menu_order":3,"comment_status":"closed","ping_status":"closed","template":"","meta":{"kt_blocks_editor_width":"","_kad_blocks_custom_css":"","_kad_blocks_head_custom_js":"","_kad_blocks_body_custom_js":"","_kad_blocks_footer_custom_js":"","footnotes":""},"class_list":["post-3698","page","type-page","status-publish","hentry"],"taxonomy_info":[],"featured_image_src_large":false,"author_info":{"display_name":"agropic","author_link":"https:\/\/agropic.it\/es\/author\/agropic\/"},"comment_info":"","_links":{"self":[{"href":"https:\/\/agropic.it\/es\/wp-json\/wp\/v2\/pages\/3698","targetHints":{"allow":["GET"]}}],"collection":[{"href":"https:\/\/agropic.it\/es\/wp-json\/wp\/v2\/pages"}],"about":[{"href":"https:\/\/agropic.it\/es\/wp-json\/wp\/v2\/types\/page"}],"author":[{"embeddable":true,"href":"https:\/\/agropic.it\/es\/wp-json\/wp\/v2\/users\/39"}],"replies":[{"embeddable":true,"href":"https:\/\/agropic.it\/es\/wp-json\/wp\/v2\/comments?post=3698"}],"version-history":[{"count":0,"href":"https:\/\/agropic.it\/es\/wp-json\/wp\/v2\/pages\/3698\/revisions"}],"wp:attachment":[{"href":"https:\/\/agropic.it\/es\/wp-json\/wp\/v2\/media?parent=3698"}],"curies":[{"name":"wp","href":"https:\/\/api.w.org\/{rel}","templated":true}]}}