{"id":3689,"date":"2021-06-24T16:22:04","date_gmt":"2021-06-24T16:22:04","guid":{"rendered":"https:\/\/agropic.it\/?page_id=3689"},"modified":"2021-09-22T10:04:12","modified_gmt":"2021-09-22T10:04:12","slug":"politica-de-privacidad","status":"publish","type":"page","link":"https:\/\/agropic.it\/es\/politica-de-privacidad\/","title":{"rendered":"Pol\u00edtica De Privacidad"},"content":{"rendered":"<h1>POL\u00cdTICA RESPECTO AL NUEVO GDPR 2016\/679<\/h1>\n<p>Nuestra pol\u00edtica de privacidad busca ser lo m\u00e1s legible y transparente posible ya que hace referencia al modo en que recogemos y elaboramos tus datos. Recogemos siempre la cantidad m\u00ednima de datos personales necesarios para llevar a cabo nuestros servicios. Usamos tales datos solo con motivos comerciales directos (si es necesario, por ejemplo, con fines fiscales) para cumplir con las obligaciones previstas en la normativa vigente. No vendemos tus datos a terceros y permitimos a nuestros visitantes\/usuarios actualizar o eliminar sus datos personales.<\/p>\n<h2>Titular y Responsable de los datos<\/h2>\n<p>El titular de los datos es <strong>Agropic.it de Perre Maria Carmela<\/strong> con sede legal en<strong> C. da Marcato SNC &#8211; 89040 Cirella di Plat\u00ec (RC) &#8211; NIF IT02640940801.<\/strong><br \/>\nEs posible ponerse en contacto con el Titular\/ Responsable de los datos mediante email a la direcci\u00f3n info@agropic.it o llamando al n\u00famero +39 3495651669.<\/p>\n<h2>Qu\u00e9 datos personales recogemos y por qu\u00e9 los recogemos<\/h2>\n<h3>E-Commerce<\/h3>\n<p>Cuando realizas un pedido en nuestra p\u00e1gina web recogemos los siguientes datos: Nombre, Apellido, Raz\u00f3n Social (Facultativo), DNI y\/o NIF, Direcci\u00f3n completa (calle, n\u00famero, localidad), Email y N\u00famero de tel\u00e9fono. Estos datos son necesarios e indispensables para realizar una correcta gesti\u00f3n de tu pedido y con motivos fiscales. No utilizaremos estos datos con finalidad de Marketing (env\u00edo de Novedades de nuestra parte) a menos que hayas rellenado la casilla \u201c\u00a1Quiero recibir novedades!\u201d.<\/p>\n<p><strong>No recogemos datos de pago:<\/strong> ninguna transacci\u00f3n se realiza directamente en nuestra p\u00e1gina web. En caso de pago mediante PayPal o Tarjeta de Cr\u00e9dito, la transacci\u00f3n se realiza en la p\u00e1gina web de Paypal. Para m\u00e1s informaci\u00f3n sobre c\u00f3mo gestiona Paypal tus datos personales puedes leer su pol\u00edtica haciendo click aqu\u00ed.<\/p>\n<h3>Registro<\/h3>\n<p>Al registrarte en nuestra p\u00e1gina web recogemos los siguientes datos: Username elegido, direcci\u00f3n email y contrase\u00f1a. Estos datos son memorizados en nuestra base de datos para un buen y correcto funcionamiento de nuestra p\u00e1gina.<\/p>\n<p>Tu email no se utilizar\u00e1 con fines de Marketing (env\u00edo de emails publicitarios de nuestra parte) a menos que te hayas inscrito en nuestra Newsletter.<\/p>\n<p>Tu contrase\u00f1a est\u00e1 encriptada en nuestra base de datos y no tenemos acceso a su visualizaci\u00f3n o recuperaci\u00f3n. Si la olvidas tendr\u00e1s que pedir una nueva haciendo click en el link que aparece en la pantalla de login.<\/p>\n<h3><\/h3>\n<h3>M\u00f3dulo de contacto<\/h3>\n<p>Cuando rellenas uno de nuestros m\u00f3dulos de contacto recogemos los siguientes datos: Nombre, Apellido (solo cuando previsto), Email, N\u00famero de tel\u00e9fono. Estos datos son necesarios para poder responder a tu pregunta y no son utilizados con fines de marketing.<\/p>\n<h3>Login social<\/h3>\n<p>Cuando clicas en \u201cAccede con Facebook\u201d recogemos los datos de tu perfil p\u00fablico de Facebook. Estos datos incluyen nombre, apellido, direcci\u00f3n email, enlace al perfil de la red social, identificador \u00fanico, enlace al avatar del perfil social. Estos datos se utilizan para crear su cuenta de usuario en nuestro sitio web.Puede revocar este consentimiento en cualquier momento envi\u00e1ndonos un correo electr\u00f3nico.<\/p>\n<h3>Bolet\u00edn (Mailchimp)<\/h3>\n<p>Cuando se suscribe al bolet\u00edn de este sitio (marcando la casilla obligatoria de<br \/>\nconsentimiento de esta informaci\u00f3n y al hacer clic en el enlace recibido en el correo electr\u00f3nico de confirmaci\u00f3n) nos proporcionar\u00e1 su correo electr\u00f3nico y opcionalmente su nombre y apellidos. La Newsletter de nuestra p\u00e1gina<br \/>\ntrata todas sus acciones (guardar sus datos personales en el servidor y enviar correos electr\u00f3nicos de publicidad) por Mailchimp.<\/p>\n<p>Mailchimp es una empresa l\u00edder mundial en el env\u00edo de boletines. Una vez realizado el registro podr\u00e1s modificar \/ eliminar los datos personales que nos hayas facilitado y tu registro en el servicio actualizando las preferencias cada vez que recibas un correo electr\u00f3nico publicitario; o, alternativamente, solicitando la cancelaci\u00f3n en cualquier momento haciendo click aqu\u00ed.<\/p>\n<h3>Banner de whatsapp<\/h3>\n<p>Cuando haces click en el banner desplazable de Whatsapp ubicado en todas las p\u00e1ginas de la p\u00e1gina web, tu dispositivo le pondr\u00e1 en contacto con nosotros a trav\u00e9s de este servicio de mensajer\u00eda instant\u00e1nea.<br \/>\nSolo podremos ver tu n\u00famero de tel\u00e9fono y tu perfil de Whatsapp si, una vez clicado en el banner, nos env\u00edas un mensaje. Usaremos tu n\u00famero de tel\u00e9fono con el \u00fanico prop\u00f3sito de responder a tus solicitudes. Puedes consultar la pol\u00edtica de privacidad de Whatsapp haciendo clic aqu\u00ed.<\/p>\n<h3>Comentarios y rese\u00f1as de productos<\/h3>\n<p>Cuando los visitantes o los usuarios registrados dejan comentarios en la p\u00e1gina web (incluidas las rese\u00f1as de productos), recopilamos los datos que se muestran en el formulario de comentarios, as\u00ed como la direcci\u00f3n IP del visitante y la secuencia de agente de usuario del navegador para facilitar la detecci\u00f3n de spam.<\/p>\n<p>Una secuencia an\u00f3nima creada a partir de tu direcci\u00f3n de correo electr\u00f3nico (tambi\u00e9n llamada hash) puede ser proporcionada al servicio Gravatar para comprobar que lo est\u00e9s utilizando. La pol\u00edtica de privacidad del servicio<br \/>\nGravatar est\u00e1 disponible aqu\u00ed: https:\/\/automattic.com\/privacy\/. Despu\u00e9s de la aprobaci\u00f3n de tu comentario, tu foto de perfil ser\u00e1 visible para el p\u00fablico en el contexto del comentario.<\/p>\n<h3>Media<\/h3>\n<p>Si cargas im\u00e1genes en el sitio web, debes evitar cargar im\u00e1genes que incluyan datos de ubicaci\u00f3n incrustada (GPS EXIF). Los visitantes del sitio web pueden descargar y extraer cualquier dato de ubicaci\u00f3n de im\u00e1genes en el sitio web.<\/p>\n<h3>Datos de navegaci\u00f3n<\/h3>\n<p>Para el correcto funcionamiento de esta p\u00e1gina y los servicios prestados se requieren sistemas inform\u00e1ticos y procedimientos de software que, en el curso de su funcionamiento normal, adquieren datos personales cuya transmisi\u00f3n est\u00e1 impl\u00edcita en el uso de protocolos de comunicaci\u00f3n de Internet. Se trata de datos que no se recopilan para asociarlos con sujetos identificados, pero que, debido a su propia naturaleza, podr\u00edan, mediante el procesamiento y la asociaci\u00f3n con datos en poder de terceros, permitir la identificaci\u00f3n de los usuarios (por ejemplo, direcciones IP). Dichos datos, adem\u00e1s de para permitir el normal funcionamiento de nuestra p\u00e1gina, se utilizan solo para informaci\u00f3n estad\u00edstica an\u00f3nima relacionada con el uso del servicio y para verificar su correcto funcionamiento y son conservados durante el per\u00edodo estrictamente necesario y en todo caso de conformidad con la normativa vigente.<\/p>\n<h3>Cookies<\/h3>\n<p>Este sitio utiliza cookies, tambi\u00e9n de terceros, para mejorar la experiencia de navegaci\u00f3n y permitir que quienes navegan utilicen nuestros servicios. Las cookies son peque\u00f1os archivos de texto enviados por nuestro sitio web y almacenados en su ordenador, tablet, tel\u00e9fono inteligente u otro dispositivo m\u00f3vil. Contienen informaci\u00f3n b\u00e1sica sobre la navegaci\u00f3n por Internet y gracias al navegador son<br \/>\nreconocidos cada vez que el usuario visita el sitio.<\/p>\n<p><strong>Algunos ejemplos pr\u00e1cticos de cookies:<\/strong><\/p>\n<ul>\n<li>Si dejas un comentario en nuestro sitio, puedes optar por guardar tu nombre, direcci\u00f3n de correo electr\u00f3nico y sitio web en las cookies. Se utilizan para tu conveniencia para que no tengas que volver a ingresar tus datos cuando dejes otro comentario. Estas cookies durar\u00e1n un a\u00f1o.<\/li>\n<li>Si tienes una cuenta e inicias sesi\u00f3n en este sitio, se establecer\u00e1 una cookie temporal para determinar si tu navegador acepta cookies. Esta cookie no contiene datos personales y se elimina cuando cierras el navegador.<\/li>\n<li>Cuando inicies sesi\u00f3n, se establecer\u00e1n varias cookies para guardar tu informaci\u00f3n de inicio de sesi\u00f3n y las opciones de visualizaci\u00f3n de la pantalla. Las cookies de inicio de sesi\u00f3n duran dos d\u00edas, mientras que las cookies de opciones de pantalla duran un a\u00f1o. Si selecciona \u00abRecuerdame\u00bb, tu acceso persistir\u00e1 durante dos semanas. Si cierras sesi\u00f3n en tu cuenta, las cookies de inicio de sesi\u00f3n ser\u00e1n eliminadas.<\/li>\n<li>Si editas o publicas un art\u00edculo, se guardar\u00e1 una cookie adicional en tu navegador. Esta cookie no incluye datos personales, simplemente indica el ID del art\u00edculo que se acaba de modificar. Caduca despu\u00e9s de 1 d\u00eda.<\/li>\n<\/ul>\n<p><strong>Para obtener informaci\u00f3n m\u00e1s detallada, consulte nuestra p\u00e1gina Uso de cookies.<\/strong><\/p>\n<h3>Contenido incorporado de otras p\u00e1ginas web<\/h3>\n<p>Los art\u00edculos \/ p\u00e1ginas \/ productos de este sitio pueden incluir contenido incorporado (por ejemplo videos, im\u00e1genes, art\u00edculos, mapas de google, etc.). El contenido incorporado de otros sitios web funciona exactamente de la misma manera que si el visitante hubiera visitado el otro sitio web.<\/p>\n<p>Estos sitios web pueden recopilar datos sobre ti, utilizar cookies, integrar un seguimiento adicional de terceros y monitorear la interacci\u00f3n con ese contenido incorporado, incluido el seguimiento de tu interacci\u00f3n con el contenido incorporado si tiene una cuenta y ha iniciado sesi\u00f3n en ese sitio web.<\/p>\n<h3><\/h3>\n<h3>Google Analytics<\/h3>\n<p>Usamos Google Analytics para recopilar informaci\u00f3n sobre el uso de nuestro sitio web como el n\u00famero de visitantes por d\u00eda y \/ o en un per\u00edodo de tiempo determinado, el n\u00famero de p\u00e1ginas vistas y popularidad de determinadas p\u00e1ginas \/ art\u00edculos \/ productos. Google Analytics utiliza cookies y otras tecnolog\u00edas similares para identificar tu dispositivo y proporcionar informaci\u00f3n incluyendo:<\/p>\n<ul>\n<li>Direcci\u00f3n IP (anonimizada gracias a la funci\u00f3n especial para evitar el almacenamiento de informaci\u00f3n relativa a la direcci\u00f3n IP completa. La informaci\u00f3n utilizada puede, por tanto, considerarse fuera de la definici\u00f3n de datos personales y el procesamiento de los mismos queda fuera de la obligaci\u00f3n de consentimiento previo por parte del usuario)<\/li>\n<li>Ubicaci\u00f3n geogr\u00e1fica (aproximada)<\/li>\n<li>Tipo de dispositivo (ordenador, smartphone, tablet)<\/li>\n<li>Sistema operativo y navegador utilizados<\/li>\n<li>P\u00e1ginas que visitaste antes de llegar a nuestro sitio web.<\/li>\n<\/ul>\n<p><strong>Nuestro sitio web NO UTILIZA las funciones publicitarias de Google Analytics y, por lo tanto, no realiza operaciones de perfilado de usuarios y\/o remarketing a trav\u00e9s de \u00e9l.<\/strong><\/p>\n<h2>Con qui\u00e9n compartimos tus datos<\/h2>\n<p>Todos los datos personales recopilados en nuestro sitio se tratan de forma confidencial. Revelamos, en parte o en su totalidad, tus datos en las circunstancias limitadas que se describen a continuaci\u00f3n y con las garant\u00edas adecuadas sobre tu privacidad:<\/p>\n<ul>\n<li>Si lo requiere la ley, divulgaremos informaci\u00f3n sobre usted en respuesta a una citaci\u00f3n de juicio, una orden judicial u otra solicitud leg\u00edtima del gobierno<\/li>\n<li>Con nuestros empleados y\/o personas autorizadas que necesitan conocer tus datos enviados a trav\u00e9s de nuestro sitio con el fin de permitirnos ofrecerte nuestros servicios y\/o para fines administrativos, de facturaci\u00f3n, tributarios y todos los dem\u00e1s fines relacionados. Requerimos que todos ellos cumplan estrictamente con esta Pol\u00edtica de privacidad.<\/li>\n<li>Mailchimp: para permitir el correcto funcionamiento de nuestra Newsletter.<\/li>\n<li>Con nuestro proveedor de hosting: Serverplan (solo los datos de navegaci\u00f3n mencionados en el p\u00e1rrafo anterior \u00abqu\u00e9 datos personales recopilamos y por qu\u00e9 los recopilamos\u00bb)<\/li>\n<\/ul>\n<h3>Cu\u00e1nto tiempo conservamos sus datos<\/h3>\n<ul>\n<li>Los datos que env\u00edas al realizar un pedido se mantienen de forma indefinida y en todo caso durante el tiempo necesario a efectos administrativos y fiscales.<\/li>\n<li>Tu nombre de usuario, direcci\u00f3n de correo electr\u00f3nico y contrase\u00f1a de la cuenta creada en esta p\u00e1gina son conservados indefinidamente o hasta que solicites la cancelaci\u00f3n.<\/li>\n<li>Los datos que env\u00edas rellenando los formularios de contacto se guardan a tiempo indeterminado en nuestros servidores y dispositivos corporativos. Puedes solicitar la cancelaci\u00f3n de dichos datos en cualquier momento consultando el siguiente p\u00e1rrafo \u201cQu\u00e9 derechos tienes sobre tus datos\u201d.<\/li>\n<li>La direcci\u00f3n de correo electr\u00f3nico que proporcionaste al suscribirse a la Newsletter se guarda de forma indefinida o hasta que solicites la cancelaci\u00f3n.<\/li>\n<li>Si dejas un comentario, el comentario y sus metadatos se mantienen de forma indefinida. As\u00ed es como podemos reconocer y aprobar autom\u00e1ticamente cualquier comentario posterior en lugar de mantenerlos en una cola de moderaci\u00f3n.<\/li>\n<li>Tus datos en Google Analytics se almacenan durante 26 meses con fines estad\u00edsticos. Despu\u00e9s de este per\u00edodo de tiempo se eliminar\u00e1 autom\u00e1ticamente.<\/li>\n<li>Los datos de navegaci\u00f3n se conservan durante el per\u00edodo estrictamente necesario y en todo caso en cumplimiento de la normativa vigente.<\/li>\n<\/ul>\n<h2>Qu\u00e9 derechos tienes sobre tus datos<\/h2>\n<p>Si tienes una cuenta en esta p\u00e1gina web o has dejado comentarios, puedes solicitar recibir un archivo exportado de la p\u00e1gina con los datos personales que tenemos sobre ti, incluidos los datos que nos has proporcionado. Tambi\u00e9n puedes solicitar que eliminemos todos los datos personales que te conciernen, incluidos los que has proporcionado al realizar un pedido, registrar una cuenta y\/o rellenar formularios de contacto que almacenamos en nuestros servidores y dispositivos corporativos. Esto no incluye los datos que estamos obligados a conservar con fines administrativos, legales o de seguridad.<\/p>\n<p><strong>Si deseas saber cu\u00e1les son los datos personales que tenemos y\/o deseas eliminarlos, puedes hacerlo enviando un correo electr\u00f3nico a info@agropic.it<\/strong><\/p>\n<h2>D\u00f3nde enviamos tus datos<\/h2>\n<p>Tus datos personales residen en nuestros dispositivos corporativos (incluso aquellos compartidos con nuestro proveedor de hosting) y en cualquier caso dentro de la comunidad europea.<\/p>\n<p>Los datos que proporcionas para la suscripci\u00f3n a la Newsletter se procesan tambi\u00e9n fuera de la comunidad europea (los servidores de Mailchimp se encuentran en Estados Unidos).<\/p>\n<p>Los datos recopilados por Google Analytics se procesan en los Estados Unidos.<\/p>\n<p>Los comentarios de los visitantes se pueden verificar a trav\u00e9s de un servicio de seguimiento de spam autom\u00e1tico.<\/p>\n<h2>Datos de contacto<\/h2>\n<p>Para cualquier informaci\u00f3n\/duda\/consulta sobre el tratamiento de tus datos personales, puedes ponerte en contacto con el controlador\/administrador de datos, <strong>Agropic di Perre Maria Carmela a trav\u00e9s de la direcci\u00f3n info@agropic.it o llamando al (+39)349 5651669.<\/strong><\/p>\n<h3>C\u00f3mo protegemos tus datos<\/h3>\n<p>Hacemos todo lo posible para mantener seguros sus datos personales. Usamos protocolos seguros para la comunicaci\u00f3n y la transferencia de datos (como HTTPS). Usamos el anonimato y pseud\u00f3nimo cuando es posible. Monitoreamos y actualizamos nuestros sistemas para prevenir posibles vulnerabilidades y ataques.<\/p>\n<p>Aun haciendo nuestro mejor esfuerzo, no podemos garantizar la seguridad de tu informaci\u00f3n. Sin embargo, nos comprometemos a informar las violaciones de datos a las autoridades pertinentes. A t\u00ed tambi\u00e9n te notificaremos si existe una amenaza a tus derechos o intereses. Haremos todo lo posible para prevenir violaciones de seguridad y ayudar a las autoridades en el caso de violaciones.<\/p>\n<h3>De qu\u00e9 terceros recibimos datos<\/h3>\n<p>No recibimos datos de terceros.<\/p>\n<h3>Qu\u00e9 toma de decisiones automatizada y\/o elaboraci\u00f3n de perfiles hacemos con los datos del usuario<\/h3>\n<p>No perfilamos a nuestros usuarios\/visitantes.<\/p>\n<h2>Cambios en la pol\u00edtica de privacidad<\/h2>\n<p>Esta pol\u00edtica de privacidad es efectiva desde el 09.06.2018 y Agropic di Perre Maria Carmela puede modificar o actualizar su contenido.<\/p>\n<p>Para ello, te invitamos a visitar la secci\u00f3n de Privacidad para verificar la versi\u00f3n actualizada.<\/p>\n","protected":false},"excerpt":{"rendered":"<p>POL\u00cdTICA RESPECTO AL NUEVO GDPR 2016\/679 Nuestra pol\u00edtica de privacidad busca ser lo m\u00e1s legible y transparente posible ya que hace referencia al modo en que recogemos y elaboramos tus datos. Recogemos siempre la cantidad m\u00ednima de datos personales necesarios &hellip; <a class=\"kt-excerpt-readmore more-link\" href=\"https:\/\/agropic.it\/es\/politica-de-privacidad\/\" aria-label=\"Pol\u00edtica De Privacidad\">Leer m\u00e1s<\/a><\/p>\n","protected":false},"author":39,"featured_media":0,"parent":0,"menu_order":1,"comment_status":"closed","ping_status":"closed","template":"","meta":{"kt_blocks_editor_width":"","_kad_blocks_custom_css":"","_kad_blocks_head_custom_js":"","_kad_blocks_body_custom_js":"","_kad_blocks_footer_custom_js":"","footnotes":""},"class_list":["post-3689","page","type-page","status-publish","hentry"],"taxonomy_info":[],"featured_image_src_large":false,"author_info":{"display_name":"agropic","author_link":"https:\/\/agropic.it\/es\/author\/agropic\/"},"comment_info":"","_links":{"self":[{"href":"https:\/\/agropic.it\/es\/wp-json\/wp\/v2\/pages\/3689","targetHints":{"allow":["GET"]}}],"collection":[{"href":"https:\/\/agropic.it\/es\/wp-json\/wp\/v2\/pages"}],"about":[{"href":"https:\/\/agropic.it\/es\/wp-json\/wp\/v2\/types\/page"}],"author":[{"embeddable":true,"href":"https:\/\/agropic.it\/es\/wp-json\/wp\/v2\/users\/39"}],"replies":[{"embeddable":true,"href":"https:\/\/agropic.it\/es\/wp-json\/wp\/v2\/comments?post=3689"}],"version-history":[{"count":0,"href":"https:\/\/agropic.it\/es\/wp-json\/wp\/v2\/pages\/3689\/revisions"}],"wp:attachment":[{"href":"https:\/\/agropic.it\/es\/wp-json\/wp\/v2\/media?parent=3689"}],"curies":[{"name":"wp","href":"https:\/\/api.w.org\/{rel}","templated":true}]}}