{"id":3024,"date":"2024-01-29T16:22:11","date_gmt":"2020-08-18T16:22:11","guid":{"rendered":"https:\/\/agropic.it\/prodotto\/artichoke-pate-200-g\/"},"modified":"2024-05-28T07:50:46","modified_gmt":"2024-05-28T07:50:46","slug":"artichoke-pate-200-g","status":"publish","type":"product","link":"https:\/\/agropic.it\/en\/product\/artichoke-pate-200-g\/","title":{"rendered":"Artichoke Pat\u00e9 200g"},"content":{"rendered":"<h5>The Agro Pic artichoke p\u00e2t\u00e9 with its unmistakable and aromatic flavor is ideal for filling sandwiches or served on canap\u00e9s for tasty aperitifs. It can also be used as a condiment for pasta or meat dishes.<\/h5>\n<p><strong>Format<\/strong>: 200g<\/p>\n<p><strong>Ingredients<\/strong>: Artichokes 81%, extra virgin olive oil, sunflower seed oil, salt, oregano, garlic, chilli pepper, wine vinegar, acidity regulator: citric acid.<\/p>\n<p><strong>Nutritional values \u200b\u200bper 100 g of product:<\/strong><\/p>\n<ul>\n<li>Energy 312 Kcal \/ 1305 kj<\/li>\n<li>Protein 1.6g<\/li>\n<li>Lipids 31.6g<\/li>\n<li>of which saturated 10g<\/li>\n<li>Carbohydrates 3.3g<\/li>\n<li>of which sugars 2.4g<\/li>\n<li>Salt 1.3g<\/li>\n<\/ul>\n<h6>\n<strong>Family run and selection of the best raw materials, grown in the fertile lands of the business and transformed respecting the ancient tradition. This is the identity card of Agro Pic, a company specialized in the production of jams, juices, gravies and pickles.<\/strong><br \/>\n<strong>The main objective of the activity is the valorization of the flavors and fruits of Calabria, in particular the special and usually less known ones, such as bergamot, a fruit with multiple beneficial properties, unique and sour like the entire Calabrian territory.<\/strong><br \/>\n<strong>Nature, tradition and high quality are the ingredients of Agro Pic&#8217;s success.<\/strong><br \/>\n<strong>For any information on our products do not hesitate to contact us:<\/strong><br \/>\n<strong>Cell. 349 5651669<\/strong><br \/>\n<strong>Tel. 0964 1955229<\/strong><br \/>\n<strong>info@agropic.it<\/strong><\/h6>\n<h6>\n<strong>t is possible to purchase our products through this site or by email by writing to info@agropic.it or by telephone by calling the number 349 56 51 669. Once payment has been made, your order will be delivered to you within 4-5 days.<\/strong><\/h6>\n","protected":false},"excerpt":{"rendered":"<p><strong>The Agro Pic artichoke p\u00e2t\u00e9 with its unmistakable and aromatic flavor is ideal for filling sandwiches or served on canap\u00e9s for tasty aperitifs. It can also be used as a condiment for pasta or meat dishes.<\/strong><\/p>\n<p><strong>Format<\/strong>: 200g<\/p>\n<p><strong>Ingredients<\/strong>: Artichokes 81%, extra virgin olive oil, sunflower seed oil, salt, oregano, garlic, chilli pepper, wine vinegar, acidity regulator: citric acid.&hellip; <a class=\"kt-excerpt-readmore more-link\" href=\"https:\/\/agropic.it\/en\/product\/artichoke-pate-200-g\/\" aria-label=\"Artichoke Pat\u00e9 200g\">Read More<\/a><\/p>\n","protected":false},"featured_media":7143,"comment_status":"closed","ping_status":"closed","template":"","meta":{"kt_blocks_editor_width":"","_kad_blocks_custom_css":"","_kad_blocks_head_custom_js":"","_kad_blocks_body_custom_js":"","_kad_blocks_footer_custom_js":""},"product_brand":[],"product_cat":[246],"product_tag":[],"class_list":{"0":"post-3024","1":"product","2":"type-product","3":"status-publish","4":"has-post-thumbnail","6":"product_cat-pates-and-spreads","8":"first","9":"instock","10":"shipping-taxable","11":"purchasable","12":"product-type-simple"},"taxonomy_info":{"product_cat":[{"value":246,"label":"Pates and spreads"}]},"featured_image_src_large":["https:\/\/agropic.it\/wp-content\/uploads\/2023\/03\/Pate-di-carciofi-960x960.webp",960,960,true],"author_info":[],"comment_info":0,"_links":{"self":[{"href":"https:\/\/agropic.it\/en\/wp-json\/wp\/v2\/product\/3024","targetHints":{"allow":["GET"]}}],"collection":[{"href":"https:\/\/agropic.it\/en\/wp-json\/wp\/v2\/product"}],"about":[{"href":"https:\/\/agropic.it\/en\/wp-json\/wp\/v2\/types\/product"}],"replies":[{"embeddable":true,"href":"https:\/\/agropic.it\/en\/wp-json\/wp\/v2\/comments?post=3024"}],"wp:featuredmedia":[{"embeddable":true,"href":"https:\/\/agropic.it\/en\/wp-json\/wp\/v2\/media\/7143"}],"wp:attachment":[{"href":"https:\/\/agropic.it\/en\/wp-json\/wp\/v2\/media?parent=3024"}],"wp:term":[{"taxonomy":"product_brand","embeddable":true,"href":"https:\/\/agropic.it\/en\/wp-json\/wp\/v2\/product_brand?post=3024"},{"taxonomy":"product_cat","embeddable":true,"href":"https:\/\/agropic.it\/en\/wp-json\/wp\/v2\/product_cat?post=3024"},{"taxonomy":"product_tag","embeddable":true,"href":"https:\/\/agropic.it\/en\/wp-json\/wp\/v2\/product_tag?post=3024"}],"curies":[{"name":"wp","href":"https:\/\/api.w.org\/{rel}","templated":true}]}}