{"id":12019,"date":"2024-01-26T14:47:22","date_gmt":"2024-01-26T14:47:22","guid":{"rendered":"https:\/\/agropic.it\/?post_type=product&#038;p=12019"},"modified":"2026-02-27T16:12:37","modified_gmt":"2026-02-27T16:12:37","slug":"100-succo-di-melograno-e-bergamotto-200ml-24","status":"publish","type":"product","link":"https:\/\/agropic.it\/en\/product\/100-succo-di-melograno-e-bergamotto-200ml-24\/","title":{"rendered":"100% Succo di Melograno e Bergamotto 200ml &#8211; (24 bottiglie)"},"content":{"rendered":"<h6>100% Succo di Melograno e Bergamotto \u00e8 il mix perfetto per la tua salute, le propriet\u00e0 del bergamotto incontrano quelle del melograno creando cos\u00ec un succo delizioso e ricco di benefici per il tuo corpo.<\/h6>\n<p>box da 24 bottiglie<\/p>\n<p>Il succo di melograno e bergamotto \u00e8 una bevanda rinfrescante e piena di benefici, che unisce la dolcezza e la ricchezza del melograno con l&#8217;aroma agrumato e leggermente amarognolo del bergamotto, \u00e8 una bevanda non solo rinfrescante, ma anche ricca di vitamine, antiossidanti e benefici per la salute. Perfetto come drink estivo, ma anche come un elegante aperitivo.<\/p>\n<div class=\"flex max-w-full flex-col flex-grow\">\n<div class=\"min-h-8 text-message flex w-full flex-col items-end gap-2 whitespace-normal break-words [.text-message+&amp;]:mt-5\" dir=\"auto\" data-message-author-role=\"assistant\" data-message-id=\"17b4f9cc-6f31-44ad-99e1-496691d30075\" data-message-model-slug=\"gpt-4o-mini\">\n<div class=\"flex w-full flex-col gap-1 empty:hidden first:pt-[3px]\">\n<div class=\"markdown prose w-full break-words dark:prose-invert light\">\n<p>Il\u00a0<strong>succo di melograno e bergamotto<\/strong>\u00a0\u00e8 una bevanda fresca e ricca di sapore che pu\u00f2 essere utilizzata in molti modi diversi. Oltre a berlo da solo, puoi sfruttarlo in una variet\u00e0 di preparazioni culinarie e cocktail.<\/p>\n<\/div>\n<\/div>\n<\/div>\n<\/div>\n<p><strong>Ingredienti:<\/strong> 70% succo di melagrana, 30% succo di bergamotto.<\/p>\n<p>Senza zuccheri aggiunti e senza conservanti.<\/p>\n<p><strong>Formato:<\/strong> 200ml<\/p>\n<p><strong>Origine succo di melagrana e succo di bergamotto:<\/strong> Italia<\/p>\n<p><strong>Modalit\u00e0 di conservazione: <\/strong>Conservare in luogo fresco ed asciutto, lontano da luce o fonti di calore. Una volta aperto conservare il prodotto in frigorifero e consumarlo entro 5 giorni.<\/p>\n<p>Eventuali sedimenti o separazioni sono dovuti alla naturalit\u00e0 del prodotto.<\/p>\n<p>Il prodotto pu\u00f2 essere consumato al naturale o diluito in acqua.<\/p>\n<p><strong>Valori Nutrizionali per 100g di prodotto:<\/strong><\/p>\n<ul>\n<li>Energia: 199,6 kj \/ 47,7 kcal<\/li>\n<li>Proteine 0,03 g &#8211;<\/li>\n<li>Carboidrati 9,6 g &#8211;<\/li>\n<li>di cui zuccheri 9,5 g &#8211;<\/li>\n<li>Grassi 0,1 g &#8211;<\/li>\n<li>di cui saturi 0,1 g &#8211;<\/li>\n<li>sale 3 mg<\/li>\n<\/ul>\n<p>Qui di seguito tutte le propriet\u00e0 benefiche del Succo di Melograno e Bergamotto<\/p>\n<h6>Il Succo di Melograno \u00e8 un potente antiossidante naturale ricco di propriet\u00e0 antinfiammatorie e anti-degenerative, inoltre depura l&#8217;organismo e riduce il livello di colesterolo nel sangue.<\/h6>\n<p>Invece il Succo di Bergamotto aiuta a combattere i problemi di colesterolo cattivo LDL, prevenendo cos\u00ec malattie cardiovascolari e normalizza i livelli di transaminasi, CPK e glicemia. E&#8217; ricco di sali minerali e vitamine in grado di prevenire disturbi ossei e rafforzare il sistema immunitario e di antiossidanti che rallentano l&#8217;invecchiamento, Inoltre \u00e8 efficace\u00a0 per problemi digestivi e\u00a0 per combattere l&#8217;alitosi.<\/p>\n<p><strong>Conduzione familiare e selezione delle migliori materie prime<\/strong>, coltivate nei fertili terreni dell&#8217;attivit\u00e0 e trasformate nel rispetto dell\u2019antica tradizione.<\/p>\n<p>Oltre al succo di melograno e bergamotto, offriamo una vasta gamma di prodotti, tutti lavorati dal fresco e con metodi artigianali dal sapore inconfondibile come i succhi di frutta, le marmellate e confetture di frutta di stagione, le passate di pomodoro, le creme, il miele e le conserve sott&#8217;olio.<\/p>\n<p><strong>Obiettivo principe dell\u2019attivit\u00e0 \u00e8 la valorizzazione dei sapori e dei frutti della Calabria, in particolare quelli speciali e di norma meno conosciuti<\/strong>, come il bergamotto, frutto dalle molteplici propriet\u00e0 benefiche, unico e aspro come tutto il territorio calabrese.<\/p>\n<p>Portiamo sulle tavole prodotti genuini di alta qualit\u00e0, provenienti da un&#8217;accurata e controllata selezione delle materie prime, molte delle quali coltivate direttamente da noi e ottenute senza l&#8217;uso di sostanze chimiche.<\/p>\n<p>Natura, tradizione ed elevata qualit\u00e0 gli ingredienti del successo di Agro Pic.<\/p>\n<p>Seguici su INSTAGRAM per scoprire tutte le novit\u00e0 di Agro Pic<\/p>\n<p><a href=\"https:\/\/www.instagram.com\/agropic\/\" target=\"_blank\" rel=\"noopener\">https:\/\/www.instagram.com\/agropic\/<\/a><\/p>\n<p><strong>Per qualsiasi informazione sui nostri prodotti non esitare a\u00a0<a href=\"https:\/\/www.agropic.it\/contatti\/\">contattarci:<\/a><\/strong><\/p>\n<p>cell. 3495651669<\/p>\n<p>indirizzo e-mail: info@agropic.it<\/p>\n<p>Tel. 0964 1955229<\/p>\n","protected":false},"excerpt":{"rendered":"<p>100% Succo di Melograno e Bergamotto \u00e8 il mix perfetto per la tua salute, le propriet\u00e0 del bergamotto incontrano quelle del melograno creando cos\u00ec un succo delizioso e ricco di benefici per il tuo corpo.<\/p>\n<p>box da 24 bottiglie<\/p>\n<p><strong>Ingredienti:<\/strong> 70% succo di melagrana, 30% succo di bergamotto.<\/p>\n<p>Senza zuccheri aggiunti e senza conservanti.<\/p>\n<p><strong>Origine succo di melagrana e succo di bergamotto:<\/strong> Italia<\/p>\n<p><strong>Formato:<\/strong> 200ml<\/p>\n<p>Leggi in basso la descrizione completa e tutte le propriet\u00e0 benefiche!<\/p>\n<p>&nbsp;<\/p>\n<p><strong>Acquistalo ora e ricevilo a casa tua in 2-3 giorni.<\/strong>&hellip; <a class=\"kt-excerpt-readmore more-link\" href=\"https:\/\/agropic.it\/en\/product\/100-succo-di-melograno-e-bergamotto-200ml-24\/\" aria-label=\"100% Succo di Melograno e Bergamotto 200ml &#8211; (24 bottiglie)\">Read More<\/a><\/p>\n","protected":false},"featured_media":13613,"comment_status":"closed","ping_status":"closed","template":"","meta":{"kt_blocks_editor_width":"","_kad_blocks_custom_css":"","_kad_blocks_head_custom_js":"","_kad_blocks_body_custom_js":"","_kad_blocks_footer_custom_js":""},"product_brand":[],"product_cat":[208],"product_tag":[],"class_list":{"0":"post-12019","1":"product","2":"type-product","3":"status-publish","4":"has-post-thumbnail","6":"product_cat-succo-di-melograno","8":"first","9":"instock","10":"shipping-taxable","11":"purchasable","12":"product-type-simple"},"taxonomy_info":{"product_cat":[{"value":208,"label":"Succo di Melograno"}]},"featured_image_src_large":["https:\/\/agropic.it\/wp-content\/uploads\/2024\/01\/x-24-1181-x-1181-px-1-960x960.jpg",960,960,true],"author_info":[],"comment_info":0,"_links":{"self":[{"href":"https:\/\/agropic.it\/en\/wp-json\/wp\/v2\/product\/12019","targetHints":{"allow":["GET"]}}],"collection":[{"href":"https:\/\/agropic.it\/en\/wp-json\/wp\/v2\/product"}],"about":[{"href":"https:\/\/agropic.it\/en\/wp-json\/wp\/v2\/types\/product"}],"replies":[{"embeddable":true,"href":"https:\/\/agropic.it\/en\/wp-json\/wp\/v2\/comments?post=12019"}],"wp:featuredmedia":[{"embeddable":true,"href":"https:\/\/agropic.it\/en\/wp-json\/wp\/v2\/media\/13613"}],"wp:attachment":[{"href":"https:\/\/agropic.it\/en\/wp-json\/wp\/v2\/media?parent=12019"}],"wp:term":[{"taxonomy":"product_brand","embeddable":true,"href":"https:\/\/agropic.it\/en\/wp-json\/wp\/v2\/product_brand?post=12019"},{"taxonomy":"product_cat","embeddable":true,"href":"https:\/\/agropic.it\/en\/wp-json\/wp\/v2\/product_cat?post=12019"},{"taxonomy":"product_tag","embeddable":true,"href":"https:\/\/agropic.it\/en\/wp-json\/wp\/v2\/product_tag?post=12019"}],"curies":[{"name":"wp","href":"https:\/\/api.w.org\/{rel}","templated":true}]}}