{"id":6244,"date":"2018-04-25T18:32:10","date_gmt":"2018-04-25T18:32:10","guid":{"rendered":"https:\/\/agropic.it\/?post_type=product&#038;p=6244"},"modified":"2025-07-16T09:18:46","modified_gmt":"2025-07-16T09:18:46","slug":"clementinensaft-100-200-ml-24-stueck","status":"publish","type":"product","link":"https:\/\/agropic.it\/de\/produkt\/clementinensaft-100-200-ml-24-stueck\/","title":{"rendered":"Clementinensaft 100% &#8211; 200ml (24 Flaschen)"},"content":{"rendered":"<h6>Clementinensaft 100% KASTEN MIT 24 FLASCHEN<\/h6>\n<p><strong>Ohne Zuckerzusatz und ohne Konservierungsstoffe<\/strong><\/p>\n<p><strong>Format:<\/strong> 200 ml<\/p>\n<p>F\u00fcr die Herstellung dieses Saftes wurden nur 100% kalabrische Clementinen verwendet. Clementinensaft ist ein Elixier der Frische und S\u00fc\u00dfe. Aus den saftigen, duftenden Clementinen gewonnen, bietet er einen einzigartigen Geschmack und seine Zitrusnote weckt die Sinne. Das Getr\u00e4nk zeichnet sich durch ein harmonisches Gleichgewicht von s\u00fc\u00df und leicht sauer aus und bietet ein k\u00f6stliches und erfrischendes Geschmackserlebnis. Schlie\u00dflich k\u00f6nnen Sie ihn auch f\u00fcr Ihr Fr\u00fchst\u00fcck verwenden.<\/p>\n<p>Eventuelle R\u00fcckst\u00e4nde oder Ablagerungen beeintr\u00e4chtigen die Qualit\u00e4t des Produkts nicht. Vor Gebrauch gut sch\u00fctteln<\/p>\n<p><strong>Lagerung<\/strong>: An einem trockenen, k\u00fchlen Ort aufbewahren, fern von Licht und W\u00e4rmequellen. Nach dem \u00d6ffnen im K\u00fchlschrank aufbewahren und nach ein paar Tagen verbrauchen.<\/p>\n<p>Clementinen-Saft:<\/p>\n<ul>\n<li>Er ist reich an Vitamin C und unterst\u00fctzt Ihr Immunsystem<\/li>\n<li>F\u00f6rdert die Kollagenproduktion f\u00fcr eine gesunde Haut<\/li>\n<li>Er ist reich an Antioxidantien und Mineralien<\/li>\n<li>Er enth\u00e4lt Kalium, das zur Aufrechterhaltung des Blutdrucks beitragen kann.<\/li>\n<\/ul>\n<p><strong>Familienbetrieb und Auswahl der besten Rohstoffe<\/strong>, die auf dem fruchtbaren Boden des Betriebs angebaut und nach alter Tradition verarbeitet werden.<\/p>\n<p>Neben dem Clementinensaft bieten wir eine breite Palette von Produkten an, die alle frisch und handwerklich verarbeitet werden und einen unverwechselbaren Geschmack haben, wie z.B. Fruchts\u00e4fte, Konfit\u00fcren und Marmeladen aus Fr\u00fcchten der Saison, Tomatenp\u00fcree, Cremes, Honig und Konserven in \u00d6l.<\/p>\n<p><strong>Das Hauptziel der Aktivit\u00e4t ist die Aufwertung der Aromen und Fr\u00fcchte Kalabriens, insbesondere derjenigen, die besonders und normalerweise weniger bekannt sind<\/strong>, wie z.B. die Bergamotte, eine Frucht mit zahlreichen positiven Eigenschaften, so einzigartig und sauer wie das gesamte kalabrische Gebiet.<\/p>\n<p>Wir bieten qualitativ hochwertige, unverf\u00e4lschte Produkte aus einer sorgf\u00e4ltigen und kontrollierten Auswahl von Rohstoffen an, von denen viele direkt von uns angebaut und ohne den Einsatz von Chemikalien gewonnen werden.<\/p>\n<p>Natur, Tradition und hohe Qualit\u00e4t sind die Zutaten f\u00fcr den Erfolg von Agro Pic.<\/p>\n<p>Folgen Sie uns auf INSTAGRAM, um alle Neuigkeiten von Agro Pic zu entdecken<\/p>\n<p><a href=\"https:\/\/www.instagram.com\/agropic\/\" target=\"_blank\" rel=\"noopener\">https:\/\/www.instagram.com\/agropic\/<\/a><\/p>\n<p><strong>F\u00fcr weitere Informationen zu unseren Produkten z\u00f6gern Sie bitte nicht, <a href=\"https:\/\/www.agropic.it\/contatti\/\">uns zu kontaktieren:<\/a><\/strong><\/p>\n<p>Zelle. 3495651669<\/p>\n<p>E-Mail Adresse: info@agropic.it<\/p>\n<p>Tel. 0964 1955229<\/p>\n","protected":false},"excerpt":{"rendered":"<p>Clementinensaft 100% Nat\u00fcrlich (Karton mit 24 Flaschen)<\/p>\n<p><strong>Ohne Konservierungsstoffe und ohne Zuckerzusatz.<\/strong><\/p>\n<p><strong>Format:<\/strong> 200 ml<\/p>\n<p>Clementinen-Saft:<\/p>\n<ul>\n<li>Er ist reich an Vitamin C und unterst\u00fctzt Ihr Immunsystem<\/li>\n<li>Es ist reich an Antioxidantien und f\u00f6rdert die Produktion von Kollagen f\u00fcr eine gesunde Haut.<\/li>\n<li>Er enth\u00e4lt Kalium, das zur Aufrechterhaltung des Blutdrucks beitragen kann.<\/li>\n<\/ul>\n<p><strong>Ideal f\u00fcr Ihr gesundes und leckeres Fr\u00fchst\u00fcck.<\/strong><\/p>\n<p>Lesen Sie die Beschreibung unten f\u00fcr alle Details.<\/p>\n<p>&nbsp;<\/p>\n<p><strong>Jetzt kaufen und in 2-3 Werktagen bei Ihnen zu Hause haben<\/strong>&hellip; <a class=\"kt-excerpt-readmore more-link\" href=\"https:\/\/agropic.it\/de\/produkt\/clementinensaft-100-200-ml-24-stueck\/\" aria-label=\"Clementinensaft 100% &#8211; 200ml (24 Flaschen)\">Read More<\/a><\/p>\n","protected":false},"featured_media":7210,"comment_status":"closed","ping_status":"closed","template":"","meta":{"kt_blocks_editor_width":"","_kad_blocks_custom_css":"","_kad_blocks_head_custom_js":"","_kad_blocks_body_custom_js":"","_kad_blocks_footer_custom_js":""},"product_brand":[],"product_cat":[1079],"product_tag":[1100,1080],"class_list":{"0":"post-6244","1":"product","2":"type-product","3":"status-publish","4":"has-post-thumbnail","6":"product_cat-clementinensaft","7":"product_tag-clementinen-kalabrien","8":"product_tag-clementinensaft","10":"first","11":"instock","12":"shipping-taxable","13":"purchasable","14":"product-type-simple"},"taxonomy_info":{"product_cat":[{"value":1079,"label":"Clementinensaft"}],"product_tag":[{"value":1100,"label":"Clementinen Kalabrien"},{"value":1080,"label":"Clementinensaft"}]},"featured_image_src_large":["https:\/\/agropic.it\/wp-content\/uploads\/2023\/03\/Succo-di-Clementina-100-200-ml-1-960x960.webp",960,960,true],"author_info":[],"comment_info":0,"_links":{"self":[{"href":"https:\/\/agropic.it\/de\/wp-json\/wp\/v2\/product\/6244","targetHints":{"allow":["GET"]}}],"collection":[{"href":"https:\/\/agropic.it\/de\/wp-json\/wp\/v2\/product"}],"about":[{"href":"https:\/\/agropic.it\/de\/wp-json\/wp\/v2\/types\/product"}],"replies":[{"embeddable":true,"href":"https:\/\/agropic.it\/de\/wp-json\/wp\/v2\/comments?post=6244"}],"wp:featuredmedia":[{"embeddable":true,"href":"https:\/\/agropic.it\/de\/wp-json\/wp\/v2\/media\/7210"}],"wp:attachment":[{"href":"https:\/\/agropic.it\/de\/wp-json\/wp\/v2\/media?parent=6244"}],"wp:term":[{"taxonomy":"product_brand","embeddable":true,"href":"https:\/\/agropic.it\/de\/wp-json\/wp\/v2\/product_brand?post=6244"},{"taxonomy":"product_cat","embeddable":true,"href":"https:\/\/agropic.it\/de\/wp-json\/wp\/v2\/product_cat?post=6244"},{"taxonomy":"product_tag","embeddable":true,"href":"https:\/\/agropic.it\/de\/wp-json\/wp\/v2\/product_tag?post=6244"}],"curies":[{"name":"wp","href":"https:\/\/api.w.org\/{rel}","templated":true}]}}